{"id":9937,"date":"2022-01-24T10:12:43","date_gmt":"2022-01-24T10:12:43","guid":{"rendered":"https:\/\/www.todsystem.com\/it\/?page_id=9937"},"modified":"2025-03-20T14:16:48","modified_gmt":"2025-03-20T13:16:48","slug":"servizi","status":"publish","type":"page","link":"https:\/\/www.todsystem.com\/fr\/services\/","title":{"rendered":"Services"},"content":{"rendered":"<div data-elementor-type=\"wp-page\" data-elementor-id=\"9937\" class=\"elementor elementor-9937\" data-elementor-post-type=\"page\">\n\t\t\t\t\t\t<section class=\"elementor-section elementor-top-section elementor-element elementor-element-90e75b6 elementor-section-height-min-height elementor-section-boxed elementor-section-height-default elementor-section-items-middle\" data-id=\"90e75b6\" data-element_type=\"section\" data-settings=\"{&quot;background_background&quot;:&quot;classic&quot;}\">\n\t\t\t\t\t\t\t<div class=\"elementor-background-overlay\"><\/div>\n\t\t\t\t\t\t\t<div class=\"elementor-container elementor-column-gap-default\">\n\t\t\t\t\t<div class=\"elementor-column elementor-col-100 elementor-top-column elementor-element elementor-element-6446d87\" data-id=\"6446d87\" data-element_type=\"column\">\n\t\t\t<div class=\"elementor-widget-wrap elementor-element-populated\">\n\t\t\t\t\t\t<div class=\"elementor-element elementor-element-0ae13a2 elementor-widget elementor-widget-heading\" data-id=\"0ae13a2\" data-element_type=\"widget\" data-widget_type=\"heading.default\">\n\t\t\t\t<div class=\"elementor-widget-container\">\n\t\t\t\t\t<h1 class=\"elementor-heading-title elementor-size-default\">Services<\/h1>\t\t\t\t<\/div>\n\t\t\t\t<\/div>\n\t\t\t\t<div class=\"elementor-element elementor-element-5d9943f elementor-widget elementor-widget-text-editor\" data-id=\"5d9943f\" data-element_type=\"widget\" data-widget_type=\"text-editor.default\">\n\t\t\t\t<div class=\"elementor-widget-container\">\n\t\t\t\t\t\t\t\t\tTOD System est destin\u00e9 \u00e0 d\u00e9velopper la fronti\u00e8re du \"service innovant\" dans le secteur de la logistique et de l'automatisation industrielle. Il offre un ensemble de services int\u00e9gr\u00e9s qui garantissent la fiabilit\u00e9 et la s\u00e9curit\u00e9 op\u00e9rationnelle \u00e0 long terme. \t\t\t\t\t\t\t\t<\/div>\n\t\t\t\t<\/div>\n\t\t\t\t<div class=\"elementor-element elementor-element-73aaa15 elementor-align-center elementor-mobile-align-justify elementor-widget__width-initial elementor-widget elementor-widget-button\" data-id=\"73aaa15\" data-element_type=\"widget\" data-widget_type=\"button.default\">\n\t\t\t\t<div class=\"elementor-widget-container\">\n\t\t\t\t\t\t\t\t\t<div class=\"elementor-button-wrapper\">\n\t\t\t\t\t<a class=\"elementor-button elementor-button-link elementor-size-xs\" href=\"https:\/\/www.todsystem.com\/fr\/contacts\/\">\n\t\t\t\t\t\t<span class=\"elementor-button-content-wrapper\">\n\t\t\t\t\t\t<span class=\"elementor-button-icon\">\n\t\t\t\t<svg aria-hidden=\"true\" class=\"e-font-icon-svg e-fas-chevron-right\" viewbox=\"0 0 320 512\" xmlns=\"http:\/\/www.w3.org\/2000\/svg\"><path d=\"M285.476 272.971L91.132 467.314c-9.373 9.373-24.569 9.373-33.941 0l-22.667-22.667c-9.357-9.357-9.375-24.522-.04-33.901L188.505 256 34.484 101.255c-9.335-9.379-9.317-24.544.04-33.901l22.667-22.667c9.373-9.373 24.569-9.373 33.941 0L285.475 239.03c9.373 9.372 9.373 24.568.001 33.941z\"><\/path><\/svg>\t\t\t<\/span>\n\t\t\t\t\t\t\t\t\t<span class=\"elementor-button-text\">Prendre contact<\/span>\n\t\t\t\t\t<\/span>\n\t\t\t\t\t<\/a>\n\t\t\t\t<\/div>\n\t\t\t\t\t\t\t\t<\/div>\n\t\t\t\t<\/div>\n\t\t\t\t\t<\/div>\n\t\t<\/div>\n\t\t\t\t\t<\/div>\n\t\t<\/section>\n\t\t\t\t<section class=\"elementor-section elementor-top-section elementor-element elementor-element-565cd43 elementor-section-boxed elementor-section-height-default elementor-section-height-default\" data-id=\"565cd43\" data-element_type=\"section\">\n\t\t\t\t\t\t<div class=\"elementor-container elementor-column-gap-default\">\n\t\t\t\t\t<div class=\"elementor-column elementor-col-50 elementor-top-column elementor-element elementor-element-0176679\" data-id=\"0176679\" data-element_type=\"column\">\n\t\t\t<div class=\"elementor-widget-wrap elementor-element-populated\">\n\t\t\t\t\t\t<div class=\"elementor-element elementor-element-dd5d2cf elementor-widget elementor-widget-heading\" data-id=\"dd5d2cf\" data-element_type=\"widget\" data-widget_type=\"heading.default\">\n\t\t\t\t<div class=\"elementor-widget-container\">\n\t\t\t\t\t<h2 class=\"elementor-heading-title elementor-size-default\">Conseil technique<\/h2>\t\t\t\t<\/div>\n\t\t\t\t<\/div>\n\t\t\t\t<div class=\"elementor-element elementor-element-9074088 elementor-widget elementor-widget-text-editor\" data-id=\"9074088\" data-element_type=\"widget\" data-widget_type=\"text-editor.default\">\n\t\t\t\t<div class=\"elementor-widget-container\">\n\t\t\t\t\t\t\t\t\tNotre \u00e9quipe vous soutient dans la r\u00e9alisation de votre projet, depuis la v\u00e9rification et la reconnaissance de l'application collaborative et non collaborative, jusqu'\u00e0 la formation de l'\u00e9quipe et l'assistance technique. \t\t\t\t\t\t\t\t<\/div>\n\t\t\t\t<\/div>\n\t\t\t\t\t<\/div>\n\t\t<\/div>\n\t\t\t\t<div class=\"elementor-column elementor-col-50 elementor-top-column elementor-element elementor-element-623422f\" data-id=\"623422f\" data-element_type=\"column\">\n\t\t\t<div class=\"elementor-widget-wrap elementor-element-populated\">\n\t\t\t\t\t\t<div class=\"elementor-element elementor-element-b1c82cc elementor-widget elementor-widget-heading\" data-id=\"b1c82cc\" data-element_type=\"widget\" data-widget_type=\"heading.default\">\n\t\t\t\t<div class=\"elementor-widget-container\">\n\t\t\t\t\t<h2 class=\"elementor-heading-title elementor-size-default\">Assistance technique<\/h2>\t\t\t\t<\/div>\n\t\t\t\t<\/div>\n\t\t\t\t<div class=\"elementor-element elementor-element-688891c elementor-widget elementor-widget-text-editor\" data-id=\"688891c\" data-element_type=\"widget\" data-widget_type=\"text-editor.default\">\n\t\t\t\t<div class=\"elementor-widget-container\">\n\t\t\t\t\t\t\t\t\tNos conseils accompagnent la gestion des entreprises \u00e0 tous les niveaux : de l'aide \u00e0 la d\u00e9finition des strat\u00e9gies de d\u00e9veloppement \u00e0 la mise en \u0153uvre, \u00e9galement op\u00e9rationnelle, de nouveaux syst\u00e8mes de gestion. \t\t\t\t\t\t\t\t<\/div>\n\t\t\t\t<\/div>\n\t\t\t\t\t<\/div>\n\t\t<\/div>\n\t\t\t\t\t<\/div>\n\t\t<\/section>\n\t\t\t\t<section class=\"elementor-section elementor-top-section elementor-element elementor-element-1af8e5e elementor-section-boxed elementor-section-height-default elementor-section-height-default\" data-id=\"1af8e5e\" data-element_type=\"section\">\n\t\t\t\t\t\t<div class=\"elementor-container elementor-column-gap-default\">\n\t\t\t\t\t<div class=\"elementor-column elementor-col-50 elementor-top-column elementor-element elementor-element-7045771\" data-id=\"7045771\" data-element_type=\"column\">\n\t\t\t<div class=\"elementor-widget-wrap elementor-element-populated\">\n\t\t\t\t\t\t<div class=\"elementor-element elementor-element-9aab709 elementor-widget elementor-widget-heading\" data-id=\"9aab709\" data-element_type=\"widget\" data-widget_type=\"heading.default\">\n\t\t\t\t<div class=\"elementor-widget-container\">\n\t\t\t\t\t<h2 class=\"elementor-heading-title elementor-size-default\">Formation technique<\/h2>\t\t\t\t<\/div>\n\t\t\t\t<\/div>\n\t\t\t\t<div class=\"elementor-element elementor-element-81150e0 elementor-widget elementor-widget-text-editor\" data-id=\"81150e0\" data-element_type=\"widget\" data-widget_type=\"text-editor.default\">\n\t\t\t\t<div class=\"elementor-widget-container\">\n\t\t\t\t\t\t\t\t\tNous travaillons au d\u00e9veloppement des comp\u00e9tences dans votre entreprise et nous collaborons avec les principaux fonds interprofessionnels pour concevoir, coordonner et g\u00e9rer le plan d'action bureaucratique et op\u00e9rationnel. \t\t\t\t\t\t\t\t<\/div>\n\t\t\t\t<\/div>\n\t\t\t\t\t<\/div>\n\t\t<\/div>\n\t\t\t\t<div class=\"elementor-column elementor-col-50 elementor-top-column elementor-element elementor-element-7fb435b\" data-id=\"7fb435b\" data-element_type=\"column\">\n\t\t\t<div class=\"elementor-widget-wrap elementor-element-populated\">\n\t\t\t\t\t\t<div class=\"elementor-element elementor-element-e04ab14 elementor-widget elementor-widget-heading\" data-id=\"e04ab14\" data-element_type=\"widget\" data-widget_type=\"heading.default\">\n\t\t\t\t<div class=\"elementor-widget-container\">\n\t\t\t\t\t<h2 class=\"elementor-heading-title elementor-size-default\">Programmation<\/h2>\t\t\t\t<\/div>\n\t\t\t\t<\/div>\n\t\t\t\t<div class=\"elementor-element elementor-element-fc16ccb elementor-widget elementor-widget-text-editor\" data-id=\"fc16ccb\" data-element_type=\"widget\" data-widget_type=\"text-editor.default\">\n\t\t\t\t<div class=\"elementor-widget-container\">\n\t\t\t\t\t\t\t\t\tLa programmation robotique collaborative est une approche de la robotique qui permet aux robots de travailler c\u00f4te \u00e0 c\u00f4te avec des humains dans des environnements partag\u00e9s, sans avoir besoin de barri\u00e8res physiques ou de s\u00e9curit\u00e9. Ces robots collaboratifs sont con\u00e7us pour interagir en toute s\u00e9curit\u00e9 avec les personnes, en adaptant leur comportement et leur vitesse en fonction de la proximit\u00e9 des op\u00e9rateurs humains. La programmation de la robotique collaborative s'appuie souvent sur des technologies avanc\u00e9es de capteurs, de vision par ordinateur et de contr\u00f4le intelligent pour permettre une coop\u00e9ration s\u00fbre et efficace entre les robots et les op\u00e9rateurs humains. \t\t\t\t\t\t\t\t<\/div>\n\t\t\t\t<\/div>\n\t\t\t\t\t<\/div>\n\t\t<\/div>\n\t\t\t\t\t<\/div>\n\t\t<\/section>\n\t\t\t\t<\/div>","protected":false},"excerpt":{"rendered":"<p>Services TOD System est destin\u00e9 \u00e0 d\u00e9velopper la fronti\u00e8re du \"service innovant\" dans le secteur de la logistique et de l'automatisation industrielle. Il offre un ensemble de services int\u00e9gr\u00e9s qui garantissent la fiabilit\u00e9 et la s\u00e9curit\u00e9 op\u00e9rationnelle \u00e0 long terme. Contact Conseil technique Notre \u00e9quipe vous accompagne dans la mise en \u0153uvre de votre projet, de la v\u00e9rification et de la reconnaissance \u00e0 ... <a title=\"Services\" class=\"read-more\" href=\"https:\/\/www.todsystem.com\/fr\/services\/\" aria-label=\"En savoir plus sur Services\">Lire la suite<\/a><\/p>","protected":false},"author":1,"featured_media":0,"parent":0,"menu_order":0,"comment_status":"closed","ping_status":"closed","template":"elementor_header_footer","meta":{"footnotes":""},"class_list":["post-9937","page","type-page","status-publish"],"_links":{"self":[{"href":"https:\/\/www.todsystem.com\/fr\/wp-json\/wp\/v2\/pages\/9937","targetHints":{"allow":["GET"]}}],"collection":[{"href":"https:\/\/www.todsystem.com\/fr\/wp-json\/wp\/v2\/pages"}],"about":[{"href":"https:\/\/www.todsystem.com\/fr\/wp-json\/wp\/v2\/types\/page"}],"author":[{"embeddable":true,"href":"https:\/\/www.todsystem.com\/fr\/wp-json\/wp\/v2\/users\/1"}],"replies":[{"embeddable":true,"href":"https:\/\/www.todsystem.com\/fr\/wp-json\/wp\/v2\/comments?post=9937"}],"version-history":[{"count":127,"href":"https:\/\/www.todsystem.com\/fr\/wp-json\/wp\/v2\/pages\/9937\/revisions"}],"predecessor-version":[{"id":18593,"href":"https:\/\/www.todsystem.com\/fr\/wp-json\/wp\/v2\/pages\/9937\/revisions\/18593"}],"wp:attachment":[{"href":"https:\/\/www.todsystem.com\/fr\/wp-json\/wp\/v2\/media?parent=9937"}],"curies":[{"name":"wp","href":"https:\/\/api.w.org\/{rel}","templated":true}]}}