{"id":7057,"date":"2020-09-28T10:38:49","date_gmt":"2020-09-28T10:38:49","guid":{"rendered":"https:\/\/www.todsystem.com\/it\/cookie-policy\/"},"modified":"2021-01-15T08:38:47","modified_gmt":"2021-01-15T08:38:47","slug":"cookie-policy","status":"publish","type":"page","link":"https:\/\/www.todsystem.com\/fr\/politique-en-matiere-de-cookies\/","title":{"rendered":"Politique en mati\u00e8re de cookies"},"content":{"rendered":"<p>Avec la disposition g\u00e9n\u00e9rale \"Identification des proc\u00e9dures simplifi\u00e9es pour la fourniture d'informations et l'acquisition du consentement pour l'utilisation des cookies\" (publi\u00e9e au Journal officiel n\u00b0 126 du 3 juin 2014), l'Autorit\u00e9 de protection des donn\u00e9es personnelles a identifi\u00e9 des proc\u00e9dures simplifi\u00e9es pour fournir aux utilisateurs des informations en ligne sur l'utilisation des cookies et a fourni des conseils sur l'acquisition du consentement lorsqu'il est requis par la loi.<\/p>\n\n\n\n<p>Afin de prot\u00e9ger la vie priv\u00e9e des utilisateurs et de leur permettre de faire des choix plus \u00e9clair\u00e9s, la Garante a donc d\u00e9cid\u00e9 que, lors de l'acc\u00e8s \u00e0 la page d'accueil ou \u00e0 une autre page d'un site web, une mention clairement visible doit appara\u00eetre imm\u00e9diatement, indiquant :<\/p>\n\n\n\n<ul class=\"wp-block-list\"><li>que le site utilise des cookies de profilage pour envoyer des messages publicitaires cibl\u00e9s (le cas \u00e9ch\u00e9ant) ;<\/li><li>que le site permet \u00e9galement l'envoi de cookies \"tiers\", c'est-\u00e0-dire de cookies install\u00e9s par un site diff\u00e9rent via le site que vous visitez (si utilis\u00e9) ;<\/li><li>un lien vers une notice d'information plus compl\u00e8te, avec des indications sur l'utilisation des cookies envoy\u00e9s par le site, o\u00f9 il devrait \u00e9galement \u00eatre indiqu\u00e9 comment d\u00e9sactiver l'acceptation des cookies par le navigateur utilis\u00e9 ;<\/li><li>une indication qu'en continuant \u00e0 naviguer (par exemple en acc\u00e9dant \u00e0 une autre zone du site ou en s\u00e9lectionnant une image ou un lien), vous consentez \u00e0 l'utilisation de cookies.<\/li><\/ul>\n\n\n\n<p><strong>Qu'est-ce qu'un cookie ?<\/strong><\/p>\n\n\n\n<p>Les cookies sont de petits fichiers texte que les sites visit\u00e9s envoient au terminal de l'utilisateur (ordinateur, tablette, smartphone, notebook), o\u00f9 ils sont stock\u00e9s puis retransmis aux m\u00eames sites lors de la visite suivante.<\/p>\n\n\n\n<p>Ils sont utilis\u00e9s pour effectuer l'authentification de l'ordinateur, le suivi de la session et le stockage d'informations sur les sites (sans l'utilisation de cookies \"techniques\", certaines op\u00e9rations seraient tr\u00e8s complexes, voire impossibles \u00e0 r\u00e9aliser). Mais gr\u00e2ce aux cookies, il est \u00e9galement possible de surveiller la navigation, de collecter des donn\u00e9es sur les go\u00fbts, les habitudes, les choix personnels qui permettent de reconstruire des profils d\u00e9taill\u00e9s de consommateurs.<\/p>\n\n\n\n<p><strong>Cookies techniques essentiels au fonctionnement du site web<\/strong><\/p>\n\n\n\n<p>Ce site web utilise des cookies de session et des cookies persistants afin d'offrir un service plus efficace aux utilisateurs. L'utilisation de ces cookies est strictement limit\u00e9e \u00e0 la transmission d'identifiants de session (constitu\u00e9s de nombres al\u00e9atoires g\u00e9n\u00e9r\u00e9s par le serveur) n\u00e9cessaires pour permettre la fourniture de l'int\u00e9gralit\u00e9 des services et des fonctions du site web.<\/p>\n\n\n\n<p>Les cookies utilis\u00e9s sur le site \u00e9vitent le recours \u00e0 d'autres techniques informatiques potentiellement pr\u00e9judiciables \u00e0 la confidentialit\u00e9 de la navigation des utilisateurs et ne permettent pas l'acquisition de donn\u00e9es identifiant directement l'utilisateur. Ceux qui ne souhaitent pas conserver ces cookies peuvent les supprimer apr\u00e8s la navigation en se rendant simplement dans les param\u00e8tres de confidentialit\u00e9 de leur navigateur et en s\u00e9lectionnant l'option de suppression des cookies.<\/p>\n\n\n\n<p>Comme l'indique la garantie, les cookies techniques sont ceux qui sont utilis\u00e9s dans le seul but de \"r\u00e9aliser la transmission d'une communication sur un r\u00e9seau de communications \u00e9lectroniques, ou dans la mesure strictement n\u00e9cessaire au fournisseur d'un service de la soci\u00e9t\u00e9 de l'information explicitement demand\u00e9 par l'abonn\u00e9 ou l'utilisateur pour fournir un tel service\" ; la garantie indique \u00e9galement que \"le consentement pr\u00e9alable des utilisateurs n'est pas requis pour l'installation de ces cookies\".<\/p>\n\n\n\n<p><strong>Cookies utilis\u00e9s \u00e0 des fins d'analyse globale des visites sur le site web<\/strong><\/p>\n\n\n\n<p>Ce site utilise des outils d'analyse agr\u00e9g\u00e9e des donn\u00e9es de navigation qui permettent d'am\u00e9liorer le site. En particulier, Google Analytics, un syst\u00e8me fourni par Google Inc. utilise des cookies qui sont d\u00e9pos\u00e9s sur l'ordinateur de l'utilisateur et qui permettent \u00e0 l'exploitant du site d'analyser l'utilisation du site par ses utilisateurs.<br>Les informations g\u00e9n\u00e9r\u00e9es par votre utilisation du site web seront transmises et stock\u00e9es par Google sur des serveurs situ\u00e9s aux Etats-Unis. Google utilisera ces informations dans le but d'\u00e9valuer votre utilisation du site, de compiler des rapports sur l'activit\u00e9 du site \u00e0 destination de son \u00e9diteur et de fournir d'autres services relatifs \u00e0 l'activit\u00e9 du site.<\/p>\n\n\n\n<p>Divulgation de Google Analytics :<a href=\"https:\/\/policies.google.com\/privacy?hl=it&amp;gl=it\" target=\"_blank\" rel=\"noreferrer noopener\"> https:\/\/policies.google.com\/privacy?hl=it&amp;gl=it<\/a><br>Google Analytics (configuration) : <a href=\"https:\/\/tools.google.com\/dlpage\/gaoptout\" target=\"_blank\" rel=\"noreferrer noopener\">https:\/\/tools.google.com\/dlpage\/gaoptout<\/a><\/p>\n\n\n\n<p><strong>Cookies de tiers<\/strong><\/p>\n\n\n\n<p>Lorsqu'on visite un site web, on peut recevoir des cookies \u00e0 la fois du site visit\u00e9 (\"propri\u00e9taires\") et de sites exploit\u00e9s par d'autres organisations (\"tiers\"). Un exemple notable est la pr\u00e9sence de \"plug-ins sociaux\" pour Facebook, Twitter, Google+ et LinkedIn. Il s'agit de parties de la page visit\u00e9e g\u00e9n\u00e9r\u00e9es directement par ces sites et int\u00e9gr\u00e9es dans la page du site h\u00f4te. L'utilisation la plus courante des plugins sociaux est le partage de contenu sur les r\u00e9seaux sociaux.<br>La pr\u00e9sence de ces plugins implique la transmission de cookies vers et depuis tous les sites exploit\u00e9s par des tiers. La gestion des informations collect\u00e9es par des \"tiers\" est r\u00e9gie par les politiques correspondantes auxquelles il convient de se r\u00e9f\u00e9rer. Ce site web utilise les plugins de tiers qui impliquent l'envoi de cookies indiqu\u00e9s ci-dessous. Pour des raisons de transparence et de commodit\u00e9, les adresses web des diff\u00e9rentes politiques sont indiqu\u00e9es pour chacune d'entre elles, \u00e0 partir desquelles il est possible de retracer la mani\u00e8re dont les cookies sont g\u00e9r\u00e9s.<\/p>\n\n\n\n<p>Bouton \"J'aime\" de Facebook et widgets sociaux (Facebook, Inc.)<br>Le bouton \"J'aime\" de Facebook et les widgets sociaux sont des services d'interaction avec le r\u00e9seau social Facebook, fournis par Facebook, Inc.<br>Donn\u00e9es personnelles collect\u00e9es : Cookies et donn\u00e9es d'utilisation.<br>Lieu de transformation : USA - <a href=\"https:\/\/www.facebook.com\/privacy\/explanation\" target=\"_blank\" rel=\"noreferrer noopener\">Politique de confidentialit\u00e9<\/a><\/p>\n\n\n\n<p>Bouton Twitter Tweet et widgets sociaux (Twitter, Inc.)<br>Le bouton Tweet et les widgets sociaux Twitter sont des services permettant d'interagir avec le r\u00e9seau social Twitter, fournis par Twitter, Inc.<br>Donn\u00e9es personnelles collect\u00e9es : Cookies et donn\u00e9es d'utilisation.<br>Lieu de transformation : USA -<a href=\"https:\/\/twitter.com\/privacy?lang=it\" target=\"_blank\" rel=\"noreferrer noopener\"> Politique de confidentialit\u00e9<\/a><\/p>\n\n\n\n<p>Bouton social et widgets Linkedin (LinkedIn Corporation)<br>Le bouton social Linkedin et les widgets sont des services d'interaction avec le r\u00e9seau social Linkedin, fournis par LinkedIn Corporation.<br>Donn\u00e9es personnelles collect\u00e9es : Cookies et donn\u00e9es d'utilisation.<br>Lieu de transformation : USA - <a href=\"https:\/\/www.linkedin.com\/legal\/privacy-policy\" target=\"_blank\" rel=\"noreferrer noopener\">Politique de confidentialit\u00e9<\/a><\/p>\n\n\n\n<p>Google Fonts (Google Inc.)<br>Google Fonts est un service d'affichage de polices de caract\u00e8res exploit\u00e9 par Google Inc. qui permet \u00e0 cette application d'int\u00e9grer ce contenu dans ses pages.<br>Donn\u00e9es personnelles collect\u00e9es : Cookies et donn\u00e9es d'utilisation.<br>Lieu de transformation : USA - <a href=\"https:\/\/policies.google.com\/privacy?hl=it\" target=\"_blank\" rel=\"noreferrer noopener\">Politique de confidentialit\u00e9<\/a><\/p>\n\n\n\n<p>Widget Google Maps (Google Inc.)<br>Google Maps est un service d'affichage de cartes exploit\u00e9 par Google Inc. qui permet \u00e0 cette application d'int\u00e9grer ce contenu dans ses pages.<br>Donn\u00e9es personnelles collect\u00e9es : Cookies et donn\u00e9es d'utilisation.<br>Lieu de transformation : USA - <a href=\"https:\/\/policies.google.com\/privacy?hl=it\" target=\"_blank\" rel=\"noreferrer noopener\">Politique de confidentialit\u00e9<\/a><\/p>\n\n\n\n<p><strong>Gestion des cookies dans le navigateur<\/strong><\/p>\n\n\n\n<p>Presque tous les navigateurs offrent la possibilit\u00e9 de g\u00e9rer les cookies en respectant les pr\u00e9f\u00e9rences de l'utilisateur, ce qui lui permet de d\u00e9sactiver leur acceptation et leur stockage.<br>Dans certains navigateurs, il est possible de d\u00e9finir des r\u00e8gles pour g\u00e9rer les cookies site par site, une option qui offre un contr\u00f4le plus pr\u00e9cis de la vie priv\u00e9e.<\/p>\n\n\n\n<p>Chrome : <a href=\"https:\/\/support.google.com\/chrome\/answer\/95647?hl=it\" target=\"_blank\" rel=\"noreferrer noopener\">https:\/\/support.google.com\/chrome\/answer\/95647?hl=it<\/a><br>Firefox : <a href=\"https:\/\/support.mozilla.org\/it\/kb\/Gestione%20dei%20cookie\" target=\"_blank\" rel=\"noreferrer noopener\">https:\/\/support.mozilla.org\/it\/kb\/Gestione%20dei%20cookie<\/a><br>Internet Explorer : <a href=\"https:\/\/support.microsoft.com\/en-us\/help\/17442\/windows-internet-explorer-delete-manage-cookies\" target=\"_blank\" rel=\"noreferrer noopener\">https:\/\/support.microsoft.com\/en-us\/help\/17442\/windows-internet-explorer-delete-manage-cookies<\/a><br>Op\u00e9ra : <a href=\"https:\/\/help.opera.com\/it\/Windows\/10.00\/it\/cookies.html\" target=\"_blank\" rel=\"noreferrer noopener\">http:\/\/help.opera.com\/Windows\/10.00\/it\/cookies.html<\/a><br>Safari : <a href=\"https:\/\/support.apple.com\/it-it\/HT201265\" target=\"_blank\" rel=\"noreferrer noopener\">https:\/\/support.apple.com\/it-it\/HT201265<\/a><\/p>\n\n\n\n<p><strong>Attention :<\/strong> la d\u00e9sactivation totale ou partielle des cookies techniques peut affecter l'utilisation des fonctionnalit\u00e9s du site.<br>La d\u00e9sactivation des cookies \"tiers\" n'affecte toutefois en rien la navigabilit\u00e9.<\/p>\n\n\n\n<p><strong>Fourniture d'un consentement<\/strong><\/p>\n\n\n\n<p>Comme l'indique le Garant, \"la poursuite de la navigation en acc\u00e9dant \u00e0 une autre zone du site ou en s\u00e9lectionnant un \u00e9l\u00e9ment du site (par exemple une image ou un lien) implique la fourniture d'un consentement \u00e0 l'utilisation de cookies\".<\/p>\n\n\n\n<p><strong>En savoir plus sur les cookies<\/strong><\/p>\n\n\n\n<p>Pour les questions techniques ou l'assistance g\u00e9n\u00e9rale, veuillez utiliser les informations de contact disponibles dans les diff\u00e9rentes sections de ce site web.<\/p>","protected":false},"excerpt":{"rendered":"","protected":false},"author":1,"featured_media":0,"parent":0,"menu_order":0,"comment_status":"closed","ping_status":"closed","template":"","meta":{"footnotes":""},"class_list":["post-7057","page","type-page","status-publish"],"_links":{"self":[{"href":"https:\/\/www.todsystem.com\/fr\/wp-json\/wp\/v2\/pages\/7057","targetHints":{"allow":["GET"]}}],"collection":[{"href":"https:\/\/www.todsystem.com\/fr\/wp-json\/wp\/v2\/pages"}],"about":[{"href":"https:\/\/www.todsystem.com\/fr\/wp-json\/wp\/v2\/types\/page"}],"author":[{"embeddable":true,"href":"https:\/\/www.todsystem.com\/fr\/wp-json\/wp\/v2\/users\/1"}],"replies":[{"embeddable":true,"href":"https:\/\/www.todsystem.com\/fr\/wp-json\/wp\/v2\/comments?post=7057"}],"version-history":[{"count":2,"href":"https:\/\/www.todsystem.com\/fr\/wp-json\/wp\/v2\/pages\/7057\/revisions"}],"predecessor-version":[{"id":7988,"href":"https:\/\/www.todsystem.com\/fr\/wp-json\/wp\/v2\/pages\/7057\/revisions\/7988"}],"wp:attachment":[{"href":"https:\/\/www.todsystem.com\/fr\/wp-json\/wp\/v2\/media?parent=7057"}],"curies":[{"name":"wp","href":"https:\/\/api.w.org\/{rel}","templated":true}]}}