{"id":19089,"date":"2025-04-07T10:30:28","date_gmt":"2025-04-07T09:30:28","guid":{"rendered":"https:\/\/www.todsystem.com\/?page_id=19089"},"modified":"2025-04-07T11:07:13","modified_gmt":"2025-04-07T10:07:13","slug":"prototipazione","status":"publish","type":"page","link":"https:\/\/www.todsystem.com\/fr\/prototypage\/","title":{"rendered":"Prototypage"},"content":{"rendered":"<div data-elementor-type=\"wp-page\" data-elementor-id=\"19089\" class=\"elementor elementor-19089\" data-elementor-post-type=\"page\">\n\t\t\t\t\t\t<section class=\"elementor-section elementor-top-section elementor-element elementor-element-87c4982 elementor-section-height-min-height elementor-section-boxed elementor-section-height-default elementor-section-items-middle\" data-id=\"87c4982\" data-element_type=\"section\" data-settings=\"{&quot;background_background&quot;:&quot;classic&quot;}\">\n\t\t\t\t\t\t\t<div class=\"elementor-background-overlay\"><\/div>\n\t\t\t\t\t\t\t<div class=\"elementor-container elementor-column-gap-default\">\n\t\t\t\t\t<div class=\"elementor-column elementor-col-100 elementor-top-column elementor-element elementor-element-dddf0cf\" data-id=\"dddf0cf\" data-element_type=\"column\">\n\t\t\t<div class=\"elementor-widget-wrap elementor-element-populated\">\n\t\t\t\t\t\t<div class=\"elementor-element elementor-element-801cb8c elementor-widget elementor-widget-heading\" data-id=\"801cb8c\" data-element_type=\"widget\" data-widget_type=\"heading.default\">\n\t\t\t\t<div class=\"elementor-widget-container\">\n\t\t\t\t\t<h1 class=\"elementor-heading-title elementor-size-default\">Prototypage<\/h1>\t\t\t\t<\/div>\n\t\t\t\t<\/div>\n\t\t\t\t<div class=\"elementor-element elementor-element-215e7aa elementor-widget elementor-widget-heading\" data-id=\"215e7aa\" data-element_type=\"widget\" data-widget_type=\"heading.default\">\n\t\t\t\t<div class=\"elementor-widget-container\">\n\t\t\t\t\t<h3 class=\"elementor-heading-title elementor-size-default\">Automatisation intelligente pour une logistique sans limites : solutions robotiques pour la palettisation et la d\u00e9palettisation<\/h3>\t\t\t\t<\/div>\n\t\t\t\t<\/div>\n\t\t\t\t<div class=\"elementor-element elementor-element-fd05590 elementor-align-center elementor-mobile-align-justify elementor-widget__width-initial elementor-widget elementor-widget-button\" data-id=\"fd05590\" data-element_type=\"widget\" data-widget_type=\"button.default\">\n\t\t\t\t<div class=\"elementor-widget-container\">\n\t\t\t\t\t\t\t\t\t<div class=\"elementor-button-wrapper\">\n\t\t\t\t\t<a class=\"elementor-button elementor-button-link elementor-size-xs\" href=\"https:\/\/www.todsystem.com\/fr\/contacts\/\">\n\t\t\t\t\t\t<span class=\"elementor-button-content-wrapper\">\n\t\t\t\t\t\t<span class=\"elementor-button-icon\">\n\t\t\t\t<svg aria-hidden=\"true\" class=\"e-font-icon-svg e-fas-chevron-right\" viewbox=\"0 0 320 512\" xmlns=\"http:\/\/www.w3.org\/2000\/svg\"><path d=\"M285.476 272.971L91.132 467.314c-9.373 9.373-24.569 9.373-33.941 0l-22.667-22.667c-9.357-9.357-9.375-24.522-.04-33.901L188.505 256 34.484 101.255c-9.335-9.379-9.317-24.544.04-33.901l22.667-22.667c9.373-9.373 24.569-9.373 33.941 0L285.475 239.03c9.373 9.372 9.373 24.568.001 33.941z\"><\/path><\/svg>\t\t\t<\/span>\n\t\t\t\t\t\t\t\t\t<span class=\"elementor-button-text\">Prendre contact<\/span>\n\t\t\t\t\t<\/span>\n\t\t\t\t\t<\/a>\n\t\t\t\t<\/div>\n\t\t\t\t\t\t\t\t<\/div>\n\t\t\t\t<\/div>\n\t\t\t\t\t<\/div>\n\t\t<\/div>\n\t\t\t\t\t<\/div>\n\t\t<\/section>\n\t\t\t\t<section class=\"elementor-section elementor-top-section elementor-element elementor-element-149dd9d elementor-section-boxed elementor-section-height-default elementor-section-height-default\" data-id=\"149dd9d\" data-element_type=\"section\">\n\t\t\t\t\t\t<div class=\"elementor-container elementor-column-gap-default\">\n\t\t\t\t\t<div class=\"elementor-column elementor-col-66 elementor-top-column elementor-element elementor-element-5a4bd63\" data-id=\"5a4bd63\" data-element_type=\"column\">\n\t\t\t<div class=\"elementor-widget-wrap elementor-element-populated\">\n\t\t\t\t\t\t<div class=\"elementor-element elementor-element-2bc460c elementor-widget elementor-widget-spacer\" data-id=\"2bc460c\" data-element_type=\"widget\" data-widget_type=\"spacer.default\">\n\t\t\t\t<div class=\"elementor-widget-container\">\n\t\t\t\t\t\t\t<div class=\"elementor-spacer\">\n\t\t\t<div class=\"elementor-spacer-inner\"><\/div>\n\t\t<\/div>\n\t\t\t\t\t\t<\/div>\n\t\t\t\t<\/div>\n\t\t\t\t<div class=\"elementor-element elementor-element-4a79c67 elementor-widget elementor-widget-text-editor\" data-id=\"4a79c67\" data-element_type=\"widget\" data-widget_type=\"text-editor.default\">\n\t\t\t\t<div class=\"elementor-widget-container\">\n\t\t\t\t\t\t\t\t\t<h1 class=\"\" data-start=\"91\" data-end=\"133\"><strong data-start=\"93\" data-end=\"131\">Prototypage rapide et fonctionnel<\/strong><\/h1><p class=\"\" data-start=\"134\" data-end=\"204\"><strong data-start=\"134\" data-end=\"204\">De la th\u00e9orie \u00e0 la pratique : transformer les id\u00e9es en solutions r\u00e9elles<\/strong><\/p><p class=\"\" data-start=\"206\" data-end=\"628\">Le prototypage est une phase cruciale dans le d\u00e9veloppement de solutions d'automatisation industrielle. Chez TOD System, nous offrons un service complet de prototypage pour tester, valider et affiner les solutions avant leur mise en \u0153uvre finale. Gr\u00e2ce \u00e0 l'exp\u00e9rience de notre \u00e9quipe et \u00e0 l'utilisation de technologies avanc\u00e9es, nous r\u00e9duisons le temps de d\u00e9veloppement et optimisons le passage de la conception \u00e0 la production.<\/p><hr class=\"\" data-start=\"630\" data-end=\"633\" \/><h2 class=\"\" data-start=\"635\" data-end=\"655\"><strong data-start=\"638\" data-end=\"655\">Ce que nous proposons<\/strong><\/h2><p class=\"\" data-start=\"657\" data-end=\"826\"><strong data-start=\"657\" data-end=\"689\">D\u00e9veloppement de prototypes personnalis\u00e9s<\/strong><br data-start=\"689\" data-end=\"692\" \/>Nous r\u00e9alisons des prototypes personnalis\u00e9s sur la base des exigences de production du client, afin de valider tous les aspects techniques et fonctionnels.<\/p><p class=\"\" data-start=\"828\" data-end=\"1016\"><strong data-start=\"828\" data-end=\"861\">Essais fonctionnels et validation<\/strong><br data-start=\"861\" data-end=\"864\" \/>Chaque prototype est test\u00e9 dans des conditions r\u00e9elles ou simul\u00e9es afin de v\u00e9rifier les performances, la s\u00e9curit\u00e9, la fiabilit\u00e9 et la compatibilit\u00e9 avec les syst\u00e8mes existants.<\/p><p class=\"\" data-start=\"1018\" data-end=\"1214\"><strong data-start=\"1018\" data-end=\"1047\">Adaptabilit\u00e9 et it\u00e9ration<\/strong><br data-start=\"1047\" data-end=\"1050\" \/>Nous modifions et am\u00e9liorons rapidement les prototypes sur la base des donn\u00e9es recueillies lors des essais, afin de peaufiner la solution avant sa mise en \u0153uvre finale.<\/p><p class=\"\" data-start=\"1216\" data-end=\"1371\"><strong data-start=\"1216\" data-end=\"1243\">Production en pr\u00e9s\u00e9rie<\/strong><br data-start=\"1243\" data-end=\"1246\" \/>Nous sommes en mesure de produire de petites s\u00e9ries fonctionnelles, id\u00e9ales pour les essais industriels \u00e0 petite \u00e9chelle avant le d\u00e9ploiement complet.<\/p>\t\t\t\t\t\t\t\t<\/div>\n\t\t\t\t<\/div>\n\t\t\t\t<div class=\"elementor-element elementor-element-04d4b2c elementor-widget elementor-widget-spacer\" data-id=\"04d4b2c\" data-element_type=\"widget\" data-widget_type=\"spacer.default\">\n\t\t\t\t<div class=\"elementor-widget-container\">\n\t\t\t\t\t\t\t<div class=\"elementor-spacer\">\n\t\t\t<div class=\"elementor-spacer-inner\"><\/div>\n\t\t<\/div>\n\t\t\t\t\t\t<\/div>\n\t\t\t\t<\/div>\n\t\t\t\t\t<\/div>\n\t\t<\/div>\n\t\t\t\t<div class=\"elementor-column elementor-col-33 elementor-top-column elementor-element elementor-element-bbf613e\" data-id=\"bbf613e\" data-element_type=\"column\">\n\t\t\t<div class=\"elementor-widget-wrap elementor-element-populated\">\n\t\t\t\t\t\t<div class=\"elementor-element elementor-element-5f10099 elementor-widget elementor-widget-spacer\" data-id=\"5f10099\" data-element_type=\"widget\" data-widget_type=\"spacer.default\">\n\t\t\t\t<div class=\"elementor-widget-container\">\n\t\t\t\t\t\t\t<div class=\"elementor-spacer\">\n\t\t\t<div class=\"elementor-spacer-inner\"><\/div>\n\t\t<\/div>\n\t\t\t\t\t\t<\/div>\n\t\t\t\t<\/div>\n\t\t\t\t<div class=\"elementor-element elementor-element-6f173fa elementor-widget elementor-widget-image\" data-id=\"6f173fa\" data-element_type=\"widget\" data-widget_type=\"image.default\">\n\t\t\t\t<div class=\"elementor-widget-container\">\n\t\t\t\t\t\t\t\t\t\t\t\t\t\t\t<img fetchpriority=\"high\" decoding=\"async\" width=\"800\" height=\"1200\" src=\"https:\/\/www.todsystem.com\/wp-content\/uploads\/2025\/04\/development-of-mechanical-schemes-as-education-con-2025-03-24-07-04-49-utc.webp\" class=\"attachment-full size-full wp-image-19091\" alt=\"\" srcset=\"https:\/\/www.todsystem.com\/wp-content\/uploads\/2025\/04\/development-of-mechanical-schemes-as-education-con-2025-03-24-07-04-49-utc.webp 800w, https:\/\/www.todsystem.com\/wp-content\/uploads\/2025\/04\/development-of-mechanical-schemes-as-education-con-2025-03-24-07-04-49-utc-200x300.webp 200w, https:\/\/www.todsystem.com\/wp-content\/uploads\/2025\/04\/development-of-mechanical-schemes-as-education-con-2025-03-24-07-04-49-utc-683x1024.webp 683w, https:\/\/www.todsystem.com\/wp-content\/uploads\/2025\/04\/development-of-mechanical-schemes-as-education-con-2025-03-24-07-04-49-utc-768x1152.webp 768w, https:\/\/www.todsystem.com\/wp-content\/uploads\/2025\/04\/development-of-mechanical-schemes-as-education-con-2025-03-24-07-04-49-utc-8x12.webp 8w\" sizes=\"(max-width: 800px) 100vw, 800px\" \/>\t\t\t\t\t\t\t\t\t\t\t\t\t\t\t<\/div>\n\t\t\t\t<\/div>\n\t\t\t\t<div class=\"elementor-element elementor-element-6b2a977 elementor-widget elementor-widget-spacer\" data-id=\"6b2a977\" data-element_type=\"widget\" data-widget_type=\"spacer.default\">\n\t\t\t\t<div class=\"elementor-widget-container\">\n\t\t\t\t\t\t\t<div class=\"elementor-spacer\">\n\t\t\t<div class=\"elementor-spacer-inner\"><\/div>\n\t\t<\/div>\n\t\t\t\t\t\t<\/div>\n\t\t\t\t<\/div>\n\t\t\t\t\t<\/div>\n\t\t<\/div>\n\t\t\t\t\t<\/div>\n\t\t<\/section>\n\t\t\t\t<section class=\"elementor-section elementor-top-section elementor-element elementor-element-de0c124 elementor-section-boxed elementor-section-height-default elementor-section-height-default\" data-id=\"de0c124\" data-element_type=\"section\">\n\t\t\t\t\t\t<div class=\"elementor-container elementor-column-gap-default\">\n\t\t\t\t\t<div class=\"elementor-column elementor-col-66 elementor-top-column elementor-element elementor-element-3e3464e\" data-id=\"3e3464e\" data-element_type=\"column\" data-settings=\"{&quot;background_background&quot;:&quot;classic&quot;}\">\n\t\t\t<div class=\"elementor-widget-wrap elementor-element-populated\">\n\t\t\t\t\t\t<div class=\"elementor-element elementor-element-264fa58 elementor-widget elementor-widget-heading\" data-id=\"264fa58\" data-element_type=\"widget\" data-widget_type=\"heading.default\">\n\t\t\t\t<div class=\"elementor-widget-container\">\n\t\t\t\t\t<p class=\"elementor-heading-title elementor-size-default\">En savoir plus sur la palettisation avec nos experts <\/p>\t\t\t\t<\/div>\n\t\t\t\t<\/div>\n\t\t\t\t\t<\/div>\n\t\t<\/div>\n\t\t\t\t<div class=\"elementor-column elementor-col-33 elementor-top-column elementor-element elementor-element-e209b5f\" data-id=\"e209b5f\" data-element_type=\"column\" data-settings=\"{&quot;background_background&quot;:&quot;classic&quot;}\">\n\t\t\t<div class=\"elementor-widget-wrap elementor-element-populated\">\n\t\t\t\t\t\t<div class=\"elementor-element elementor-element-12d487a elementor-align-center elementor-mobile-align-justify elementor-widget__width-initial elementor-widget elementor-widget-button\" data-id=\"12d487a\" data-element_type=\"widget\" data-widget_type=\"button.default\">\n\t\t\t\t<div class=\"elementor-widget-container\">\n\t\t\t\t\t\t\t\t\t<div class=\"elementor-button-wrapper\">\n\t\t\t\t\t<a class=\"elementor-button elementor-button-link elementor-size-xs\" href=\"https:\/\/calendly.com\/todsystem\/call\" target=\"_blank\" rel=\"noopener\">\n\t\t\t\t\t\t<span class=\"elementor-button-content-wrapper\">\n\t\t\t\t\t\t<span class=\"elementor-button-icon\">\n\t\t\t\t<svg aria-hidden=\"true\" class=\"e-font-icon-svg e-fas-chevron-right\" viewbox=\"0 0 320 512\" xmlns=\"http:\/\/www.w3.org\/2000\/svg\"><path d=\"M285.476 272.971L91.132 467.314c-9.373 9.373-24.569 9.373-33.941 0l-22.667-22.667c-9.357-9.357-9.375-24.522-.04-33.901L188.505 256 34.484 101.255c-9.335-9.379-9.317-24.544.04-33.901l22.667-22.667c9.373-9.373 24.569-9.373 33.941 0L285.475 239.03c9.373 9.372 9.373 24.568.001 33.941z\"><\/path><\/svg>\t\t\t<\/span>\n\t\t\t\t\t\t\t\t\t<span class=\"elementor-button-text\">R\u00e9server une consultation<\/span>\n\t\t\t\t\t<\/span>\n\t\t\t\t\t<\/a>\n\t\t\t\t<\/div>\n\t\t\t\t\t\t\t\t<\/div>\n\t\t\t\t<\/div>\n\t\t\t\t\t<\/div>\n\t\t<\/div>\n\t\t\t\t\t<\/div>\n\t\t<\/section>\n\t\t\t\t<section class=\"elementor-section elementor-top-section elementor-element elementor-element-20d4ba1 elementor-section-boxed elementor-section-height-default elementor-section-height-default\" data-id=\"20d4ba1\" data-element_type=\"section\">\n\t\t\t\t\t\t<div class=\"elementor-container elementor-column-gap-default\">\n\t\t\t\t\t<div class=\"elementor-column elementor-col-33 elementor-top-column elementor-element elementor-element-c4622f2\" data-id=\"c4622f2\" data-element_type=\"column\">\n\t\t\t<div class=\"elementor-widget-wrap elementor-element-populated\">\n\t\t\t\t\t\t<div class=\"elementor-element elementor-element-ea4e3e1 elementor-widget elementor-widget-image\" data-id=\"ea4e3e1\" data-element_type=\"widget\" data-widget_type=\"image.default\">\n\t\t\t\t<div class=\"elementor-widget-container\">\n\t\t\t\t\t\t\t\t\t\t\t\t\t\t\t<img decoding=\"async\" width=\"828\" height=\"1200\" src=\"https:\/\/www.todsystem.com\/wp-content\/uploads\/2025\/04\/orange-robot-or-robotic-arm-in-factory-2025-03-08-05-01-27-utc.webp\" class=\"attachment-full size-full wp-image-19078\" alt=\"\" srcset=\"https:\/\/www.todsystem.com\/wp-content\/uploads\/2025\/04\/orange-robot-or-robotic-arm-in-factory-2025-03-08-05-01-27-utc.webp 828w, https:\/\/www.todsystem.com\/wp-content\/uploads\/2025\/04\/orange-robot-or-robotic-arm-in-factory-2025-03-08-05-01-27-utc-207x300.webp 207w, https:\/\/www.todsystem.com\/wp-content\/uploads\/2025\/04\/orange-robot-or-robotic-arm-in-factory-2025-03-08-05-01-27-utc-707x1024.webp 707w, https:\/\/www.todsystem.com\/wp-content\/uploads\/2025\/04\/orange-robot-or-robotic-arm-in-factory-2025-03-08-05-01-27-utc-768x1113.webp 768w, https:\/\/www.todsystem.com\/wp-content\/uploads\/2025\/04\/orange-robot-or-robotic-arm-in-factory-2025-03-08-05-01-27-utc-8x12.webp 8w\" sizes=\"(max-width: 828px) 100vw, 828px\" \/>\t\t\t\t\t\t\t\t\t\t\t\t\t\t\t<\/div>\n\t\t\t\t<\/div>\n\t\t\t\t\t<\/div>\n\t\t<\/div>\n\t\t\t\t<div class=\"elementor-column elementor-col-66 elementor-top-column elementor-element elementor-element-f458b5b\" data-id=\"f458b5b\" data-element_type=\"column\">\n\t\t\t<div class=\"elementor-widget-wrap elementor-element-populated\">\n\t\t\t\t\t\t<div class=\"elementor-element elementor-element-973f1f1 elementor-widget elementor-widget-spacer\" data-id=\"973f1f1\" data-element_type=\"widget\" data-widget_type=\"spacer.default\">\n\t\t\t\t<div class=\"elementor-widget-container\">\n\t\t\t\t\t\t\t<div class=\"elementor-spacer\">\n\t\t\t<div class=\"elementor-spacer-inner\"><\/div>\n\t\t<\/div>\n\t\t\t\t\t\t<\/div>\n\t\t\t\t<\/div>\n\t\t\t\t<div class=\"elementor-element elementor-element-0e6b1cd elementor-widget elementor-widget-text-editor\" data-id=\"0e6b1cd\" data-element_type=\"widget\" data-widget_type=\"text-editor.default\">\n\t\t\t\t<div class=\"elementor-widget-container\">\n\t\t\t\t\t\t\t\t\t<h2 class=\"\" data-start=\"1378\" data-end=\"1429\"><strong data-start=\"1381\" data-end=\"1429\">Avantages du prototypage<\/strong><\/h2><ul data-start=\"1431\" data-end=\"1956\"><li class=\"\" data-start=\"1431\" data-end=\"1561\"><p class=\"\" data-start=\"1433\" data-end=\"1561\"><strong data-start=\"1433\" data-end=\"1469\">R\u00e9duire les risques li\u00e9s \u00e0 la conception<\/strong>Tester avant d'investir vous permet d'identifier les probl\u00e8mes critiques et d'\u00e9viter des erreurs co\u00fbteuses.<\/p><\/li><li class=\"\" data-start=\"1562\" data-end=\"1685\"><p class=\"\" data-start=\"1564\" data-end=\"1685\"><strong data-start=\"1564\" data-end=\"1592\">Optimisation du temps<\/strong>Le prototypage rapide acc\u00e9l\u00e8re la prise de d\u00e9cision et la mise en production.<\/p><\/li><li class=\"\" data-start=\"1686\" data-end=\"1830\"><p class=\"\" data-start=\"1688\" data-end=\"1830\"><strong data-start=\"1688\" data-end=\"1716\">Implication op\u00e9rationnelle<\/strong>Nous collaborons avec le personnel technique et op\u00e9rationnel afin de recueillir des commentaires directs et d'optimiser la solution.<\/p><\/li><li class=\"\" data-start=\"1831\" data-end=\"1956\"><p class=\"\" data-start=\"1833\" data-end=\"1956\"><strong data-start=\"1833\" data-end=\"1857\">Innovation dans le domaine du b\u00e9ton<\/strong>Chaque prototype est con\u00e7u pour \u00eatre une v\u00e9ritable \u00e9tape vers la transformation num\u00e9rique de l'entreprise.<\/p><\/li><\/ul><h2 class=\"\" data-start=\"1963\" data-end=\"1991\"><strong data-start=\"1966\" data-end=\"1991\">Domaines d'application<\/strong><\/h2><ul data-start=\"1993\" data-end=\"2218\"><li class=\"\" data-start=\"1993\" data-end=\"2022\"><p class=\"\" data-start=\"1995\" data-end=\"2022\">\u00celots robotiques et cobots<\/p><\/li><li class=\"\" data-start=\"2023\" data-end=\"2068\"><p class=\"\" data-start=\"2025\" data-end=\"2068\">Manutention et syst\u00e8mes de manutention<\/p><\/li><li class=\"\" data-start=\"2069\" data-end=\"2116\"><p class=\"\" data-start=\"2071\" data-end=\"2116\">Int\u00e9grations avec des capteurs et des dispositifs IIoT<\/p><\/li><li class=\"\" data-start=\"2117\" data-end=\"2166\"><p class=\"\" data-start=\"2119\" data-end=\"2166\">Interfaces homme-machine personnalis\u00e9es (IHM)<\/p><\/li><li class=\"\" data-start=\"2167\" data-end=\"2218\"><p class=\"\" data-start=\"2169\" data-end=\"2218\">Syst\u00e8mes personnalis\u00e9s pour des exigences de production sp\u00e9cifiques<\/p><\/li><\/ul><hr class=\"\" data-start=\"2220\" data-end=\"2223\" \/><h2 class=\"\" data-start=\"2225\" data-end=\"2271\"><strong data-start=\"2228\" data-end=\"2271\">Du prototype \u00e0 la solution finale<\/strong><\/h2><p class=\"\" data-start=\"2273\" data-end=\"2513\">Chez TOD System, nous pensons qu'un bon prototype est la base d'une solution industrielle efficace. Nous travaillons \u00e0 vos c\u00f4t\u00e9s pour transformer les id\u00e9es en r\u00e9sultats concrets, avec une approche d'ing\u00e9nierie solide et orient\u00e9e vers la production.<\/p><p class=\"\" data-start=\"2515\" data-end=\"2582\">Contactez-nous pour commencer \u00e0 fa\u00e7onner votre prochaine innovation.<\/p>\t\t\t\t\t\t\t\t<\/div>\n\t\t\t\t<\/div>\n\t\t\t\t\t<\/div>\n\t\t<\/div>\n\t\t\t\t\t<\/div>\n\t\t<\/section>\n\t\t\t\t<\/div>","protected":false},"excerpt":{"rendered":"<p>Prototipazione Automazione intelligente per una logistica senza limiti: soluzioni robotiche per pallettizzazione e depallettizzazione Mettiti in Contatto Prototipazione Rapida e Funzionale Dalla teoria alla pratica: trasformiamo le idee in soluzioni reali La prototipazione \u00e8 una fase cruciale nello sviluppo di soluzioni di automazione industriale. In TOD System offriamo un servizio completo di prototipazione per testare, &#8230; <a title=\"Prototypage\" class=\"read-more\" href=\"https:\/\/www.todsystem.com\/fr\/prototypage\/\" aria-label=\"En savoir plus sur Prototipazione\">Lire la suite<\/a><\/p>","protected":false},"author":1,"featured_media":0,"parent":0,"menu_order":0,"comment_status":"closed","ping_status":"closed","template":"elementor_header_footer","meta":{"footnotes":""},"class_list":["post-19089","page","type-page","status-publish"],"_links":{"self":[{"href":"https:\/\/www.todsystem.com\/fr\/wp-json\/wp\/v2\/pages\/19089","targetHints":{"allow":["GET"]}}],"collection":[{"href":"https:\/\/www.todsystem.com\/fr\/wp-json\/wp\/v2\/pages"}],"about":[{"href":"https:\/\/www.todsystem.com\/fr\/wp-json\/wp\/v2\/types\/page"}],"author":[{"embeddable":true,"href":"https:\/\/www.todsystem.com\/fr\/wp-json\/wp\/v2\/users\/1"}],"replies":[{"embeddable":true,"href":"https:\/\/www.todsystem.com\/fr\/wp-json\/wp\/v2\/comments?post=19089"}],"version-history":[{"count":3,"href":"https:\/\/www.todsystem.com\/fr\/wp-json\/wp\/v2\/pages\/19089\/revisions"}],"predecessor-version":[{"id":19094,"href":"https:\/\/www.todsystem.com\/fr\/wp-json\/wp\/v2\/pages\/19089\/revisions\/19094"}],"wp:attachment":[{"href":"https:\/\/www.todsystem.com\/fr\/wp-json\/wp\/v2\/media?parent=19089"}],"curies":[{"name":"wp","href":"https:\/\/api.w.org\/{rel}","templated":true}]}}