{"id":19074,"date":"2025-04-07T09:59:39","date_gmt":"2025-04-07T08:59:39","guid":{"rendered":"https:\/\/www.todsystem.com\/?page_id=19074"},"modified":"2025-04-07T10:00:59","modified_gmt":"2025-04-07T09:00:59","slug":"progettazione","status":"publish","type":"page","link":"https:\/\/www.todsystem.com\/fr\/conception\/","title":{"rendered":"Conception"},"content":{"rendered":"<div data-elementor-type=\"wp-page\" data-elementor-id=\"19074\" class=\"elementor elementor-19074\" data-elementor-post-type=\"page\">\n\t\t\t\t\t\t<section class=\"elementor-section elementor-top-section elementor-element elementor-element-87c4982 elementor-section-height-min-height elementor-section-boxed elementor-section-height-default elementor-section-items-middle\" data-id=\"87c4982\" data-element_type=\"section\" data-settings=\"{&quot;background_background&quot;:&quot;classic&quot;}\">\n\t\t\t\t\t\t\t<div class=\"elementor-background-overlay\"><\/div>\n\t\t\t\t\t\t\t<div class=\"elementor-container elementor-column-gap-default\">\n\t\t\t\t\t<div class=\"elementor-column elementor-col-100 elementor-top-column elementor-element elementor-element-dddf0cf\" data-id=\"dddf0cf\" data-element_type=\"column\">\n\t\t\t<div class=\"elementor-widget-wrap elementor-element-populated\">\n\t\t\t\t\t\t<div class=\"elementor-element elementor-element-801cb8c elementor-widget elementor-widget-heading\" data-id=\"801cb8c\" data-element_type=\"widget\" data-widget_type=\"heading.default\">\n\t\t\t\t<div class=\"elementor-widget-container\">\n\t\t\t\t\t<h1 class=\"elementor-heading-title elementor-size-default\">Conception<\/h1>\t\t\t\t<\/div>\n\t\t\t\t<\/div>\n\t\t\t\t<div class=\"elementor-element elementor-element-215e7aa elementor-widget elementor-widget-heading\" data-id=\"215e7aa\" data-element_type=\"widget\" data-widget_type=\"heading.default\">\n\t\t\t\t<div class=\"elementor-widget-container\">\n\t\t\t\t\t<h3 class=\"elementor-heading-title elementor-size-default\">Automatisation intelligente pour une logistique sans limites : solutions robotiques pour la palettisation et la d\u00e9palettisation<\/h3>\t\t\t\t<\/div>\n\t\t\t\t<\/div>\n\t\t\t\t<div class=\"elementor-element elementor-element-fd05590 elementor-align-center elementor-mobile-align-justify elementor-widget__width-initial elementor-widget elementor-widget-button\" data-id=\"fd05590\" data-element_type=\"widget\" data-widget_type=\"button.default\">\n\t\t\t\t<div class=\"elementor-widget-container\">\n\t\t\t\t\t\t\t\t\t<div class=\"elementor-button-wrapper\">\n\t\t\t\t\t<a class=\"elementor-button elementor-button-link elementor-size-xs\" href=\"https:\/\/www.todsystem.com\/fr\/contacts\/\">\n\t\t\t\t\t\t<span class=\"elementor-button-content-wrapper\">\n\t\t\t\t\t\t<span class=\"elementor-button-icon\">\n\t\t\t\t<svg aria-hidden=\"true\" class=\"e-font-icon-svg e-fas-chevron-right\" viewbox=\"0 0 320 512\" xmlns=\"http:\/\/www.w3.org\/2000\/svg\"><path d=\"M285.476 272.971L91.132 467.314c-9.373 9.373-24.569 9.373-33.941 0l-22.667-22.667c-9.357-9.357-9.375-24.522-.04-33.901L188.505 256 34.484 101.255c-9.335-9.379-9.317-24.544.04-33.901l22.667-22.667c9.373-9.373 24.569-9.373 33.941 0L285.475 239.03c9.373 9.372 9.373 24.568.001 33.941z\"><\/path><\/svg>\t\t\t<\/span>\n\t\t\t\t\t\t\t\t\t<span class=\"elementor-button-text\">Prendre contact<\/span>\n\t\t\t\t\t<\/span>\n\t\t\t\t\t<\/a>\n\t\t\t\t<\/div>\n\t\t\t\t\t\t\t\t<\/div>\n\t\t\t\t<\/div>\n\t\t\t\t\t<\/div>\n\t\t<\/div>\n\t\t\t\t\t<\/div>\n\t\t<\/section>\n\t\t\t\t<section class=\"elementor-section elementor-top-section elementor-element elementor-element-149dd9d elementor-section-boxed elementor-section-height-default elementor-section-height-default\" data-id=\"149dd9d\" data-element_type=\"section\">\n\t\t\t\t\t\t<div class=\"elementor-container elementor-column-gap-default\">\n\t\t\t\t\t<div class=\"elementor-column elementor-col-66 elementor-top-column elementor-element elementor-element-5a4bd63\" data-id=\"5a4bd63\" data-element_type=\"column\">\n\t\t\t<div class=\"elementor-widget-wrap elementor-element-populated\">\n\t\t\t\t\t\t<div class=\"elementor-element elementor-element-2bc460c elementor-widget elementor-widget-spacer\" data-id=\"2bc460c\" data-element_type=\"widget\" data-widget_type=\"spacer.default\">\n\t\t\t\t<div class=\"elementor-widget-container\">\n\t\t\t\t\t\t\t<div class=\"elementor-spacer\">\n\t\t\t<div class=\"elementor-spacer-inner\"><\/div>\n\t\t<\/div>\n\t\t\t\t\t\t<\/div>\n\t\t\t\t<\/div>\n\t\t\t\t<div class=\"elementor-element elementor-element-4a79c67 elementor-widget elementor-widget-text-editor\" data-id=\"4a79c67\" data-element_type=\"widget\" data-widget_type=\"text-editor.default\">\n\t\t\t\t<div class=\"elementor-widget-container\">\n\t\t\t\t\t\t\t\t\t<h2 class=\"\" data-start=\"666\" data-end=\"711\"><strong data-start=\"669\" data-end=\"711\">Notre approche de la conception<\/strong><\/h2><p class=\"\" data-start=\"713\" data-end=\"872\"><strong data-start=\"713\" data-end=\"748\">Analyse et \u00e9tude de faisabilit\u00e9<\/strong><br data-start=\"748\" data-end=\"751\" \/>Nous examinons les processus d'entreprise en d\u00e9tail afin d'identifier les domaines d'intervention et d'\u00e9valuer les solutions les plus efficaces.<\/p><p class=\"\" data-start=\"874\" data-end=\"1042\"><strong data-start=\"874\" data-end=\"912\">Conception technique et fonctionnelle<\/strong><br data-start=\"912\" data-end=\"915\" \/>Nous d\u00e9veloppons des projets complets et personnalis\u00e9s en mettant l'accent sur l'efficacit\u00e9, l'ergonomie et la compatibilit\u00e9 avec les syst\u00e8mes existants.<\/p><p class=\"\" data-start=\"1044\" data-end=\"1202\"><strong data-start=\"1044\" data-end=\"1073\">Simulations et validation<\/strong><br data-start=\"1073\" data-end=\"1076\" \/>Nous utilisons des outils de simulation pour tester la solution avant sa mise en \u0153uvre, ce qui r\u00e9duit le temps et les marges d'erreur.<\/p><p class=\"\" data-start=\"1204\" data-end=\"1343\"><strong data-start=\"1204\" data-end=\"1237\">Projets modulaires et \u00e9volutifs<\/strong><br data-start=\"1237\" data-end=\"1240\" \/>Nos solutions sont con\u00e7ues pour \u00e9voluer dans le temps et s'adapter aux besoins futurs des entreprises.<\/p><h2 class=\"\" data-start=\"1350\" data-end=\"1373\"><strong data-start=\"1353\" data-end=\"1373\">Ce que nous concevons<\/strong><\/h2><ul data-start=\"1375\" data-end=\"1615\"><li class=\"\" data-start=\"1375\" data-end=\"1410\"><p class=\"\" data-start=\"1377\" data-end=\"1410\">\u00celots robotiques collaboratifs<\/p><\/li><li class=\"\" data-start=\"1411\" data-end=\"1449\"><p class=\"\" data-start=\"1413\" data-end=\"1449\">Postes de travail automatis\u00e9s<\/p><\/li><li class=\"\" data-start=\"1450\" data-end=\"1506\"><p class=\"\" data-start=\"1452\" data-end=\"1506\">Syst\u00e8mes int\u00e9gr\u00e9s avec machines et logiciels de gestion<\/p><\/li><li class=\"\" data-start=\"1507\" data-end=\"1561\"><p class=\"\" data-start=\"1509\" data-end=\"1561\">Applications IIoT pour la surveillance et la collecte de donn\u00e9es<\/p><\/li><li class=\"\" data-start=\"1562\" data-end=\"1615\"><p class=\"\" data-start=\"1564\" data-end=\"1615\">Des solutions compl\u00e8tes, pr\u00eates \u00e0 \u00eatre mises en service<\/p><\/li><\/ul>\t\t\t\t\t\t\t\t<\/div>\n\t\t\t\t<\/div>\n\t\t\t\t<div class=\"elementor-element elementor-element-04d4b2c elementor-widget elementor-widget-spacer\" data-id=\"04d4b2c\" data-element_type=\"widget\" data-widget_type=\"spacer.default\">\n\t\t\t\t<div class=\"elementor-widget-container\">\n\t\t\t\t\t\t\t<div class=\"elementor-spacer\">\n\t\t\t<div class=\"elementor-spacer-inner\"><\/div>\n\t\t<\/div>\n\t\t\t\t\t\t<\/div>\n\t\t\t\t<\/div>\n\t\t\t\t\t<\/div>\n\t\t<\/div>\n\t\t\t\t<div class=\"elementor-column elementor-col-33 elementor-top-column elementor-element elementor-element-bbf613e\" data-id=\"bbf613e\" data-element_type=\"column\">\n\t\t\t<div class=\"elementor-widget-wrap elementor-element-populated\">\n\t\t\t\t\t\t<div class=\"elementor-element elementor-element-5f10099 elementor-widget elementor-widget-spacer\" data-id=\"5f10099\" data-element_type=\"widget\" data-widget_type=\"spacer.default\">\n\t\t\t\t<div class=\"elementor-widget-container\">\n\t\t\t\t\t\t\t<div class=\"elementor-spacer\">\n\t\t\t<div class=\"elementor-spacer-inner\"><\/div>\n\t\t<\/div>\n\t\t\t\t\t\t<\/div>\n\t\t\t\t<\/div>\n\t\t\t\t<div class=\"elementor-element elementor-element-6f173fa elementor-widget elementor-widget-image\" data-id=\"6f173fa\" data-element_type=\"widget\" data-widget_type=\"image.default\">\n\t\t\t\t<div class=\"elementor-widget-container\">\n\t\t\t\t\t\t\t\t\t\t\t\t\t\t\t<img fetchpriority=\"high\" decoding=\"async\" width=\"800\" height=\"1200\" src=\"https:\/\/www.todsystem.com\/wp-content\/uploads\/2025\/04\/close-of-robot-vehicle-in-school-computer-coding-c-2024-10-19-18-22-14-utc.webp\" class=\"attachment-full size-full wp-image-19077\" alt=\"\" srcset=\"https:\/\/www.todsystem.com\/wp-content\/uploads\/2025\/04\/close-of-robot-vehicle-in-school-computer-coding-c-2024-10-19-18-22-14-utc.webp 800w, https:\/\/www.todsystem.com\/wp-content\/uploads\/2025\/04\/close-of-robot-vehicle-in-school-computer-coding-c-2024-10-19-18-22-14-utc-200x300.webp 200w, https:\/\/www.todsystem.com\/wp-content\/uploads\/2025\/04\/close-of-robot-vehicle-in-school-computer-coding-c-2024-10-19-18-22-14-utc-683x1024.webp 683w, https:\/\/www.todsystem.com\/wp-content\/uploads\/2025\/04\/close-of-robot-vehicle-in-school-computer-coding-c-2024-10-19-18-22-14-utc-768x1152.webp 768w, https:\/\/www.todsystem.com\/wp-content\/uploads\/2025\/04\/close-of-robot-vehicle-in-school-computer-coding-c-2024-10-19-18-22-14-utc-8x12.webp 8w\" sizes=\"(max-width: 800px) 100vw, 800px\" \/>\t\t\t\t\t\t\t\t\t\t\t\t\t\t\t<\/div>\n\t\t\t\t<\/div>\n\t\t\t\t<div class=\"elementor-element elementor-element-6b2a977 elementor-widget elementor-widget-spacer\" data-id=\"6b2a977\" data-element_type=\"widget\" data-widget_type=\"spacer.default\">\n\t\t\t\t<div class=\"elementor-widget-container\">\n\t\t\t\t\t\t\t<div class=\"elementor-spacer\">\n\t\t\t<div class=\"elementor-spacer-inner\"><\/div>\n\t\t<\/div>\n\t\t\t\t\t\t<\/div>\n\t\t\t\t<\/div>\n\t\t\t\t\t<\/div>\n\t\t<\/div>\n\t\t\t\t\t<\/div>\n\t\t<\/section>\n\t\t\t\t<section class=\"elementor-section elementor-top-section elementor-element elementor-element-de0c124 elementor-section-boxed elementor-section-height-default elementor-section-height-default\" data-id=\"de0c124\" data-element_type=\"section\">\n\t\t\t\t\t\t<div class=\"elementor-container elementor-column-gap-default\">\n\t\t\t\t\t<div class=\"elementor-column elementor-col-66 elementor-top-column elementor-element elementor-element-3e3464e\" data-id=\"3e3464e\" data-element_type=\"column\" data-settings=\"{&quot;background_background&quot;:&quot;classic&quot;}\">\n\t\t\t<div class=\"elementor-widget-wrap elementor-element-populated\">\n\t\t\t\t\t\t<div class=\"elementor-element elementor-element-264fa58 elementor-widget elementor-widget-heading\" data-id=\"264fa58\" data-element_type=\"widget\" data-widget_type=\"heading.default\">\n\t\t\t\t<div class=\"elementor-widget-container\">\n\t\t\t\t\t<p class=\"elementor-heading-title elementor-size-default\">En savoir plus sur la palettisation avec nos experts <\/p>\t\t\t\t<\/div>\n\t\t\t\t<\/div>\n\t\t\t\t\t<\/div>\n\t\t<\/div>\n\t\t\t\t<div class=\"elementor-column elementor-col-33 elementor-top-column elementor-element elementor-element-e209b5f\" data-id=\"e209b5f\" data-element_type=\"column\" data-settings=\"{&quot;background_background&quot;:&quot;classic&quot;}\">\n\t\t\t<div class=\"elementor-widget-wrap elementor-element-populated\">\n\t\t\t\t\t\t<div class=\"elementor-element elementor-element-12d487a elementor-align-center elementor-mobile-align-justify elementor-widget__width-initial elementor-widget elementor-widget-button\" data-id=\"12d487a\" data-element_type=\"widget\" data-widget_type=\"button.default\">\n\t\t\t\t<div class=\"elementor-widget-container\">\n\t\t\t\t\t\t\t\t\t<div class=\"elementor-button-wrapper\">\n\t\t\t\t\t<a class=\"elementor-button elementor-button-link elementor-size-xs\" href=\"https:\/\/calendly.com\/todsystem\/call\" target=\"_blank\" rel=\"noopener\">\n\t\t\t\t\t\t<span class=\"elementor-button-content-wrapper\">\n\t\t\t\t\t\t<span class=\"elementor-button-icon\">\n\t\t\t\t<svg aria-hidden=\"true\" class=\"e-font-icon-svg e-fas-chevron-right\" viewbox=\"0 0 320 512\" xmlns=\"http:\/\/www.w3.org\/2000\/svg\"><path d=\"M285.476 272.971L91.132 467.314c-9.373 9.373-24.569 9.373-33.941 0l-22.667-22.667c-9.357-9.357-9.375-24.522-.04-33.901L188.505 256 34.484 101.255c-9.335-9.379-9.317-24.544.04-33.901l22.667-22.667c9.373-9.373 24.569-9.373 33.941 0L285.475 239.03c9.373 9.372 9.373 24.568.001 33.941z\"><\/path><\/svg>\t\t\t<\/span>\n\t\t\t\t\t\t\t\t\t<span class=\"elementor-button-text\">R\u00e9server une consultation<\/span>\n\t\t\t\t\t<\/span>\n\t\t\t\t\t<\/a>\n\t\t\t\t<\/div>\n\t\t\t\t\t\t\t\t<\/div>\n\t\t\t\t<\/div>\n\t\t\t\t\t<\/div>\n\t\t<\/div>\n\t\t\t\t\t<\/div>\n\t\t<\/section>\n\t\t\t\t<section class=\"elementor-section elementor-top-section elementor-element elementor-element-20d4ba1 elementor-section-boxed elementor-section-height-default elementor-section-height-default\" data-id=\"20d4ba1\" data-element_type=\"section\">\n\t\t\t\t\t\t<div class=\"elementor-container elementor-column-gap-default\">\n\t\t\t\t\t<div class=\"elementor-column elementor-col-33 elementor-top-column elementor-element elementor-element-c4622f2\" data-id=\"c4622f2\" data-element_type=\"column\">\n\t\t\t<div class=\"elementor-widget-wrap elementor-element-populated\">\n\t\t\t\t\t\t<div class=\"elementor-element elementor-element-ea4e3e1 elementor-widget elementor-widget-image\" data-id=\"ea4e3e1\" data-element_type=\"widget\" data-widget_type=\"image.default\">\n\t\t\t\t<div class=\"elementor-widget-container\">\n\t\t\t\t\t\t\t\t\t\t\t\t\t\t\t<img decoding=\"async\" width=\"828\" height=\"1200\" src=\"https:\/\/www.todsystem.com\/wp-content\/uploads\/2025\/04\/orange-robot-or-robotic-arm-in-factory-2025-03-08-05-01-27-utc.webp\" class=\"attachment-full size-full wp-image-19078\" alt=\"\" srcset=\"https:\/\/www.todsystem.com\/wp-content\/uploads\/2025\/04\/orange-robot-or-robotic-arm-in-factory-2025-03-08-05-01-27-utc.webp 828w, https:\/\/www.todsystem.com\/wp-content\/uploads\/2025\/04\/orange-robot-or-robotic-arm-in-factory-2025-03-08-05-01-27-utc-207x300.webp 207w, https:\/\/www.todsystem.com\/wp-content\/uploads\/2025\/04\/orange-robot-or-robotic-arm-in-factory-2025-03-08-05-01-27-utc-707x1024.webp 707w, https:\/\/www.todsystem.com\/wp-content\/uploads\/2025\/04\/orange-robot-or-robotic-arm-in-factory-2025-03-08-05-01-27-utc-768x1113.webp 768w, https:\/\/www.todsystem.com\/wp-content\/uploads\/2025\/04\/orange-robot-or-robotic-arm-in-factory-2025-03-08-05-01-27-utc-8x12.webp 8w\" sizes=\"(max-width: 828px) 100vw, 828px\" \/>\t\t\t\t\t\t\t\t\t\t\t\t\t\t\t<\/div>\n\t\t\t\t<\/div>\n\t\t\t\t\t<\/div>\n\t\t<\/div>\n\t\t\t\t<div class=\"elementor-column elementor-col-66 elementor-top-column elementor-element elementor-element-f458b5b\" data-id=\"f458b5b\" data-element_type=\"column\">\n\t\t\t<div class=\"elementor-widget-wrap elementor-element-populated\">\n\t\t\t\t\t\t<div class=\"elementor-element elementor-element-973f1f1 elementor-widget elementor-widget-spacer\" data-id=\"973f1f1\" data-element_type=\"widget\" data-widget_type=\"spacer.default\">\n\t\t\t\t<div class=\"elementor-widget-container\">\n\t\t\t\t\t\t\t<div class=\"elementor-spacer\">\n\t\t\t<div class=\"elementor-spacer-inner\"><\/div>\n\t\t<\/div>\n\t\t\t\t\t\t<\/div>\n\t\t\t\t<\/div>\n\t\t\t\t<div class=\"elementor-element elementor-element-0e6b1cd elementor-widget elementor-widget-text-editor\" data-id=\"0e6b1cd\" data-element_type=\"widget\" data-widget_type=\"text-editor.default\">\n\t\t\t\t<div class=\"elementor-widget-container\">\n\t\t\t\t\t\t\t\t\t<h2 class=\"\" data-start=\"1622\" data-end=\"1656\"><strong data-start=\"1625\" data-end=\"1656\">Pourquoi choisir le syst\u00e8me TOD<\/strong><\/h2><p class=\"\" data-start=\"1658\" data-end=\"1829\"><strong data-start=\"1658\" data-end=\"1684\">Comp\u00e9tences transversales<\/strong><br data-start=\"1684\" data-end=\"1687\" \/>Notre \u00e9quipe r\u00e9unit des exp\u00e9riences dans les domaines de l'ing\u00e9nierie, de l'informatique et de la fabrication, ce qui lui permet d'avoir une vision globale du processus industriel.<\/p><p class=\"\" data-start=\"1831\" data-end=\"1989\"><strong data-start=\"1831\" data-end=\"1860\">Orientation des r\u00e9sultats<\/strong><br data-start=\"1860\" data-end=\"1863\" \/>Chaque projet est con\u00e7u pour atteindre des objectifs concrets : accro\u00eetre l'efficacit\u00e9, am\u00e9liorer la qualit\u00e9 et r\u00e9duire les co\u00fbts.<\/p><p class=\"\" data-start=\"1991\" data-end=\"2119\"><strong data-start=\"1991\" data-end=\"2016\">Int\u00e9gration transparente<\/strong><br data-start=\"2016\" data-end=\"2019\" \/>Nous veillons \u00e0 assurer une compatibilit\u00e9 totale entre les nouvelles solutions et l'infrastructure existante.<\/p><p class=\"\" data-start=\"2121\" data-end=\"2257\"><strong data-start=\"2121\" data-end=\"2148\">Innovation durable<\/strong><br data-start=\"2148\" data-end=\"2151\" \/>Nous encourageons l'innovation technologique qui respecte l'environnement et valorise le r\u00f4le des op\u00e9rateurs humains.<\/p>\t\t\t\t\t\t\t\t<\/div>\n\t\t\t\t<\/div>\n\t\t\t\t\t<\/div>\n\t\t<\/div>\n\t\t\t\t\t<\/div>\n\t\t<\/section>\n\t\t\t\t<\/div>","protected":false},"excerpt":{"rendered":"<p>Progettazione Automazione intelligente per una logistica senza limiti: soluzioni robotiche per pallettizzazione e depallettizzazione Mettiti in Contatto Il Nostro Approccio alla Progettazione Analisi e studio di fattibilit\u00e0Esaminiamo nel dettaglio i processi aziendali per individuare le aree di intervento e valutare le soluzioni pi\u00f9 efficaci. Progettazione tecnica e funzionaleSviluppiamo progetti completi e personalizzati, con attenzione a &#8230; <a title=\"Conception\" class=\"read-more\" href=\"https:\/\/www.todsystem.com\/fr\/conception\/\" aria-label=\"En savoir plus sur Progettazione\">Lire la suite<\/a><\/p>","protected":false},"author":1,"featured_media":0,"parent":0,"menu_order":0,"comment_status":"closed","ping_status":"closed","template":"elementor_header_footer","meta":{"footnotes":""},"class_list":["post-19074","page","type-page","status-publish"],"_links":{"self":[{"href":"https:\/\/www.todsystem.com\/fr\/wp-json\/wp\/v2\/pages\/19074","targetHints":{"allow":["GET"]}}],"collection":[{"href":"https:\/\/www.todsystem.com\/fr\/wp-json\/wp\/v2\/pages"}],"about":[{"href":"https:\/\/www.todsystem.com\/fr\/wp-json\/wp\/v2\/types\/page"}],"author":[{"embeddable":true,"href":"https:\/\/www.todsystem.com\/fr\/wp-json\/wp\/v2\/users\/1"}],"replies":[{"embeddable":true,"href":"https:\/\/www.todsystem.com\/fr\/wp-json\/wp\/v2\/comments?post=19074"}],"version-history":[{"count":9,"href":"https:\/\/www.todsystem.com\/fr\/wp-json\/wp\/v2\/pages\/19074\/revisions"}],"predecessor-version":[{"id":19088,"href":"https:\/\/www.todsystem.com\/fr\/wp-json\/wp\/v2\/pages\/19074\/revisions\/19088"}],"wp:attachment":[{"href":"https:\/\/www.todsystem.com\/fr\/wp-json\/wp\/v2\/media?parent=19074"}],"curies":[{"name":"wp","href":"https:\/\/api.w.org\/{rel}","templated":true}]}}