{"id":18707,"date":"2025-03-21T11:06:05","date_gmt":"2025-03-21T10:06:05","guid":{"rendered":"https:\/\/www.todsystem.com\/?page_id=18707"},"modified":"2025-03-27T10:52:42","modified_gmt":"2025-03-27T09:52:42","slug":"assistenza","status":"publish","type":"page","link":"https:\/\/www.todsystem.com\/fr\/lassistance\/","title":{"rendered":"Assistance"},"content":{"rendered":"<div data-elementor-type=\"wp-page\" data-elementor-id=\"18707\" class=\"elementor elementor-18707\" data-elementor-post-type=\"page\">\n\t\t\t\t\t\t<section class=\"elementor-section elementor-top-section elementor-element elementor-element-c5da933 elementor-section-height-min-height elementor-section-boxed elementor-section-height-default elementor-section-items-middle\" data-id=\"c5da933\" data-element_type=\"section\" data-settings=\"{&quot;background_background&quot;:&quot;classic&quot;}\">\n\t\t\t\t\t\t\t<div class=\"elementor-background-overlay\"><\/div>\n\t\t\t\t\t\t\t<div class=\"elementor-container elementor-column-gap-default\">\n\t\t\t\t\t<div class=\"elementor-column elementor-col-100 elementor-top-column elementor-element elementor-element-6fc78a1\" data-id=\"6fc78a1\" data-element_type=\"column\">\n\t\t\t<div class=\"elementor-widget-wrap elementor-element-populated\">\n\t\t\t\t\t\t<div class=\"elementor-element elementor-element-2bfb26c elementor-widget elementor-widget-heading\" data-id=\"2bfb26c\" data-element_type=\"widget\" data-widget_type=\"heading.default\">\n\t\t\t\t<div class=\"elementor-widget-container\">\n\t\t\t\t\t<h1 class=\"elementor-heading-title elementor-size-default\">Assistance<\/h1>\t\t\t\t<\/div>\n\t\t\t\t<\/div>\n\t\t\t\t<div class=\"elementor-element elementor-element-b998941 elementor-widget elementor-widget-heading\" data-id=\"b998941\" data-element_type=\"widget\" data-widget_type=\"heading.default\">\n\t\t\t\t<div class=\"elementor-widget-container\">\n\t\t\t\t\t<h3 class=\"elementor-heading-title elementor-size-default\">Assistance technique et soutien op\u00e9rationnel<\/h3>\t\t\t\t<\/div>\n\t\t\t\t<\/div>\n\t\t\t\t<div class=\"elementor-element elementor-element-2834a1b elementor-align-center elementor-mobile-align-justify elementor-widget__width-initial elementor-widget elementor-widget-button\" data-id=\"2834a1b\" data-element_type=\"widget\" data-widget_type=\"button.default\">\n\t\t\t\t<div class=\"elementor-widget-container\">\n\t\t\t\t\t\t\t\t\t<div class=\"elementor-button-wrapper\">\n\t\t\t\t\t<a class=\"elementor-button elementor-button-link elementor-size-xs\" href=\"https:\/\/www.todsystem.com\/fr\/contacts\/\">\n\t\t\t\t\t\t<span class=\"elementor-button-content-wrapper\">\n\t\t\t\t\t\t<span class=\"elementor-button-icon\">\n\t\t\t\t<svg aria-hidden=\"true\" class=\"e-font-icon-svg e-fas-chevron-right\" viewbox=\"0 0 320 512\" xmlns=\"http:\/\/www.w3.org\/2000\/svg\"><path d=\"M285.476 272.971L91.132 467.314c-9.373 9.373-24.569 9.373-33.941 0l-22.667-22.667c-9.357-9.357-9.375-24.522-.04-33.901L188.505 256 34.484 101.255c-9.335-9.379-9.317-24.544.04-33.901l22.667-22.667c9.373-9.373 24.569-9.373 33.941 0L285.475 239.03c9.373 9.372 9.373 24.568.001 33.941z\"><\/path><\/svg>\t\t\t<\/span>\n\t\t\t\t\t\t\t\t\t<span class=\"elementor-button-text\">Prendre contact<\/span>\n\t\t\t\t\t<\/span>\n\t\t\t\t\t<\/a>\n\t\t\t\t<\/div>\n\t\t\t\t\t\t\t\t<\/div>\n\t\t\t\t<\/div>\n\t\t\t\t\t<\/div>\n\t\t<\/div>\n\t\t\t\t\t<\/div>\n\t\t<\/section>\n\t\t\t\t<section class=\"elementor-section elementor-top-section elementor-element elementor-element-5a66f64 elementor-section-boxed elementor-section-height-default elementor-section-height-default\" data-id=\"5a66f64\" data-element_type=\"section\">\n\t\t\t\t\t\t<div class=\"elementor-container elementor-column-gap-default\">\n\t\t\t\t\t<div class=\"elementor-column elementor-col-66 elementor-top-column elementor-element elementor-element-bf7ef91\" data-id=\"bf7ef91\" data-element_type=\"column\">\n\t\t\t<div class=\"elementor-widget-wrap elementor-element-populated\">\n\t\t\t\t\t\t<div class=\"elementor-element elementor-element-dc28047 elementor-widget elementor-widget-spacer\" data-id=\"dc28047\" data-element_type=\"widget\" data-widget_type=\"spacer.default\">\n\t\t\t\t<div class=\"elementor-widget-container\">\n\t\t\t\t\t\t\t<div class=\"elementor-spacer\">\n\t\t\t<div class=\"elementor-spacer-inner\"><\/div>\n\t\t<\/div>\n\t\t\t\t\t\t<\/div>\n\t\t\t\t<\/div>\n\t\t\t\t<div class=\"elementor-element elementor-element-b72129a elementor-widget elementor-widget-text-editor\" data-id=\"b72129a\" data-element_type=\"widget\" data-widget_type=\"text-editor.default\">\n\t\t\t\t<div class=\"elementor-widget-container\">\n\t\t\t\t\t\t\t\t\t<h2 data-start=\"62\" data-end=\"130\">Efficacit\u00e9 maximale et continuit\u00e9 op\u00e9rationnelle pour votre automatisation<\/h2><h3 data-start=\"132\" data-end=\"194\">Assistance compl\u00e8te pour l'optimisation de vos syst\u00e8mes robotiques<\/h3><p class=\"\" data-start=\"195\" data-end=\"485\">Nos services de conseil accompagnent la gestion de l'entreprise \u00e0 tous les stades, de la strat\u00e9gie de d\u00e9veloppement \u00e0 la mise en \u0153uvre de syst\u00e8mes de gestion avanc\u00e9s. Nous offrons un soutien complet et personnalis\u00e9, garantissant que chaque syst\u00e8me robotique fonctionne avec une efficacit\u00e9 maximale et sans interruption.<\/p><p class=\"\" data-start=\"487\" data-end=\"780\">L'automatisation industrielle est un atout strat\u00e9gique pour l'am\u00e9lioration de la productivit\u00e9, mais sa gestion n\u00e9cessite une expertise sp\u00e9cifique et un support ponctuel. Avec TodSystem, vous disposez d'une \u00e9quipe d'experts pour r\u00e9soudre les probl\u00e8mes critiques et optimiser les performances de vos cobots.<\/p>\t\t\t\t\t\t\t\t<\/div>\n\t\t\t\t<\/div>\n\t\t\t\t<div class=\"elementor-element elementor-element-deff3d6 elementor-widget elementor-widget-spacer\" data-id=\"deff3d6\" data-element_type=\"widget\" data-widget_type=\"spacer.default\">\n\t\t\t\t<div class=\"elementor-widget-container\">\n\t\t\t\t\t\t\t<div class=\"elementor-spacer\">\n\t\t\t<div class=\"elementor-spacer-inner\"><\/div>\n\t\t<\/div>\n\t\t\t\t\t\t<\/div>\n\t\t\t\t<\/div>\n\t\t\t\t\t<\/div>\n\t\t<\/div>\n\t\t\t\t<div class=\"elementor-column elementor-col-33 elementor-top-column elementor-element elementor-element-e06b811\" data-id=\"e06b811\" data-element_type=\"column\">\n\t\t\t<div class=\"elementor-widget-wrap elementor-element-populated\">\n\t\t\t\t\t\t<div class=\"elementor-element elementor-element-fb39958 elementor-widget elementor-widget-image\" data-id=\"fb39958\" data-element_type=\"widget\" data-widget_type=\"image.default\">\n\t\t\t\t<div class=\"elementor-widget-container\">\n\t\t\t\t\t\t\t\t\t\t\t\t\t\t\t<img fetchpriority=\"high\" decoding=\"async\" width=\"1200\" height=\"800\" src=\"https:\/\/www.todsystem.com\/wp-content\/uploads\/2025\/03\/robotic-supervisor-discuss-with-technical-speciali-2025-01-08-14-18-18-utc.webp\" class=\"attachment-full size-full wp-image-18935\" alt=\"\" srcset=\"https:\/\/www.todsystem.com\/wp-content\/uploads\/2025\/03\/robotic-supervisor-discuss-with-technical-speciali-2025-01-08-14-18-18-utc.webp 1200w, https:\/\/www.todsystem.com\/wp-content\/uploads\/2025\/03\/robotic-supervisor-discuss-with-technical-speciali-2025-01-08-14-18-18-utc-300x200.webp 300w, https:\/\/www.todsystem.com\/wp-content\/uploads\/2025\/03\/robotic-supervisor-discuss-with-technical-speciali-2025-01-08-14-18-18-utc-1024x683.webp 1024w, https:\/\/www.todsystem.com\/wp-content\/uploads\/2025\/03\/robotic-supervisor-discuss-with-technical-speciali-2025-01-08-14-18-18-utc-768x512.webp 768w, https:\/\/www.todsystem.com\/wp-content\/uploads\/2025\/03\/robotic-supervisor-discuss-with-technical-speciali-2025-01-08-14-18-18-utc-18x12.webp 18w\" sizes=\"(max-width: 1200px) 100vw, 1200px\" \/>\t\t\t\t\t\t\t\t\t\t\t\t\t\t\t<\/div>\n\t\t\t\t<\/div>\n\t\t\t\t\t<\/div>\n\t\t<\/div>\n\t\t\t\t\t<\/div>\n\t\t<\/section>\n\t\t\t\t<section class=\"elementor-section elementor-top-section elementor-element elementor-element-5005dba elementor-section-boxed elementor-section-height-default elementor-section-height-default\" data-id=\"5005dba\" data-element_type=\"section\">\n\t\t\t\t\t\t<div class=\"elementor-container elementor-column-gap-default\">\n\t\t\t\t\t<div class=\"elementor-column elementor-col-66 elementor-top-column elementor-element elementor-element-40ec844\" data-id=\"40ec844\" data-element_type=\"column\" data-settings=\"{&quot;background_background&quot;:&quot;classic&quot;}\">\n\t\t\t<div class=\"elementor-widget-wrap elementor-element-populated\">\n\t\t\t\t\t\t<div class=\"elementor-element elementor-element-9af4f7e elementor-widget elementor-widget-heading\" data-id=\"9af4f7e\" data-element_type=\"widget\" data-widget_type=\"heading.default\">\n\t\t\t\t<div class=\"elementor-widget-container\">\n\t\t\t\t\t<p class=\"elementor-heading-title elementor-size-default\">En savoir plus sur la robotique collaborative<\/p>\t\t\t\t<\/div>\n\t\t\t\t<\/div>\n\t\t\t\t\t<\/div>\n\t\t<\/div>\n\t\t\t\t<div class=\"elementor-column elementor-col-33 elementor-top-column elementor-element elementor-element-3c1fb6f\" data-id=\"3c1fb6f\" data-element_type=\"column\" data-settings=\"{&quot;background_background&quot;:&quot;classic&quot;}\">\n\t\t\t<div class=\"elementor-widget-wrap elementor-element-populated\">\n\t\t\t\t\t\t<div class=\"elementor-element elementor-element-938c165 elementor-align-center elementor-mobile-align-justify elementor-widget__width-initial elementor-widget elementor-widget-button\" data-id=\"938c165\" data-element_type=\"widget\" data-widget_type=\"button.default\">\n\t\t\t\t<div class=\"elementor-widget-container\">\n\t\t\t\t\t\t\t\t\t<div class=\"elementor-button-wrapper\">\n\t\t\t\t\t<a class=\"elementor-button elementor-button-link elementor-size-xs\" href=\"https:\/\/calendly.com\/todsystem\/call\" target=\"_blank\" rel=\"noopener\">\n\t\t\t\t\t\t<span class=\"elementor-button-content-wrapper\">\n\t\t\t\t\t\t<span class=\"elementor-button-icon\">\n\t\t\t\t<svg aria-hidden=\"true\" class=\"e-font-icon-svg e-fas-chevron-right\" viewbox=\"0 0 320 512\" xmlns=\"http:\/\/www.w3.org\/2000\/svg\"><path d=\"M285.476 272.971L91.132 467.314c-9.373 9.373-24.569 9.373-33.941 0l-22.667-22.667c-9.357-9.357-9.375-24.522-.04-33.901L188.505 256 34.484 101.255c-9.335-9.379-9.317-24.544.04-33.901l22.667-22.667c9.373-9.373 24.569-9.373 33.941 0L285.475 239.03c9.373 9.372 9.373 24.568.001 33.941z\"><\/path><\/svg>\t\t\t<\/span>\n\t\t\t\t\t\t\t\t\t<span class=\"elementor-button-text\">R\u00e9server une consultation<\/span>\n\t\t\t\t\t<\/span>\n\t\t\t\t\t<\/a>\n\t\t\t\t<\/div>\n\t\t\t\t\t\t\t\t<\/div>\n\t\t\t\t<\/div>\n\t\t\t\t\t<\/div>\n\t\t<\/div>\n\t\t\t\t\t<\/div>\n\t\t<\/section>\n\t\t\t\t<section class=\"elementor-section elementor-top-section elementor-element elementor-element-d3658ee elementor-section-boxed elementor-section-height-default elementor-section-height-default\" data-id=\"d3658ee\" data-element_type=\"section\">\n\t\t\t\t\t\t<div class=\"elementor-container elementor-column-gap-default\">\n\t\t\t\t\t<div class=\"elementor-column elementor-col-33 elementor-top-column elementor-element elementor-element-6f8a606\" data-id=\"6f8a606\" data-element_type=\"column\">\n\t\t\t<div class=\"elementor-widget-wrap elementor-element-populated\">\n\t\t\t\t\t\t<div class=\"elementor-element elementor-element-a622a43 elementor-widget elementor-widget-image\" data-id=\"a622a43\" data-element_type=\"widget\" data-widget_type=\"image.default\">\n\t\t\t\t<div class=\"elementor-widget-container\">\n\t\t\t\t\t\t\t\t\t\t\t\t\t\t\t<img decoding=\"async\" width=\"800\" height=\"1200\" src=\"https:\/\/www.todsystem.com\/wp-content\/uploads\/2025\/03\/man-using-tablet-pc-to-control-the-robot-2025-03-08-21-40-01-utc.webp\" class=\"attachment-full size-full wp-image-18936\" alt=\"\" srcset=\"https:\/\/www.todsystem.com\/wp-content\/uploads\/2025\/03\/man-using-tablet-pc-to-control-the-robot-2025-03-08-21-40-01-utc.webp 800w, https:\/\/www.todsystem.com\/wp-content\/uploads\/2025\/03\/man-using-tablet-pc-to-control-the-robot-2025-03-08-21-40-01-utc-200x300.webp 200w, https:\/\/www.todsystem.com\/wp-content\/uploads\/2025\/03\/man-using-tablet-pc-to-control-the-robot-2025-03-08-21-40-01-utc-683x1024.webp 683w, https:\/\/www.todsystem.com\/wp-content\/uploads\/2025\/03\/man-using-tablet-pc-to-control-the-robot-2025-03-08-21-40-01-utc-768x1152.webp 768w, https:\/\/www.todsystem.com\/wp-content\/uploads\/2025\/03\/man-using-tablet-pc-to-control-the-robot-2025-03-08-21-40-01-utc-8x12.webp 8w\" sizes=\"(max-width: 800px) 100vw, 800px\" \/>\t\t\t\t\t\t\t\t\t\t\t\t\t\t\t<\/div>\n\t\t\t\t<\/div>\n\t\t\t\t\t<\/div>\n\t\t<\/div>\n\t\t\t\t<div class=\"elementor-column elementor-col-66 elementor-top-column elementor-element elementor-element-d7c21c3\" data-id=\"d7c21c3\" data-element_type=\"column\">\n\t\t\t<div class=\"elementor-widget-wrap elementor-element-populated\">\n\t\t\t\t\t\t<div class=\"elementor-element elementor-element-6edc583 elementor-widget elementor-widget-spacer\" data-id=\"6edc583\" data-element_type=\"widget\" data-widget_type=\"spacer.default\">\n\t\t\t\t<div class=\"elementor-widget-container\">\n\t\t\t\t\t\t\t<div class=\"elementor-spacer\">\n\t\t\t<div class=\"elementor-spacer-inner\"><\/div>\n\t\t<\/div>\n\t\t\t\t\t\t<\/div>\n\t\t\t\t<\/div>\n\t\t\t\t<div class=\"elementor-element elementor-element-81cb527 elementor-widget elementor-widget-text-editor\" data-id=\"81cb527\" data-element_type=\"widget\" data-widget_type=\"text-editor.default\">\n\t\t\t\t<div class=\"elementor-widget-container\">\n\t\t\t\t\t\t\t\t\t<h2 data-start=\"782\" data-end=\"816\">Nos services de soutien<\/h2><p class=\"\" data-start=\"818\" data-end=\"926\">Nous fournissons diff\u00e9rents types d'assistance, en fonction des besoins op\u00e9rationnels de votre entreprise.<\/p><h3 data-start=\"928\" data-end=\"956\">1. Assistance \u00e0 distance<\/h3><ul data-start=\"957\" data-end=\"1135\"><li class=\"\" data-start=\"957\" data-end=\"1013\"><p class=\"\" data-start=\"959\" data-end=\"1013\"><strong data-start=\"959\" data-end=\"1012\">Diagnostic et d\u00e9pannage \u00e0 distance<\/strong>.<\/p><\/li><li class=\"\" data-start=\"1014\" data-end=\"1076\"><p class=\"\" data-start=\"1016\" data-end=\"1076\"><strong data-start=\"1016\" data-end=\"1075\">Contr\u00f4le des performances du robot en temps r\u00e9el<\/strong>.<\/p><\/li><li class=\"\" data-start=\"1077\" data-end=\"1135\"><p class=\"\" data-start=\"1079\" data-end=\"1135\"><strong data-start=\"1079\" data-end=\"1134\">Mises \u00e0 jour des logiciels et optimisations des syst\u00e8mes<\/strong>.<\/p><\/li><\/ul><h3 data-start=\"1137\" data-end=\"1166\">2. Interventions sur place<\/h3><ul data-start=\"1167\" data-end=\"1338\"><li class=\"\" data-start=\"1167\" data-end=\"1219\"><p class=\"\" data-start=\"1169\" data-end=\"1219\"><strong data-start=\"1169\" data-end=\"1218\">Assistance directe en cas de pannes ou de d\u00e9faillances<\/strong>.<\/p><\/li><li class=\"\" data-start=\"1220\" data-end=\"1268\"><p class=\"\" data-start=\"1222\" data-end=\"1268\"><strong data-start=\"1222\" data-end=\"1267\">Remplacement et \u00e9talonnage des composants<\/strong>.<\/p><\/li><li class=\"\" data-start=\"1269\" data-end=\"1338\"><p class=\"\" data-start=\"1271\" data-end=\"1338\"><strong data-start=\"1271\" data-end=\"1337\">Essais fonctionnels et v\u00e9rification pour assurer la continuit\u00e9 des activit\u00e9s<\/strong>.<\/p><\/li><\/ul><h3 data-start=\"1340\" data-end=\"1375\">3. Maintenance planifi\u00e9e<\/h3><ul data-start=\"1376\" data-end=\"1590\"><li class=\"\" data-start=\"1376\" data-end=\"1449\"><p class=\"\" data-start=\"1378\" data-end=\"1449\"><strong data-start=\"1378\" data-end=\"1448\">Planification des contr\u00f4les p\u00e9riodiques pour \u00e9viter les temps d'arr\u00eat<\/strong>.<\/p><\/li><li class=\"\" data-start=\"1450\" data-end=\"1513\"><p class=\"\" data-start=\"1452\" data-end=\"1513\"><strong data-start=\"1452\" data-end=\"1512\">Optimiser les performances des robots collaboratifs<\/strong>.<\/p><\/li><li class=\"\" data-start=\"1514\" data-end=\"1590\"><p class=\"\" data-start=\"1516\" data-end=\"1590\"><strong data-start=\"1516\" data-end=\"1589\">Analyse pr\u00e9dictive pour minimiser le risque de dysfonctionnement<\/strong>.<\/p><\/li><\/ul><h3 data-start=\"1592\" data-end=\"1646\">4. H24 Assistance pour les lignes de production critiques<\/h3><ul data-start=\"1647\" data-end=\"1835\"><li class=\"\" data-start=\"1647\" data-end=\"1701\"><p class=\"\" data-start=\"1649\" data-end=\"1701\"><strong data-start=\"1649\" data-end=\"1700\">Service d'urgence avec disponibilit\u00e9 permanente<\/strong>.<\/p><\/li><li class=\"\" data-start=\"1702\" data-end=\"1767\"><p class=\"\" data-start=\"1704\" data-end=\"1767\"><strong data-start=\"1704\" data-end=\"1766\">Soutien sp\u00e9cifique aux secteurs \u00e0 forte intensit\u00e9 de production<\/strong>.<\/p><\/li><li class=\"\" data-start=\"1768\" data-end=\"1835\"><p class=\"\" data-start=\"1770\" data-end=\"1835\"><strong data-start=\"1770\" data-end=\"1834\">R\u00e9solution rapide pour minimiser les temps d'arr\u00eat des installations<\/strong>.<\/p><\/li><\/ul>\t\t\t\t\t\t\t\t<\/div>\n\t\t\t\t<\/div>\n\t\t\t\t\t<\/div>\n\t\t<\/div>\n\t\t\t\t\t<\/div>\n\t\t<\/section>\n\t\t\t\t<section class=\"elementor-section elementor-top-section elementor-element elementor-element-c588c75 elementor-section-boxed elementor-section-height-default elementor-section-height-default\" data-id=\"c588c75\" data-element_type=\"section\">\n\t\t\t\t\t\t<div class=\"elementor-container elementor-column-gap-default\">\n\t\t\t\t\t<div class=\"elementor-column elementor-col-66 elementor-top-column elementor-element elementor-element-0de6069\" data-id=\"0de6069\" data-element_type=\"column\" data-settings=\"{&quot;background_background&quot;:&quot;classic&quot;}\">\n\t\t\t<div class=\"elementor-widget-wrap elementor-element-populated\">\n\t\t\t\t\t\t<div class=\"elementor-element elementor-element-b39555c elementor-widget elementor-widget-heading\" data-id=\"b39555c\" data-element_type=\"widget\" data-widget_type=\"heading.default\">\n\t\t\t\t<div class=\"elementor-widget-container\">\n\t\t\t\t\t<p class=\"elementor-heading-title elementor-size-default\">En savoir plus sur la robotique collaborative<\/p>\t\t\t\t<\/div>\n\t\t\t\t<\/div>\n\t\t\t\t\t<\/div>\n\t\t<\/div>\n\t\t\t\t<div class=\"elementor-column elementor-col-33 elementor-top-column elementor-element elementor-element-f213f26\" data-id=\"f213f26\" data-element_type=\"column\" data-settings=\"{&quot;background_background&quot;:&quot;classic&quot;}\">\n\t\t\t<div class=\"elementor-widget-wrap elementor-element-populated\">\n\t\t\t\t\t\t<div class=\"elementor-element elementor-element-21d267a elementor-align-center elementor-mobile-align-justify elementor-widget__width-initial elementor-widget elementor-widget-button\" data-id=\"21d267a\" data-element_type=\"widget\" data-widget_type=\"button.default\">\n\t\t\t\t<div class=\"elementor-widget-container\">\n\t\t\t\t\t\t\t\t\t<div class=\"elementor-button-wrapper\">\n\t\t\t\t\t<a class=\"elementor-button elementor-button-link elementor-size-xs\" href=\"https:\/\/calendly.com\/todsystem\/call\" target=\"_blank\" rel=\"noopener\">\n\t\t\t\t\t\t<span class=\"elementor-button-content-wrapper\">\n\t\t\t\t\t\t<span class=\"elementor-button-icon\">\n\t\t\t\t<svg aria-hidden=\"true\" class=\"e-font-icon-svg e-fas-chevron-right\" viewbox=\"0 0 320 512\" xmlns=\"http:\/\/www.w3.org\/2000\/svg\"><path d=\"M285.476 272.971L91.132 467.314c-9.373 9.373-24.569 9.373-33.941 0l-22.667-22.667c-9.357-9.357-9.375-24.522-.04-33.901L188.505 256 34.484 101.255c-9.335-9.379-9.317-24.544.04-33.901l22.667-22.667c9.373-9.373 24.569-9.373 33.941 0L285.475 239.03c9.373 9.372 9.373 24.568.001 33.941z\"><\/path><\/svg>\t\t\t<\/span>\n\t\t\t\t\t\t\t\t\t<span class=\"elementor-button-text\">R\u00e9server une consultation<\/span>\n\t\t\t\t\t<\/span>\n\t\t\t\t\t<\/a>\n\t\t\t\t<\/div>\n\t\t\t\t\t\t\t\t<\/div>\n\t\t\t\t<\/div>\n\t\t\t\t\t<\/div>\n\t\t<\/div>\n\t\t\t\t\t<\/div>\n\t\t<\/section>\n\t\t\t\t<section class=\"elementor-section elementor-top-section elementor-element elementor-element-7261535 elementor-section-boxed elementor-section-height-default elementor-section-height-default\" data-id=\"7261535\" data-element_type=\"section\">\n\t\t\t\t\t\t<div class=\"elementor-container elementor-column-gap-default\">\n\t\t\t\t\t<div class=\"elementor-column elementor-col-33 elementor-top-column elementor-element elementor-element-7ccb4ad\" data-id=\"7ccb4ad\" data-element_type=\"column\">\n\t\t\t<div class=\"elementor-widget-wrap elementor-element-populated\">\n\t\t\t\t\t\t<div class=\"elementor-element elementor-element-7dc2a8e elementor-widget elementor-widget-text-editor\" data-id=\"7dc2a8e\" data-element_type=\"widget\" data-widget_type=\"text-editor.default\">\n\t\t\t\t<div class=\"elementor-widget-container\">\n\t\t\t\t\t\t\t\t\t<h3 class=\"\" data-start=\"1837\" data-end=\"1884\">Pourquoi choisir TodSystem Assistance ?<\/h3><ul data-start=\"1886\" data-end=\"2433\"><li class=\"\" data-start=\"1886\" data-end=\"2014\"><p class=\"\" data-start=\"1888\" data-end=\"2014\"><strong data-start=\"1890\" data-end=\"1917\">Exp\u00e9rience et expertise<\/strong>Notre \u00e9quipe est compos\u00e9e de sp\u00e9cialistes ayant des ann\u00e9es d'exp\u00e9rience dans le domaine de l'automatisation de la collaboration.<\/p><\/li><li class=\"\" data-start=\"2015\" data-end=\"2105\"><p class=\"\" data-start=\"2017\" data-end=\"2105\"><strong data-start=\"2019\" data-end=\"2042\">Approche proactive<\/strong>Nous surveillons et pr\u00e9venons les probl\u00e8mes avant qu'ils ne surviennent.<\/p><\/li><li class=\"\" data-start=\"2106\" data-end=\"2210\"><p class=\"\" data-start=\"2108\" data-end=\"2210\"><strong data-start=\"2110\" data-end=\"2131\">Interventions rapides<\/strong>Nous sommes organis\u00e9s pour minimiser les temps d'arr\u00eat de vos robots.<\/p><\/li><li class=\"\" data-start=\"2211\" data-end=\"2320\"><p class=\"\" data-start=\"2213\" data-end=\"2320\"><strong data-start=\"2215\" data-end=\"2238\">Solutions personnalis\u00e9es<\/strong>Chaque entreprise a des exigences diff\u00e9rentes ; nous adaptons nos services \u00e0 vos besoins.<\/p><\/li><li class=\"\" data-start=\"2321\" data-end=\"2433\"><p class=\"\" data-start=\"2323\" data-end=\"2433\"><strong data-start=\"2325\" data-end=\"2357\">Assistance technique qualifi\u00e9e<\/strong>Nous vous assistons \u00e0 chaque \u00e9tape, de l'installation \u00e0 la gestion quotidienne.<\/p><\/li><\/ul>\t\t\t\t\t\t\t\t<\/div>\n\t\t\t\t<\/div>\n\t\t\t\t\t<\/div>\n\t\t<\/div>\n\t\t\t\t<div class=\"elementor-column elementor-col-66 elementor-top-column elementor-element elementor-element-80558b0\" data-id=\"80558b0\" data-element_type=\"column\">\n\t\t\t<div class=\"elementor-widget-wrap elementor-element-populated\">\n\t\t\t\t\t\t<div class=\"elementor-element elementor-element-f008b01 elementor-widget elementor-widget-spacer\" data-id=\"f008b01\" data-element_type=\"widget\" data-widget_type=\"spacer.default\">\n\t\t\t\t<div class=\"elementor-widget-container\">\n\t\t\t\t\t\t\t<div class=\"elementor-spacer\">\n\t\t\t<div class=\"elementor-spacer-inner\"><\/div>\n\t\t<\/div>\n\t\t\t\t\t\t<\/div>\n\t\t\t\t<\/div>\n\t\t\t\t<div class=\"elementor-element elementor-element-cb27137 elementor-widget elementor-widget-image\" data-id=\"cb27137\" data-element_type=\"widget\" data-widget_type=\"image.default\">\n\t\t\t\t<div class=\"elementor-widget-container\">\n\t\t\t\t\t\t\t\t\t\t\t\t\t\t\t<img decoding=\"async\" width=\"768\" height=\"1200\" src=\"https:\/\/www.todsystem.com\/wp-content\/uploads\/2025\/03\/robot-ali-2024-10-18-06-57-59-utc.webp\" class=\"attachment-full size-full wp-image-18937\" alt=\"\" srcset=\"https:\/\/www.todsystem.com\/wp-content\/uploads\/2025\/03\/robot-ali-2024-10-18-06-57-59-utc.webp 768w, https:\/\/www.todsystem.com\/wp-content\/uploads\/2025\/03\/robot-ali-2024-10-18-06-57-59-utc-192x300.webp 192w, https:\/\/www.todsystem.com\/wp-content\/uploads\/2025\/03\/robot-ali-2024-10-18-06-57-59-utc-655x1024.webp 655w, https:\/\/www.todsystem.com\/wp-content\/uploads\/2025\/03\/robot-ali-2024-10-18-06-57-59-utc-8x12.webp 8w\" sizes=\"(max-width: 768px) 100vw, 768px\" \/>\t\t\t\t\t\t\t\t\t\t\t\t\t\t\t<\/div>\n\t\t\t\t<\/div>\n\t\t\t\t\t<\/div>\n\t\t<\/div>\n\t\t\t\t\t<\/div>\n\t\t<\/section>\n\t\t\t\t<\/div>","protected":false},"excerpt":{"rendered":"<p>Assistance technique et soutien op\u00e9rationnel Contactez-nous Efficacit\u00e9 maximale et continuit\u00e9 op\u00e9rationnelle pour votre automatisation Soutien complet pour l'optimisation de vos syst\u00e8mes robotiques Nos services de conseil accompagnent la direction de l'entreprise \u00e0 tous les stades, de la strat\u00e9gie de d\u00e9veloppement \u00e0 la mise en \u0153uvre de syst\u00e8mes de gestion avanc\u00e9s. Nous offrons un soutien complet et personnalis\u00e9, en veillant \u00e0 ce que chaque ... <a title=\"Assistance\" class=\"read-more\" href=\"https:\/\/www.todsystem.com\/fr\/lassistance\/\" aria-label=\"En savoir plus sur Assistance\">Lire la suite<\/a><\/p>","protected":false},"author":1,"featured_media":0,"parent":0,"menu_order":0,"comment_status":"closed","ping_status":"closed","template":"elementor_header_footer","meta":{"footnotes":""},"class_list":["post-18707","page","type-page","status-publish"],"_links":{"self":[{"href":"https:\/\/www.todsystem.com\/fr\/wp-json\/wp\/v2\/pages\/18707","targetHints":{"allow":["GET"]}}],"collection":[{"href":"https:\/\/www.todsystem.com\/fr\/wp-json\/wp\/v2\/pages"}],"about":[{"href":"https:\/\/www.todsystem.com\/fr\/wp-json\/wp\/v2\/types\/page"}],"author":[{"embeddable":true,"href":"https:\/\/www.todsystem.com\/fr\/wp-json\/wp\/v2\/users\/1"}],"replies":[{"embeddable":true,"href":"https:\/\/www.todsystem.com\/fr\/wp-json\/wp\/v2\/comments?post=18707"}],"version-history":[{"count":15,"href":"https:\/\/www.todsystem.com\/fr\/wp-json\/wp\/v2\/pages\/18707\/revisions"}],"predecessor-version":[{"id":19000,"href":"https:\/\/www.todsystem.com\/fr\/wp-json\/wp\/v2\/pages\/18707\/revisions\/19000"}],"wp:attachment":[{"href":"https:\/\/www.todsystem.com\/fr\/wp-json\/wp\/v2\/media?parent=18707"}],"curies":[{"name":"wp","href":"https:\/\/api.w.org\/{rel}","templated":true}]}}