{"id":18462,"date":"2025-03-20T10:43:27","date_gmt":"2025-03-20T09:43:27","guid":{"rendered":"https:\/\/www.todsystem.com\/?page_id=18462"},"modified":"2025-04-07T09:49:10","modified_gmt":"2025-04-07T08:49:10","slug":"finitura","status":"publish","type":"page","link":"https:\/\/www.todsystem.com\/fr\/finir\/","title":{"rendered":"Finition"},"content":{"rendered":"<div data-elementor-type=\"wp-page\" data-elementor-id=\"18462\" class=\"elementor elementor-18462\" data-elementor-post-type=\"page\">\n\t\t\t\t\t\t<section class=\"elementor-section elementor-top-section elementor-element elementor-element-cd073bd elementor-section-height-min-height elementor-section-boxed elementor-section-height-default elementor-section-items-middle\" data-id=\"cd073bd\" data-element_type=\"section\" data-settings=\"{&quot;background_background&quot;:&quot;classic&quot;}\">\n\t\t\t\t\t\t\t<div class=\"elementor-background-overlay\"><\/div>\n\t\t\t\t\t\t\t<div class=\"elementor-container elementor-column-gap-default\">\n\t\t\t\t\t<div class=\"elementor-column elementor-col-100 elementor-top-column elementor-element elementor-element-3a2aa80\" data-id=\"3a2aa80\" data-element_type=\"column\">\n\t\t\t<div class=\"elementor-widget-wrap elementor-element-populated\">\n\t\t\t\t\t\t<div class=\"elementor-element elementor-element-7f8017c elementor-widget elementor-widget-heading\" data-id=\"7f8017c\" data-element_type=\"widget\" data-widget_type=\"heading.default\">\n\t\t\t\t<div class=\"elementor-widget-container\">\n\t\t\t\t\t<h1 class=\"elementor-heading-title elementor-size-default\">Finition<\/h1>\t\t\t\t<\/div>\n\t\t\t\t<\/div>\n\t\t\t\t<div class=\"elementor-element elementor-element-4336e10 elementor-widget elementor-widget-heading\" data-id=\"4336e10\" data-element_type=\"widget\" data-widget_type=\"heading.default\">\n\t\t\t\t<div class=\"elementor-widget-container\">\n\t\t\t\t\t<h3 class=\"elementor-heading-title elementor-size-default\">Pr\u00e9cision automatis\u00e9e, finition parfaite : des solutions robotiques qui transforment les surfaces<\/h3>\t\t\t\t<\/div>\n\t\t\t\t<\/div>\n\t\t\t\t<div class=\"elementor-element elementor-element-dcf9a5f elementor-align-center elementor-mobile-align-justify elementor-widget__width-initial elementor-widget elementor-widget-button\" data-id=\"dcf9a5f\" data-element_type=\"widget\" data-widget_type=\"button.default\">\n\t\t\t\t<div class=\"elementor-widget-container\">\n\t\t\t\t\t\t\t\t\t<div class=\"elementor-button-wrapper\">\n\t\t\t\t\t<a class=\"elementor-button elementor-button-link elementor-size-xs\" href=\"https:\/\/www.todsystem.com\/fr\/contacts\/\">\n\t\t\t\t\t\t<span class=\"elementor-button-content-wrapper\">\n\t\t\t\t\t\t<span class=\"elementor-button-icon\">\n\t\t\t\t<svg aria-hidden=\"true\" class=\"e-font-icon-svg e-fas-chevron-right\" viewbox=\"0 0 320 512\" xmlns=\"http:\/\/www.w3.org\/2000\/svg\"><path d=\"M285.476 272.971L91.132 467.314c-9.373 9.373-24.569 9.373-33.941 0l-22.667-22.667c-9.357-9.357-9.375-24.522-.04-33.901L188.505 256 34.484 101.255c-9.335-9.379-9.317-24.544.04-33.901l22.667-22.667c9.373-9.373 24.569-9.373 33.941 0L285.475 239.03c9.373 9.372 9.373 24.568.001 33.941z\"><\/path><\/svg>\t\t\t<\/span>\n\t\t\t\t\t\t\t\t\t<span class=\"elementor-button-text\">Prendre contact<\/span>\n\t\t\t\t\t<\/span>\n\t\t\t\t\t<\/a>\n\t\t\t\t<\/div>\n\t\t\t\t\t\t\t\t<\/div>\n\t\t\t\t<\/div>\n\t\t\t\t\t<\/div>\n\t\t<\/div>\n\t\t\t\t\t<\/div>\n\t\t<\/section>\n\t\t\t\t<section class=\"elementor-section elementor-top-section elementor-element elementor-element-f0a4317 elementor-section-boxed elementor-section-height-default elementor-section-height-default\" data-id=\"f0a4317\" data-element_type=\"section\">\n\t\t\t\t\t\t<div class=\"elementor-container elementor-column-gap-default\">\n\t\t\t\t\t<div class=\"elementor-column elementor-col-66 elementor-top-column elementor-element elementor-element-831b2fd\" data-id=\"831b2fd\" data-element_type=\"column\">\n\t\t\t<div class=\"elementor-widget-wrap elementor-element-populated\">\n\t\t\t\t\t\t<div class=\"elementor-element elementor-element-9d72f7d elementor-widget elementor-widget-spacer\" data-id=\"9d72f7d\" data-element_type=\"widget\" data-widget_type=\"spacer.default\">\n\t\t\t\t<div class=\"elementor-widget-container\">\n\t\t\t\t\t\t\t<div class=\"elementor-spacer\">\n\t\t\t<div class=\"elementor-spacer-inner\"><\/div>\n\t\t<\/div>\n\t\t\t\t\t\t<\/div>\n\t\t\t\t<\/div>\n\t\t\t\t<div class=\"elementor-element elementor-element-ee641be elementor-widget elementor-widget-text-editor\" data-id=\"ee641be\" data-element_type=\"widget\" data-widget_type=\"text-editor.default\">\n\t\t\t\t<div class=\"elementor-widget-container\">\n\t\t\t\t\t\t\t\t\t<h2 data-start=\"92\" data-end=\"141\">Solutions robotiques avanc\u00e9es pour le soudage<\/h2><h3 data-start=\"143\" data-end=\"197\">Pr\u00e9cision millim\u00e9trique et r\u00e9p\u00e9tabilit\u00e9 constante<\/h3><p class=\"\" data-start=\"198\" data-end=\"893\">Dans le monde de l'industrie moderne, le soudage est une \u00e9tape de production cruciale qui exige pr\u00e9cision, efficacit\u00e9 et fiabilit\u00e9. Nos solutions avanc\u00e9es de soudage robotis\u00e9 sont con\u00e7ues pour garantir des joints parfaits, r\u00e9duire les rebuts et am\u00e9liorer la productivit\u00e9 sans compromettre la qualit\u00e9. Nos robots de soudage utilisent des technologies de pointe, notamment des capteurs avanc\u00e9s et des syst\u00e8mes de vision industrielle, pour r\u00e9aliser chaque soudure avec un niveau de pr\u00e9cision impossible \u00e0 atteindre manuellement. Les mouvements r\u00e9p\u00e9tables garantissent une qualit\u00e9 constante sur chaque pi\u00e8ce, \u00e9liminant l'erreur humaine et r\u00e9duisant le risque de d\u00e9fauts structurels.<\/p><h3 data-start=\"895\" data-end=\"954\">Efficacit\u00e9 et rapidit\u00e9 pour une production optimis\u00e9e<\/h3><p class=\"\" data-start=\"955\" data-end=\"1486\">L'automatisation du soudage permet d'augmenter consid\u00e9rablement la vitesse d'ex\u00e9cution par rapport aux proc\u00e9d\u00e9s traditionnels. Nos syst\u00e8mes robotis\u00e9s sont capables de fonctionner sans interruption, ce qui garantit une productivit\u00e9 \u00e9lev\u00e9e et r\u00e9duit les temps d'arr\u00eat. De plus, gr\u00e2ce \u00e0 une programmation avanc\u00e9e, les param\u00e8tres de soudage peuvent \u00eatre ajust\u00e9s en temps r\u00e9el pour optimiser chaque \u00e9tape du processus. Cela permet une production continue sans ralentissement, optimisant ainsi l'ensemble du flux de production.<\/p><h3 data-start=\"1488\" data-end=\"1545\">Qualit\u00e9 sans compromis et r\u00e9duction des d\u00e9chets<\/h3><p class=\"\" data-start=\"1546\" data-end=\"2067\">Nos solutions int\u00e8grent des technologies avanc\u00e9es de contr\u00f4le de la qualit\u00e9, telles que la surveillance en temps r\u00e9el et l'analyse des soudures \u00e0 l'aide de l'intelligence artificielle. Cela permet d'identifier toute anomalie au cours du processus, de garantir des r\u00e9sultats irr\u00e9prochables et de r\u00e9duire les d\u00e9chets de production. Gr\u00e2ce \u00e0 cette capacit\u00e9 de surveillance constante, nos solutions robotiques permettent de maintenir les normes de qualit\u00e9 les plus \u00e9lev\u00e9es, de r\u00e9duire les d\u00e9fauts et d'am\u00e9liorer la fiabilit\u00e9 des soudures.<\/p>\t\t\t\t\t\t\t\t<\/div>\n\t\t\t\t<\/div>\n\t\t\t\t<div class=\"elementor-element elementor-element-9bfde9d elementor-widget elementor-widget-spacer\" data-id=\"9bfde9d\" data-element_type=\"widget\" data-widget_type=\"spacer.default\">\n\t\t\t\t<div class=\"elementor-widget-container\">\n\t\t\t\t\t\t\t<div class=\"elementor-spacer\">\n\t\t\t<div class=\"elementor-spacer-inner\"><\/div>\n\t\t<\/div>\n\t\t\t\t\t\t<\/div>\n\t\t\t\t<\/div>\n\t\t\t\t\t<\/div>\n\t\t<\/div>\n\t\t\t\t<div class=\"elementor-column elementor-col-33 elementor-top-column elementor-element elementor-element-ae1473b\" data-id=\"ae1473b\" data-element_type=\"column\">\n\t\t\t<div class=\"elementor-widget-wrap elementor-element-populated\">\n\t\t\t\t\t\t<div class=\"elementor-element elementor-element-fb61e79 elementor-widget elementor-widget-image\" data-id=\"fb61e79\" data-element_type=\"widget\" data-widget_type=\"image.default\">\n\t\t\t\t<div class=\"elementor-widget-container\">\n\t\t\t\t\t\t\t\t\t\t\t\t\t\t\t<img fetchpriority=\"high\" decoding=\"async\" width=\"814\" height=\"1200\" src=\"https:\/\/www.todsystem.com\/wp-content\/uploads\/2025\/03\/robot-hand-technology-that-has-been-used-in-the-mo-2025-01-08-09-15-46-utc.webp\" class=\"attachment-full size-full wp-image-18883\" alt=\"\" srcset=\"https:\/\/www.todsystem.com\/wp-content\/uploads\/2025\/03\/robot-hand-technology-that-has-been-used-in-the-mo-2025-01-08-09-15-46-utc.webp 814w, https:\/\/www.todsystem.com\/wp-content\/uploads\/2025\/03\/robot-hand-technology-that-has-been-used-in-the-mo-2025-01-08-09-15-46-utc-204x300.webp 204w, https:\/\/www.todsystem.com\/wp-content\/uploads\/2025\/03\/robot-hand-technology-that-has-been-used-in-the-mo-2025-01-08-09-15-46-utc-695x1024.webp 695w, https:\/\/www.todsystem.com\/wp-content\/uploads\/2025\/03\/robot-hand-technology-that-has-been-used-in-the-mo-2025-01-08-09-15-46-utc-768x1132.webp 768w, https:\/\/www.todsystem.com\/wp-content\/uploads\/2025\/03\/robot-hand-technology-that-has-been-used-in-the-mo-2025-01-08-09-15-46-utc-8x12.webp 8w\" sizes=\"(max-width: 814px) 100vw, 814px\" \/>\t\t\t\t\t\t\t\t\t\t\t\t\t\t\t<\/div>\n\t\t\t\t<\/div>\n\t\t\t\t\t<\/div>\n\t\t<\/div>\n\t\t\t\t\t<\/div>\n\t\t<\/section>\n\t\t\t\t<section class=\"elementor-section elementor-top-section elementor-element elementor-element-45c83e4 elementor-section-boxed elementor-section-height-default elementor-section-height-default\" data-id=\"45c83e4\" data-element_type=\"section\">\n\t\t\t\t\t\t<div class=\"elementor-container elementor-column-gap-default\">\n\t\t\t\t\t<div class=\"elementor-column elementor-col-66 elementor-top-column elementor-element elementor-element-2b083fe\" data-id=\"2b083fe\" data-element_type=\"column\" data-settings=\"{&quot;background_background&quot;:&quot;classic&quot;}\">\n\t\t\t<div class=\"elementor-widget-wrap elementor-element-populated\">\n\t\t\t\t\t\t<div class=\"elementor-element elementor-element-3bdb84a elementor-widget elementor-widget-heading\" data-id=\"3bdb84a\" data-element_type=\"widget\" data-widget_type=\"heading.default\">\n\t\t\t\t<div class=\"elementor-widget-container\">\n\t\t\t\t\t<p class=\"elementor-heading-title elementor-size-default\">En savoir plus sur la finition avec nos experts <\/p>\t\t\t\t<\/div>\n\t\t\t\t<\/div>\n\t\t\t\t\t<\/div>\n\t\t<\/div>\n\t\t\t\t<div class=\"elementor-column elementor-col-33 elementor-top-column elementor-element elementor-element-8e8aa33\" data-id=\"8e8aa33\" data-element_type=\"column\" data-settings=\"{&quot;background_background&quot;:&quot;classic&quot;}\">\n\t\t\t<div class=\"elementor-widget-wrap elementor-element-populated\">\n\t\t\t\t\t\t<div class=\"elementor-element elementor-element-836bcc6 elementor-align-center elementor-mobile-align-justify elementor-widget__width-initial elementor-widget elementor-widget-button\" data-id=\"836bcc6\" data-element_type=\"widget\" data-widget_type=\"button.default\">\n\t\t\t\t<div class=\"elementor-widget-container\">\n\t\t\t\t\t\t\t\t\t<div class=\"elementor-button-wrapper\">\n\t\t\t\t\t<a class=\"elementor-button elementor-button-link elementor-size-xs\" href=\"https:\/\/calendly.com\/todsystem\/call\" target=\"_blank\" rel=\"noopener\">\n\t\t\t\t\t\t<span class=\"elementor-button-content-wrapper\">\n\t\t\t\t\t\t<span class=\"elementor-button-icon\">\n\t\t\t\t<svg aria-hidden=\"true\" class=\"e-font-icon-svg e-fas-chevron-right\" viewbox=\"0 0 320 512\" xmlns=\"http:\/\/www.w3.org\/2000\/svg\"><path d=\"M285.476 272.971L91.132 467.314c-9.373 9.373-24.569 9.373-33.941 0l-22.667-22.667c-9.357-9.357-9.375-24.522-.04-33.901L188.505 256 34.484 101.255c-9.335-9.379-9.317-24.544.04-33.901l22.667-22.667c9.373-9.373 24.569-9.373 33.941 0L285.475 239.03c9.373 9.372 9.373 24.568.001 33.941z\"><\/path><\/svg>\t\t\t<\/span>\n\t\t\t\t\t\t\t\t\t<span class=\"elementor-button-text\">R\u00e9server une consultation<\/span>\n\t\t\t\t\t<\/span>\n\t\t\t\t\t<\/a>\n\t\t\t\t<\/div>\n\t\t\t\t\t\t\t\t<\/div>\n\t\t\t\t<\/div>\n\t\t\t\t\t<\/div>\n\t\t<\/div>\n\t\t\t\t\t<\/div>\n\t\t<\/section>\n\t\t\t\t<section class=\"elementor-section elementor-top-section elementor-element elementor-element-60d99e3 elementor-section-boxed elementor-section-height-default elementor-section-height-default\" data-id=\"60d99e3\" data-element_type=\"section\">\n\t\t\t\t\t\t<div class=\"elementor-container elementor-column-gap-default\">\n\t\t\t\t\t<div class=\"elementor-column elementor-col-33 elementor-top-column elementor-element elementor-element-ec979cb\" data-id=\"ec979cb\" data-element_type=\"column\">\n\t\t\t<div class=\"elementor-widget-wrap elementor-element-populated\">\n\t\t\t\t\t\t<div class=\"elementor-element elementor-element-72ecbbf elementor-widget elementor-widget-image\" data-id=\"72ecbbf\" data-element_type=\"widget\" data-widget_type=\"image.default\">\n\t\t\t\t<div class=\"elementor-widget-container\">\n\t\t\t\t\t\t\t\t\t\t\t\t\t\t\t<img decoding=\"async\" width=\"1200\" height=\"800\" src=\"https:\/\/www.todsystem.com\/wp-content\/uploads\/2025\/03\/female-college-or-university-engineering-student-i-2024-10-19-08-25-10-utc.webp\" class=\"attachment-full size-full wp-image-18884\" alt=\"\" srcset=\"https:\/\/www.todsystem.com\/wp-content\/uploads\/2025\/03\/female-college-or-university-engineering-student-i-2024-10-19-08-25-10-utc.webp 1200w, https:\/\/www.todsystem.com\/wp-content\/uploads\/2025\/03\/female-college-or-university-engineering-student-i-2024-10-19-08-25-10-utc-300x200.webp 300w, https:\/\/www.todsystem.com\/wp-content\/uploads\/2025\/03\/female-college-or-university-engineering-student-i-2024-10-19-08-25-10-utc-1024x683.webp 1024w, https:\/\/www.todsystem.com\/wp-content\/uploads\/2025\/03\/female-college-or-university-engineering-student-i-2024-10-19-08-25-10-utc-768x512.webp 768w, https:\/\/www.todsystem.com\/wp-content\/uploads\/2025\/03\/female-college-or-university-engineering-student-i-2024-10-19-08-25-10-utc-18x12.webp 18w\" sizes=\"(max-width: 1200px) 100vw, 1200px\" \/>\t\t\t\t\t\t\t\t\t\t\t\t\t\t\t<\/div>\n\t\t\t\t<\/div>\n\t\t\t\t\t<\/div>\n\t\t<\/div>\n\t\t\t\t<div class=\"elementor-column elementor-col-66 elementor-top-column elementor-element elementor-element-be0b924\" data-id=\"be0b924\" data-element_type=\"column\">\n\t\t\t<div class=\"elementor-widget-wrap elementor-element-populated\">\n\t\t\t\t\t\t<div class=\"elementor-element elementor-element-8bfc808 elementor-widget elementor-widget-spacer\" data-id=\"8bfc808\" data-element_type=\"widget\" data-widget_type=\"spacer.default\">\n\t\t\t\t<div class=\"elementor-widget-container\">\n\t\t\t\t\t\t\t<div class=\"elementor-spacer\">\n\t\t\t<div class=\"elementor-spacer-inner\"><\/div>\n\t\t<\/div>\n\t\t\t\t\t\t<\/div>\n\t\t\t\t<\/div>\n\t\t\t\t<div class=\"elementor-element elementor-element-65d4a8a elementor-widget elementor-widget-text-editor\" data-id=\"65d4a8a\" data-element_type=\"widget\" data-widget_type=\"text-editor.default\">\n\t\t\t\t<div class=\"elementor-widget-container\">\n\t\t\t\t\t\t\t\t\t<h3 data-start=\"2069\" data-end=\"2119\">Adaptabilit\u00e9 et polyvalence pour tous les secteurs<\/h3><p class=\"\" data-start=\"2120\" data-end=\"2654\">Nos solutions de soudage robotis\u00e9 sont con\u00e7ues pour s'adapter aux diff\u00e9rentes exigences de production. Des secteurs de l'automobile et de l'a\u00e9rospatiale aux industries manufacturi\u00e8res et m\u00e9tallurgiques, nos syst\u00e8mes offrent un large \u00e9ventail d'applications. Gr\u00e2ce \u00e0 la possibilit\u00e9 d'int\u00e9grer diff\u00e9rents types de torches et de technologies de soudage (MIG, TIG, laser, arc), nos robots offrent une polyvalence et une flexibilit\u00e9 op\u00e9rationnelle maximales, s'adaptant \u00e0 des processus de production variables et garantissant toujours des performances optimales.<\/p><h3 data-start=\"2656\" data-end=\"2701\">Investir dans l'avenir avec l'automatisation<\/h3><p class=\"\" data-start=\"2702\" data-end=\"3205\">S'appuyer sur des solutions robotiques pour le soudage signifie am\u00e9liorer la s\u00e9curit\u00e9 de l'op\u00e9rateur, r\u00e9duire les co\u00fbts de main-d'\u0153uvre et accro\u00eetre la comp\u00e9titivit\u00e9 de l'entreprise. Gr\u00e2ce \u00e0 nos syst\u00e8mes avanc\u00e9s, vous pouvez transformer votre production et l'amener \u00e0 de nouveaux niveaux d'efficacit\u00e9 et de qualit\u00e9. L'automatisation robotique du soudage n'am\u00e9liore pas seulement la productivit\u00e9, elle lib\u00e8re \u00e9galement les op\u00e9rateurs des t\u00e2ches r\u00e9p\u00e9titives et dangereuses, ce qui leur permet de se concentrer sur des activit\u00e9s plus strat\u00e9giques.<\/p>\t\t\t\t\t\t\t\t<\/div>\n\t\t\t\t<\/div>\n\t\t\t\t\t<\/div>\n\t\t<\/div>\n\t\t\t\t\t<\/div>\n\t\t<\/section>\n\t\t\t\t<\/div>","protected":false},"excerpt":{"rendered":"<p>Finition Pr\u00e9cision automatis\u00e9e, finition parfaite : des solutions robotiques qui transforment les surfaces Contactez-nous Solutions robotiques avanc\u00e9es pour le soudage Pr\u00e9cision millim\u00e9trique et r\u00e9p\u00e9tabilit\u00e9 constante Dans l'industrie moderne, le soudage est une \u00e9tape de production cruciale qui exige pr\u00e9cision, efficacit\u00e9 et fiabilit\u00e9. Nos solutions robotiques avanc\u00e9es pour le soudage sont con\u00e7ues pour ... <a title=\"Finition\" class=\"read-more\" href=\"https:\/\/www.todsystem.com\/fr\/finir\/\" aria-label=\"En savoir plus sur Finition\">Lire la suite<\/a><\/p>","protected":false},"author":1,"featured_media":0,"parent":0,"menu_order":0,"comment_status":"closed","ping_status":"closed","template":"elementor_header_footer","meta":{"footnotes":""},"class_list":["post-18462","page","type-page","status-publish"],"_links":{"self":[{"href":"https:\/\/www.todsystem.com\/fr\/wp-json\/wp\/v2\/pages\/18462","targetHints":{"allow":["GET"]}}],"collection":[{"href":"https:\/\/www.todsystem.com\/fr\/wp-json\/wp\/v2\/pages"}],"about":[{"href":"https:\/\/www.todsystem.com\/fr\/wp-json\/wp\/v2\/types\/page"}],"author":[{"embeddable":true,"href":"https:\/\/www.todsystem.com\/fr\/wp-json\/wp\/v2\/users\/1"}],"replies":[{"embeddable":true,"href":"https:\/\/www.todsystem.com\/fr\/wp-json\/wp\/v2\/comments?post=18462"}],"version-history":[{"count":22,"href":"https:\/\/www.todsystem.com\/fr\/wp-json\/wp\/v2\/pages\/18462\/revisions"}],"predecessor-version":[{"id":19070,"href":"https:\/\/www.todsystem.com\/fr\/wp-json\/wp\/v2\/pages\/18462\/revisions\/19070"}],"wp:attachment":[{"href":"https:\/\/www.todsystem.com\/fr\/wp-json\/wp\/v2\/media?parent=18462"}],"curies":[{"name":"wp","href":"https:\/\/api.w.org\/{rel}","templated":true}]}}