{"id":18454,"date":"2025-03-20T10:41:28","date_gmt":"2025-03-20T09:41:28","guid":{"rendered":"https:\/\/www.todsystem.com\/?page_id=18454"},"modified":"2025-04-07T09:47:57","modified_gmt":"2025-04-07T08:47:57","slug":"assemblaggio","status":"publish","type":"page","link":"https:\/\/www.todsystem.com\/fr\/assemblee\/","title":{"rendered":"Assembl\u00e9e"},"content":{"rendered":"<div data-elementor-type=\"wp-page\" data-elementor-id=\"18454\" class=\"elementor elementor-18454\" data-elementor-post-type=\"page\">\n\t\t\t\t\t\t<section class=\"elementor-section elementor-top-section elementor-element elementor-element-4dfce33 elementor-section-height-min-height elementor-section-boxed elementor-section-height-default elementor-section-items-middle\" data-id=\"4dfce33\" data-element_type=\"section\" data-settings=\"{&quot;background_background&quot;:&quot;classic&quot;}\">\n\t\t\t\t\t\t\t<div class=\"elementor-background-overlay\"><\/div>\n\t\t\t\t\t\t\t<div class=\"elementor-container elementor-column-gap-default\">\n\t\t\t\t\t<div class=\"elementor-column elementor-col-100 elementor-top-column elementor-element elementor-element-08f0c0a\" data-id=\"08f0c0a\" data-element_type=\"column\">\n\t\t\t<div class=\"elementor-widget-wrap elementor-element-populated\">\n\t\t\t\t\t\t<div class=\"elementor-element elementor-element-53334a1 elementor-widget elementor-widget-heading\" data-id=\"53334a1\" data-element_type=\"widget\" data-widget_type=\"heading.default\">\n\t\t\t\t<div class=\"elementor-widget-container\">\n\t\t\t\t\t<h1 class=\"elementor-heading-title elementor-size-default\">Assembl\u00e9e<\/h1>\t\t\t\t<\/div>\n\t\t\t\t<\/div>\n\t\t\t\t<div class=\"elementor-element elementor-element-fa140b1 elementor-widget elementor-widget-heading\" data-id=\"fa140b1\" data-element_type=\"widget\" data-widget_type=\"heading.default\">\n\t\t\t\t<div class=\"elementor-widget-container\">\n\t\t\t\t\t<h3 class=\"elementor-heading-title elementor-size-default\">Solutions robotiques avanc\u00e9es pour un assemblage pr\u00e9cis, rapide et sans erreur.<\/h3>\t\t\t\t<\/div>\n\t\t\t\t<\/div>\n\t\t\t\t<div class=\"elementor-element elementor-element-9db0a48 elementor-align-center elementor-mobile-align-justify elementor-widget__width-initial elementor-widget elementor-widget-button\" data-id=\"9db0a48\" data-element_type=\"widget\" data-widget_type=\"button.default\">\n\t\t\t\t<div class=\"elementor-widget-container\">\n\t\t\t\t\t\t\t\t\t<div class=\"elementor-button-wrapper\">\n\t\t\t\t\t<a class=\"elementor-button elementor-button-link elementor-size-xs\" href=\"https:\/\/www.todsystem.com\/fr\/contacts\/\">\n\t\t\t\t\t\t<span class=\"elementor-button-content-wrapper\">\n\t\t\t\t\t\t<span class=\"elementor-button-icon\">\n\t\t\t\t<svg aria-hidden=\"true\" class=\"e-font-icon-svg e-fas-chevron-right\" viewbox=\"0 0 320 512\" xmlns=\"http:\/\/www.w3.org\/2000\/svg\"><path d=\"M285.476 272.971L91.132 467.314c-9.373 9.373-24.569 9.373-33.941 0l-22.667-22.667c-9.357-9.357-9.375-24.522-.04-33.901L188.505 256 34.484 101.255c-9.335-9.379-9.317-24.544.04-33.901l22.667-22.667c9.373-9.373 24.569-9.373 33.941 0L285.475 239.03c9.373 9.372 9.373 24.568.001 33.941z\"><\/path><\/svg>\t\t\t<\/span>\n\t\t\t\t\t\t\t\t\t<span class=\"elementor-button-text\">Prendre contact<\/span>\n\t\t\t\t\t<\/span>\n\t\t\t\t\t<\/a>\n\t\t\t\t<\/div>\n\t\t\t\t\t\t\t\t<\/div>\n\t\t\t\t<\/div>\n\t\t\t\t\t<\/div>\n\t\t<\/div>\n\t\t\t\t\t<\/div>\n\t\t<\/section>\n\t\t\t\t<section class=\"elementor-section elementor-top-section elementor-element elementor-element-c2a0fce elementor-section-boxed elementor-section-height-default elementor-section-height-default\" data-id=\"c2a0fce\" data-element_type=\"section\">\n\t\t\t\t\t\t<div class=\"elementor-container elementor-column-gap-default\">\n\t\t\t\t\t<div class=\"elementor-column elementor-col-66 elementor-top-column elementor-element elementor-element-5b8c2b4\" data-id=\"5b8c2b4\" data-element_type=\"column\">\n\t\t\t<div class=\"elementor-widget-wrap elementor-element-populated\">\n\t\t\t\t\t\t<div class=\"elementor-element elementor-element-50b5df9 elementor-widget elementor-widget-spacer\" data-id=\"50b5df9\" data-element_type=\"widget\" data-widget_type=\"spacer.default\">\n\t\t\t\t<div class=\"elementor-widget-container\">\n\t\t\t\t\t\t\t<div class=\"elementor-spacer\">\n\t\t\t<div class=\"elementor-spacer-inner\"><\/div>\n\t\t<\/div>\n\t\t\t\t\t\t<\/div>\n\t\t\t\t<\/div>\n\t\t\t\t<div class=\"elementor-element elementor-element-91805d3 elementor-widget elementor-widget-text-editor\" data-id=\"91805d3\" data-element_type=\"widget\" data-widget_type=\"text-editor.default\">\n\t\t\t\t<div class=\"elementor-widget-container\">\n\t\t\t\t\t\t\t\t\t<h2 data-start=\"95\" data-end=\"167\">Solutions robotiques pour un assemblage efficace et de haute qualit\u00e9<\/h2><h3 data-start=\"169\" data-end=\"223\">L'importance de l'automatisation dans l'assemblage<\/h3><p class=\"\" data-start=\"224\" data-end=\"959\">Dans l'industrie moderne, l'efficacit\u00e9 et la qualit\u00e9 de l'assemblage sont des facteurs d\u00e9cisifs pour la r\u00e9ussite d'une entreprise. Les solutions robotiques avanc\u00e9es pour l'assemblage r\u00e9volutionnent l'industrie, en garantissant la pr\u00e9cision, la vitesse et la r\u00e9p\u00e9tabilit\u00e9 sans marge d'erreur. Gr\u00e2ce \u00e0 des technologies de pointe, les robots collaboratifs et industriels sont capables d'effectuer des op\u00e9rations complexes avec une pr\u00e9cision microm\u00e9trique, ce qui permet de r\u00e9duire les d\u00e9chets et d'am\u00e9liorer la productivit\u00e9. L'int\u00e9gration de capteurs avanc\u00e9s, de syst\u00e8mes de vision industrielle et d'intelligence artificielle permet aux robots de s'adapter dynamiquement aux variations des composants et de l'environnement de travail, garantissant ainsi des r\u00e9sultats irr\u00e9prochables \u00e0 chaque fois.<\/p><h3 data-start=\"961\" data-end=\"1012\">Avantages op\u00e9rationnels des solutions robotiques<\/h3><p class=\"\" data-start=\"1013\" data-end=\"1541\">L'un des principaux avantages des solutions robotiques dans l'assemblage est la r\u00e9duction des temps de cycle. Gr\u00e2ce \u00e0 leur capacit\u00e9 \u00e0 fonctionner sans interruption, les robots optimisent le flux de production et acc\u00e9l\u00e8rent la production sans compromettre la qualit\u00e9. En \u00e9liminant le risque d'erreur humaine, les robots garantissent des assemblages parfaits, am\u00e9liorant la conformit\u00e9 des produits et r\u00e9duisant les co\u00fbts de reprise. Les entreprises peuvent ainsi augmenter leur capacit\u00e9 de production et am\u00e9liorer la fiabilit\u00e9 de leurs produits.<\/p><h3 data-start=\"1543\" data-end=\"1587\">S\u00e9curit\u00e9 et bien-\u00eatre des op\u00e9rateurs<\/h3><p class=\"\" data-start=\"1588\" data-end=\"2110\">L'automatisation de l'assemblage am\u00e9liore non seulement l'efficacit\u00e9, mais aussi la s\u00e9curit\u00e9. Les robots collaboratifs peuvent travailler aux c\u00f4t\u00e9s des op\u00e9rateurs, en prenant en charge des t\u00e2ches r\u00e9p\u00e9titives ou dangereuses, ce qui r\u00e9duit le risque d'accident. Les entreprises peuvent ainsi r\u00e9affecter leur main-d'\u0153uvre \u00e0 des activit\u00e9s \u00e0 plus forte valeur ajout\u00e9e, ce qui accro\u00eet leur comp\u00e9titivit\u00e9. En outre, l'am\u00e9lioration de l'ergonomie et de la s\u00e9curit\u00e9 contribue au bien-\u00eatre des op\u00e9rateurs, cr\u00e9ant ainsi un environnement de travail plus s\u00fbr et moins stressant.<\/p>\t\t\t\t\t\t\t\t<\/div>\n\t\t\t\t<\/div>\n\t\t\t\t<div class=\"elementor-element elementor-element-69e1875 elementor-widget elementor-widget-spacer\" data-id=\"69e1875\" data-element_type=\"widget\" data-widget_type=\"spacer.default\">\n\t\t\t\t<div class=\"elementor-widget-container\">\n\t\t\t\t\t\t\t<div class=\"elementor-spacer\">\n\t\t\t<div class=\"elementor-spacer-inner\"><\/div>\n\t\t<\/div>\n\t\t\t\t\t\t<\/div>\n\t\t\t\t<\/div>\n\t\t\t\t\t<\/div>\n\t\t<\/div>\n\t\t\t\t<div class=\"elementor-column elementor-col-33 elementor-top-column elementor-element elementor-element-f5a7cc1\" data-id=\"f5a7cc1\" data-element_type=\"column\">\n\t\t\t<div class=\"elementor-widget-wrap elementor-element-populated\">\n\t\t\t\t\t\t<div class=\"elementor-element elementor-element-f073a6d elementor-widget elementor-widget-image\" data-id=\"f073a6d\" data-element_type=\"widget\" data-widget_type=\"image.default\">\n\t\t\t\t<div class=\"elementor-widget-container\">\n\t\t\t\t\t\t\t\t\t\t\t\t\t\t\t<img fetchpriority=\"high\" decoding=\"async\" width=\"800\" height=\"1200\" src=\"https:\/\/www.todsystem.com\/wp-content\/uploads\/2025\/03\/portrait-smart-woman-robot-engineer-programmer-wor-2025-03-08-21-09-13-utc.webp\" class=\"attachment-full size-full wp-image-18870\" alt=\"\" srcset=\"https:\/\/www.todsystem.com\/wp-content\/uploads\/2025\/03\/portrait-smart-woman-robot-engineer-programmer-wor-2025-03-08-21-09-13-utc.webp 800w, https:\/\/www.todsystem.com\/wp-content\/uploads\/2025\/03\/portrait-smart-woman-robot-engineer-programmer-wor-2025-03-08-21-09-13-utc-200x300.webp 200w, https:\/\/www.todsystem.com\/wp-content\/uploads\/2025\/03\/portrait-smart-woman-robot-engineer-programmer-wor-2025-03-08-21-09-13-utc-683x1024.webp 683w, https:\/\/www.todsystem.com\/wp-content\/uploads\/2025\/03\/portrait-smart-woman-robot-engineer-programmer-wor-2025-03-08-21-09-13-utc-768x1152.webp 768w, https:\/\/www.todsystem.com\/wp-content\/uploads\/2025\/03\/portrait-smart-woman-robot-engineer-programmer-wor-2025-03-08-21-09-13-utc-8x12.webp 8w\" sizes=\"(max-width: 800px) 100vw, 800px\" \/>\t\t\t\t\t\t\t\t\t\t\t\t\t\t\t<\/div>\n\t\t\t\t<\/div>\n\t\t\t\t\t<\/div>\n\t\t<\/div>\n\t\t\t\t\t<\/div>\n\t\t<\/section>\n\t\t\t\t<section class=\"elementor-section elementor-top-section elementor-element elementor-element-f7d2306 elementor-section-boxed elementor-section-height-default elementor-section-height-default\" data-id=\"f7d2306\" data-element_type=\"section\">\n\t\t\t\t\t\t<div class=\"elementor-container elementor-column-gap-default\">\n\t\t\t\t\t<div class=\"elementor-column elementor-col-66 elementor-top-column elementor-element elementor-element-114959a\" data-id=\"114959a\" data-element_type=\"column\" data-settings=\"{&quot;background_background&quot;:&quot;classic&quot;}\">\n\t\t\t<div class=\"elementor-widget-wrap elementor-element-populated\">\n\t\t\t\t\t\t<div class=\"elementor-element elementor-element-0146afc elementor-widget elementor-widget-heading\" data-id=\"0146afc\" data-element_type=\"widget\" data-widget_type=\"heading.default\">\n\t\t\t\t<div class=\"elementor-widget-container\">\n\t\t\t\t\t<p class=\"elementor-heading-title elementor-size-default\">En savoir plus sur l'assemblage avec nos experts <\/p>\t\t\t\t<\/div>\n\t\t\t\t<\/div>\n\t\t\t\t\t<\/div>\n\t\t<\/div>\n\t\t\t\t<div class=\"elementor-column elementor-col-33 elementor-top-column elementor-element elementor-element-e6915de\" data-id=\"e6915de\" data-element_type=\"column\" data-settings=\"{&quot;background_background&quot;:&quot;classic&quot;}\">\n\t\t\t<div class=\"elementor-widget-wrap elementor-element-populated\">\n\t\t\t\t\t\t<div class=\"elementor-element elementor-element-bc9580b elementor-align-center elementor-mobile-align-justify elementor-widget__width-initial elementor-widget elementor-widget-button\" data-id=\"bc9580b\" data-element_type=\"widget\" data-widget_type=\"button.default\">\n\t\t\t\t<div class=\"elementor-widget-container\">\n\t\t\t\t\t\t\t\t\t<div class=\"elementor-button-wrapper\">\n\t\t\t\t\t<a class=\"elementor-button elementor-button-link elementor-size-xs\" href=\"https:\/\/calendly.com\/todsystem\/call\" target=\"_blank\" rel=\"noopener\">\n\t\t\t\t\t\t<span class=\"elementor-button-content-wrapper\">\n\t\t\t\t\t\t<span class=\"elementor-button-icon\">\n\t\t\t\t<svg aria-hidden=\"true\" class=\"e-font-icon-svg e-fas-chevron-right\" viewbox=\"0 0 320 512\" xmlns=\"http:\/\/www.w3.org\/2000\/svg\"><path d=\"M285.476 272.971L91.132 467.314c-9.373 9.373-24.569 9.373-33.941 0l-22.667-22.667c-9.357-9.357-9.375-24.522-.04-33.901L188.505 256 34.484 101.255c-9.335-9.379-9.317-24.544.04-33.901l22.667-22.667c9.373-9.373 24.569-9.373 33.941 0L285.475 239.03c9.373 9.372 9.373 24.568.001 33.941z\"><\/path><\/svg>\t\t\t<\/span>\n\t\t\t\t\t\t\t\t\t<span class=\"elementor-button-text\">R\u00e9server une consultation<\/span>\n\t\t\t\t\t<\/span>\n\t\t\t\t\t<\/a>\n\t\t\t\t<\/div>\n\t\t\t\t\t\t\t\t<\/div>\n\t\t\t\t<\/div>\n\t\t\t\t\t<\/div>\n\t\t<\/div>\n\t\t\t\t\t<\/div>\n\t\t<\/section>\n\t\t\t\t<section class=\"elementor-section elementor-top-section elementor-element elementor-element-111accf elementor-section-boxed elementor-section-height-default elementor-section-height-default\" data-id=\"111accf\" data-element_type=\"section\">\n\t\t\t\t\t\t<div class=\"elementor-container elementor-column-gap-default\">\n\t\t\t\t\t<div class=\"elementor-column elementor-col-33 elementor-top-column elementor-element elementor-element-12f5cf7\" data-id=\"12f5cf7\" data-element_type=\"column\">\n\t\t\t<div class=\"elementor-widget-wrap elementor-element-populated\">\n\t\t\t\t\t\t<div class=\"elementor-element elementor-element-7175b6e elementor-widget elementor-widget-image\" data-id=\"7175b6e\" data-element_type=\"widget\" data-widget_type=\"image.default\">\n\t\t\t\t<div class=\"elementor-widget-container\">\n\t\t\t\t\t\t\t\t\t\t\t\t\t\t\t<img decoding=\"async\" width=\"1200\" height=\"800\" src=\"https:\/\/www.todsystem.com\/wp-content\/uploads\/2025\/03\/engineer-sitting-in-robot-fabrication-room-quality-2024-10-14-15-55-00-utc.webp\" class=\"attachment-full size-full wp-image-18869\" alt=\"\" srcset=\"https:\/\/www.todsystem.com\/wp-content\/uploads\/2025\/03\/engineer-sitting-in-robot-fabrication-room-quality-2024-10-14-15-55-00-utc.webp 1200w, https:\/\/www.todsystem.com\/wp-content\/uploads\/2025\/03\/engineer-sitting-in-robot-fabrication-room-quality-2024-10-14-15-55-00-utc-300x200.webp 300w, https:\/\/www.todsystem.com\/wp-content\/uploads\/2025\/03\/engineer-sitting-in-robot-fabrication-room-quality-2024-10-14-15-55-00-utc-1024x683.webp 1024w, https:\/\/www.todsystem.com\/wp-content\/uploads\/2025\/03\/engineer-sitting-in-robot-fabrication-room-quality-2024-10-14-15-55-00-utc-768x512.webp 768w, https:\/\/www.todsystem.com\/wp-content\/uploads\/2025\/03\/engineer-sitting-in-robot-fabrication-room-quality-2024-10-14-15-55-00-utc-18x12.webp 18w\" sizes=\"(max-width: 1200px) 100vw, 1200px\" \/>\t\t\t\t\t\t\t\t\t\t\t\t\t\t\t<\/div>\n\t\t\t\t<\/div>\n\t\t\t\t\t<\/div>\n\t\t<\/div>\n\t\t\t\t<div class=\"elementor-column elementor-col-66 elementor-top-column elementor-element elementor-element-e5c97b0\" data-id=\"e5c97b0\" data-element_type=\"column\">\n\t\t\t<div class=\"elementor-widget-wrap elementor-element-populated\">\n\t\t\t\t\t\t<div class=\"elementor-element elementor-element-d9064c9 elementor-widget elementor-widget-spacer\" data-id=\"d9064c9\" data-element_type=\"widget\" data-widget_type=\"spacer.default\">\n\t\t\t\t<div class=\"elementor-widget-container\">\n\t\t\t\t\t\t\t<div class=\"elementor-spacer\">\n\t\t\t<div class=\"elementor-spacer-inner\"><\/div>\n\t\t<\/div>\n\t\t\t\t\t\t<\/div>\n\t\t\t\t<\/div>\n\t\t\t\t<div class=\"elementor-element elementor-element-fdcde98 elementor-widget elementor-widget-text-editor\" data-id=\"fdcde98\" data-element_type=\"widget\" data-widget_type=\"text-editor.default\">\n\t\t\t\t<div class=\"elementor-widget-container\">\n\t\t\t\t\t\t\t\t\t<h3 data-start=\"2112\" data-end=\"2170\">Flexibilit\u00e9 et applications dans les secteurs industriels<\/h3><p class=\"\" data-start=\"2171\" data-end=\"2727\">Les solutions d'assemblage robotis\u00e9 trouvent des applications dans un large \u00e9ventail de secteurs, notamment l'automobile, l'\u00e9lectronique, l'a\u00e9rospatiale et la fabrication de biens de consommation. Gr\u00e2ce \u00e0 leur flexibilit\u00e9, les robots peuvent \u00eatre facilement reprogramm\u00e9s pour s'adapter aux nouvelles exigences de production, ce qui garantit un retour sur investissement rapide et durable. La capacit\u00e9 d'adaptation \u00e0 diff\u00e9rents produits et lignes de production fait de l'automatisation robotique un investissement strat\u00e9gique pour les entreprises qui souhaitent am\u00e9liorer leur comp\u00e9titivit\u00e9.<\/p><h3 data-start=\"2729\" data-end=\"2800\">Investir dans l'automatisation robotique pour l'avenir de l'industrie<\/h3><p class=\"\" data-start=\"2801\" data-end=\"3240\">Investir dans l'automatisation robotique, c'est choisir un avenir fait d'efficacit\u00e9, de qualit\u00e9 et d'innovation. Avec les bonnes solutions, l'assemblage devient un processus fluide et fiable, pr\u00eat \u00e0 relever les d\u00e9fis de l'industrie 4.0. L'automatisation permet aux entreprises de r\u00e9pondre \u00e0 la demande croissante de personnalisation des produits et d'am\u00e9lioration continue de la qualit\u00e9, tout en restant en phase avec les \u00e9volutions du march\u00e9 mondial.<\/p>\t\t\t\t\t\t\t\t<\/div>\n\t\t\t\t<\/div>\n\t\t\t\t\t<\/div>\n\t\t<\/div>\n\t\t\t\t\t<\/div>\n\t\t<\/section>\n\t\t\t\t<\/div>","protected":false},"excerpt":{"rendered":"<p>Assemblage Des solutions robotiques avanc\u00e9es pour un assemblage pr\u00e9cis, rapide et sans erreur. Prenez contact Solutions robotiques pour un assemblage efficace et de haute qualit\u00e9 L'importance de l'automatisation dans l'assemblage Dans l'industrie actuelle, l'efficacit\u00e9 et la qualit\u00e9 de l'assemblage sont des facteurs d\u00e9cisifs pour la r\u00e9ussite d'une entreprise. Les solutions robotiques avanc\u00e9es pour l'assemblage r\u00e9volutionnent le secteur, garantissant pr\u00e9cision, efficacit\u00e9 et ... <a title=\"Assembl\u00e9e\" class=\"read-more\" href=\"https:\/\/www.todsystem.com\/fr\/assemblee\/\" aria-label=\"En savoir plus sur Assemblage\">Lire la suite<\/a><\/p>","protected":false},"author":1,"featured_media":0,"parent":0,"menu_order":0,"comment_status":"closed","ping_status":"closed","template":"elementor_header_footer","meta":{"footnotes":""},"class_list":["post-18454","page","type-page","status-publish"],"_links":{"self":[{"href":"https:\/\/www.todsystem.com\/fr\/wp-json\/wp\/v2\/pages\/18454","targetHints":{"allow":["GET"]}}],"collection":[{"href":"https:\/\/www.todsystem.com\/fr\/wp-json\/wp\/v2\/pages"}],"about":[{"href":"https:\/\/www.todsystem.com\/fr\/wp-json\/wp\/v2\/types\/page"}],"author":[{"embeddable":true,"href":"https:\/\/www.todsystem.com\/fr\/wp-json\/wp\/v2\/users\/1"}],"replies":[{"embeddable":true,"href":"https:\/\/www.todsystem.com\/fr\/wp-json\/wp\/v2\/comments?post=18454"}],"version-history":[{"count":22,"href":"https:\/\/www.todsystem.com\/fr\/wp-json\/wp\/v2\/pages\/18454\/revisions"}],"predecessor-version":[{"id":19061,"href":"https:\/\/www.todsystem.com\/fr\/wp-json\/wp\/v2\/pages\/18454\/revisions\/19061"}],"wp:attachment":[{"href":"https:\/\/www.todsystem.com\/fr\/wp-json\/wp\/v2\/media?parent=18454"}],"curies":[{"name":"wp","href":"https:\/\/api.w.org\/{rel}","templated":true}]}}