{"id":18445,"date":"2025-03-20T10:39:24","date_gmt":"2025-03-20T09:39:24","guid":{"rendered":"https:\/\/www.todsystem.com\/?page_id=18445"},"modified":"2025-03-27T10:26:54","modified_gmt":"2025-03-27T09:26:54","slug":"manipolazione","status":"publish","type":"page","link":"https:\/\/www.todsystem.com\/fr\/manipulation\/","title":{"rendered":"Manipulation"},"content":{"rendered":"<div data-elementor-type=\"wp-page\" data-elementor-id=\"18445\" class=\"elementor elementor-18445\" data-elementor-post-type=\"page\">\n\t\t\t\t\t\t<section class=\"elementor-section elementor-top-section elementor-element elementor-element-c5da933 elementor-section-height-min-height elementor-section-boxed elementor-section-height-default elementor-section-items-middle\" data-id=\"c5da933\" data-element_type=\"section\" data-settings=\"{&quot;background_background&quot;:&quot;classic&quot;}\">\n\t\t\t\t\t\t\t<div class=\"elementor-background-overlay\"><\/div>\n\t\t\t\t\t\t\t<div class=\"elementor-container elementor-column-gap-default\">\n\t\t\t\t\t<div class=\"elementor-column elementor-col-100 elementor-top-column elementor-element elementor-element-6fc78a1\" data-id=\"6fc78a1\" data-element_type=\"column\">\n\t\t\t<div class=\"elementor-widget-wrap elementor-element-populated\">\n\t\t\t\t\t\t<div class=\"elementor-element elementor-element-2bfb26c elementor-widget elementor-widget-heading\" data-id=\"2bfb26c\" data-element_type=\"widget\" data-widget_type=\"heading.default\">\n\t\t\t\t<div class=\"elementor-widget-container\">\n\t\t\t\t\t<h1 class=\"elementor-heading-title elementor-size-default\">Manipulation<\/h1>\t\t\t\t<\/div>\n\t\t\t\t<\/div>\n\t\t\t\t<div class=\"elementor-element elementor-element-b998941 elementor-widget elementor-widget-heading\" data-id=\"b998941\" data-element_type=\"widget\" data-widget_type=\"heading.default\">\n\t\t\t\t<div class=\"elementor-widget-container\">\n\t\t\t\t\t<h3 class=\"elementor-heading-title elementor-size-default\">Solutions robotiques intelligentes pour une manipulation pr\u00e9cise et s\u00fbre de tout objet gr\u00e2ce \u00e0 l'intelligence artificielle<\/h3>\t\t\t\t<\/div>\n\t\t\t\t<\/div>\n\t\t\t\t<div class=\"elementor-element elementor-element-2834a1b elementor-align-center elementor-mobile-align-justify elementor-widget__width-initial elementor-widget elementor-widget-button\" data-id=\"2834a1b\" data-element_type=\"widget\" data-widget_type=\"button.default\">\n\t\t\t\t<div class=\"elementor-widget-container\">\n\t\t\t\t\t\t\t\t\t<div class=\"elementor-button-wrapper\">\n\t\t\t\t\t<a class=\"elementor-button elementor-button-link elementor-size-xs\" href=\"https:\/\/www.todsystem.com\/fr\/contacts\/\">\n\t\t\t\t\t\t<span class=\"elementor-button-content-wrapper\">\n\t\t\t\t\t\t<span class=\"elementor-button-icon\">\n\t\t\t\t<svg aria-hidden=\"true\" class=\"e-font-icon-svg e-fas-chevron-right\" viewbox=\"0 0 320 512\" xmlns=\"http:\/\/www.w3.org\/2000\/svg\"><path d=\"M285.476 272.971L91.132 467.314c-9.373 9.373-24.569 9.373-33.941 0l-22.667-22.667c-9.357-9.357-9.375-24.522-.04-33.901L188.505 256 34.484 101.255c-9.335-9.379-9.317-24.544.04-33.901l22.667-22.667c9.373-9.373 24.569-9.373 33.941 0L285.475 239.03c9.373 9.372 9.373 24.568.001 33.941z\"><\/path><\/svg>\t\t\t<\/span>\n\t\t\t\t\t\t\t\t\t<span class=\"elementor-button-text\">Prendre contact<\/span>\n\t\t\t\t\t<\/span>\n\t\t\t\t\t<\/a>\n\t\t\t\t<\/div>\n\t\t\t\t\t\t\t\t<\/div>\n\t\t\t\t<\/div>\n\t\t\t\t\t<\/div>\n\t\t<\/div>\n\t\t\t\t\t<\/div>\n\t\t<\/section>\n\t\t\t\t<section class=\"elementor-section elementor-top-section elementor-element elementor-element-deee017 elementor-section-boxed elementor-section-height-default elementor-section-height-default\" data-id=\"deee017\" data-element_type=\"section\">\n\t\t\t\t\t\t<div class=\"elementor-container elementor-column-gap-default\">\n\t\t\t\t\t<div class=\"elementor-column elementor-col-66 elementor-top-column elementor-element elementor-element-5b88e89\" data-id=\"5b88e89\" data-element_type=\"column\">\n\t\t\t<div class=\"elementor-widget-wrap elementor-element-populated\">\n\t\t\t\t\t\t<div class=\"elementor-element elementor-element-bc408e0 elementor-widget elementor-widget-spacer\" data-id=\"bc408e0\" data-element_type=\"widget\" data-widget_type=\"spacer.default\">\n\t\t\t\t<div class=\"elementor-widget-container\">\n\t\t\t\t\t\t\t<div class=\"elementor-spacer\">\n\t\t\t<div class=\"elementor-spacer-inner\"><\/div>\n\t\t<\/div>\n\t\t\t\t\t\t<\/div>\n\t\t\t\t<\/div>\n\t\t\t\t<div class=\"elementor-element elementor-element-c2340a7 elementor-widget elementor-widget-text-editor\" data-id=\"c2340a7\" data-element_type=\"widget\" data-widget_type=\"text-editor.default\">\n\t\t\t\t<div class=\"elementor-widget-container\">\n\t\t\t\t\t\t\t\t\t<h2 data-start=\"121\" data-end=\"180\">Automatisation avanc\u00e9e pour la manutention industrielle<\/h2><h3 data-start=\"182\" data-end=\"238\">Efficacit\u00e9 et flexibilit\u00e9 des processus de production<\/h3><p class=\"\" data-start=\"239\" data-end=\"658\">Dans le contexte de l'industrie moderne, la manipulation d'objets repr\u00e9sente un d\u00e9fi crucial pour l'optimisation des processus de production. Les entreprises doivent manipuler des mat\u00e9riaux de formes et de tailles diff\u00e9rentes tout en garantissant l'efficacit\u00e9, la s\u00e9curit\u00e9 et la pr\u00e9cision. Gr\u00e2ce \u00e0 l'int\u00e9gration de robots collaboratifs, il est d\u00e9sormais possible de r\u00e9volutionner ces processus, avec \u00e0 la cl\u00e9 des solutions plus flexibles et plus performantes.<\/p><h3 data-start=\"660\" data-end=\"707\">S\u00e9curit\u00e9 et collaboration homme-machine<\/h3><p class=\"\" data-start=\"708\" data-end=\"1170\">Con\u00e7us pour travailler en \u00e9troite collaboration avec les op\u00e9rateurs humains, les cobots \u00e9liminent le besoin de barri\u00e8res physiques encombrantes tout en maintenant un haut niveau de s\u00e9curit\u00e9. Leurs capteurs avanc\u00e9s pr\u00e9viennent les collisions et s'adaptent en temps r\u00e9el aux conditions d'utilisation, garantissant ainsi une interaction s\u00fbre et fluide. En outre, leur capacit\u00e9 \u00e0 manipuler des objets de formes et de mat\u00e9riaux diff\u00e9rents en fait une solution extr\u00eamement polyvalente.<\/p><h3 data-start=\"1172\" data-end=\"1234\">Intelligence artificielle et optimisation des mouvements<\/h3><p class=\"\" data-start=\"1235\" data-end=\"1700\">L'intelligence artificielle et la vision par ordinateur, qui permettent aux robots de reconna\u00eetre et de manipuler des objets avec pr\u00e9cision, jouent un r\u00f4le essentiel. Gr\u00e2ce aux algorithmes d'apprentissage automatique, les cobots apprennent en permanence et am\u00e9liorent leurs performances, optimisant automatiquement les mouvements pour r\u00e9duire les erreurs et accro\u00eetre l'efficacit\u00e9. Cela permet non seulement d'am\u00e9liorer la productivit\u00e9, mais aussi de r\u00e9duire les d\u00e9chets et les co\u00fbts d'exploitation.<\/p>\t\t\t\t\t\t\t\t<\/div>\n\t\t\t\t<\/div>\n\t\t\t\t<div class=\"elementor-element elementor-element-989e65c elementor-widget elementor-widget-spacer\" data-id=\"989e65c\" data-element_type=\"widget\" data-widget_type=\"spacer.default\">\n\t\t\t\t<div class=\"elementor-widget-container\">\n\t\t\t\t\t\t\t<div class=\"elementor-spacer\">\n\t\t\t<div class=\"elementor-spacer-inner\"><\/div>\n\t\t<\/div>\n\t\t\t\t\t\t<\/div>\n\t\t\t\t<\/div>\n\t\t\t\t\t<\/div>\n\t\t<\/div>\n\t\t\t\t<div class=\"elementor-column elementor-col-33 elementor-top-column elementor-element elementor-element-58c0196\" data-id=\"58c0196\" data-element_type=\"column\">\n\t\t\t<div class=\"elementor-widget-wrap elementor-element-populated\">\n\t\t\t\t\t\t<div class=\"elementor-element elementor-element-c02f3da elementor-widget elementor-widget-image\" data-id=\"c02f3da\" data-element_type=\"widget\" data-widget_type=\"image.default\">\n\t\t\t\t<div class=\"elementor-widget-container\">\n\t\t\t\t\t\t\t\t\t\t\t\t\t\t\t<img fetchpriority=\"high\" decoding=\"async\" width=\"800\" height=\"1200\" src=\"https:\/\/www.todsystem.com\/wp-content\/uploads\/2025\/03\/young-female-asian-service-engineer-holding-robot-2024-10-16-15-39-54-utc.webp\" class=\"attachment-full size-full wp-image-18796\" alt=\"\" srcset=\"https:\/\/www.todsystem.com\/wp-content\/uploads\/2025\/03\/young-female-asian-service-engineer-holding-robot-2024-10-16-15-39-54-utc.webp 800w, https:\/\/www.todsystem.com\/wp-content\/uploads\/2025\/03\/young-female-asian-service-engineer-holding-robot-2024-10-16-15-39-54-utc-200x300.webp 200w, https:\/\/www.todsystem.com\/wp-content\/uploads\/2025\/03\/young-female-asian-service-engineer-holding-robot-2024-10-16-15-39-54-utc-683x1024.webp 683w, https:\/\/www.todsystem.com\/wp-content\/uploads\/2025\/03\/young-female-asian-service-engineer-holding-robot-2024-10-16-15-39-54-utc-768x1152.webp 768w, https:\/\/www.todsystem.com\/wp-content\/uploads\/2025\/03\/young-female-asian-service-engineer-holding-robot-2024-10-16-15-39-54-utc-8x12.webp 8w\" sizes=\"(max-width: 800px) 100vw, 800px\" \/>\t\t\t\t\t\t\t\t\t\t\t\t\t\t\t<\/div>\n\t\t\t\t<\/div>\n\t\t\t\t\t<\/div>\n\t\t<\/div>\n\t\t\t\t\t<\/div>\n\t\t<\/section>\n\t\t\t\t<section class=\"elementor-section elementor-top-section elementor-element elementor-element-e874fa8 elementor-section-boxed elementor-section-height-default elementor-section-height-default\" data-id=\"e874fa8\" data-element_type=\"section\">\n\t\t\t\t\t\t<div class=\"elementor-container elementor-column-gap-default\">\n\t\t\t\t\t<div class=\"elementor-column elementor-col-66 elementor-top-column elementor-element elementor-element-cbc8a6f\" data-id=\"cbc8a6f\" data-element_type=\"column\" data-settings=\"{&quot;background_background&quot;:&quot;classic&quot;}\">\n\t\t\t<div class=\"elementor-widget-wrap elementor-element-populated\">\n\t\t\t\t\t\t<div class=\"elementor-element elementor-element-17d6f5f elementor-widget elementor-widget-heading\" data-id=\"17d6f5f\" data-element_type=\"widget\" data-widget_type=\"heading.default\">\n\t\t\t\t<div class=\"elementor-widget-container\">\n\t\t\t\t\t<p class=\"elementor-heading-title elementor-size-default\">En savoir plus sur le traitement avec nos experts <\/p>\t\t\t\t<\/div>\n\t\t\t\t<\/div>\n\t\t\t\t\t<\/div>\n\t\t<\/div>\n\t\t\t\t<div class=\"elementor-column elementor-col-33 elementor-top-column elementor-element elementor-element-cbb2a1d\" data-id=\"cbb2a1d\" data-element_type=\"column\" data-settings=\"{&quot;background_background&quot;:&quot;classic&quot;}\">\n\t\t\t<div class=\"elementor-widget-wrap elementor-element-populated\">\n\t\t\t\t\t\t<div class=\"elementor-element elementor-element-ffff59a elementor-align-center elementor-mobile-align-justify elementor-widget__width-initial elementor-widget elementor-widget-button\" data-id=\"ffff59a\" data-element_type=\"widget\" data-widget_type=\"button.default\">\n\t\t\t\t<div class=\"elementor-widget-container\">\n\t\t\t\t\t\t\t\t\t<div class=\"elementor-button-wrapper\">\n\t\t\t\t\t<a class=\"elementor-button elementor-button-link elementor-size-xs\" href=\"https:\/\/calendly.com\/todsystem\/call\" target=\"_blank\" rel=\"noopener\">\n\t\t\t\t\t\t<span class=\"elementor-button-content-wrapper\">\n\t\t\t\t\t\t<span class=\"elementor-button-icon\">\n\t\t\t\t<svg aria-hidden=\"true\" class=\"e-font-icon-svg e-fas-chevron-right\" viewbox=\"0 0 320 512\" xmlns=\"http:\/\/www.w3.org\/2000\/svg\"><path d=\"M285.476 272.971L91.132 467.314c-9.373 9.373-24.569 9.373-33.941 0l-22.667-22.667c-9.357-9.357-9.375-24.522-.04-33.901L188.505 256 34.484 101.255c-9.335-9.379-9.317-24.544.04-33.901l22.667-22.667c9.373-9.373 24.569-9.373 33.941 0L285.475 239.03c9.373 9.372 9.373 24.568.001 33.941z\"><\/path><\/svg>\t\t\t<\/span>\n\t\t\t\t\t\t\t\t\t<span class=\"elementor-button-text\">R\u00e9server une consultation<\/span>\n\t\t\t\t\t<\/span>\n\t\t\t\t\t<\/a>\n\t\t\t\t<\/div>\n\t\t\t\t\t\t\t\t<\/div>\n\t\t\t\t<\/div>\n\t\t\t\t\t<\/div>\n\t\t<\/div>\n\t\t\t\t\t<\/div>\n\t\t<\/section>\n\t\t\t\t<section class=\"elementor-section elementor-top-section elementor-element elementor-element-3420ce0 elementor-section-boxed elementor-section-height-default elementor-section-height-default\" data-id=\"3420ce0\" data-element_type=\"section\">\n\t\t\t\t\t\t<div class=\"elementor-container elementor-column-gap-default\">\n\t\t\t\t\t<div class=\"elementor-column elementor-col-33 elementor-top-column elementor-element elementor-element-a3c9f49\" data-id=\"a3c9f49\" data-element_type=\"column\">\n\t\t\t<div class=\"elementor-widget-wrap elementor-element-populated\">\n\t\t\t\t\t\t<div class=\"elementor-element elementor-element-2202915 elementor-widget elementor-widget-image\" data-id=\"2202915\" data-element_type=\"widget\" data-widget_type=\"image.default\">\n\t\t\t\t<div class=\"elementor-widget-container\">\n\t\t\t\t\t\t\t\t\t\t\t\t\t\t\t<img decoding=\"async\" width=\"1200\" height=\"960\" src=\"https:\/\/www.todsystem.com\/wp-content\/uploads\/2025\/03\/group-of-college-or-university-engineering-student-2024-10-19-02-13-05-utc.webp\" class=\"attachment-full size-full wp-image-18795\" alt=\"\" srcset=\"https:\/\/www.todsystem.com\/wp-content\/uploads\/2025\/03\/group-of-college-or-university-engineering-student-2024-10-19-02-13-05-utc.webp 1200w, https:\/\/www.todsystem.com\/wp-content\/uploads\/2025\/03\/group-of-college-or-university-engineering-student-2024-10-19-02-13-05-utc-300x240.webp 300w, https:\/\/www.todsystem.com\/wp-content\/uploads\/2025\/03\/group-of-college-or-university-engineering-student-2024-10-19-02-13-05-utc-1024x819.webp 1024w, https:\/\/www.todsystem.com\/wp-content\/uploads\/2025\/03\/group-of-college-or-university-engineering-student-2024-10-19-02-13-05-utc-768x614.webp 768w, https:\/\/www.todsystem.com\/wp-content\/uploads\/2025\/03\/group-of-college-or-university-engineering-student-2024-10-19-02-13-05-utc-15x12.webp 15w\" sizes=\"(max-width: 1200px) 100vw, 1200px\" \/>\t\t\t\t\t\t\t\t\t\t\t\t\t\t\t<\/div>\n\t\t\t\t<\/div>\n\t\t\t\t\t<\/div>\n\t\t<\/div>\n\t\t\t\t<div class=\"elementor-column elementor-col-66 elementor-top-column elementor-element elementor-element-aa977b7\" data-id=\"aa977b7\" data-element_type=\"column\">\n\t\t\t<div class=\"elementor-widget-wrap elementor-element-populated\">\n\t\t\t\t\t\t<div class=\"elementor-element elementor-element-458e998 elementor-widget elementor-widget-spacer\" data-id=\"458e998\" data-element_type=\"widget\" data-widget_type=\"spacer.default\">\n\t\t\t\t<div class=\"elementor-widget-container\">\n\t\t\t\t\t\t\t<div class=\"elementor-spacer\">\n\t\t\t<div class=\"elementor-spacer-inner\"><\/div>\n\t\t<\/div>\n\t\t\t\t\t\t<\/div>\n\t\t\t\t<\/div>\n\t\t\t\t<div class=\"elementor-element elementor-element-909e5b6 elementor-widget elementor-widget-text-editor\" data-id=\"909e5b6\" data-element_type=\"widget\" data-widget_type=\"text-editor.default\">\n\t\t\t\t<div class=\"elementor-widget-container\">\n\t\t\t\t\t\t\t\t\t<h3 data-start=\"1702\" data-end=\"1753\">Applications dans diff\u00e9rentes industries<\/h3><p class=\"\" data-start=\"1754\" data-end=\"2280\">Les applications de ces technologies sont nombreuses et transversales. Dans le secteur de la logistique, les robots collaboratifs acc\u00e9l\u00e8rent les op\u00e9rations de pr\u00e9paration des commandes et de gestion des entrep\u00f4ts, am\u00e9liorant ainsi la pr\u00e9cision de la manutention des marchandises. Dans l'industrie manufacturi\u00e8re et automobile, ils facilitent l'assemblage et le transport des composants, r\u00e9duisant ainsi les temps de production. Dans l'industrie alimentaire et pharmaceutique, ils assurent la manipulation en douceur des produits sensibles, en respectant des normes de qualit\u00e9 et de s\u00e9curit\u00e9 strictes.<\/p><h3 data-start=\"2282\" data-end=\"2336\">Vers une industrie plus innovante et plus comp\u00e9titive<\/h3><p class=\"\" data-start=\"2337\" data-end=\"2795\">Investir dans l'automatisation intelligente de la manutention industrielle, c'est adopter un mod\u00e8le de production innovant, efficace et comp\u00e9titif. Les entreprises qui adoptent ces solutions peuvent transformer radicalement leur approche de la production, en optimisant le temps, les ressources et la qualit\u00e9 du travail. L'avenir de l'industrie passe par l'int\u00e9gration de ces technologies avanc\u00e9es, capables de rendre chaque processus plus agile et plus fiable.<\/p>\t\t\t\t\t\t\t\t<\/div>\n\t\t\t\t<\/div>\n\t\t\t\t\t<\/div>\n\t\t<\/div>\n\t\t\t\t\t<\/div>\n\t\t<\/section>\n\t\t\t\t<\/div>","protected":false},"excerpt":{"rendered":"<p>Manutention Des solutions robotiques intelligentes pour une manutention pr\u00e9cise et s\u00fbre de tout objet gr\u00e2ce \u00e0 l'intelligence artificielle Prenez contact Automatisation avanc\u00e9e pour la manutention industrielle Efficacit\u00e9 et flexibilit\u00e9 des processus de production Dans le contexte de l'industrie moderne, la manutention d'objets repr\u00e9sente un d\u00e9fi crucial pour l'optimisation des processus de production. Les entreprises doivent manipuler des mat\u00e9riaux de diff\u00e9rentes formes et ... <a title=\"Manipulation\" class=\"read-more\" href=\"https:\/\/www.todsystem.com\/fr\/manipulation\/\" aria-label=\"En savoir plus sur Manipulation\">Lire la suite<\/a><\/p>","protected":false},"author":1,"featured_media":0,"parent":0,"menu_order":0,"comment_status":"closed","ping_status":"closed","template":"elementor_header_footer","meta":{"footnotes":""},"class_list":["post-18445","page","type-page","status-publish"],"_links":{"self":[{"href":"https:\/\/www.todsystem.com\/fr\/wp-json\/wp\/v2\/pages\/18445","targetHints":{"allow":["GET"]}}],"collection":[{"href":"https:\/\/www.todsystem.com\/fr\/wp-json\/wp\/v2\/pages"}],"about":[{"href":"https:\/\/www.todsystem.com\/fr\/wp-json\/wp\/v2\/types\/page"}],"author":[{"embeddable":true,"href":"https:\/\/www.todsystem.com\/fr\/wp-json\/wp\/v2\/users\/1"}],"replies":[{"embeddable":true,"href":"https:\/\/www.todsystem.com\/fr\/wp-json\/wp\/v2\/comments?post=18445"}],"version-history":[{"count":50,"href":"https:\/\/www.todsystem.com\/fr\/wp-json\/wp\/v2\/pages\/18445\/revisions"}],"predecessor-version":[{"id":18969,"href":"https:\/\/www.todsystem.com\/fr\/wp-json\/wp\/v2\/pages\/18445\/revisions\/18969"}],"wp:attachment":[{"href":"https:\/\/www.todsystem.com\/fr\/wp-json\/wp\/v2\/media?parent=18445"}],"curies":[{"name":"wp","href":"https:\/\/api.w.org\/{rel}","templated":true}]}}