{"id":18440,"date":"2025-03-20T10:38:04","date_gmt":"2025-03-20T09:38:04","guid":{"rendered":"https:\/\/www.todsystem.com\/?page_id=18440"},"modified":"2025-04-07T09:48:14","modified_gmt":"2025-04-07T08:48:14","slug":"pallettizzazione","status":"publish","type":"page","link":"https:\/\/www.todsystem.com\/fr\/palettisation\/","title":{"rendered":"Palettisation"},"content":{"rendered":"<div data-elementor-type=\"wp-page\" data-elementor-id=\"18440\" class=\"elementor elementor-18440\" data-elementor-post-type=\"page\">\n\t\t\t\t\t\t<section class=\"elementor-section elementor-top-section elementor-element elementor-element-87c4982 elementor-section-height-min-height elementor-section-boxed elementor-section-height-default elementor-section-items-middle\" data-id=\"87c4982\" data-element_type=\"section\" data-settings=\"{&quot;background_background&quot;:&quot;classic&quot;}\">\n\t\t\t\t\t\t\t<div class=\"elementor-background-overlay\"><\/div>\n\t\t\t\t\t\t\t<div class=\"elementor-container elementor-column-gap-default\">\n\t\t\t\t\t<div class=\"elementor-column elementor-col-100 elementor-top-column elementor-element elementor-element-dddf0cf\" data-id=\"dddf0cf\" data-element_type=\"column\">\n\t\t\t<div class=\"elementor-widget-wrap elementor-element-populated\">\n\t\t\t\t\t\t<div class=\"elementor-element elementor-element-801cb8c elementor-widget elementor-widget-heading\" data-id=\"801cb8c\" data-element_type=\"widget\" data-widget_type=\"heading.default\">\n\t\t\t\t<div class=\"elementor-widget-container\">\n\t\t\t\t\t<h1 class=\"elementor-heading-title elementor-size-default\">Palettisation<\/h1>\t\t\t\t<\/div>\n\t\t\t\t<\/div>\n\t\t\t\t<div class=\"elementor-element elementor-element-215e7aa elementor-widget elementor-widget-heading\" data-id=\"215e7aa\" data-element_type=\"widget\" data-widget_type=\"heading.default\">\n\t\t\t\t<div class=\"elementor-widget-container\">\n\t\t\t\t\t<h3 class=\"elementor-heading-title elementor-size-default\">Automatisation intelligente pour une logistique sans limites : solutions robotiques pour la palettisation et la d\u00e9palettisation<\/h3>\t\t\t\t<\/div>\n\t\t\t\t<\/div>\n\t\t\t\t<div class=\"elementor-element elementor-element-fd05590 elementor-align-center elementor-mobile-align-justify elementor-widget__width-initial elementor-widget elementor-widget-button\" data-id=\"fd05590\" data-element_type=\"widget\" data-widget_type=\"button.default\">\n\t\t\t\t<div class=\"elementor-widget-container\">\n\t\t\t\t\t\t\t\t\t<div class=\"elementor-button-wrapper\">\n\t\t\t\t\t<a class=\"elementor-button elementor-button-link elementor-size-xs\" href=\"https:\/\/www.todsystem.com\/fr\/contacts\/\">\n\t\t\t\t\t\t<span class=\"elementor-button-content-wrapper\">\n\t\t\t\t\t\t<span class=\"elementor-button-icon\">\n\t\t\t\t<svg aria-hidden=\"true\" class=\"e-font-icon-svg e-fas-chevron-right\" viewbox=\"0 0 320 512\" xmlns=\"http:\/\/www.w3.org\/2000\/svg\"><path d=\"M285.476 272.971L91.132 467.314c-9.373 9.373-24.569 9.373-33.941 0l-22.667-22.667c-9.357-9.357-9.375-24.522-.04-33.901L188.505 256 34.484 101.255c-9.335-9.379-9.317-24.544.04-33.901l22.667-22.667c9.373-9.373 24.569-9.373 33.941 0L285.475 239.03c9.373 9.372 9.373 24.568.001 33.941z\"><\/path><\/svg>\t\t\t<\/span>\n\t\t\t\t\t\t\t\t\t<span class=\"elementor-button-text\">Prendre contact<\/span>\n\t\t\t\t\t<\/span>\n\t\t\t\t\t<\/a>\n\t\t\t\t<\/div>\n\t\t\t\t\t\t\t\t<\/div>\n\t\t\t\t<\/div>\n\t\t\t\t\t<\/div>\n\t\t<\/div>\n\t\t\t\t\t<\/div>\n\t\t<\/section>\n\t\t\t\t<section class=\"elementor-section elementor-top-section elementor-element elementor-element-149dd9d elementor-section-boxed elementor-section-height-default elementor-section-height-default\" data-id=\"149dd9d\" data-element_type=\"section\">\n\t\t\t\t\t\t<div class=\"elementor-container elementor-column-gap-default\">\n\t\t\t\t\t<div class=\"elementor-column elementor-col-66 elementor-top-column elementor-element elementor-element-5a4bd63\" data-id=\"5a4bd63\" data-element_type=\"column\">\n\t\t\t<div class=\"elementor-widget-wrap elementor-element-populated\">\n\t\t\t\t\t\t<div class=\"elementor-element elementor-element-2bc460c elementor-widget elementor-widget-spacer\" data-id=\"2bc460c\" data-element_type=\"widget\" data-widget_type=\"spacer.default\">\n\t\t\t\t<div class=\"elementor-widget-container\">\n\t\t\t\t\t\t\t<div class=\"elementor-spacer\">\n\t\t\t<div class=\"elementor-spacer-inner\"><\/div>\n\t\t<\/div>\n\t\t\t\t\t\t<\/div>\n\t\t\t\t<\/div>\n\t\t\t\t<div class=\"elementor-element elementor-element-4a79c67 elementor-widget elementor-widget-text-editor\" data-id=\"4a79c67\" data-element_type=\"widget\" data-widget_type=\"text-editor.default\">\n\t\t\t\t<div class=\"elementor-widget-container\">\n\t\t\t\t\t\t\t\t\t<h2 data-start=\"125\" data-end=\"201\">Solutions de palettisation robotis\u00e9e : l'innovation au service de la logistique<\/h2><h3 data-start=\"203\" data-end=\"251\">Automatisation intelligente de la logistique<\/h3><p class=\"\" data-start=\"252\" data-end=\"860\">Les solutions de palettisation et de d\u00e9palettisation bas\u00e9es sur des robots collaboratifs repr\u00e9sentent une innovation majeure pour l'automatisation des processus logistiques et de production. Gr\u00e2ce \u00e0 leur flexibilit\u00e9, leur s\u00e9curit\u00e9 et leur facilit\u00e9 d'utilisation, les robots collaboratifs (cobots) sont capables de manipuler des charges allant jusqu'\u00e0 30 kg, d'optimiser l'efficacit\u00e9 op\u00e9rationnelle et de r\u00e9duire l'effort physique des op\u00e9rateurs. Ces cobots, con\u00e7us pour travailler en \u00e9troite collaboration avec les humains, peuvent \u00eatre facilement int\u00e9gr\u00e9s dans les environnements de travail existants sans n\u00e9cessiter de changements structurels importants.<\/p><h3 data-start=\"862\" data-end=\"905\">Avantages des solutions robotiques<\/h3><p class=\"\" data-start=\"906\" data-end=\"1559\">Les op\u00e9rations de palettisation et de d\u00e9palettisation sont souvent r\u00e9p\u00e9titives, fatigantes et vuln\u00e9rables aux erreurs humaines, avec un risque de fatigue pour les employ\u00e9s. L'introduction de cobots dans ces t\u00e2ches offre un certain nombre d'avantages op\u00e9rationnels. La pr\u00e9cision et la coh\u00e9rence accrues apport\u00e9es par les robots au fil du temps am\u00e9liorent la qualit\u00e9 du travail, r\u00e9duisent les temps de cycle et augmentent la productivit\u00e9 globale. En outre, gr\u00e2ce \u00e0 des capteurs avanc\u00e9s et \u00e0 des syst\u00e8mes de vision industrielle, les robots sont capables d'identifier et de pr\u00e9lever des produits avec une extr\u00eame pr\u00e9cision, en s'adaptant facilement \u00e0 diff\u00e9rentes configurations de palettes et \u00e0 diff\u00e9rents sch\u00e9mas de production.<\/p><h3 data-start=\"1561\" data-end=\"1599\">Les principaux avantages op\u00e9rationnels<\/h3><p class=\"\" data-start=\"1600\" data-end=\"2399\">Les solutions de palettisation robotis\u00e9e offrent de nombreux avantages aux entreprises. L'augmentation de la productivit\u00e9 est l'un des principaux avantages, car les cobots fonctionnent sans interruption, ce qui garantit un flux continu et fiable de mat\u00e9riaux. En outre, la flexibilit\u00e9 op\u00e9rationnelle des cobots leur permet de s'adapter rapidement \u00e0 de nouvelles configurations d'emballage et de manutention, gr\u00e2ce \u00e0 un processus de programmation intuitif. En termes de s\u00e9curit\u00e9, les cobots sont con\u00e7us pour travailler c\u00f4te \u00e0 c\u00f4te avec les op\u00e9rateurs sans n\u00e9cessiter de barri\u00e8res physiques, ce qui r\u00e9duit le risque d'accidents sur le lieu de travail. Un autre aspect important est le retour sur investissement (ROI), qui se produit rapidement gr\u00e2ce \u00e0 la r\u00e9duction des co\u00fbts d'exploitation et \u00e0 l'augmentation de l'efficacit\u00e9 des op\u00e9rations.<\/p>\t\t\t\t\t\t\t\t<\/div>\n\t\t\t\t<\/div>\n\t\t\t\t<div class=\"elementor-element elementor-element-04d4b2c elementor-widget elementor-widget-spacer\" data-id=\"04d4b2c\" data-element_type=\"widget\" data-widget_type=\"spacer.default\">\n\t\t\t\t<div class=\"elementor-widget-container\">\n\t\t\t\t\t\t\t<div class=\"elementor-spacer\">\n\t\t\t<div class=\"elementor-spacer-inner\"><\/div>\n\t\t<\/div>\n\t\t\t\t\t\t<\/div>\n\t\t\t\t<\/div>\n\t\t\t\t\t<\/div>\n\t\t<\/div>\n\t\t\t\t<div class=\"elementor-column elementor-col-33 elementor-top-column elementor-element elementor-element-bbf613e\" data-id=\"bbf613e\" data-element_type=\"column\">\n\t\t\t<div class=\"elementor-widget-wrap elementor-element-populated\">\n\t\t\t\t\t\t<div class=\"elementor-element elementor-element-6f173fa elementor-widget elementor-widget-image\" data-id=\"6f173fa\" data-element_type=\"widget\" data-widget_type=\"image.default\">\n\t\t\t\t<div class=\"elementor-widget-container\">\n\t\t\t\t\t\t\t\t\t\t\t\t\t\t\t<img fetchpriority=\"high\" decoding=\"async\" width=\"900\" height=\"1200\" src=\"https:\/\/www.todsystem.com\/wp-content\/uploads\/2025\/03\/palletizer-packing-line-in-a-logistics-warehouse-2025-01-10-04-55-49-utc.webp\" class=\"attachment-full size-full wp-image-18863\" alt=\"\" srcset=\"https:\/\/www.todsystem.com\/wp-content\/uploads\/2025\/03\/palletizer-packing-line-in-a-logistics-warehouse-2025-01-10-04-55-49-utc.webp 900w, https:\/\/www.todsystem.com\/wp-content\/uploads\/2025\/03\/palletizer-packing-line-in-a-logistics-warehouse-2025-01-10-04-55-49-utc-225x300.webp 225w, https:\/\/www.todsystem.com\/wp-content\/uploads\/2025\/03\/palletizer-packing-line-in-a-logistics-warehouse-2025-01-10-04-55-49-utc-768x1024.webp 768w, https:\/\/www.todsystem.com\/wp-content\/uploads\/2025\/03\/palletizer-packing-line-in-a-logistics-warehouse-2025-01-10-04-55-49-utc-9x12.webp 9w\" sizes=\"(max-width: 900px) 100vw, 900px\" \/>\t\t\t\t\t\t\t\t\t\t\t\t\t\t\t<\/div>\n\t\t\t\t<\/div>\n\t\t\t\t\t<\/div>\n\t\t<\/div>\n\t\t\t\t\t<\/div>\n\t\t<\/section>\n\t\t\t\t<section class=\"elementor-section elementor-top-section elementor-element elementor-element-de0c124 elementor-section-boxed elementor-section-height-default elementor-section-height-default\" data-id=\"de0c124\" data-element_type=\"section\">\n\t\t\t\t\t\t<div class=\"elementor-container elementor-column-gap-default\">\n\t\t\t\t\t<div class=\"elementor-column elementor-col-66 elementor-top-column elementor-element elementor-element-3e3464e\" data-id=\"3e3464e\" data-element_type=\"column\" data-settings=\"{&quot;background_background&quot;:&quot;classic&quot;}\">\n\t\t\t<div class=\"elementor-widget-wrap elementor-element-populated\">\n\t\t\t\t\t\t<div class=\"elementor-element elementor-element-264fa58 elementor-widget elementor-widget-heading\" data-id=\"264fa58\" data-element_type=\"widget\" data-widget_type=\"heading.default\">\n\t\t\t\t<div class=\"elementor-widget-container\">\n\t\t\t\t\t<p class=\"elementor-heading-title elementor-size-default\">En savoir plus sur la palettisation avec nos experts <\/p>\t\t\t\t<\/div>\n\t\t\t\t<\/div>\n\t\t\t\t\t<\/div>\n\t\t<\/div>\n\t\t\t\t<div class=\"elementor-column elementor-col-33 elementor-top-column elementor-element elementor-element-e209b5f\" data-id=\"e209b5f\" data-element_type=\"column\" data-settings=\"{&quot;background_background&quot;:&quot;classic&quot;}\">\n\t\t\t<div class=\"elementor-widget-wrap elementor-element-populated\">\n\t\t\t\t\t\t<div class=\"elementor-element elementor-element-12d487a elementor-align-center elementor-mobile-align-justify elementor-widget__width-initial elementor-widget elementor-widget-button\" data-id=\"12d487a\" data-element_type=\"widget\" data-widget_type=\"button.default\">\n\t\t\t\t<div class=\"elementor-widget-container\">\n\t\t\t\t\t\t\t\t\t<div class=\"elementor-button-wrapper\">\n\t\t\t\t\t<a class=\"elementor-button elementor-button-link elementor-size-xs\" href=\"https:\/\/calendly.com\/todsystem\/call\" target=\"_blank\" rel=\"noopener\">\n\t\t\t\t\t\t<span class=\"elementor-button-content-wrapper\">\n\t\t\t\t\t\t<span class=\"elementor-button-icon\">\n\t\t\t\t<svg aria-hidden=\"true\" class=\"e-font-icon-svg e-fas-chevron-right\" viewbox=\"0 0 320 512\" xmlns=\"http:\/\/www.w3.org\/2000\/svg\"><path d=\"M285.476 272.971L91.132 467.314c-9.373 9.373-24.569 9.373-33.941 0l-22.667-22.667c-9.357-9.357-9.375-24.522-.04-33.901L188.505 256 34.484 101.255c-9.335-9.379-9.317-24.544.04-33.901l22.667-22.667c9.373-9.373 24.569-9.373 33.941 0L285.475 239.03c9.373 9.372 9.373 24.568.001 33.941z\"><\/path><\/svg>\t\t\t<\/span>\n\t\t\t\t\t\t\t\t\t<span class=\"elementor-button-text\">R\u00e9server une consultation<\/span>\n\t\t\t\t\t<\/span>\n\t\t\t\t\t<\/a>\n\t\t\t\t<\/div>\n\t\t\t\t\t\t\t\t<\/div>\n\t\t\t\t<\/div>\n\t\t\t\t\t<\/div>\n\t\t<\/div>\n\t\t\t\t\t<\/div>\n\t\t<\/section>\n\t\t\t\t<section class=\"elementor-section elementor-top-section elementor-element elementor-element-20d4ba1 elementor-section-boxed elementor-section-height-default elementor-section-height-default\" data-id=\"20d4ba1\" data-element_type=\"section\">\n\t\t\t\t\t\t<div class=\"elementor-container elementor-column-gap-default\">\n\t\t\t\t\t<div class=\"elementor-column elementor-col-33 elementor-top-column elementor-element elementor-element-c4622f2\" data-id=\"c4622f2\" data-element_type=\"column\">\n\t\t\t<div class=\"elementor-widget-wrap elementor-element-populated\">\n\t\t\t\t\t\t<div class=\"elementor-element elementor-element-ea4e3e1 elementor-widget elementor-widget-image\" data-id=\"ea4e3e1\" data-element_type=\"widget\" data-widget_type=\"image.default\">\n\t\t\t\t<div class=\"elementor-widget-container\">\n\t\t\t\t\t\t\t\t\t\t\t\t\t\t\t<img decoding=\"async\" width=\"1200\" height=\"675\" src=\"https:\/\/www.todsystem.com\/wp-content\/uploads\/2025\/03\/factory-automation-with-agv-and-robotic-arm-in-tra-2025-03-12-01-24-09-utc.webp\" class=\"attachment-full size-full wp-image-18864\" alt=\"\" srcset=\"https:\/\/www.todsystem.com\/wp-content\/uploads\/2025\/03\/factory-automation-with-agv-and-robotic-arm-in-tra-2025-03-12-01-24-09-utc.webp 1200w, https:\/\/www.todsystem.com\/wp-content\/uploads\/2025\/03\/factory-automation-with-agv-and-robotic-arm-in-tra-2025-03-12-01-24-09-utc-300x169.webp 300w, https:\/\/www.todsystem.com\/wp-content\/uploads\/2025\/03\/factory-automation-with-agv-and-robotic-arm-in-tra-2025-03-12-01-24-09-utc-1024x576.webp 1024w, https:\/\/www.todsystem.com\/wp-content\/uploads\/2025\/03\/factory-automation-with-agv-and-robotic-arm-in-tra-2025-03-12-01-24-09-utc-768x432.webp 768w, https:\/\/www.todsystem.com\/wp-content\/uploads\/2025\/03\/factory-automation-with-agv-and-robotic-arm-in-tra-2025-03-12-01-24-09-utc-18x10.webp 18w\" sizes=\"(max-width: 1200px) 100vw, 1200px\" \/>\t\t\t\t\t\t\t\t\t\t\t\t\t\t\t<\/div>\n\t\t\t\t<\/div>\n\t\t\t\t\t<\/div>\n\t\t<\/div>\n\t\t\t\t<div class=\"elementor-column elementor-col-66 elementor-top-column elementor-element elementor-element-f458b5b\" data-id=\"f458b5b\" data-element_type=\"column\">\n\t\t\t<div class=\"elementor-widget-wrap elementor-element-populated\">\n\t\t\t\t\t\t<div class=\"elementor-element elementor-element-973f1f1 elementor-widget elementor-widget-spacer\" data-id=\"973f1f1\" data-element_type=\"widget\" data-widget_type=\"spacer.default\">\n\t\t\t\t<div class=\"elementor-widget-container\">\n\t\t\t\t\t\t\t<div class=\"elementor-spacer\">\n\t\t\t<div class=\"elementor-spacer-inner\"><\/div>\n\t\t<\/div>\n\t\t\t\t\t\t<\/div>\n\t\t\t\t<\/div>\n\t\t\t\t<div class=\"elementor-element elementor-element-0e6b1cd elementor-widget elementor-widget-text-editor\" data-id=\"0e6b1cd\" data-element_type=\"widget\" data-widget_type=\"text-editor.default\">\n\t\t\t\t<div class=\"elementor-widget-container\">\n\t\t\t\t\t\t\t\t\t<h3 data-start=\"2401\" data-end=\"2444\">Applications dans les secteurs industriels<\/h3><p class=\"\" data-start=\"2445\" data-end=\"3112\">Les solutions de palettisation et de d\u00e9palettisation trouvent des applications dans un large \u00e9ventail de secteurs, notamment l'agroalimentaire, l'industrie pharmaceutique, le commerce \u00e9lectronique et l'industrie manufacturi\u00e8re. Les robots collaboratifs peuvent manipuler diff\u00e9rents formats d'emballage, notamment des bo\u00eetes, des sacs, des f\u00fbts et d'autres conteneurs, am\u00e9liorant ainsi la logistique interne et optimisant la gestion des stocks. Dans le secteur du commerce \u00e9lectronique en particulier, o\u00f9 la rapidit\u00e9 et la fiabilit\u00e9 des op\u00e9rations sont cruciales, l'automatisation des robots permet de manipuler de grands volumes de produits avec pr\u00e9cision et rapidit\u00e9, r\u00e9pondant ainsi aux besoins du march\u00e9 de mani\u00e8re dynamique et efficace.<\/p><h3 data-start=\"3114\" data-end=\"3180\">Investir dans des robots collaboratifs pour am\u00e9liorer l'efficacit\u00e9 des entreprises<\/h3><p class=\"\" data-start=\"3181\" data-end=\"3668\">Investir dans des solutions robotiques pour la manutention de charges allant jusqu'\u00e0 30 kg n'est pas seulement un choix technologique, c'est aussi une strat\u00e9gie pour garantir la comp\u00e9titivit\u00e9 et l'innovation. Les robots offrent aux entreprises la possibilit\u00e9 d'optimiser les processus commerciaux de mani\u00e8re s\u00fbre, efficace et \u00e9volutive. L'adoption de cette technologie avanc\u00e9e permet de relever plus efficacement les d\u00e9fis logistiques, de r\u00e9duire les co\u00fbts et d'accro\u00eetre l'adaptabilit\u00e9 aux besoins du march\u00e9.<\/p>\t\t\t\t\t\t\t\t<\/div>\n\t\t\t\t<\/div>\n\t\t\t\t\t<\/div>\n\t\t<\/div>\n\t\t\t\t\t<\/div>\n\t\t<\/section>\n\t\t\t\t<\/div>","protected":false},"excerpt":{"rendered":"<p>Palettisation Automatisation intelligente pour une logistique sans limite : Solutions robotiques pour la palettisation et la d\u00e9palettisation Get in Touch Solutions de palettisation robotis\u00e9e : Innovation dans la logistique Automatisation intelligente pour la logistique Les solutions de palettisation et de d\u00e9palettisation bas\u00e9es sur des robots collaboratifs repr\u00e9sentent une innovation majeure pour l'automatisation des processus logistiques et de production. Gr\u00e2ce \u00e0 leur flexibilit\u00e9, leur s\u00e9curit\u00e9 et leur ... <a title=\"Palettisation\" class=\"read-more\" href=\"https:\/\/www.todsystem.com\/fr\/palettisation\/\" aria-label=\"En savoir plus sur Palettisation\">Lire la suite<\/a><\/p>","protected":false},"author":1,"featured_media":0,"parent":0,"menu_order":0,"comment_status":"closed","ping_status":"closed","template":"elementor_header_footer","meta":{"footnotes":""},"class_list":["post-18440","page","type-page","status-publish"],"_links":{"self":[{"href":"https:\/\/www.todsystem.com\/fr\/wp-json\/wp\/v2\/pages\/18440","targetHints":{"allow":["GET"]}}],"collection":[{"href":"https:\/\/www.todsystem.com\/fr\/wp-json\/wp\/v2\/pages"}],"about":[{"href":"https:\/\/www.todsystem.com\/fr\/wp-json\/wp\/v2\/types\/page"}],"author":[{"embeddable":true,"href":"https:\/\/www.todsystem.com\/fr\/wp-json\/wp\/v2\/users\/1"}],"replies":[{"embeddable":true,"href":"https:\/\/www.todsystem.com\/fr\/wp-json\/wp\/v2\/comments?post=18440"}],"version-history":[{"count":32,"href":"https:\/\/www.todsystem.com\/fr\/wp-json\/wp\/v2\/pages\/18440\/revisions"}],"predecessor-version":[{"id":19064,"href":"https:\/\/www.todsystem.com\/fr\/wp-json\/wp\/v2\/pages\/18440\/revisions\/19064"}],"wp:attachment":[{"href":"https:\/\/www.todsystem.com\/fr\/wp-json\/wp\/v2\/media?parent=18440"}],"curies":[{"name":"wp","href":"https:\/\/api.w.org\/{rel}","templated":true}]}}