{"id":15882,"date":"2023-09-28T08:08:12","date_gmt":"2023-09-28T07:08:12","guid":{"rendered":"https:\/\/www.todsystem.com\/?page_id=15882"},"modified":"2024-09-04T15:25:18","modified_gmt":"2024-09-04T14:25:18","slug":"tod-mes","status":"publish","type":"page","link":"https:\/\/www.todsystem.com\/fr\/tod-mes\/","title":{"rendered":"TOD MES"},"content":{"rendered":"<div data-elementor-type=\"wp-page\" data-elementor-id=\"15882\" class=\"elementor elementor-15882\" data-elementor-post-type=\"page\">\n\t\t\t\t\t\t<section class=\"elementor-section elementor-top-section elementor-element elementor-element-87c4982 elementor-section-height-min-height elementor-section-boxed elementor-section-height-default elementor-section-items-middle\" data-id=\"87c4982\" data-element_type=\"section\" data-settings=\"{&quot;background_background&quot;:&quot;classic&quot;}\">\n\t\t\t\t\t\t\t<div class=\"elementor-background-overlay\"><\/div>\n\t\t\t\t\t\t\t<div class=\"elementor-container elementor-column-gap-default\">\n\t\t\t\t\t<div class=\"elementor-column elementor-col-100 elementor-top-column elementor-element elementor-element-dddf0cf\" data-id=\"dddf0cf\" data-element_type=\"column\">\n\t\t\t<div class=\"elementor-widget-wrap elementor-element-populated\">\n\t\t\t\t\t\t<div class=\"elementor-element elementor-element-801cb8c elementor-widget elementor-widget-heading\" data-id=\"801cb8c\" data-element_type=\"widget\" data-widget_type=\"heading.default\">\n\t\t\t\t<div class=\"elementor-widget-container\">\n\t\t\t\t\t<h1 class=\"elementor-heading-title elementor-size-default\">TOD MES<\/h1>\t\t\t\t<\/div>\n\t\t\t\t<\/div>\n\t\t\t\t<div class=\"elementor-element elementor-element-215e7aa elementor-widget elementor-widget-heading\" data-id=\"215e7aa\" data-element_type=\"widget\" data-widget_type=\"heading.default\">\n\t\t\t\t<div class=\"elementor-widget-container\">\n\t\t\t\t\t<h3 class=\"elementor-heading-title elementor-size-default\">MES et IIoT : la synth\u00e8se parfaite pour une fabrication intelligente<\/h3>\t\t\t\t<\/div>\n\t\t\t\t<\/div>\n\t\t\t\t<div class=\"elementor-element elementor-element-fd05590 elementor-align-center elementor-mobile-align-justify elementor-widget__width-initial elementor-widget elementor-widget-button\" data-id=\"fd05590\" data-element_type=\"widget\" data-widget_type=\"button.default\">\n\t\t\t\t<div class=\"elementor-widget-container\">\n\t\t\t\t\t\t\t\t\t<div class=\"elementor-button-wrapper\">\n\t\t\t\t\t<a class=\"elementor-button elementor-button-link elementor-size-xs\" href=\"https:\/\/www.todsystem.com\/fr\/contacts\/\">\n\t\t\t\t\t\t<span class=\"elementor-button-content-wrapper\">\n\t\t\t\t\t\t<span class=\"elementor-button-icon\">\n\t\t\t\t<i aria-hidden=\"true\" class=\"icon icon-right-arrow\"><\/i>\t\t\t<\/span>\n\t\t\t\t\t\t\t\t\t<span class=\"elementor-button-text\">Prendre contact<\/span>\n\t\t\t\t\t<\/span>\n\t\t\t\t\t<\/a>\n\t\t\t\t<\/div>\n\t\t\t\t\t\t\t\t<\/div>\n\t\t\t\t<\/div>\n\t\t\t\t\t<\/div>\n\t\t<\/div>\n\t\t\t\t\t<\/div>\n\t\t<\/section>\n\t\t\t\t<section class=\"elementor-section elementor-top-section elementor-element elementor-element-9ac7174 elementor-section-boxed elementor-section-height-default elementor-section-height-default\" data-id=\"9ac7174\" data-element_type=\"section\">\n\t\t\t\t\t\t<div class=\"elementor-container elementor-column-gap-default\">\n\t\t\t\t\t<div class=\"elementor-column elementor-col-100 elementor-top-column elementor-element elementor-element-fb3c657\" data-id=\"fb3c657\" data-element_type=\"column\">\n\t\t\t<div class=\"elementor-widget-wrap elementor-element-populated\">\n\t\t\t\t\t\t<div class=\"elementor-element elementor-element-c2340a7 elementor-widget elementor-widget-text-editor\" data-id=\"c2340a7\" data-element_type=\"widget\" data-widget_type=\"text-editor.default\">\n\t\t\t\t<div class=\"elementor-widget-container\">\n\t\t\t\t\t\t\t\t\t<p><b>Dans le contexte de l'industrie moderne, l'efficacit\u00e9 op\u00e9rationnelle et la visibilit\u00e9 des processus sont devenues essentielles pour rester comp\u00e9titif. Deux technologies sont en train de r\u00e9volutionner la fabrication : le syst\u00e8me d'ex\u00e9cution de la fabrication (MES) et l'Internet industriel des objets (IIoT). Dans cet article, nous allons explorer comment l'int\u00e9gration du MES et de l'IIoT contribue \u00e0 transformer la fabrication industrielle, en permettant aux entreprises d'optimiser les processus, d'am\u00e9liorer la qualit\u00e9 et de prendre des d\u00e9cisions plus \u00e9clair\u00e9es.<br \/><\/b><\/p><p><b>Qu'est-ce que la GSE et comment fonctionne-t-elle ?<\/b><\/p><p>Le Manufacturing Execution System (MES) est un syst\u00e8me informatis\u00e9 qui relie la planification de l'entreprise \u00e0 l'automatisation des op\u00e9rations de fabrication. Ce syst\u00e8me est con\u00e7u pour offrir un contr\u00f4le et une visibilit\u00e9 complets des processus de production, de la commande initiale \u00e0 la livraison du produit fini. Le MES aide les entreprises \u00e0 planifier, contr\u00f4ler et ex\u00e9cuter efficacement la production, tout en garantissant la conformit\u00e9 aux r\u00e9glementations et la qualit\u00e9 des produits.<\/p><p><b>L'IIoT et son impact sur l'industrie<\/b><\/p><p>L'Internet industriel des objets (IIoT) repr\u00e9sente l'int\u00e9gration de dispositifs intelligents, de capteurs et de la connectivit\u00e9 Internet dans l'environnement industriel. Ces dispositifs collectent des donn\u00e9es en temps r\u00e9el provenant de machines, de processus et d'usines et les transmettent \u00e0 des syst\u00e8mes centralis\u00e9s \u00e0 des fins d'analyse. L'IIoT est au c\u0153ur de la transformation num\u00e9rique de l'industrie car il offre une \u00e9norme quantit\u00e9 de donn\u00e9es qui peuvent \u00eatre exploit\u00e9es pour am\u00e9liorer la production et prendre des d\u00e9cisions \u00e9clair\u00e9es.<\/p><p><b>L'int\u00e9gration du MES et de l'IIoT : principaux avantages<\/b><\/p><ol><li aria-level=\"1\"><b>Visibilit\u00e9 en temps r\u00e9el<\/b>L'IIoT : L'IIoT fournit des donn\u00e9es en temps r\u00e9el provenant de capteurs et d'appareils, tandis que le MES les int\u00e8gre \u00e0 la planification de la production. Cette synchronisation offre une visibilit\u00e9 compl\u00e8te des processus en temps r\u00e9el, permettant une gestion plus r\u00e9active.<\/li><li aria-level=\"1\"><b>Contr\u00f4le de la qualit\u00e9<\/b>Les donn\u00e9es IIoT peuvent \u00eatre utilis\u00e9es pour le contr\u00f4le continu de la qualit\u00e9 pendant la production. Si des anomalies sont d\u00e9tect\u00e9es, le syst\u00e8me MES peut d\u00e9clencher des alarmes et mettre en \u0153uvre des actions correctives.<\/li><li aria-level=\"1\"><b>Planification actualis\u00e9e<\/b>L'IIoT fournit des donn\u00e9es de production actualis\u00e9es, ce qui permet au syst\u00e8me MES d'apporter des modifications \u00e0 la planification en fonction des conditions actuelles. Cela permet d'optimiser l'utilisation des ressources et de r\u00e9duire les d\u00e9chets.<\/li><li aria-level=\"1\"><b>Maintenance pr\u00e9dictive<\/b>L'IIoT peut fournir des donn\u00e9es sur la sant\u00e9 des machines. Le MES peut utiliser ces informations pour programmer la maintenance pr\u00e9ventive, r\u00e9duisant ainsi les temps d'arr\u00eat non planifi\u00e9s.<\/li><\/ol><p><b>Cas r\u00e9ussis<\/b><\/p><p>De nombreuses entreprises exploitent d\u00e9j\u00e0 avec succ\u00e8s l'int\u00e9gration du MES et de l'IIoT. Par exemple, un fabricant de produits \u00e9lectroniques a mis en place un syst\u00e8me MES qui s'int\u00e8gre aux donn\u00e9es IIoT de ses installations de production. Cette int\u00e9gration a permis d'am\u00e9liorer la qualit\u00e9 des produits, de r\u00e9duire les co\u00fbts de production et d'accro\u00eetre l'efficacit\u00e9 op\u00e9rationnelle.<\/p><p><b>Conclusions<\/b><\/p><p>L'int\u00e9gration du MES et de l'IIoT repr\u00e9sente une \u00e9tape importante dans la transformation num\u00e9rique de l'industrie manufacturi\u00e8re. Cette combinaison offre une visibilit\u00e9 en temps r\u00e9el, am\u00e9liore la qualit\u00e9 des produits, optimise la planification et permet une maintenance plus efficace. Pour rester comp\u00e9titives dans l'industrie d'aujourd'hui, les entreprises devraient s\u00e9rieusement envisager d'adopter cette puissante synergie entre MES et IIoT. Avec une production plus intelligente, il est possible d'atteindre une plus grande efficacit\u00e9 op\u00e9rationnelle et d'am\u00e9liorer la satisfaction des clients, ce qui ouvre la voie \u00e0 la r\u00e9ussite future.<\/p>\t\t\t\t\t\t\t\t<\/div>\n\t\t\t\t<\/div>\n\t\t\t\t\t<\/div>\n\t\t<\/div>\n\t\t\t\t\t<\/div>\n\t\t<\/section>\n\t\t\t\t<\/div>","protected":false},"excerpt":{"rendered":"<p>TOD MES MES et IIoT : la synth\u00e8se parfaite pour une fabrication intelligente Prenez contact Dans le contexte de l'industrie moderne, l'efficacit\u00e9 op\u00e9rationnelle et la visibilit\u00e9 des processus sont devenues essentielles pour rester comp\u00e9titif. Deux technologies qui r\u00e9volutionnent la fabrication sont le syst\u00e8me d'ex\u00e9cution de la fabrication (MES) et l'Internet industriel des objets (IIoT). Dans cet article, ... <a title=\"TOD MES\" class=\"read-more\" href=\"https:\/\/www.todsystem.com\/fr\/tod-mes\/\" aria-label=\"En savoir plus sur TOD MES\">Lire la suite<\/a><\/p>","protected":false},"author":1,"featured_media":0,"parent":0,"menu_order":0,"comment_status":"closed","ping_status":"closed","template":"elementor_header_footer","meta":{"footnotes":""},"class_list":["post-15882","page","type-page","status-publish"],"_links":{"self":[{"href":"https:\/\/www.todsystem.com\/fr\/wp-json\/wp\/v2\/pages\/15882","targetHints":{"allow":["GET"]}}],"collection":[{"href":"https:\/\/www.todsystem.com\/fr\/wp-json\/wp\/v2\/pages"}],"about":[{"href":"https:\/\/www.todsystem.com\/fr\/wp-json\/wp\/v2\/types\/page"}],"author":[{"embeddable":true,"href":"https:\/\/www.todsystem.com\/fr\/wp-json\/wp\/v2\/users\/1"}],"replies":[{"embeddable":true,"href":"https:\/\/www.todsystem.com\/fr\/wp-json\/wp\/v2\/comments?post=15882"}],"version-history":[{"count":10,"href":"https:\/\/www.todsystem.com\/fr\/wp-json\/wp\/v2\/pages\/15882\/revisions"}],"predecessor-version":[{"id":17761,"href":"https:\/\/www.todsystem.com\/fr\/wp-json\/wp\/v2\/pages\/15882\/revisions\/17761"}],"wp:attachment":[{"href":"https:\/\/www.todsystem.com\/fr\/wp-json\/wp\/v2\/media?parent=15882"}],"curies":[{"name":"wp","href":"https:\/\/api.w.org\/{rel}","templated":true}]}}