{"id":15805,"date":"2023-09-27T16:35:37","date_gmt":"2023-09-27T15:35:37","guid":{"rendered":"https:\/\/www.todsystem.com\/?page_id=15805"},"modified":"2025-04-07T11:18:07","modified_gmt":"2025-04-07T10:18:07","slug":"open-innovation","status":"publish","type":"page","link":"https:\/\/www.todsystem.com\/fr\/linnovation-ouverte\/","title":{"rendered":"Innovation ouverte"},"content":{"rendered":"<div data-elementor-type=\"wp-page\" data-elementor-id=\"15805\" class=\"elementor elementor-15805\" data-elementor-post-type=\"page\">\n\t\t\t\t\t\t<section class=\"elementor-section elementor-top-section elementor-element elementor-element-c17766d elementor-section-height-min-height elementor-section-boxed elementor-section-height-default elementor-section-items-middle\" data-id=\"c17766d\" data-element_type=\"section\" data-settings=\"{&quot;background_background&quot;:&quot;classic&quot;}\">\n\t\t\t\t\t\t\t<div class=\"elementor-background-overlay\"><\/div>\n\t\t\t\t\t\t\t<div class=\"elementor-container elementor-column-gap-default\">\n\t\t\t\t\t<div class=\"elementor-column elementor-col-100 elementor-top-column elementor-element elementor-element-6c41efa\" data-id=\"6c41efa\" data-element_type=\"column\">\n\t\t\t<div class=\"elementor-widget-wrap elementor-element-populated\">\n\t\t\t\t\t\t<div class=\"elementor-element elementor-element-21cd75c elementor-widget elementor-widget-heading\" data-id=\"21cd75c\" data-element_type=\"widget\" data-widget_type=\"heading.default\">\n\t\t\t\t<div class=\"elementor-widget-container\">\n\t\t\t\t\t<h1 class=\"elementor-heading-title elementor-size-default\">L'INNOVATION OUVERTE<\/h1>\t\t\t\t<\/div>\n\t\t\t\t<\/div>\n\t\t\t\t<div class=\"elementor-element elementor-element-a11dcc7 elementor-widget elementor-widget-heading\" data-id=\"a11dcc7\" data-element_type=\"widget\" data-widget_type=\"heading.default\">\n\t\t\t\t<div class=\"elementor-widget-container\">\n\t\t\t\t\t<h3 class=\"elementor-heading-title elementor-size-default\">TOD System : l'avant-garde de l'innovation ouverte dans l'int\u00e9gration de la robotique collaborative et des solutions IIoT\n<\/h3>\t\t\t\t<\/div>\n\t\t\t\t<\/div>\n\t\t\t\t<div class=\"elementor-element elementor-element-579f2dd elementor-align-center elementor-mobile-align-justify elementor-widget__width-initial elementor-widget elementor-widget-button\" data-id=\"579f2dd\" data-element_type=\"widget\" data-widget_type=\"button.default\">\n\t\t\t\t<div class=\"elementor-widget-container\">\n\t\t\t\t\t\t\t\t\t<div class=\"elementor-button-wrapper\">\n\t\t\t\t\t<a class=\"elementor-button elementor-button-link elementor-size-xs\" href=\"https:\/\/www.todsystem.com\/fr\/contacts\/\">\n\t\t\t\t\t\t<span class=\"elementor-button-content-wrapper\">\n\t\t\t\t\t\t<span class=\"elementor-button-icon\">\n\t\t\t\t<i aria-hidden=\"true\" class=\"icon icon-right-arrow\"><\/i>\t\t\t<\/span>\n\t\t\t\t\t\t\t\t\t<span class=\"elementor-button-text\">Prendre contact<\/span>\n\t\t\t\t\t<\/span>\n\t\t\t\t\t<\/a>\n\t\t\t\t<\/div>\n\t\t\t\t\t\t\t\t<\/div>\n\t\t\t\t<\/div>\n\t\t\t\t\t<\/div>\n\t\t<\/div>\n\t\t\t\t\t<\/div>\n\t\t<\/section>\n\t\t\t\t<section class=\"elementor-section elementor-top-section elementor-element elementor-element-3551808 elementor-section-height-min-height elementor-section-boxed elementor-section-height-default elementor-section-items-middle\" data-id=\"3551808\" data-element_type=\"section\">\n\t\t\t\t\t\t<div class=\"elementor-container elementor-column-gap-default\">\n\t\t\t\t\t<div class=\"elementor-column elementor-col-100 elementor-top-column elementor-element elementor-element-1313f9d\" data-id=\"1313f9d\" data-element_type=\"column\">\n\t\t\t<div class=\"elementor-widget-wrap elementor-element-populated\">\n\t\t\t\t\t\t<div class=\"elementor-element elementor-element-24e9bb9 elementor-widget elementor-widget-heading\" data-id=\"24e9bb9\" data-element_type=\"widget\" data-widget_type=\"heading.default\">\n\t\t\t\t<div class=\"elementor-widget-container\">\n\t\t\t\t\t<h3 class=\"elementor-heading-title elementor-size-default\">Dans un monde de plus en plus interconnect\u00e9, l'innovation ouverte est devenue un moteur de l'\u00e9volution technologique. Chez TOD System, nous sommes fiers d'\u00eatre \u00e0 l'avant-garde de l'innovation ouverte dans l'int\u00e9gration de solutions de robotique collaborative et d'Internet industriel des objets (IIoT). Dans cet article, nous allons explorer les caract\u00e9ristiques cl\u00e9s de notre approche de l'innovation ouverte et la fa\u00e7on dont nous r\u00e9volutionnons l'industrie.<\/h3>\t\t\t\t<\/div>\n\t\t\t\t<\/div>\n\t\t\t\t\t<\/div>\n\t\t<\/div>\n\t\t\t\t\t<\/div>\n\t\t<\/section>\n\t\t\t\t<section class=\"elementor-section elementor-top-section elementor-element elementor-element-73eccf8 elementor-section-boxed elementor-section-height-default elementor-section-height-default\" data-id=\"73eccf8\" data-element_type=\"section\">\n\t\t\t\t\t\t<div class=\"elementor-container elementor-column-gap-default\">\n\t\t\t\t\t<div class=\"elementor-column elementor-col-100 elementor-top-column elementor-element elementor-element-0a2cf3a\" data-id=\"0a2cf3a\" data-element_type=\"column\">\n\t\t\t<div class=\"elementor-widget-wrap elementor-element-populated\">\n\t\t\t\t\t\t<div class=\"elementor-element elementor-element-3082bbe elementor-widget elementor-widget-text-editor\" data-id=\"3082bbe\" data-element_type=\"widget\" data-widget_type=\"text-editor.default\">\n\t\t\t\t<div class=\"elementor-widget-container\">\n\t\t\t\t\t\t\t\t\t<h2>L'innovation ouverte : notre philosophie de base<\/h2><p>L'innovation ouverte est une philosophie qui reconna\u00eet la valeur des id\u00e9es et de l'expertise en dehors des murs de l'entreprise. Nous pensons que l'innovation est un processus collaboratif et nous nous engageons \u00e0 travailler en \u00e9troite collaboration avec des partenaires externes, des institutions acad\u00e9miques et d'autres entreprises afin de poursuivre notre mission de transformation de l'industrie.<\/p><h2>Collaboration active avec les universit\u00e9s et les centres de recherche<\/h2><p>Chez TOD System, nous pensons que l'\u00e9ducation et la recherche sont les piliers de l'innovation. Nous collaborons activement avec des universit\u00e9s et des centres de recherche du monde entier pour acc\u00e9der aux esprits les plus brillants et aux derni\u00e8res d\u00e9couvertes dans les domaines de la robotique collaborative et de l'IIoT. Ces partenariats nous permettent de rester \u00e0 la pointe des technologies \u00e9mergentes.<\/p><h2>Hackathons et concours d'innovation<\/h2><p>Pour promouvoir la cr\u00e9ativit\u00e9 et l'innovation, nous organisons des hackathons et des concours d'innovation. Ces \u00e9v\u00e9nements invitent les d\u00e9veloppeurs, les ing\u00e9nieurs et les passionn\u00e9s \u00e0 partager leurs id\u00e9es et \u00e0 d\u00e9velopper des solutions de pointe. Les id\u00e9es les plus prometteuses peuvent \u00eatre int\u00e9gr\u00e9es \u00e0 nos activit\u00e9s de recherche et de d\u00e9veloppement.<\/p><h2>Collaborations avec des entreprises en phase de d\u00e9marrage<\/h2><p>Nous sommes toujours \u00e0 la recherche de start-ups aux id\u00e9es innovantes. Nous travaillons avec ces entreprises pour d\u00e9velopper de nouvelles solutions et acc\u00e9l\u00e9rer l'adoption de la robotique collaborative et des technologies IIoT. Les start-ups apportent une \u00e9nergie fra\u00eeche et de nouvelles perspectives, qui enrichissent notre approche de l'innovation ouverte.<\/p><h2>Communaut\u00e9 d'\u00e9change d'id\u00e9es en ligne<\/h2><p>Nous avons cr\u00e9\u00e9 une communaut\u00e9 en ligne o\u00f9 les professionnels, les universitaires et les passionn\u00e9s peuvent partager des id\u00e9es, des exp\u00e9riences et des bonnes pratiques. Ce forum sert de point de rencontre pour ceux qui partagent notre passion pour l'innovation dans la robotique collaborative et l'IIoT.<\/p><h2>Notre engagement pour l'avenir<\/h2><p>Chez TOD System, l'innovation ouverte fait partie de notre ADN. Nous croyons que c'est par la collaboration et le partage d'id\u00e9es que nous pouvons relever les d\u00e9fis les plus complexes de l'industrie moderne. Notre engagement envers l'innovation ouverte nous pousse \u00e0 cr\u00e9er des solutions de pointe qui sont pr\u00eates \u00e0 transformer l'industrie. Nous sommes pr\u00eats \u00e0 continuer \u00e0 travailler avec des partenaires et des collaborateurs du monde entier pour fa\u00e7onner un avenir de fabrication plus intelligent, plus efficace et plus durable.<\/p><p>Si vous partagez notre passion pour l'innovation ouverte dans le domaine de la robotique collaborative et de l'IIoT, nous vous invitons \u00e0 nous rejoindre dans ce voyage vers l'avenir. Ensemble, nous pouvons r\u00e9aliser des solutions qui changeront la fa\u00e7on dont le monde produit et se connecte.<\/p>\t\t\t\t\t\t\t\t<\/div>\n\t\t\t\t<\/div>\n\t\t\t\t\t<\/div>\n\t\t<\/div>\n\t\t\t\t\t<\/div>\n\t\t<\/section>\n\t\t\t\t<\/div>","protected":false},"excerpt":{"rendered":"<p>INNOVATION OUVERTE TOD System : L'avant-garde de l'innovation ouverte dans l'int\u00e9gration des solutions de robotique collaborative et d'IIoT Prenez contact Dans un monde de plus en plus interconnect\u00e9, l'innovation ouverte est devenue une force motrice de l'\u00e9volution technologique. Chez TOD System, nous sommes fiers d'\u00eatre \u00e0 l'avant-garde de l'innovation ouverte dans l'int\u00e9gration des solutions de robotique collaborative et d'Internet Industriel ... <a title=\"Innovation ouverte\" class=\"read-more\" href=\"https:\/\/www.todsystem.com\/fr\/linnovation-ouverte\/\" aria-label=\"En savoir plus sur Innovation ouverte\">Lire la suite<\/a><\/p>","protected":false},"author":1,"featured_media":0,"parent":0,"menu_order":0,"comment_status":"closed","ping_status":"closed","template":"elementor_header_footer","meta":{"footnotes":""},"class_list":["post-15805","page","type-page","status-publish"],"_links":{"self":[{"href":"https:\/\/www.todsystem.com\/fr\/wp-json\/wp\/v2\/pages\/15805","targetHints":{"allow":["GET"]}}],"collection":[{"href":"https:\/\/www.todsystem.com\/fr\/wp-json\/wp\/v2\/pages"}],"about":[{"href":"https:\/\/www.todsystem.com\/fr\/wp-json\/wp\/v2\/types\/page"}],"author":[{"embeddable":true,"href":"https:\/\/www.todsystem.com\/fr\/wp-json\/wp\/v2\/users\/1"}],"replies":[{"embeddable":true,"href":"https:\/\/www.todsystem.com\/fr\/wp-json\/wp\/v2\/comments?post=15805"}],"version-history":[{"count":22,"href":"https:\/\/www.todsystem.com\/fr\/wp-json\/wp\/v2\/pages\/15805\/revisions"}],"predecessor-version":[{"id":19107,"href":"https:\/\/www.todsystem.com\/fr\/wp-json\/wp\/v2\/pages\/15805\/revisions\/19107"}],"wp:attachment":[{"href":"https:\/\/www.todsystem.com\/fr\/wp-json\/wp\/v2\/media?parent=15805"}],"curies":[{"name":"wp","href":"https:\/\/api.w.org\/{rel}","templated":true}]}}