{"id":15577,"date":"2023-09-27T11:18:49","date_gmt":"2023-09-27T10:18:49","guid":{"rendered":"https:\/\/www.todsystem.com\/?page_id=15577"},"modified":"2025-04-07T11:40:53","modified_gmt":"2025-04-07T10:40:53","slug":"expertise","status":"publish","type":"page","link":"https:\/\/www.todsystem.com\/fr\/expertise\/","title":{"rendered":"Expertise"},"content":{"rendered":"<div data-elementor-type=\"wp-page\" data-elementor-id=\"15577\" class=\"elementor elementor-15577\" data-elementor-post-type=\"page\">\n\t\t\t\t\t\t<section class=\"elementor-section elementor-top-section elementor-element elementor-element-6894130 elementor-section-height-min-height elementor-section-boxed elementor-section-height-default elementor-section-items-middle\" data-id=\"6894130\" data-element_type=\"section\" data-settings=\"{&quot;background_background&quot;:&quot;classic&quot;}\">\n\t\t\t\t\t\t\t<div class=\"elementor-background-overlay\"><\/div>\n\t\t\t\t\t\t\t<div class=\"elementor-container elementor-column-gap-default\">\n\t\t\t\t\t<div class=\"elementor-column elementor-col-100 elementor-top-column elementor-element elementor-element-8558ff7\" data-id=\"8558ff7\" data-element_type=\"column\">\n\t\t\t<div class=\"elementor-widget-wrap elementor-element-populated\">\n\t\t\t\t\t\t<div class=\"elementor-element elementor-element-9faf603 elementor-widget elementor-widget-heading\" data-id=\"9faf603\" data-element_type=\"widget\" data-widget_type=\"heading.default\">\n\t\t\t\t<div class=\"elementor-widget-container\">\n\t\t\t\t\t<h1 class=\"elementor-heading-title elementor-size-default\">Expertise<\/h1>\t\t\t\t<\/div>\n\t\t\t\t<\/div>\n\t\t\t\t<div class=\"elementor-element elementor-element-e0602ec elementor-widget elementor-widget-text-editor\" data-id=\"e0602ec\" data-element_type=\"widget\" data-widget_type=\"text-editor.default\">\n\t\t\t\t<div class=\"elementor-widget-container\">\n\t\t\t\t\t\t\t\t\t<p>Syst\u00e8me TOD : Excellence dans les technologies d'avenir dans le monde de la robotique collaborative et de l'IIoT.<\/p>\t\t\t\t\t\t\t\t<\/div>\n\t\t\t\t<\/div>\n\t\t\t\t<div class=\"elementor-element elementor-element-e7ef2a5 elementor-align-center elementor-mobile-align-justify elementor-widget__width-initial elementor-widget elementor-widget-button\" data-id=\"e7ef2a5\" data-element_type=\"widget\" data-widget_type=\"button.default\">\n\t\t\t\t<div class=\"elementor-widget-container\">\n\t\t\t\t\t\t\t\t\t<div class=\"elementor-button-wrapper\">\n\t\t\t\t\t<a class=\"elementor-button elementor-button-link elementor-size-xs\" href=\"https:\/\/www.todsystem.com\/fr\/contacts\/\">\n\t\t\t\t\t\t<span class=\"elementor-button-content-wrapper\">\n\t\t\t\t\t\t<span class=\"elementor-button-icon\">\n\t\t\t\t<svg aria-hidden=\"true\" class=\"e-font-icon-svg e-fas-chevron-right\" viewbox=\"0 0 320 512\" xmlns=\"http:\/\/www.w3.org\/2000\/svg\"><path d=\"M285.476 272.971L91.132 467.314c-9.373 9.373-24.569 9.373-33.941 0l-22.667-22.667c-9.357-9.357-9.375-24.522-.04-33.901L188.505 256 34.484 101.255c-9.335-9.379-9.317-24.544.04-33.901l22.667-22.667c9.373-9.373 24.569-9.373 33.941 0L285.475 239.03c9.373 9.372 9.373 24.568.001 33.941z\"><\/path><\/svg>\t\t\t<\/span>\n\t\t\t\t\t\t\t\t\t<span class=\"elementor-button-text\">Prendre contact<\/span>\n\t\t\t\t\t<\/span>\n\t\t\t\t\t<\/a>\n\t\t\t\t<\/div>\n\t\t\t\t\t\t\t\t<\/div>\n\t\t\t\t<\/div>\n\t\t\t\t\t<\/div>\n\t\t<\/div>\n\t\t\t\t\t<\/div>\n\t\t<\/section>\n\t\t\t\t<section class=\"elementor-section elementor-top-section elementor-element elementor-element-87e5c87 elementor-section-height-min-height elementor-section-boxed elementor-section-height-default elementor-section-items-middle\" data-id=\"87e5c87\" data-element_type=\"section\">\n\t\t\t\t\t\t<div class=\"elementor-container elementor-column-gap-default\">\n\t\t\t\t\t<div class=\"elementor-column elementor-col-100 elementor-top-column elementor-element elementor-element-6a53e95\" data-id=\"6a53e95\" data-element_type=\"column\">\n\t\t\t<div class=\"elementor-widget-wrap elementor-element-populated\">\n\t\t\t\t\t\t<div class=\"elementor-element elementor-element-992010f elementor-widget elementor-widget-heading\" data-id=\"992010f\" data-element_type=\"widget\" data-widget_type=\"heading.default\">\n\t\t\t\t<div class=\"elementor-widget-container\">\n\t\t\t\t\t<h3 class=\"elementor-heading-title elementor-size-default\">L'innovation est au c\u0153ur de tout ce que nous faisons chez TOD System. Notre mission est de faire entrer l'industrie dans le futur, en tirant le meilleur parti des technologies \u00e9mergentes dans les domaines de la robotique collaborative et de l'IoT industriel. <\/h3>\t\t\t\t<\/div>\n\t\t\t\t<\/div>\n\t\t\t\t<div class=\"elementor-element elementor-element-b9d629c elementor-widget elementor-widget-text-editor\" data-id=\"b9d629c\" data-element_type=\"widget\" data-widget_type=\"text-editor.default\">\n\t\t\t\t<div class=\"elementor-widget-container\">\n\t\t\t\t\t\t\t\t\tChez TOD System, nous croyons que l'innovation est le moteur du progr\u00e8s. Nous sommes fiers de notre expertise dans les technologies du futur, et nous nous engageons \u00e0 partager ces connaissances avec vous pour contribuer \u00e0 votre croissance et \u00e0 votre succ\u00e8s. Contactez-nous pour savoir comment nous pouvons travailler ensemble pour r\u00e9aliser vos ambitions de transformation num\u00e9rique. Nous sommes pr\u00eats \u00e0 construire l'avenir ensemble. \t\t\t\t\t\t\t\t<\/div>\n\t\t\t\t<\/div>\n\t\t\t\t\t<\/div>\n\t\t<\/div>\n\t\t\t\t\t<\/div>\n\t\t<\/section>\n\t\t\t\t<section class=\"elementor-section elementor-top-section elementor-element elementor-element-baeaf5d elementor-section-boxed elementor-section-height-default elementor-section-height-default\" data-id=\"baeaf5d\" data-element_type=\"section\">\n\t\t\t\t\t\t<div class=\"elementor-container elementor-column-gap-default\">\n\t\t\t\t\t<div class=\"elementor-column elementor-col-33 elementor-top-column elementor-element elementor-element-7a03da7\" data-id=\"7a03da7\" data-element_type=\"column\">\n\t\t\t<div class=\"elementor-widget-wrap elementor-element-populated\">\n\t\t\t\t\t\t<div class=\"elementor-element elementor-element-bbf6ff8 elementor-cta--layout-image-above elementor-cta--valign-top elementor-cta--mobile-layout-image-above elementor-cta--skin-classic elementor-widget elementor-widget-call-to-action\" data-id=\"bbf6ff8\" data-element_type=\"widget\" data-widget_type=\"call-to-action.default\">\n\t\t\t\t<div class=\"elementor-widget-container\">\n\t\t\t\t\t\t\t<div class=\"elementor-cta\">\n\t\t\t\t\t<div class=\"elementor-cta__bg-wrapper\">\n\t\t\t\t<div class=\"elementor-cta__bg elementor-bg\" style=\"background-image: url(https:\/\/www.todsystem.com\/wp-content\/uploads\/2023\/07\/applicazioni-tod-system.webp);\" role=\"img\" aria-label=\"applications du syst\u00e8me tod\"><\/div>\n\t\t\t\t<div class=\"elementor-cta__bg-overlay\"><\/div>\n\t\t\t<\/div>\n\t\t\t\t\t\t\t<div class=\"elementor-cta__content\">\n\t\t\t\t\n\t\t\t\t\t\t\t\t\t<h3 class=\"elementor-cta__title elementor-cta__content-item elementor-content-item\">\n\t\t\t\t\t\tRobotique collaborative : transformer l'industrie manufacturi\u00e8re\t\t\t\t\t<\/h3>\n\t\t\t\t\n\t\t\t\t\t\t\t\t\t<div class=\"elementor-cta__description elementor-cta__content-item elementor-content-item\">\n\t\t\t\t\t\tLa robotique collaborative, ou cobotique, est au c\u0153ur de notre activit\u00e9. Nous disposons de l'expertise n\u00e9cessaire pour int\u00e9grer les cobots dans les processus de production existants. Nos syst\u00e8mes de robotique collaborative permettent une synergie sans effort entre les op\u00e9rateurs humains et les robots, am\u00e9liorant ainsi l'efficacit\u00e9, la pr\u00e9cision et la s\u00e9curit\u00e9 sur le lieu de travail.\t\t\t\t\t<\/div>\n\t\t\t\t\n\t\t\t\t\t\t\t<\/div>\n\t\t\t\t\t\t<\/div>\n\t\t\t\t\t\t<\/div>\n\t\t\t\t<\/div>\n\t\t\t\t\t<\/div>\n\t\t<\/div>\n\t\t\t\t<div class=\"elementor-column elementor-col-33 elementor-top-column elementor-element elementor-element-fcecfba\" data-id=\"fcecfba\" data-element_type=\"column\">\n\t\t\t<div class=\"elementor-widget-wrap elementor-element-populated\">\n\t\t\t\t\t\t<div class=\"elementor-element elementor-element-4d7ea09 elementor-cta--layout-image-above elementor-cta--valign-top elementor-cta--mobile-layout-image-above elementor-cta--skin-classic elementor-widget elementor-widget-call-to-action\" data-id=\"4d7ea09\" data-element_type=\"widget\" data-widget_type=\"call-to-action.default\">\n\t\t\t\t<div class=\"elementor-widget-container\">\n\t\t\t\t\t\t\t<div class=\"elementor-cta\">\n\t\t\t\t\t<div class=\"elementor-cta__bg-wrapper\">\n\t\t\t\t<div class=\"elementor-cta__bg elementor-bg\" style=\"background-image: url(https:\/\/www.todsystem.com\/wp-content\/uploads\/2023\/09\/Progettazione-Preliminare-5.webp);\" role=\"img\" aria-label=\"Avant-projet sommaire 5\"><\/div>\n\t\t\t\t<div class=\"elementor-cta__bg-overlay\"><\/div>\n\t\t\t<\/div>\n\t\t\t\t\t\t\t<div class=\"elementor-cta__content\">\n\t\t\t\t\n\t\t\t\t\t\t\t\t\t<h3 class=\"elementor-cta__title elementor-cta__content-item elementor-content-item\">\n\t\t\t\t\t\tIIoT : des donn\u00e9es en temps r\u00e9el pour des d\u00e9cisions \u00e9clair\u00e9es\t\t\t\t\t<\/h3>\n\t\t\t\t\n\t\t\t\t\t\t\t\t\t<div class=\"elementor-cta__description elementor-cta__content-item elementor-content-item\">\n\t\t\t\t\t\tL'Internet industriel des objets (IIoT) est crucial pour la surveillance et le contr\u00f4le des processus industriels. Nous utilisons l'IIoT pour collecter et analyser les donn\u00e9es en temps r\u00e9el de vos usines, ce qui permet de prendre des d\u00e9cisions fond\u00e9es sur des donn\u00e9es probantes, d'assurer une maintenance pr\u00e9dictive et d'optimiser les ressources.\t\t\t\t\t<\/div>\n\t\t\t\t\n\t\t\t\t\t\t\t<\/div>\n\t\t\t\t\t\t<\/div>\n\t\t\t\t\t\t<\/div>\n\t\t\t\t<\/div>\n\t\t\t\t\t<\/div>\n\t\t<\/div>\n\t\t\t\t<div class=\"elementor-column elementor-col-33 elementor-top-column elementor-element elementor-element-6b04e7e\" data-id=\"6b04e7e\" data-element_type=\"column\">\n\t\t\t<div class=\"elementor-widget-wrap elementor-element-populated\">\n\t\t\t\t\t\t<div class=\"elementor-element elementor-element-ba9a646 elementor-cta--layout-image-above elementor-cta--valign-top elementor-cta--mobile-layout-image-above elementor-cta--skin-classic elementor-widget elementor-widget-call-to-action\" data-id=\"ba9a646\" data-element_type=\"widget\" data-widget_type=\"call-to-action.default\">\n\t\t\t\t<div class=\"elementor-widget-container\">\n\t\t\t\t\t\t\t<div class=\"elementor-cta\">\n\t\t\t\t\t<div class=\"elementor-cta__bg-wrapper\">\n\t\t\t\t<div class=\"elementor-cta__bg elementor-bg\" style=\"background-image: url(https:\/\/www.todsystem.com\/wp-content\/uploads\/2023\/09\/Progettazione-Preliminare-2.webp);\" role=\"img\" aria-label=\"Avant-projet 2\"><\/div>\n\t\t\t\t<div class=\"elementor-cta__bg-overlay\"><\/div>\n\t\t\t<\/div>\n\t\t\t\t\t\t\t<div class=\"elementor-cta__content\">\n\t\t\t\t\n\t\t\t\t\t\t\t\t\t<h3 class=\"elementor-cta__title elementor-cta__content-item elementor-content-item\">\n\t\t\t\t\t\tIntelligence artificielle (IA) : l'intelligence au service de l'industrie\t\t\t\t\t<\/h3>\n\t\t\t\t\n\t\t\t\t\t\t\t\t\t<div class=\"elementor-cta__description elementor-cta__content-item elementor-content-item\">\n\t\t\t\t\t\tL'IA est au c\u0153ur de notre recherche et d\u00e9veloppement. Nous appliquons l'IA pour am\u00e9liorer la gestion des donn\u00e9es, l'automatisation des processus et la s\u00e9curit\u00e9. Nos solutions d'IA sont adapt\u00e9es \u00e0 vos besoins sp\u00e9cifiques et permettent d'atteindre de nouveaux niveaux d'efficacit\u00e9 et de productivit\u00e9.\t\t\t\t\t<\/div>\n\t\t\t\t\n\t\t\t\t\t\t\t<\/div>\n\t\t\t\t\t\t<\/div>\n\t\t\t\t\t\t<\/div>\n\t\t\t\t<\/div>\n\t\t\t\t\t<\/div>\n\t\t<\/div>\n\t\t\t\t\t<\/div>\n\t\t<\/section>\n\t\t\t\t<section class=\"elementor-section elementor-top-section elementor-element elementor-element-f519584 elementor-section-boxed elementor-section-height-default elementor-section-height-default\" data-id=\"f519584\" data-element_type=\"section\">\n\t\t\t\t\t\t<div class=\"elementor-container elementor-column-gap-default\">\n\t\t\t\t\t<div class=\"elementor-column elementor-col-33 elementor-top-column elementor-element elementor-element-6797017\" data-id=\"6797017\" data-element_type=\"column\">\n\t\t\t<div class=\"elementor-widget-wrap elementor-element-populated\">\n\t\t\t\t\t\t<div class=\"elementor-element elementor-element-165b8ef elementor-cta--layout-image-above elementor-cta--valign-top elementor-cta--mobile-layout-image-above elementor-cta--skin-classic elementor-widget elementor-widget-call-to-action\" data-id=\"165b8ef\" data-element_type=\"widget\" data-widget_type=\"call-to-action.default\">\n\t\t\t\t<div class=\"elementor-widget-container\">\n\t\t\t\t\t\t\t<div class=\"elementor-cta\">\n\t\t\t\t\t<div class=\"elementor-cta__bg-wrapper\">\n\t\t\t\t<div class=\"elementor-cta__bg elementor-bg\" style=\"background-image: url(https:\/\/www.todsystem.com\/wp-content\/uploads\/2023\/09\/Progettazione-Preliminare-3.webp);\" role=\"img\" aria-label=\"Avant-projet sommaire 3\"><\/div>\n\t\t\t\t<div class=\"elementor-cta__bg-overlay\"><\/div>\n\t\t\t<\/div>\n\t\t\t\t\t\t\t<div class=\"elementor-cta__content\">\n\t\t\t\t\n\t\t\t\t\t\t\t\t\t<h3 class=\"elementor-cta__title elementor-cta__content-item elementor-content-item\">\n\t\t\t\t\t\tVision par ordinateur et apprentissage profond : Intuition de la machine\t\t\t\t\t<\/h3>\n\t\t\t\t\n\t\t\t\t\t\t\t\t\t<div class=\"elementor-cta__description elementor-cta__content-item elementor-content-item\">\n\t\t\t\t\t\tLa vision par ordinateur et l'apprentissage profond sont des technologies cl\u00e9s de notre offre. Nous utilisons cette expertise pour d\u00e9velopper des syst\u00e8mes de vision avanc\u00e9s qui permettent aux robots de percevoir et d'interagir avec leur environnement de mani\u00e8re intelligente. Cela ouvre de nouvelles possibilit\u00e9s en mati\u00e8re d'inspection de la qualit\u00e9, d'automatisation des entrep\u00f4ts et de navigation autonome.\t\t\t\t\t<\/div>\n\t\t\t\t\n\t\t\t\t\t\t\t<\/div>\n\t\t\t\t\t\t<\/div>\n\t\t\t\t\t\t<\/div>\n\t\t\t\t<\/div>\n\t\t\t\t\t<\/div>\n\t\t<\/div>\n\t\t\t\t<div class=\"elementor-column elementor-col-33 elementor-top-column elementor-element elementor-element-5dd648b\" data-id=\"5dd648b\" data-element_type=\"column\">\n\t\t\t<div class=\"elementor-widget-wrap elementor-element-populated\">\n\t\t\t\t\t\t<div class=\"elementor-element elementor-element-a207ff5 elementor-cta--layout-image-above elementor-cta--valign-top elementor-cta--mobile-layout-image-above elementor-cta--skin-classic elementor-widget elementor-widget-call-to-action\" data-id=\"a207ff5\" data-element_type=\"widget\" data-widget_type=\"call-to-action.default\">\n\t\t\t\t<div class=\"elementor-widget-container\">\n\t\t\t\t\t\t\t<div class=\"elementor-cta\">\n\t\t\t\t\t<div class=\"elementor-cta__bg-wrapper\">\n\t\t\t\t<div class=\"elementor-cta__bg elementor-bg\" style=\"background-image: url(https:\/\/www.todsystem.com\/wp-content\/uploads\/2023\/09\/Realizzazione-Programmazione.webp);\" role=\"img\" aria-label=\"R\u00e9alisation et programmation\"><\/div>\n\t\t\t\t<div class=\"elementor-cta__bg-overlay\"><\/div>\n\t\t\t<\/div>\n\t\t\t\t\t\t\t<div class=\"elementor-cta__content\">\n\t\t\t\t\n\t\t\t\t\t\t\t\t\t<h3 class=\"elementor-cta__title elementor-cta__content-item elementor-content-item\">\n\t\t\t\t\t\tInformatique en p\u00e9riph\u00e9rie : donn\u00e9es trait\u00e9es en p\u00e9riph\u00e9rie\t\t\t\t\t<\/h3>\n\t\t\t\t\n\t\t\t\t\t\t\t\t\t<div class=\"elementor-cta__description elementor-cta__content-item elementor-content-item\">\n\t\t\t\t\t\tL'informatique p\u00e9riph\u00e9rique est essentielle pour les applications en temps r\u00e9el. Nous rapprochons le traitement des donn\u00e9es des sources gr\u00e2ce \u00e0 des syst\u00e8mes p\u00e9riph\u00e9riques, ce qui r\u00e9duit les temps de latence et permet des d\u00e9cisions instantan\u00e9es. Cela est essentiel pour la robotique collaborative et les applications de surveillance en temps r\u00e9el.\t\t\t\t\t<\/div>\n\t\t\t\t\n\t\t\t\t\t\t\t<\/div>\n\t\t\t\t\t\t<\/div>\n\t\t\t\t\t\t<\/div>\n\t\t\t\t<\/div>\n\t\t\t\t\t<\/div>\n\t\t<\/div>\n\t\t\t\t<div class=\"elementor-column elementor-col-33 elementor-top-column elementor-element elementor-element-a52d0b0\" data-id=\"a52d0b0\" data-element_type=\"column\">\n\t\t\t<div class=\"elementor-widget-wrap elementor-element-populated\">\n\t\t\t\t\t\t<div class=\"elementor-element elementor-element-d0b1717 elementor-cta--layout-image-above elementor-cta--valign-top elementor-cta--mobile-layout-image-above elementor-cta--skin-classic elementor-widget elementor-widget-call-to-action\" data-id=\"d0b1717\" data-element_type=\"widget\" data-widget_type=\"call-to-action.default\">\n\t\t\t\t<div class=\"elementor-widget-container\">\n\t\t\t\t\t\t\t<div class=\"elementor-cta\">\n\t\t\t\t\t<div class=\"elementor-cta__bg-wrapper\">\n\t\t\t\t<div class=\"elementor-cta__bg elementor-bg\" style=\"background-image: url(https:\/\/www.todsystem.com\/wp-content\/uploads\/2023\/09\/ros2-scaled.webp);\" role=\"img\" aria-label=\"ros2\"><\/div>\n\t\t\t\t<div class=\"elementor-cta__bg-overlay\"><\/div>\n\t\t\t<\/div>\n\t\t\t\t\t\t\t<div class=\"elementor-cta__content\">\n\t\t\t\t\n\t\t\t\t\t\t\t\t\t<h3 class=\"elementor-cta__title elementor-cta__content-item elementor-content-item\">\n\t\t\t\t\t\tROS2 : Les bases de la robotique\t\t\t\t\t<\/h3>\n\t\t\t\t\n\t\t\t\t\t\t\t\t\t<div class=\"elementor-cta__description elementor-cta__content-item elementor-content-item\">\n\t\t\t\t\t\tLe Robot Operating System 2 (ROS2) est notre plateforme pr\u00e9f\u00e9r\u00e9e pour le d\u00e9veloppement d'applications robotiques. Notre expertise dans ROS2 nous permet de cr\u00e9er des syst\u00e8mes robotiques performants et \u00e9volutifs, pr\u00eats pour l'industrie 4.0.\t\t\t\t\t<\/div>\n\t\t\t\t\n\t\t\t\t\t\t\t<\/div>\n\t\t\t\t\t\t<\/div>\n\t\t\t\t\t\t<\/div>\n\t\t\t\t<\/div>\n\t\t\t\t\t<\/div>\n\t\t<\/div>\n\t\t\t\t\t<\/div>\n\t\t<\/section>\n\t\t\t\t<\/div>","protected":false},"excerpt":{"rendered":"<p>L'expertise de TOD System : l'excellence des technologies d'avenir dans le monde de la robotique collaborative et de l'IIoT Prenez contact L'innovation est au c\u0153ur de tout ce que nous faisons chez TOD System. Notre mission est de faire entrer l'industrie dans le futur en tirant le meilleur parti des technologies \u00e9mergentes dans le monde de la robotique collaborative et de l'IdO industriel. Chez TOD System, nous croyons ... <a title=\"Expertise\" class=\"read-more\" href=\"https:\/\/www.todsystem.com\/fr\/expertise\/\" aria-label=\"En savoir plus sur Expertise\">Lire la suite<\/a><\/p>","protected":false},"author":1,"featured_media":0,"parent":0,"menu_order":0,"comment_status":"closed","ping_status":"closed","template":"elementor_header_footer","meta":{"footnotes":""},"class_list":["post-15577","page","type-page","status-publish"],"_links":{"self":[{"href":"https:\/\/www.todsystem.com\/fr\/wp-json\/wp\/v2\/pages\/15577","targetHints":{"allow":["GET"]}}],"collection":[{"href":"https:\/\/www.todsystem.com\/fr\/wp-json\/wp\/v2\/pages"}],"about":[{"href":"https:\/\/www.todsystem.com\/fr\/wp-json\/wp\/v2\/types\/page"}],"author":[{"embeddable":true,"href":"https:\/\/www.todsystem.com\/fr\/wp-json\/wp\/v2\/users\/1"}],"replies":[{"embeddable":true,"href":"https:\/\/www.todsystem.com\/fr\/wp-json\/wp\/v2\/comments?post=15577"}],"version-history":[{"count":55,"href":"https:\/\/www.todsystem.com\/fr\/wp-json\/wp\/v2\/pages\/15577\/revisions"}],"predecessor-version":[{"id":19116,"href":"https:\/\/www.todsystem.com\/fr\/wp-json\/wp\/v2\/pages\/15577\/revisions\/19116"}],"wp:attachment":[{"href":"https:\/\/www.todsystem.com\/fr\/wp-json\/wp\/v2\/media?parent=15577"}],"curies":[{"name":"wp","href":"https:\/\/api.w.org\/{rel}","templated":true}]}}