{"id":12432,"date":"2022-10-14T16:14:13","date_gmt":"2022-10-14T15:14:13","guid":{"rendered":"https:\/\/www.todsystem.com\/?page_id=12432"},"modified":"2023-07-03T14:25:19","modified_gmt":"2023-07-03T13:25:19","slug":"applicazioni","status":"publish","type":"page","link":"https:\/\/www.todsystem.com\/fr\/applications\/","title":{"rendered":"Applications"},"content":{"rendered":"<div data-elementor-type=\"wp-page\" data-elementor-id=\"12432\" class=\"elementor elementor-12432\" data-elementor-post-type=\"page\">\n\t\t\t\t\t\t<section class=\"elementor-section elementor-top-section elementor-element elementor-element-1185b19 elementor-section-height-min-height elementor-section-boxed elementor-section-height-default elementor-section-items-middle\" data-id=\"1185b19\" data-element_type=\"section\" data-settings=\"{&quot;background_background&quot;:&quot;classic&quot;}\">\n\t\t\t\t\t\t\t<div class=\"elementor-background-overlay\"><\/div>\n\t\t\t\t\t\t\t<div class=\"elementor-container elementor-column-gap-default\">\n\t\t\t\t\t<div class=\"elementor-column elementor-col-100 elementor-top-column elementor-element elementor-element-7457e5b\" data-id=\"7457e5b\" data-element_type=\"column\">\n\t\t\t<div class=\"elementor-widget-wrap elementor-element-populated\">\n\t\t\t\t\t\t<div class=\"elementor-element elementor-element-af6d128 elementor-widget elementor-widget-heading\" data-id=\"af6d128\" data-element_type=\"widget\" data-widget_type=\"heading.default\">\n\t\t\t\t<div class=\"elementor-widget-container\">\n\t\t\t\t\t<h1 class=\"elementor-heading-title elementor-size-default\">Applications<\/h1>\t\t\t\t<\/div>\n\t\t\t\t<\/div>\n\t\t\t\t\t<\/div>\n\t\t<\/div>\n\t\t\t\t\t<\/div>\n\t\t<\/section>\n\t\t\t\t<section class=\"elementor-section elementor-top-section elementor-element elementor-element-eb6d4a0 elementor-section-boxed elementor-section-height-default elementor-section-height-default\" data-id=\"eb6d4a0\" data-element_type=\"section\">\n\t\t\t\t\t\t<div class=\"elementor-container elementor-column-gap-default\">\n\t\t\t\t\t<div class=\"elementor-column elementor-col-100 elementor-top-column elementor-element elementor-element-3f54feb\" data-id=\"3f54feb\" data-element_type=\"column\">\n\t\t\t<div class=\"elementor-widget-wrap elementor-element-populated\">\n\t\t\t\t\t\t<div class=\"elementor-element elementor-element-4a6dcf0 elementor-widget elementor-widget-text-editor\" data-id=\"4a6dcf0\" data-element_type=\"widget\" data-widget_type=\"text-editor.default\">\n\t\t\t\t<div class=\"elementor-widget-container\">\n\t\t\t\t\t\t\t\t\t<p>Nous concevons et mettons en \u0153uvre des solutions de robotique collaborative flexibles et personnalisables pour travailler dans n'importe quel contexte industriel et sur n'importe quelle t\u00e2che des lignes de production. Notre mission est d'automatiser n'importe quelle t\u00e2che, en fournissant aux industries des outils capables de maximiser les r\u00e9sultats, de r\u00e9duire les co\u00fbts et les risques pour la s\u00e9curit\u00e9 des op\u00e9rateurs humains et de r\u00e9pondre au probl\u00e8me de la p\u00e9nurie de personnel.<\/p><p>Nos solutions sont donc con\u00e7ues pour s'imposer comme des outils totalement int\u00e9gr\u00e9s qui constituent des avantages concurrentiels indispensables pour s'imposer sur le march\u00e9 mondial.<\/p>\t\t\t\t\t\t\t\t<\/div>\n\t\t\t\t<\/div>\n\t\t\t\t<div class=\"elementor-element elementor-element-a6c7ea8 elementor-widget elementor-widget-spacer\" data-id=\"a6c7ea8\" data-element_type=\"widget\" data-widget_type=\"spacer.default\">\n\t\t\t\t<div class=\"elementor-widget-container\">\n\t\t\t\t\t\t\t<div class=\"elementor-spacer\">\n\t\t\t<div class=\"elementor-spacer-inner\"><\/div>\n\t\t<\/div>\n\t\t\t\t\t\t<\/div>\n\t\t\t\t<\/div>\n\t\t\t\t\t<\/div>\n\t\t<\/div>\n\t\t\t\t\t<\/div>\n\t\t<\/section>\n\t\t\t\t<section class=\"elementor-section elementor-top-section elementor-element elementor-element-c59f3e1 elementor-section-boxed elementor-section-height-default elementor-section-height-default\" data-id=\"c59f3e1\" data-element_type=\"section\" data-settings=\"{&quot;background_background&quot;:&quot;classic&quot;}\">\n\t\t\t\t\t\t<div class=\"elementor-container elementor-column-gap-default\">\n\t\t\t\t\t<div class=\"elementor-column elementor-col-50 elementor-top-column elementor-element elementor-element-ac1e57f\" data-id=\"ac1e57f\" data-element_type=\"column\">\n\t\t\t<div class=\"elementor-widget-wrap elementor-element-populated\">\n\t\t\t\t\t\t<section class=\"elementor-section elementor-inner-section elementor-element elementor-element-d491e0b elementor-section-height-min-height elementor-section-boxed elementor-section-height-default\" data-id=\"d491e0b\" data-element_type=\"section\">\n\t\t\t\t\t\t\t<div class=\"elementor-background-overlay\"><\/div>\n\t\t\t\t\t\t\t<div class=\"elementor-container elementor-column-gap-default\">\n\t\t\t\t\t<div class=\"elementor-column elementor-col-100 elementor-inner-column elementor-element elementor-element-3556316\" data-id=\"3556316\" data-element_type=\"column\">\n\t\t\t<div class=\"elementor-widget-wrap elementor-element-populated\">\n\t\t\t\t\t\t<div class=\"elementor-element elementor-element-0ac878d elementor-widget elementor-widget-heading\" data-id=\"0ac878d\" data-element_type=\"widget\" data-widget_type=\"heading.default\">\n\t\t\t\t<div class=\"elementor-widget-container\">\n\t\t\t\t\t<h3 class=\"elementor-heading-title elementor-size-default\">Assembl\u00e9e<\/h3>\t\t\t\t<\/div>\n\t\t\t\t<\/div>\n\t\t\t\t<div class=\"elementor-element elementor-element-26e254b elementor-widget elementor-widget-text-editor\" data-id=\"26e254b\" data-element_type=\"widget\" data-widget_type=\"text-editor.default\">\n\t\t\t\t<div class=\"elementor-widget-container\">\n\t\t\t\t\t\t\t\t\tL'automatisation des processus d'assemblage est essentielle pour atteindre la pr\u00e9cision, raccourcir les d\u00e9lais et r\u00e9duire les co\u00fbts dans des op\u00e9rations telles que le vissage, la fixation et l'insertion de pi\u00e8ces. Nos solutions robotiques, gr\u00e2ce \u00e0 un logiciel intuitif et personnalisable, peuvent r\u00e9pondre \u00e0 tous les besoins op\u00e9rationnels et garantir une s\u00e9curit\u00e9 maximale sur le lieu de travail, ce qui se traduit par une diminution des accidents du travail. \t\t\t\t\t\t\t\t<\/div>\n\t\t\t\t<\/div>\n\t\t\t\t\t<\/div>\n\t\t<\/div>\n\t\t\t\t\t<\/div>\n\t\t<\/section>\n\t\t\t\t\t<\/div>\n\t\t<\/div>\n\t\t\t\t<div class=\"elementor-column elementor-col-50 elementor-top-column elementor-element elementor-element-6d225a1\" data-id=\"6d225a1\" data-element_type=\"column\">\n\t\t\t<div class=\"elementor-widget-wrap elementor-element-populated\">\n\t\t\t\t\t\t<section class=\"elementor-section elementor-inner-section elementor-element elementor-element-e47ee76 elementor-section-height-min-height elementor-section-boxed elementor-section-height-default\" data-id=\"e47ee76\" data-element_type=\"section\">\n\t\t\t\t\t\t\t<div class=\"elementor-background-overlay\"><\/div>\n\t\t\t\t\t\t\t<div class=\"elementor-container elementor-column-gap-default\">\n\t\t\t\t\t<div class=\"elementor-column elementor-col-100 elementor-inner-column elementor-element elementor-element-455948a\" data-id=\"455948a\" data-element_type=\"column\">\n\t\t\t<div class=\"elementor-widget-wrap elementor-element-populated\">\n\t\t\t\t\t\t<div class=\"elementor-element elementor-element-1b7b54a elementor-widget elementor-widget-heading\" data-id=\"1b7b54a\" data-element_type=\"widget\" data-widget_type=\"heading.default\">\n\t\t\t\t<div class=\"elementor-widget-container\">\n\t\t\t\t\t<h3 class=\"elementor-heading-title elementor-size-default\">Entretien des machines<\/h3>\t\t\t\t<\/div>\n\t\t\t\t<\/div>\n\t\t\t\t<div class=\"elementor-element elementor-element-ad1f2e2 elementor-widget elementor-widget-text-editor\" data-id=\"ad1f2e2\" data-element_type=\"widget\" data-widget_type=\"text-editor.default\">\n\t\t\t\t<div class=\"elementor-widget-container\">\n\t\t\t\t\t\t\t\t\tNos solutions de robotique collaborative soulagent les op\u00e9rateurs de machines humaines de toutes les t\u00e2ches r\u00e9p\u00e9titives et fatigantes qui augmentent le risque d'accidents sur le lieu de travail. Les robots collaboratifs am\u00e9liorent consid\u00e9rablement la dur\u00e9e et la qualit\u00e9 des processus. Les entreprises qui choisissent de s'appuyer sur nos solutions disposent d'un outil extr\u00eamement flexible qui permet d'adapter rapidement les lignes de production \u00e0 de nouveaux produits, avec un retour sur investissement \u00e0 court terme.\n\t\t\t\t\t\t\t\t<\/div>\n\t\t\t\t<\/div>\n\t\t\t\t\t<\/div>\n\t\t<\/div>\n\t\t\t\t\t<\/div>\n\t\t<\/section>\n\t\t\t\t\t<\/div>\n\t\t<\/div>\n\t\t\t\t\t<\/div>\n\t\t<\/section>\n\t\t\t\t<section class=\"elementor-section elementor-top-section elementor-element elementor-element-7f517a6 elementor-section-boxed elementor-section-height-default elementor-section-height-default\" data-id=\"7f517a6\" data-element_type=\"section\" data-settings=\"{&quot;background_background&quot;:&quot;classic&quot;}\">\n\t\t\t\t\t\t<div class=\"elementor-container elementor-column-gap-default\">\n\t\t\t\t\t<div class=\"elementor-column elementor-col-50 elementor-top-column elementor-element elementor-element-dfa92a3\" data-id=\"dfa92a3\" data-element_type=\"column\">\n\t\t\t<div class=\"elementor-widget-wrap elementor-element-populated\">\n\t\t\t\t\t\t<section class=\"elementor-section elementor-inner-section elementor-element elementor-element-2e14b8a elementor-section-height-min-height elementor-section-boxed elementor-section-height-default\" data-id=\"2e14b8a\" data-element_type=\"section\">\n\t\t\t\t\t\t\t<div class=\"elementor-background-overlay\"><\/div>\n\t\t\t\t\t\t\t<div class=\"elementor-container elementor-column-gap-default\">\n\t\t\t\t\t<div class=\"elementor-column elementor-col-100 elementor-inner-column elementor-element elementor-element-58a6db6\" data-id=\"58a6db6\" data-element_type=\"column\">\n\t\t\t<div class=\"elementor-widget-wrap elementor-element-populated\">\n\t\t\t\t\t\t<div class=\"elementor-element elementor-element-99a10c8 elementor-widget elementor-widget-heading\" data-id=\"99a10c8\" data-element_type=\"widget\" data-widget_type=\"heading.default\">\n\t\t\t\t<div class=\"elementor-widget-container\">\n\t\t\t\t\t<h3 class=\"elementor-heading-title elementor-size-default\">Livraison<\/h3>\t\t\t\t<\/div>\n\t\t\t\t<\/div>\n\t\t\t\t<div class=\"elementor-element elementor-element-f8c427f elementor-widget elementor-widget-text-editor\" data-id=\"f8c427f\" data-element_type=\"widget\" data-widget_type=\"text-editor.default\">\n\t\t\t\t<div class=\"elementor-widget-container\">\n\t\t\t\t\t\t\t\t\tLes robots collaboratifs sont parfaitement adapt\u00e9s aux processus tels que le collage, le scellement, la peinture et toute autre t\u00e2che impliquant une distribution. S'appuyer sur nos solutions, c'est accro\u00eetre la flexibilit\u00e9 et l'efficacit\u00e9 de ces op\u00e9rations, r\u00e9duire les d\u00e9lais et le risque de blessure des op\u00e9rateurs humains sur des t\u00e2ches dangereuses. Une fois chaque t\u00e2che accomplie, les robots peuvent \u00eatre facilement d\u00e9plac\u00e9s et r\u00e9affect\u00e9s \u00e0 une autre zone de production.\n\t\t\t\t\t\t\t\t<\/div>\n\t\t\t\t<\/div>\n\t\t\t\t\t<\/div>\n\t\t<\/div>\n\t\t\t\t\t<\/div>\n\t\t<\/section>\n\t\t\t\t\t<\/div>\n\t\t<\/div>\n\t\t\t\t<div class=\"elementor-column elementor-col-50 elementor-top-column elementor-element elementor-element-21aabf1\" data-id=\"21aabf1\" data-element_type=\"column\">\n\t\t\t<div class=\"elementor-widget-wrap elementor-element-populated\">\n\t\t\t\t\t\t<section class=\"elementor-section elementor-inner-section elementor-element elementor-element-26a88c7 elementor-section-height-min-height elementor-section-boxed elementor-section-height-default\" data-id=\"26a88c7\" data-element_type=\"section\">\n\t\t\t\t\t\t\t<div class=\"elementor-background-overlay\"><\/div>\n\t\t\t\t\t\t\t<div class=\"elementor-container elementor-column-gap-default\">\n\t\t\t\t\t<div class=\"elementor-column elementor-col-100 elementor-inner-column elementor-element elementor-element-7556126\" data-id=\"7556126\" data-element_type=\"column\">\n\t\t\t<div class=\"elementor-widget-wrap elementor-element-populated\">\n\t\t\t\t\t\t<div class=\"elementor-element elementor-element-49fd8c2 elementor-widget elementor-widget-heading\" data-id=\"49fd8c2\" data-element_type=\"widget\" data-widget_type=\"heading.default\">\n\t\t\t\t<div class=\"elementor-widget-container\">\n\t\t\t\t\t<h3 class=\"elementor-heading-title elementor-size-default\">Finition de la surface<\/h3>\t\t\t\t<\/div>\n\t\t\t\t<\/div>\n\t\t\t\t<div class=\"elementor-element elementor-element-21156a7 elementor-widget elementor-widget-text-editor\" data-id=\"21156a7\" data-element_type=\"widget\" data-widget_type=\"text-editor.default\">\n\t\t\t\t<div class=\"elementor-widget-container\">\n\t\t\t\t\t\t\t\t\tLes robots collaboratifs garantissent la pr\u00e9cision de toutes les op\u00e9rations qui n\u00e9cessitent une r\u00e9gulation de la force et un toucher parfois d\u00e9licat. C'est le cas des op\u00e9rations de finition sp\u00e9ciales telles que le polissage, le pon\u00e7age et le sablage. Nos solutions peuvent garantir la pr\u00e9cision m\u00eame sur des surfaces courbes et irr\u00e9guli\u00e8res, tout en am\u00e9liorant la s\u00e9curit\u00e9 au travail et en soulageant les op\u00e9rateurs humains de t\u00e2ches r\u00e9p\u00e9titives et dangereuses.\t\t\t\t\t\t\t\t<\/div>\n\t\t\t\t<\/div>\n\t\t\t\t\t<\/div>\n\t\t<\/div>\n\t\t\t\t\t<\/div>\n\t\t<\/section>\n\t\t\t\t\t<\/div>\n\t\t<\/div>\n\t\t\t\t\t<\/div>\n\t\t<\/section>\n\t\t\t\t<section class=\"elementor-section elementor-top-section elementor-element elementor-element-02b7163 elementor-section-boxed elementor-section-height-default elementor-section-height-default\" data-id=\"02b7163\" data-element_type=\"section\" data-settings=\"{&quot;background_background&quot;:&quot;classic&quot;}\">\n\t\t\t\t\t\t<div class=\"elementor-container elementor-column-gap-default\">\n\t\t\t\t\t<div class=\"elementor-column elementor-col-50 elementor-top-column elementor-element elementor-element-305e4a7\" data-id=\"305e4a7\" data-element_type=\"column\">\n\t\t\t<div class=\"elementor-widget-wrap elementor-element-populated\">\n\t\t\t\t\t\t<section class=\"elementor-section elementor-inner-section elementor-element elementor-element-54dcd65 elementor-section-height-min-height elementor-section-boxed elementor-section-height-default\" data-id=\"54dcd65\" data-element_type=\"section\">\n\t\t\t\t\t\t\t<div class=\"elementor-background-overlay\"><\/div>\n\t\t\t\t\t\t\t<div class=\"elementor-container elementor-column-gap-default\">\n\t\t\t\t\t<div class=\"elementor-column elementor-col-100 elementor-inner-column elementor-element elementor-element-608b43f\" data-id=\"608b43f\" data-element_type=\"column\">\n\t\t\t<div class=\"elementor-widget-wrap elementor-element-populated\">\n\t\t\t\t\t\t<div class=\"elementor-element elementor-element-5cd7385 elementor-widget elementor-widget-heading\" data-id=\"5cd7385\" data-element_type=\"widget\" data-widget_type=\"heading.default\">\n\t\t\t\t<div class=\"elementor-widget-container\">\n\t\t\t\t\t<h3 class=\"elementor-heading-title elementor-size-default\">Manipulation\n<\/h3>\t\t\t\t<\/div>\n\t\t\t\t<\/div>\n\t\t\t\t<div class=\"elementor-element elementor-element-0a26d3b elementor-widget elementor-widget-text-editor\" data-id=\"0a26d3b\" data-element_type=\"widget\" data-widget_type=\"text-editor.default\">\n\t\t\t\t<div class=\"elementor-widget-container\">\n\t\t\t\t\t\t\t\t\tLe contexte de la manutention de marchandises est large et comprend un certain nombre d'op\u00e9rations extr\u00eamement r\u00e9p\u00e9titives et, dans certains cas, lourdes et dangereuses. C'est pourquoi nos solutions de robotique collaborative sont con\u00e7ues pour effectuer ces t\u00e2ches en soulageant les op\u00e9rateurs humains et en garantissant une pr\u00e9cision maximale, une vitesse accrue et une grande flexibilit\u00e9 dans leur ex\u00e9cution. Du pick &amp; place \u00e0 l'emballage, de la palettisation au pr\u00e9l\u00e8vement dans une bo\u00eete, \u00e0 l'\u00e9tiquetage, et plus encore.\t\t\t\t\t\t\t\t<\/div>\n\t\t\t\t<\/div>\n\t\t\t\t\t<\/div>\n\t\t<\/div>\n\t\t\t\t\t<\/div>\n\t\t<\/section>\n\t\t\t\t\t<\/div>\n\t\t<\/div>\n\t\t\t\t<div class=\"elementor-column elementor-col-50 elementor-top-column elementor-element elementor-element-744d1f2\" data-id=\"744d1f2\" data-element_type=\"column\">\n\t\t\t<div class=\"elementor-widget-wrap elementor-element-populated\">\n\t\t\t\t\t\t<section class=\"elementor-section elementor-inner-section elementor-element elementor-element-856b69e elementor-section-height-min-height elementor-section-boxed elementor-section-height-default\" data-id=\"856b69e\" data-element_type=\"section\">\n\t\t\t\t\t\t\t<div class=\"elementor-background-overlay\"><\/div>\n\t\t\t\t\t\t\t<div class=\"elementor-container elementor-column-gap-default\">\n\t\t\t\t\t<div class=\"elementor-column elementor-col-100 elementor-inner-column elementor-element elementor-element-2d32151\" data-id=\"2d32151\" data-element_type=\"column\">\n\t\t\t<div class=\"elementor-widget-wrap elementor-element-populated\">\n\t\t\t\t\t\t<div class=\"elementor-element elementor-element-93d5418 elementor-widget elementor-widget-heading\" data-id=\"93d5418\" data-element_type=\"widget\" data-widget_type=\"heading.default\">\n\t\t\t\t<div class=\"elementor-widget-container\">\n\t\t\t\t\t<h3 class=\"elementor-heading-title elementor-size-default\">Soudage<\/h3>\t\t\t\t<\/div>\n\t\t\t\t<\/div>\n\t\t\t\t<div class=\"elementor-element elementor-element-de4d902 elementor-widget elementor-widget-text-editor\" data-id=\"de4d902\" data-element_type=\"widget\" data-widget_type=\"text-editor.default\">\n\t\t\t\t<div class=\"elementor-widget-container\">\n\t\t\t\t\t\t\t\t\tLes robots collaboratifs peuvent effectuer et g\u00e9rer des op\u00e9rations de soudage de toutes sortes : \u00e0 l'arc, au laser, par ultrasons, par brasage, TIG, MIG, plasma et par points. Nos solutions augmentent la flexibilit\u00e9, l'efficacit\u00e9 et la polyvalence de ces processus, ce qui permet de g\u00e9rer et d'optimiser des flux de travail plus importants. En outre, en d\u00e9chargeant les op\u00e9rateurs humains de ces op\u00e9rations souvent dangereuses, elles am\u00e9liorent la s\u00e9curit\u00e9 sur le lieu de travail.\t\t\t\t\t\t\t\t<\/div>\n\t\t\t\t<\/div>\n\t\t\t\t\t<\/div>\n\t\t<\/div>\n\t\t\t\t\t<\/div>\n\t\t<\/section>\n\t\t\t\t\t<\/div>\n\t\t<\/div>\n\t\t\t\t\t<\/div>\n\t\t<\/section>\n\t\t\t\t<section class=\"elementor-section elementor-top-section elementor-element elementor-element-af561aa elementor-section-boxed elementor-section-height-default elementor-section-height-default\" data-id=\"af561aa\" data-element_type=\"section\" data-settings=\"{&quot;background_background&quot;:&quot;classic&quot;}\">\n\t\t\t\t\t\t<div class=\"elementor-container elementor-column-gap-default\">\n\t\t\t\t\t<div class=\"elementor-column elementor-col-50 elementor-top-column elementor-element elementor-element-a7b5afd\" data-id=\"a7b5afd\" data-element_type=\"column\">\n\t\t\t<div class=\"elementor-widget-wrap elementor-element-populated\">\n\t\t\t\t\t\t<section class=\"elementor-section elementor-inner-section elementor-element elementor-element-01ccf24 elementor-section-height-min-height elementor-section-boxed elementor-section-height-default\" data-id=\"01ccf24\" data-element_type=\"section\">\n\t\t\t\t\t\t\t<div class=\"elementor-background-overlay\"><\/div>\n\t\t\t\t\t\t\t<div class=\"elementor-container elementor-column-gap-default\">\n\t\t\t\t\t<div class=\"elementor-column elementor-col-100 elementor-inner-column elementor-element elementor-element-4ad607b\" data-id=\"4ad607b\" data-element_type=\"column\">\n\t\t\t<div class=\"elementor-widget-wrap elementor-element-populated\">\n\t\t\t\t\t\t<div class=\"elementor-element elementor-element-df3635a elementor-widget elementor-widget-heading\" data-id=\"df3635a\" data-element_type=\"widget\" data-widget_type=\"heading.default\">\n\t\t\t\t<div class=\"elementor-widget-container\">\n\t\t\t\t\t<h3 class=\"elementor-heading-title elementor-size-default\">Plus d'informations<\/h3>\t\t\t\t<\/div>\n\t\t\t\t<\/div>\n\t\t\t\t<div class=\"elementor-element elementor-element-b8514c2 elementor-widget elementor-widget-text-editor\" data-id=\"b8514c2\" data-element_type=\"widget\" data-widget_type=\"text-editor.default\">\n\t\t\t\t<div class=\"elementor-widget-container\">\n\t\t\t\t\t\t\t\t\tNous concevons des solutions d\u00e9finitives pour tous les besoins des entreprises. Configurables pour ex\u00e9cuter une grande vari\u00e9t\u00e9 de t\u00e2ches. Gr\u00e2ce \u00e0 leur polyvalence et \u00e0 la possibilit\u00e9 d'assembler les composants les plus appropri\u00e9s \u00e0 chaque besoin, nos solutions de robotique collaborative peuvent \u00eatre personnalis\u00e9es et adapt\u00e9es \u00e0 l'ex\u00e9cution de n'importe quelle t\u00e2che dans le flux de production. La grande polyvalence est garantie par un logiciel de gestion capable d'int\u00e9grer nos solutions dans n'importe quel contexte industriel et de coordonner les technologies les plus avanc\u00e9es pour l'ex\u00e9cution des t\u00e2ches.\t\t\t\t\t\t\t\t<\/div>\n\t\t\t\t<\/div>\n\t\t\t\t\t<\/div>\n\t\t<\/div>\n\t\t\t\t\t<\/div>\n\t\t<\/section>\n\t\t\t\t\t<\/div>\n\t\t<\/div>\n\t\t\t\t<div class=\"elementor-column elementor-col-50 elementor-top-column elementor-element elementor-element-91181a9\" data-id=\"91181a9\" data-element_type=\"column\">\n\t\t\t<div class=\"elementor-widget-wrap elementor-element-populated\">\n\t\t\t\t\t\t<section class=\"elementor-section elementor-inner-section elementor-element elementor-element-e408a74 elementor-section-height-min-height elementor-section-boxed elementor-section-height-default\" data-id=\"e408a74\" data-element_type=\"section\">\n\t\t\t\t\t\t\t<div class=\"elementor-background-overlay\"><\/div>\n\t\t\t\t\t\t\t<div class=\"elementor-container elementor-column-gap-default\">\n\t\t\t\t\t<div class=\"elementor-column elementor-col-100 elementor-inner-column elementor-element elementor-element-8127698\" data-id=\"8127698\" data-element_type=\"column\">\n\t\t\t<div class=\"elementor-widget-wrap\">\n\t\t\t\t\t\t\t<\/div>\n\t\t<\/div>\n\t\t\t\t\t<\/div>\n\t\t<\/section>\n\t\t\t\t\t<\/div>\n\t\t<\/div>\n\t\t\t\t\t<\/div>\n\t\t<\/section>\n\t\t\t\t<\/div>","protected":false},"excerpt":{"rendered":"<p>Applications Nous concevons et mettons en \u0153uvre des solutions de robotique collaborative flexibles et personnalisables, pour fonctionner dans n'importe quel contexte industriel et sur n'importe quelle t\u00e2che de la cha\u00eene de production. Notre mission est d'automatiser n'importe quelle t\u00e2che, en fournissant aux industries des outils capables de maximiser les r\u00e9sultats, de r\u00e9duire les co\u00fbts et les risques pour la s\u00e9curit\u00e9 des op\u00e9rateurs... <a title=\"Applications\" class=\"read-more\" href=\"https:\/\/www.todsystem.com\/fr\/applications\/\" aria-label=\"En savoir plus sur Applications\">Lire la suite<\/a><\/p>","protected":false},"author":1,"featured_media":0,"parent":0,"menu_order":0,"comment_status":"closed","ping_status":"closed","template":"elementor_header_footer","meta":{"footnotes":""},"class_list":["post-12432","page","type-page","status-publish"],"_links":{"self":[{"href":"https:\/\/www.todsystem.com\/fr\/wp-json\/wp\/v2\/pages\/12432","targetHints":{"allow":["GET"]}}],"collection":[{"href":"https:\/\/www.todsystem.com\/fr\/wp-json\/wp\/v2\/pages"}],"about":[{"href":"https:\/\/www.todsystem.com\/fr\/wp-json\/wp\/v2\/types\/page"}],"author":[{"embeddable":true,"href":"https:\/\/www.todsystem.com\/fr\/wp-json\/wp\/v2\/users\/1"}],"replies":[{"embeddable":true,"href":"https:\/\/www.todsystem.com\/fr\/wp-json\/wp\/v2\/comments?post=12432"}],"version-history":[{"count":41,"href":"https:\/\/www.todsystem.com\/fr\/wp-json\/wp\/v2\/pages\/12432\/revisions"}],"predecessor-version":[{"id":14912,"href":"https:\/\/www.todsystem.com\/fr\/wp-json\/wp\/v2\/pages\/12432\/revisions\/14912"}],"wp:attachment":[{"href":"https:\/\/www.todsystem.com\/fr\/wp-json\/wp\/v2\/media?parent=12432"}],"curies":[{"name":"wp","href":"https:\/\/api.w.org\/{rel}","templated":true}]}}