{"id":7052,"date":"2020-09-28T10:34:53","date_gmt":"2020-09-28T10:34:53","guid":{"rendered":"https:\/\/www.todsystem.com\/it\/?page_id=7052"},"modified":"2023-12-27T15:29:20","modified_gmt":"2023-12-27T14:29:20","slug":"privacy-policy","status":"publish","type":"page","link":"https:\/\/www.todsystem.com\/es\/politica-de-privacidad\/","title":{"rendered":"pol\u00edtica de privacidad"},"content":{"rendered":"<div data-elementor-type=\"wp-page\" data-elementor-id=\"7052\" class=\"elementor elementor-7052\" data-elementor-post-type=\"page\">\n\t\t\t\t\t\t<section class=\"elementor-section elementor-top-section elementor-element elementor-element-159a5ef2 elementor-section-boxed elementor-section-height-default elementor-section-height-default\" data-id=\"159a5ef2\" data-element_type=\"section\">\n\t\t\t\t\t\t<div class=\"elementor-container elementor-column-gap-default\">\n\t\t\t\t\t<div class=\"elementor-column elementor-col-100 elementor-top-column elementor-element elementor-element-2984c091\" data-id=\"2984c091\" data-element_type=\"column\">\n\t\t\t<div class=\"elementor-widget-wrap elementor-element-populated\">\n\t\t\t\t\t\t<div class=\"elementor-element elementor-element-e2126e9 elementor-widget__width-initial elementor-widget elementor-widget-text-editor\" data-id=\"e2126e9\" data-element_type=\"widget\" data-widget_type=\"text-editor.default\">\n\t\t\t\t<div class=\"elementor-widget-container\">\n\t\t\t\t\t\t\t\t\t<p><strong>Premisa<\/strong><\/p>\n<p>En virtud del Decreto Legislativo n\u00ba 196 de 30 de junio de 2003 (C\u00f3digo en materia de protecci\u00f3n de los datos personales) y sucesivas modificaciones, TOD System S.r.l, con sede en Davoli (CZ), I trav. Viale Cassiodoro 6, en su calidad de \"titular del tratamiento\", est\u00e1 obligada a proporcionar a las partes interesadas la siguiente informaci\u00f3n relativa al uso de sus datos personales, de conformidad con el art\u00edculo 13. La informaci\u00f3n tambi\u00e9n se basa en la Recomendaci\u00f3n n\u00ba 2\/2001 que las autoridades europeas de protecci\u00f3n de datos personales, reunidas en el Grupo creado por el art. 29 de la Directiva n\u00ba 95\/46\/CE, adoptaron el 17 de mayo de 2001 para determinar determinados requisitos m\u00ednimos para la recogida de datos personales en l\u00ednea y, en particular, los m\u00e9todos, el momento y la naturaleza de la informaci\u00f3n que los responsables del tratamiento de datos deben facilitar a los usuarios cuando se conectan a p\u00e1ginas web, independientemente de la finalidad de la conexi\u00f3n.<\/p>\n<p><!-- \/wp:paragraph --><\/p>\n<p><!-- wp:paragraph --><\/p>\n<p><strong>Objeto del decreto legislativo 196\/2003<\/strong><\/p>\n<p><!-- \/wp:paragraph --><\/p>\n<p><!-- wp:paragraph --><\/p>\n<p>El C\u00f3digo tiene por objeto garantizar que el tratamiento de los datos personales se realice respetando los derechos y libertades fundamentales, as\u00ed como la dignidad del interesado, con especial referencia a la confidencialidad, la identidad personal y el derecho a la protecci\u00f3n de los datos personales. La ley tiene como objetivo proteger los datos del interesado del tratamiento indebido por parte del &quot;responsable del tratamiento&quot; y, en particular, de la divulgaci\u00f3n de datos a terceros sin el consentimiento previo del interesado, de conformidad con el art. 23 del Decreto Legislativo 196\/2003, con excepci\u00f3n de las hip\u00f3tesis legalmente previstas por el siguiente art. 24<\/p>\n<p><!-- \/wp:paragraph --><\/p>\n<p><!-- wp:paragraph --><\/p>\n<p><strong>Controlador de datos<\/strong><\/p>\n<p><!-- \/wp:paragraph --><\/p>\n<p><!-- wp:paragraph --><\/p>\n<p>TOD System S.r.l - I trav. Viale Cassiodoro, 6 - 88060 - Davoli (CZ), info@todsystem.com<\/p>\n<p><!-- \/wp:paragraph --><\/p>\n<p><!-- wp:paragraph --><\/p>\n<p><strong>Tipos de datos recopilados<\/strong><\/p>\n<p><!-- \/wp:paragraph --><\/p>\n<p><!-- wp:paragraph --><\/p>\n<p>Entre los Datos Personales que recoge esta Aplicaci\u00f3n, de forma independiente o a trav\u00e9s de terceros, se encuentran: Correo Electr\u00f3nico, Nombre, Apellidos, Profesi\u00f3n, Cookies y Datos de Uso. Otros Datos Personales recopilados pueden indicarse en otras secciones de esta pol\u00edtica de privacidad o mediante textos informativos que se muestran al mismo tiempo que se recopilan los Datos. Los Datos Personales pueden ser ingresados voluntariamente por el Usuario, o recopilados autom\u00e1ticamente durante el uso de esta Aplicaci\u00f3n. Cualquier uso de Cookies - u otras herramientas de seguimiento - por esta Aplicaci\u00f3n o por los propietarios de los servicios de terceros utilizados por esta Aplicaci\u00f3n, a menos que se especifique lo contrario, tiene el prop\u00f3sito de identificar al Usuario y registrar las preferencias relativas estrictamente vinculadas a la prestaci\u00f3n de servicios. el servicio solicitado por el Usuario. El hecho de que el Usuario no proporcione ciertos Datos Personales podr\u00eda impedir que esta Aplicaci\u00f3n brinde sus servicios. El Usuario asume la responsabilidad de los Datos Personales de terceros publicados o compartidos a trav\u00e9s de esta Aplicaci\u00f3n y garantiza que tiene derecho a comunicarlos o difundirlos, liberando al Titular de cualquier responsabilidad frente a terceros.<\/p>\n<p><!-- \/wp:paragraph --><\/p>\n<p><!-- wp:paragraph --><\/p>\n<p><strong>M\u00e9todo y lugar de procesamiento de los Datos recopilados<\/strong><\/p>\n<p><!-- \/wp:paragraph --><\/p>\n<p><!-- wp:paragraph --><\/p>\n<p><strong>M\u00e9todos de tratamiento<\/strong><\/p>\n<p><!-- \/wp:paragraph --><\/p>\n<p><!-- wp:paragraph --><\/p>\n<p>El Responsable del Tratamiento trata los Datos Personales de los Usuarios adoptando las medidas de seguridad adecuadas encaminadas a impedir el acceso, la divulgaci\u00f3n, la modificaci\u00f3n o la destrucci\u00f3n no autorizados de los Datos Personales. El tratamiento se realiza mediante herramientas inform\u00e1ticas y\/o telem\u00e1ticas, con m\u00e9todos organizativos y con l\u00f3gica estrictamente relacionada con las finalidades indicadas. Adem\u00e1s del Controlador de datos, en algunos casos, categor\u00edas de personas involucradas en la organizaci\u00f3n del sitio (administradores administrativos, comerciales, de marketing, legales, del sistema) o sujetos externos (como proveedores de servicios t\u00e9cnicos de terceros, mensajeros postales, proveedores de alojamiento , empresas de TI, agencias de comunicaci\u00f3n) tambi\u00e9n designados, si es necesario, como Encargados del Tratamiento por el Responsable del Tratamiento. La lista actualizada de Encargados siempre se puede solicitar al Responsable del tratamiento.<\/p>\n<p><!-- \/wp:paragraph --><\/p>\n<p><!-- wp:paragraph --><\/p>\n<p><strong>Lugar<\/strong><\/p>\n<p><!-- \/wp:paragraph --><\/p>\n<p><!-- wp:paragraph --><\/p>\n<p>Los Datos se procesan en las oficinas operativas del Controlador de datos y en cualquier otro lugar donde se encuentren las partes involucradas en el procesamiento. Para obtener m\u00e1s informaci\u00f3n, p\u00f3ngase en contacto con el propietario.<\/p>\n<p><!-- \/wp:paragraph --><\/p>\n<p><!-- wp:paragraph --><\/p>\n<p><strong>Veces<\/strong><\/p>\n<p><!-- \/wp:paragraph --><\/p>\n<p><!-- wp:paragraph --><\/p>\n<p>Los Datos se procesan durante el tiempo necesario para realizar el servicio solicitado por el Usuario, o requerido por los fines descritos en este documento, y el Usuario siempre puede solicitar la interrupci\u00f3n del procesamiento o la eliminaci\u00f3n de los Datos.<\/p>\n<p><!-- \/wp:paragraph --><\/p>\n<p><!-- wp:paragraph --><\/p>\n<p><strong>Finalidad del tratamiento de los datos recabados<\/strong><\/p>\n<p><!-- \/wp:paragraph --><\/p>\n<p><!-- wp:paragraph --><\/p>\n<p>Los Datos del Usuario son recabados para permitir al Titular la prestaci\u00f3n de sus servicios, as\u00ed como para las siguientes finalidades: Contactar con el Usuario, Interacci\u00f3n con redes sociales y plataformas externas, Visualizaci\u00f3n de contenidos de plataformas externas y Estad\u00edsticas. Los tipos de Datos Personales utilizados para cada prop\u00f3sito se indican en las secciones espec\u00edficas de este documento.<\/p>\n<p><!-- \/wp:paragraph --><\/p>\n<p><!-- wp:paragraph --><\/p>\n<p><strong>Contactar al usuario<\/strong><\/p>\n<p><!-- \/wp:paragraph --><\/p>\n<p><!-- wp:paragraph --><\/p>\n<p><strong>Lista de correo o bolet\u00edn (esta aplicaci\u00f3n)<\/strong><\/p>\n<p><!-- \/wp:paragraph --><\/p>\n<p><!-- wp:paragraph --><\/p>\n<p>Al registrarse en la lista de correo o bolet\u00edn, la direcci\u00f3n de correo electr\u00f3nico del Usuario se agrega autom\u00e1ticamente a una lista de contactos a los que se pueden enviar mensajes de correo electr\u00f3nico que contienen informaci\u00f3n, incluida informaci\u00f3n comercial y promocional, relacionada con esta Aplicaci\u00f3n. La direcci\u00f3n de correo electr\u00f3nico del Usuario tambi\u00e9n podr\u00eda agregarse a esta lista como resultado del registro en esta Aplicaci\u00f3n o despu\u00e9s de realizar una compra.<\/p>\n<p><!-- \/wp:paragraph --><\/p>\n<p><!-- wp:paragraph --><\/p>\n<p>Datos personales recabados: Correo electr\u00f3nico y Nombre.<\/p>\n<p><!-- \/wp:paragraph --><\/p>\n<p><!-- wp:paragraph --><\/p>\n<p><strong>Formulario de contacto (Esta aplicaci\u00f3n)<\/strong><\/p>\n<p><!-- \/wp:paragraph --><\/p>\n<p><!-- wp:paragraph --><\/p>\n<p>Al completar el formulario de contacto con sus Datos, el Usuario consiente en su uso para responder a las solicitudes de informaci\u00f3n, cotizaciones o de cualquier otro tipo indicadas en el encabezado del formulario.<\/p>\n<p><!-- \/wp:paragraph --><\/p>\n<p><!-- wp:paragraph --><\/p>\n<p>Datos personales recabados: Correo electr\u00f3nico, Nombre, Apellidos y Profesi\u00f3n.<\/p>\n<p><!-- \/wp:paragraph --><\/p>\n<p><!-- wp:paragraph --><\/p>\n<p><strong>Interacci\u00f3n con redes sociales y plataformas externas<\/strong><\/p>\n<p><!-- \/wp:paragraph --><\/p>\n<p><!-- wp:paragraph --><\/p>\n<p>Estos servicios le permiten interactuar con redes sociales, o con otras plataformas externas, directamente desde las p\u00e1ginas de esta Aplicaci\u00f3n. Las interacciones y la informaci\u00f3n adquirida por esta Aplicaci\u00f3n est\u00e1n, en todo caso, sujetas a la configuraci\u00f3n de privacidad del Usuario en relaci\u00f3n con cada red social. En el caso de que se instale un servicio de interacci\u00f3n con las redes sociales, es posible que, aunque los Usuarios no utilicen el servicio, el mismo recopile datos de tr\u00e1fico relativos a las p\u00e1ginas en las que est\u00e1 instalado<\/p>\n<p><!-- \/wp:paragraph --><\/p>\n<p><!-- wp:paragraph --><\/p>\n<p>Bot\u00f3n Me gusta de Facebook y widgets sociales (Facebook, Inc.)<\/p>\n<p><!-- \/wp:paragraph --><\/p>\n<p><!-- wp:paragraph --><\/p>\n<p>El bot\u00f3n &quot;Me gusta&quot; de Facebook y los widgets sociales son servicios que permiten la interacci\u00f3n con la red social Facebook, proporcionados por Facebook, Inc.<\/p>\n<p><!-- \/wp:paragraph --><\/p>\n<p><!-- wp:paragraph --><\/p>\n<p>Datos personales recogidos: Cookies y datos de uso.<\/p>\n<p><!-- \/wp:paragraph --><\/p>\n<p><!-- wp:paragraph --><\/p>\n<p>Lugar de procesamiento: EE. UU. \u2013<a href=\"https:\/\/www.facebook.com\/privacy\/explanation\" target=\"_blank\" rel=\"noopener\"> pol\u00edtica de privacidad<\/a><\/p>\n<p><!-- \/wp:paragraph --><\/p>\n<p><!-- wp:paragraph --><\/p>\n<p>Bot\u00f3n Twitter Tweet y widgets sociales (Twitter, Inc.)<\/p>\n<p><!-- \/wp:paragraph --><\/p>\n<p><!-- wp:paragraph --><\/p>\n<p>El bot\u00f3n Tweet y los widgets sociales de Twitter son servicios que permiten la interacci\u00f3n con la red social Twitter, proporcionados por Twitter, Inc.<\/p>\n<p><!-- \/wp:paragraph --><\/p>\n<p><!-- wp:paragraph --><\/p>\n<p>Datos personales recogidos: Cookies y datos de uso.<\/p>\n<p><!-- \/wp:paragraph --><\/p>\n<p><!-- wp:paragraph --><\/p>\n<p>Lugar de procesamiento: EE. UU. \u2013<a href=\"https:\/\/twitter.com\/privacy?lang=it\" target=\"_blank\" rel=\"noopener\"> pol\u00edtica de privacidad<\/a><\/p>\n<p><!-- \/wp:paragraph --><\/p>\n<p><!-- wp:paragraph --><\/p>\n<p>Bot\u00f3n de Linkedin y widgets sociales (LinkedIn Corporation)<\/p>\n<p><!-- \/wp:paragraph --><\/p>\n<p><!-- wp:paragraph --><\/p>\n<p>El bot\u00f3n de LinkedIn y los widgets sociales son servicios que permiten la interacci\u00f3n con la red social LinkedIn, proporcionados por LinkedIn Corporation.<\/p>\n<p><!-- \/wp:paragraph --><\/p>\n<p><!-- wp:paragraph --><\/p>\n<p>Datos personales recogidos: Cookies y datos de uso.<\/p>\n<p><!-- \/wp:paragraph --><\/p>\n<p><!-- wp:paragraph --><\/p>\n<p>Lugar de procesamiento: EE. UU. \u2013<a href=\"https:\/\/www.linkedin.com\/legal\/privacy-policy\" target=\"_blank\" rel=\"noopener\"> pol\u00edtica de privacidad<\/a><\/p>\n<p><!-- \/wp:paragraph --><\/p>\n<p><!-- wp:paragraph --><\/p>\n<p>Fuentes de Google (Google Inc.)<\/p>\n<p><!-- \/wp:paragraph --><\/p>\n<p><!-- wp:paragraph --><\/p>\n<p>Google Fonts es un servicio de visualizaci\u00f3n de estilo de fuente administrado por Google Inc. que permite que esta Aplicaci\u00f3n integre dichos contenidos dentro de sus p\u00e1ginas.<\/p>\n<p><!-- \/wp:paragraph --><\/p>\n<p><!-- wp:paragraph --><\/p>\n<p>Datos personales recogidos: Cookies y datos de uso.<\/p>\n<p><!-- \/wp:paragraph --><\/p>\n<p><!-- wp:paragraph --><\/p>\n<p>Lugar de procesamiento: EE. UU. \u2013<a href=\"https:\/\/policies.google.com\/privacy?hl=it\" target=\"_blank\" rel=\"noopener\"> pol\u00edtica de privacidad<\/a><\/p>\n<p><!-- \/wp:paragraph --><\/p>\n<p><!-- wp:paragraph --><\/p>\n<p>Widget de Google Maps (Google Inc.)<\/p>\n<p><!-- \/wp:paragraph --><\/p>\n<p><!-- wp:paragraph --><\/p>\n<p>Google Maps es un servicio de visualizaci\u00f3n de mapas administrado por Google Inc. que permite que esta Aplicaci\u00f3n integre dichos contenidos dentro de sus p\u00e1ginas.<\/p>\n<p><!-- \/wp:paragraph --><\/p>\n<p><!-- wp:paragraph --><\/p>\n<p>Datos personales recogidos: Cookies y datos de uso.<\/p>\n<p><!-- \/wp:paragraph --><\/p>\n<p><!-- wp:paragraph --><\/p>\n<p>Lugar de procesamiento: EE. UU. \u2013<a href=\"https:\/\/policies.google.com\/privacy?hl=it\" target=\"_blank\" rel=\"noopener\"> pol\u00edtica de privacidad<\/a><\/p>\n<p><!-- \/wp:paragraph --><\/p>\n<p><!-- wp:paragraph --><\/p>\n<p><strong>Estad\u00edsticas<\/strong><\/p>\n<p><!-- \/wp:paragraph --><\/p>\n<p><!-- wp:paragraph --><\/p>\n<p>Los servicios contenidos en esta secci\u00f3n permiten al Controlador de datos monitorear y analizar los datos de tr\u00e1fico y se utilizan para realizar un seguimiento del comportamiento del Usuario.<\/p>\n<p><!-- \/wp:paragraph --><\/p>\n<p><!-- wp:paragraph --><\/p>\n<p><strong>Google Analytics (Google Inc.)<\/strong><\/p>\n<p><!-- \/wp:paragraph --><\/p>\n<p><!-- wp:paragraph --><\/p>\n<p>Google Analytics es un servicio de an\u00e1lisis web proporcionado por Google Inc. (&quot;Google&quot;). Google utiliza los Datos personales recopilados con el fin de rastrear y examinar el uso de esta Aplicaci\u00f3n, compilar informes y compartirlos con otros servicios desarrollados por Google. Google podr\u00e1 utilizar los Datos Personales para contextualizar y personalizar los anuncios de su red publicitaria.<\/p>\n<p><!-- \/wp:paragraph --><\/p>\n<p><!-- wp:paragraph --><\/p>\n<p>Datos personales recogidos: Cookies y datos de uso.<\/p>\n<p><!-- \/wp:paragraph --><\/p>\n<p><!-- wp:paragraph --><\/p>\n<p>Lugar de procesamiento: EE. UU. \u2013<a href=\"https:\/\/policies.google.com\/privacy?hl=it\" target=\"_blank\" rel=\"noopener\"> pol\u00edtica de privacidad<\/a><a href=\"https:\/\/tools.google.com\/dlpage\/gaoptout?hl=it\" target=\"_blank\" rel=\"noopener\"> Optar por no<\/a><\/p>\n<p><!-- \/wp:paragraph --><\/p>\n<p><!-- wp:paragraph --><\/p>\n<p><strong>Obtenga m\u00e1s informaci\u00f3n sobre el tratamiento<\/strong><\/p>\n<p><!-- \/wp:paragraph --><\/p>\n<p><!-- wp:paragraph --><\/p>\n<p><strong>Defensa en la corte<\/strong><\/p>\n<p><!-- \/wp:paragraph --><\/p>\n<p><!-- wp:paragraph --><\/p>\n<p>Los Datos Personales del Usuario pueden ser utilizados para la defensa por parte del Titular en juicio o en las etapas preparatorias para su eventual establecimiento, contra abusos en el uso de los mismos o de servicios relacionados por parte del Usuario. El Usuario declara ser consciente de que el Titular puede verse obligado a divulgar los Datos a petici\u00f3n de las autoridades p\u00fablicas.<\/p>\n<p><!-- \/wp:paragraph --><\/p>\n<p><!-- wp:paragraph --><\/p>\n<p><strong>Informaci\u00f3n espec\u00edfica<\/strong><\/p>\n<p><!-- \/wp:paragraph --><\/p>\n<p><!-- wp:paragraph --><\/p>\n<p>A solicitud del Usuario, adem\u00e1s de la informaci\u00f3n contenida en esta pol\u00edtica de privacidad, esta Aplicaci\u00f3n podr\u00eda proporcionar al Usuario informaci\u00f3n adicional y contextual sobre servicios espec\u00edficos, o la recolecci\u00f3n y procesamiento de Datos Personales.<\/p>\n<p><!-- \/wp:paragraph --><\/p>\n<p><!-- wp:paragraph --><\/p>\n<p><strong>Registros del sistema y mantenimiento<\/strong><\/p>\n<p><!-- \/wp:paragraph --><\/p>\n<p><!-- wp:paragraph --><\/p>\n<p>Para necesidades relacionadas con la operaci\u00f3n y el mantenimiento, esta Aplicaci\u00f3n y los servicios de terceros utilizados por ella pueden recopilar Registros del sistema, que son archivos que registran las interacciones y que tambi\u00e9n pueden contener Datos personales, como la direcci\u00f3n IP del Usuario.<\/p>\n<p><!-- \/wp:paragraph --><\/p>\n<p><!-- wp:paragraph --><\/p>\n<p><strong>Informaci\u00f3n no contenida en esta declaraci\u00f3n<\/strong><\/p>\n<p><!-- \/wp:paragraph --><\/p>\n<p><!-- wp:paragraph --><\/p>\n<p>Se puede solicitar m\u00e1s informaci\u00f3n en relaci\u00f3n con el procesamiento de Datos personales en cualquier momento al Controlador de datos utilizando la informaci\u00f3n de contacto.<\/p>\n<p><!-- \/wp:paragraph --><\/p>\n<p><!-- wp:paragraph --><\/p>\n<p><strong>Ejercicio de derechos por parte de los Usuarios<\/strong><\/p>\n<p><!-- \/wp:paragraph --><\/p>\n<p><!-- wp:paragraph --><\/p>\n<p>Los sujetos a los que se refieren los Datos Personales tienen derecho en cualquier momento a obtener del Responsable del Tratamiento la confirmaci\u00f3n de la existencia o no de los mismos, conocer su contenido y origen, verificar su exactitud o solicitar su integraci\u00f3n, cancelaci\u00f3n, actualizaci\u00f3n, rectificaci\u00f3n, transformaci\u00f3n en forma an\u00f3nima o bloqueo de los Datos Personales tratados con infracci\u00f3n de la ley, as\u00ed como oponerse en todo caso, por motivos leg\u00edtimos, a su tratamiento. Las solicitudes deben dirigirse al Controlador de datos. Esta aplicaci\u00f3n no admite solicitudes de &quot;No rastrear&quot;. Para saber si alg\u00fan servicio de terceros utilizado los respalda, consulte sus pol\u00edticas de privacidad.<\/p>\n<p><!-- \/wp:paragraph --><\/p>\n<p><!-- wp:paragraph --><\/p>\n<p><strong>Cambios a esta pol\u00edtica<\/strong><\/p>\n<p><!-- \/wp:paragraph --><\/p>\n<p><!-- wp:paragraph --><\/p>\n<p>El controlador de datos se reserva el derecho de realizar cambios en esta declaraci\u00f3n de privacidad en cualquier momento mediante notificaci\u00f3n a los usuarios en esta p\u00e1gina. Por lo tanto, consulte esta p\u00e1gina con frecuencia, refiri\u00e9ndose a la fecha de la \u00faltima modificaci\u00f3n indicada en la parte inferior. En caso de no aceptar los cambios realizados en esta informaci\u00f3n, el Usuario debe dejar de usar esta Aplicaci\u00f3n y puede solicitar al Controlador de datos que elimine sus Datos personales. A menos que se especifique lo contrario, la pol\u00edtica de privacidad anterior continuar\u00e1 aplic\u00e1ndose a los Datos Personales recopilados hasta ese momento.<\/p>\n<p><b>Leadinfo<\/b><\/p>\n<p>Utilizamos el servicio de generaci\u00f3n de prospectos proporcionado por Leadinfo B.V., Rotterdam, Pa\u00edses Bajos, que detecta las visitas de empresas a nuestro sitio web bas\u00e1ndose en las direcciones IP y nos muestra informaci\u00f3n relacionada disponible p\u00fablicamente, como nombres o direcciones de empresas. Adem\u00e1s, Leadinfo coloca dos cookies de origen para proporcionar transparencia sobre c\u00f3mo utilizan nuestro sitio web nuestros visitantes, y la herramienta procesa dominios a partir de la informaci\u00f3n proporcionada (por ejemplo, \"leadinfo.com\") para correlacionar direcciones IP con empresas y mejorar los servicios. Para m\u00e1s informaci\u00f3n, visite\u00a0<a href=\"https:\/\/www.leadinfo.com\/it\/\" target=\"_blank\" rel=\"noopener\">www.leadinfo.com<\/a>. En esta p\u00e1gina:\u00a0<a href=\"http:\/\/www.leadinfo.com\/en\/opt-out\" target=\"_blank\" rel=\"noopener\">www.leadinfo.com\/en\/opt-out<\/a>\u00a0encontrar\u00e1 la opci\u00f3n de exclusi\u00f3n voluntaria. Si lo hace, Leadinfo dejar\u00e1 de utilizar sus datos.<\/p>\t\t\t\t\t\t\t\t<\/div>\n\t\t\t\t<\/div>\n\t\t\t\t\t<\/div>\n\t\t<\/div>\n\t\t\t\t\t<\/div>\n\t\t<\/section>\n\t\t\t\t<\/div>","protected":false},"excerpt":{"rendered":"<p>Pr\u00f3logo De conformidad con el Decreto Legislativo n\u00ba 196 de 30 de junio de 2003 (C\u00f3digo de Protecci\u00f3n de Datos de Car\u00e1cter Personal) y posteriores modificaciones, TOD System S.r.l, con domicilio social en Davoli (CZ), I trav. Viale Cassiodoro 6, en su calidad de \"responsable del tratamiento\", est\u00e1 obligada a proporcionar a las partes interesadas, de conformidad con el art\u00edculo 13, la siguiente informaci\u00f3n <a title=\"pol\u00edtica de privacidad\" class=\"read-more\" href=\"https:\/\/www.todsystem.com\/es\/politica-de-privacidad\/\" aria-label=\"M\u00e1s en Pol\u00edtica de privacidad\">Leer m\u00e1s<\/a><\/p>","protected":false},"author":1,"featured_media":0,"parent":0,"menu_order":0,"comment_status":"closed","ping_status":"closed","template":"","meta":{"footnotes":""},"class_list":["post-7052","page","type-page","status-publish"],"_links":{"self":[{"href":"https:\/\/www.todsystem.com\/es\/wp-json\/wp\/v2\/pages\/7052","targetHints":{"allow":["GET"]}}],"collection":[{"href":"https:\/\/www.todsystem.com\/es\/wp-json\/wp\/v2\/pages"}],"about":[{"href":"https:\/\/www.todsystem.com\/es\/wp-json\/wp\/v2\/types\/page"}],"author":[{"embeddable":true,"href":"https:\/\/www.todsystem.com\/es\/wp-json\/wp\/v2\/users\/1"}],"replies":[{"embeddable":true,"href":"https:\/\/www.todsystem.com\/es\/wp-json\/wp\/v2\/comments?post=7052"}],"version-history":[{"count":18,"href":"https:\/\/www.todsystem.com\/es\/wp-json\/wp\/v2\/pages\/7052\/revisions"}],"predecessor-version":[{"id":16360,"href":"https:\/\/www.todsystem.com\/es\/wp-json\/wp\/v2\/pages\/7052\/revisions\/16360"}],"wp:attachment":[{"href":"https:\/\/www.todsystem.com\/es\/wp-json\/wp\/v2\/media?parent=7052"}],"curies":[{"name":"wp","href":"https:\/\/api.w.org\/{rel}","templated":true}]}}