{"id":6857,"date":"2020-09-25T09:34:56","date_gmt":"2020-09-25T09:34:56","guid":{"rendered":"https:\/\/www.todsystem.com\/it\/?page_id=6857"},"modified":"2025-10-30T08:37:34","modified_gmt":"2025-10-30T07:37:34","slug":"contatti","status":"publish","type":"page","link":"https:\/\/www.todsystem.com\/es\/contactos\/","title":{"rendered":"Informaci\u00f3n requerida"},"content":{"rendered":"<div data-elementor-type=\"wp-page\" data-elementor-id=\"6857\" class=\"elementor elementor-6857\" data-elementor-post-type=\"page\">\n\t\t\t\t\t\t<section class=\"elementor-section elementor-top-section elementor-element elementor-element-9e73ceb elementor-section-height-min-height elementor-section-boxed elementor-section-height-default elementor-section-items-middle\" data-id=\"9e73ceb\" data-element_type=\"section\" data-settings=\"{&quot;background_background&quot;:&quot;classic&quot;}\">\n\t\t\t\t\t\t\t<div class=\"elementor-background-overlay\"><\/div>\n\t\t\t\t\t\t\t<div class=\"elementor-container elementor-column-gap-default\">\n\t\t\t\t\t<div class=\"elementor-column elementor-col-100 elementor-top-column elementor-element elementor-element-5ec2468\" data-id=\"5ec2468\" data-element_type=\"column\">\n\t\t\t<div class=\"elementor-widget-wrap elementor-element-populated\">\n\t\t\t\t\t\t<div class=\"elementor-element elementor-element-205c1dc elementor-widget elementor-widget-heading\" data-id=\"205c1dc\" data-element_type=\"widget\" data-widget_type=\"heading.default\">\n\t\t\t\t<div class=\"elementor-widget-container\">\n\t\t\t\t\t<h1 class=\"elementor-heading-title elementor-size-default\">Cont\u00e1ctenos<\/h1>\t\t\t\t<\/div>\n\t\t\t\t<\/div>\n\t\t\t\t<div class=\"elementor-element elementor-element-da4e6d4 elementor-widget elementor-widget-heading\" data-id=\"da4e6d4\" data-element_type=\"widget\" data-widget_type=\"heading.default\">\n\t\t\t\t<div class=\"elementor-widget-container\">\n\t\t\t\t\t<h3 class=\"elementor-heading-title elementor-size-default\">\u00bfNecesita asesoramiento, informaci\u00f3n sobre nuestros servicios o asistencia t\u00e9cnica? El equipo de TOD System est\u00e1 a su disposici\u00f3n.<\/h3>\t\t\t\t<\/div>\n\t\t\t\t<\/div>\n\t\t\t\t<div class=\"elementor-element elementor-element-7198111 elementor-align-center elementor-mobile-align-justify elementor-widget__width-initial elementor-widget elementor-widget-button\" data-id=\"7198111\" data-element_type=\"widget\" data-widget_type=\"button.default\">\n\t\t\t\t<div class=\"elementor-widget-container\">\n\t\t\t\t\t\t\t\t\t<div class=\"elementor-button-wrapper\">\n\t\t\t\t\t<a class=\"elementor-button elementor-button-link elementor-size-xs\" href=\"https:\/\/calendly.com\/todsystem\/call\" target=\"_blank\" rel=\"noopener\">\n\t\t\t\t\t\t<span class=\"elementor-button-content-wrapper\">\n\t\t\t\t\t\t<span class=\"elementor-button-icon\">\n\t\t\t\t<i aria-hidden=\"true\" class=\"icon icon-right-arrow\"><\/i>\t\t\t<\/span>\n\t\t\t\t\t\t\t\t\t<span class=\"elementor-button-text\">Reservar una consulta<\/span>\n\t\t\t\t\t<\/span>\n\t\t\t\t\t<\/a>\n\t\t\t\t<\/div>\n\t\t\t\t\t\t\t\t<\/div>\n\t\t\t\t<\/div>\n\t\t\t\t\t<\/div>\n\t\t<\/div>\n\t\t\t\t\t<\/div>\n\t\t<\/section>\n\t\t\t\t<section class=\"elementor-section elementor-top-section elementor-element elementor-element-b983235 elementor-section-boxed elementor-section-height-default elementor-section-height-default\" data-id=\"b983235\" data-element_type=\"section\">\n\t\t\t\t\t\t<div class=\"elementor-container elementor-column-gap-default\">\n\t\t\t\t\t<div class=\"elementor-column elementor-col-100 elementor-top-column elementor-element elementor-element-46fdce4\" data-id=\"46fdce4\" data-element_type=\"column\">\n\t\t\t<div class=\"elementor-widget-wrap elementor-element-populated\">\n\t\t\t\t\t\t<div class=\"elementor-element elementor-element-f08930b elementor-widget elementor-widget-spacer\" data-id=\"f08930b\" data-element_type=\"widget\" data-widget_type=\"spacer.default\">\n\t\t\t\t<div class=\"elementor-widget-container\">\n\t\t\t\t\t\t\t<div class=\"elementor-spacer\">\n\t\t\t<div class=\"elementor-spacer-inner\"><\/div>\n\t\t<\/div>\n\t\t\t\t\t\t<\/div>\n\t\t\t\t<\/div>\n\t\t\t\t\t<\/div>\n\t\t<\/div>\n\t\t\t\t\t<\/div>\n\t\t<\/section>\n\t\t\t\t<section class=\"elementor-section elementor-top-section elementor-element elementor-element-ecd791f elementor-section-boxed elementor-section-height-default elementor-section-height-default\" data-id=\"ecd791f\" data-element_type=\"section\">\n\t\t\t\t\t\t<div class=\"elementor-container elementor-column-gap-default\">\n\t\t\t\t\t<div class=\"elementor-column elementor-col-50 elementor-top-column elementor-element elementor-element-251e44c\" data-id=\"251e44c\" data-element_type=\"column\">\n\t\t\t<div class=\"elementor-widget-wrap elementor-element-populated\">\n\t\t\t\t\t\t<div class=\"elementor-element elementor-element-aceef15 elementor-widget elementor-widget-text-editor\" data-id=\"aceef15\" data-element_type=\"widget\" data-widget_type=\"text-editor.default\">\n\t\t\t\t<div class=\"elementor-widget-container\">\n\t\t\t\t\t\t\t\t\t<p class=\"\" data-start=\"217\" data-end=\"366\">Estamos aqu\u00ed para ayudarle <strong data-start=\"242\" data-end=\"315\">integrar soluciones robotizadas, optimizar sus procesos de producci\u00f3n<\/strong> y garantizar la <strong data-start=\"331\" data-end=\"363\">m\u00e1xima eficacia operativa<\/strong>.<\/p><p class=\"\" data-start=\"368\" data-end=\"637\">\ud83d\udcde <strong data-start=\"371\" data-end=\"395\">Hable con un experto<\/strong>Le guiaremos en la elecci\u00f3n de la soluci\u00f3n m\u00e1s adecuada para su empresa.<br data-start=\"467\" data-end=\"470\" \/>\ud83d\udce7 <strong data-start=\"473\" data-end=\"494\">Scrivici un&#8217;email o una <a href=\"mailto:todsystem@pec.it\">PEC<\/a><\/strong>Respondemos r\u00e1pidamente a todas las solicitudes.<br data-start=\"541\" data-end=\"544\" \/>\ud83d\udccd <strong data-start=\"547\" data-end=\"567\">Vis\u00edtenos<\/strong>Esperamos verle en nuestras instalaciones para una consulta personalizada.<\/p><h2 class=\"\" data-start=\"873\" data-end=\"905\"><strong data-start=\"876\" data-end=\"903\">\ud83d\udce9 Env\u00edanos un mensaje<\/strong><\/h2><p class=\"\" data-start=\"907\" data-end=\"973\">Rellene el siguiente formulario y nos pondremos en contacto con usted lo antes posible.<\/p><p class=\"\" data-start=\"1043\" data-end=\"1182\">\ud83d\udd39 <strong data-start=\"1046\" data-end=\"1074\">Respondemos en 24 horas<\/strong><br data-start=\"1074\" data-end=\"1077\" \/>\ud83d\udd39 <strong data-start=\"1080\" data-end=\"1126\">Asistencia personalizada para cada solicitud<\/strong><br data-start=\"1126\" data-end=\"1129\" \/>\ud83d\udd39 <strong data-start=\"1132\" data-end=\"1180\">Asesoramiento gratuito para nuevas colaboraciones<\/strong><\/p>\t\t\t\t\t\t\t\t<\/div>\n\t\t\t\t<\/div>\n\t\t\t\t\t<\/div>\n\t\t<\/div>\n\t\t\t\t<div class=\"elementor-column elementor-col-50 elementor-top-column elementor-element elementor-element-c98a1a1\" data-id=\"c98a1a1\" data-element_type=\"column\">\n\t\t\t<div class=\"elementor-widget-wrap elementor-element-populated\">\n\t\t\t\t\t\t<div class=\"elementor-element elementor-element-bd23159 elementor-widget elementor-widget-image\" data-id=\"bd23159\" data-element_type=\"widget\" data-widget_type=\"image.default\">\n\t\t\t\t<div class=\"elementor-widget-container\">\n\t\t\t\t\t\t\t\t\t\t\t\t\t\t\t<img fetchpriority=\"high\" decoding=\"async\" width=\"1024\" height=\"683\" src=\"https:\/\/www.todsystem.com\/wp-content\/uploads\/2025\/03\/a-young-african-american-female-teacher-sits-at-ho-2025-03-31-04-17-34-utc-1024x683.webp\" class=\"attachment-large size-large wp-image-19028\" alt=\"\" srcset=\"https:\/\/www.todsystem.com\/wp-content\/uploads\/2025\/03\/a-young-african-american-female-teacher-sits-at-ho-2025-03-31-04-17-34-utc-1024x683.webp 1024w, https:\/\/www.todsystem.com\/wp-content\/uploads\/2025\/03\/a-young-african-american-female-teacher-sits-at-ho-2025-03-31-04-17-34-utc-300x200.webp 300w, https:\/\/www.todsystem.com\/wp-content\/uploads\/2025\/03\/a-young-african-american-female-teacher-sits-at-ho-2025-03-31-04-17-34-utc-768x512.webp 768w, https:\/\/www.todsystem.com\/wp-content\/uploads\/2025\/03\/a-young-african-american-female-teacher-sits-at-ho-2025-03-31-04-17-34-utc-18x12.webp 18w, https:\/\/www.todsystem.com\/wp-content\/uploads\/2025\/03\/a-young-african-american-female-teacher-sits-at-ho-2025-03-31-04-17-34-utc.webp 1200w\" sizes=\"(max-width: 1024px) 100vw, 1024px\" \/>\t\t\t\t\t\t\t\t\t\t\t\t\t\t\t<\/div>\n\t\t\t\t<\/div>\n\t\t\t\t\t<\/div>\n\t\t<\/div>\n\t\t\t\t\t<\/div>\n\t\t<\/section>\n\t\t\t\t<\/div>","protected":false},"excerpt":{"rendered":"<p>Contacte con nosotros \u00bfNecesita asesoramiento, informaci\u00f3n sobre nuestros servicios o asistencia t\u00e9cnica? El equipo de TOD System est\u00e1 a su disposici\u00f3n. Reserve una consulta Estamos aqu\u00ed para ayudarle a integrar soluciones rob\u00f3ticas, optimizar sus procesos de producci\u00f3n y garantizar la m\u00e1xima eficiencia operativa. \ud83d\udcde Hable con un experto: le guiaremos en la elecci\u00f3n de su soluci\u00f3n... <a title=\"Informaci\u00f3n requerida\" class=\"read-more\" href=\"https:\/\/www.todsystem.com\/es\/contactos\/\" aria-label=\"M\u00e1s en Solicitar informaci\u00f3n\">Leer m\u00e1s<\/a><\/p>","protected":false},"author":1,"featured_media":0,"parent":0,"menu_order":0,"comment_status":"closed","ping_status":"closed","template":"elementor_header_footer","meta":{"footnotes":""},"class_list":["post-6857","page","type-page","status-publish"],"_links":{"self":[{"href":"https:\/\/www.todsystem.com\/es\/wp-json\/wp\/v2\/pages\/6857","targetHints":{"allow":["GET"]}}],"collection":[{"href":"https:\/\/www.todsystem.com\/es\/wp-json\/wp\/v2\/pages"}],"about":[{"href":"https:\/\/www.todsystem.com\/es\/wp-json\/wp\/v2\/types\/page"}],"author":[{"embeddable":true,"href":"https:\/\/www.todsystem.com\/es\/wp-json\/wp\/v2\/users\/1"}],"replies":[{"embeddable":true,"href":"https:\/\/www.todsystem.com\/es\/wp-json\/wp\/v2\/comments?post=6857"}],"version-history":[{"count":139,"href":"https:\/\/www.todsystem.com\/es\/wp-json\/wp\/v2\/pages\/6857\/revisions"}],"predecessor-version":[{"id":19589,"href":"https:\/\/www.todsystem.com\/es\/wp-json\/wp\/v2\/pages\/6857\/revisions\/19589"}],"wp:attachment":[{"href":"https:\/\/www.todsystem.com\/es\/wp-json\/wp\/v2\/media?parent=6857"}],"curies":[{"name":"wp","href":"https:\/\/api.w.org\/{rel}","templated":true}]}}