{"id":6847,"date":"2020-09-25T09:17:39","date_gmt":"2020-09-25T09:17:39","guid":{"rendered":"https:\/\/www.todsystem.com\/it\/?page_id=6847"},"modified":"2025-04-07T11:15:53","modified_gmt":"2025-04-07T10:15:53","slug":"chi-siamo","status":"publish","type":"page","link":"https:\/\/www.todsystem.com\/es\/quienes-somos\/","title":{"rendered":"Quienes somos"},"content":{"rendered":"<div data-elementor-type=\"wp-page\" data-elementor-id=\"6847\" class=\"elementor elementor-6847\" data-elementor-post-type=\"page\">\n\t\t\t\t\t\t<section class=\"elementor-section elementor-top-section elementor-element elementor-element-11451b3 elementor-section-height-min-height elementor-section-boxed elementor-section-height-default elementor-section-items-middle\" data-id=\"11451b3\" data-element_type=\"section\" data-settings=\"{&quot;background_background&quot;:&quot;classic&quot;}\">\n\t\t\t\t\t\t\t<div class=\"elementor-background-overlay\"><\/div>\n\t\t\t\t\t\t\t<div class=\"elementor-container elementor-column-gap-default\">\n\t\t\t\t\t<div class=\"elementor-column elementor-col-100 elementor-top-column elementor-element elementor-element-3e8a03a\" data-id=\"3e8a03a\" data-element_type=\"column\">\n\t\t\t<div class=\"elementor-widget-wrap elementor-element-populated\">\n\t\t\t\t\t\t<div class=\"elementor-element elementor-element-929ec34 elementor-widget elementor-widget-heading\" data-id=\"929ec34\" data-element_type=\"widget\" data-widget_type=\"heading.default\">\n\t\t\t\t<div class=\"elementor-widget-container\">\n\t\t\t\t\t<h1 class=\"elementor-heading-title elementor-size-default\">Quienes somos<\/h1>\t\t\t\t<\/div>\n\t\t\t\t<\/div>\n\t\t\t\t<div class=\"elementor-element elementor-element-36deea4 elementor-widget elementor-widget-text-editor\" data-id=\"36deea4\" data-element_type=\"widget\" data-widget_type=\"text-editor.default\">\n\t\t\t\t<div class=\"elementor-widget-container\">\n\t\t\t\t\t\t\t\t\tTOD System: innovaci\u00f3n en la integraci\u00f3n de soluciones colaborativas rob\u00f3ticas e IoT industrial \t\t\t\t\t\t\t\t<\/div>\n\t\t\t\t<\/div>\n\t\t\t\t<div class=\"elementor-element elementor-element-4fc3e88 elementor-align-center elementor-mobile-align-justify elementor-widget__width-initial elementor-widget elementor-widget-button\" data-id=\"4fc3e88\" data-element_type=\"widget\" data-widget_type=\"button.default\">\n\t\t\t\t<div class=\"elementor-widget-container\">\n\t\t\t\t\t\t\t\t\t<div class=\"elementor-button-wrapper\">\n\t\t\t\t\t<a class=\"elementor-button elementor-button-link elementor-size-xs\" href=\"https:\/\/www.todsystem.com\/es\/contactos\/\">\n\t\t\t\t\t\t<span class=\"elementor-button-content-wrapper\">\n\t\t\t\t\t\t<span class=\"elementor-button-icon\">\n\t\t\t\t<svg aria-hidden=\"true\" class=\"e-font-icon-svg e-fas-chevron-right\" viewbox=\"0 0 320 512\" xmlns=\"http:\/\/www.w3.org\/2000\/svg\"><path d=\"M285.476 272.971L91.132 467.314c-9.373 9.373-24.569 9.373-33.941 0l-22.667-22.667c-9.357-9.357-9.375-24.522-.04-33.901L188.505 256 34.484 101.255c-9.335-9.379-9.317-24.544.04-33.901l22.667-22.667c9.373-9.373 24.569-9.373 33.941 0L285.475 239.03c9.373 9.372 9.373 24.568.001 33.941z\"><\/path><\/svg>\t\t\t<\/span>\n\t\t\t\t\t\t\t\t\t<span class=\"elementor-button-text\">Ponerse en contacto<\/span>\n\t\t\t\t\t<\/span>\n\t\t\t\t\t<\/a>\n\t\t\t\t<\/div>\n\t\t\t\t\t\t\t\t<\/div>\n\t\t\t\t<\/div>\n\t\t\t\t\t<\/div>\n\t\t<\/div>\n\t\t\t\t\t<\/div>\n\t\t<\/section>\n\t\t\t\t<section class=\"elementor-section elementor-top-section elementor-element elementor-element-aaf6a81 elementor-section-boxed elementor-section-height-default elementor-section-height-default\" data-id=\"aaf6a81\" data-element_type=\"section\">\n\t\t\t\t\t\t<div class=\"elementor-container elementor-column-gap-default\">\n\t\t\t\t\t<div class=\"elementor-column elementor-col-66 elementor-top-column elementor-element elementor-element-0a9f0bb\" data-id=\"0a9f0bb\" data-element_type=\"column\">\n\t\t\t<div class=\"elementor-widget-wrap elementor-element-populated\">\n\t\t\t\t\t\t<div class=\"elementor-element elementor-element-ccbe8ed elementor-widget elementor-widget-spacer\" data-id=\"ccbe8ed\" data-element_type=\"widget\" data-widget_type=\"spacer.default\">\n\t\t\t\t<div class=\"elementor-widget-container\">\n\t\t\t\t\t\t\t<div class=\"elementor-spacer\">\n\t\t\t<div class=\"elementor-spacer-inner\"><\/div>\n\t\t<\/div>\n\t\t\t\t\t\t<\/div>\n\t\t\t\t<\/div>\n\t\t\t\t<div class=\"elementor-element elementor-element-6bc8495 elementor-widget elementor-widget-text-editor\" data-id=\"6bc8495\" data-element_type=\"widget\" data-widget_type=\"text-editor.default\">\n\t\t\t\t<div class=\"elementor-widget-container\">\n\t\t\t\t\t\t\t\t\t<h1 class=\"\" data-start=\"61\" data-end=\"113\"><strong data-start=\"63\" data-end=\"111\">Innovaci\u00f3n y tecnolog\u00eda para la Industria 4.0<\/strong><\/h1><p class=\"\" data-start=\"115\" data-end=\"490\">En el coraz\u00f3n de la era digital, donde la industria evoluciona r\u00e1pidamente y la tecnolog\u00eda se fusiona con la producci\u00f3n, <strong data-start=\"224\" data-end=\"238\">Sistema DOT<\/strong> destaca como l\u00edder en la integraci\u00f3n de <strong data-start=\"285\" data-end=\"330\">soluciones rob\u00f3ticas colaborativas (cobots)<\/strong> y en el<strong data-start=\"338\" data-end=\"378\">Internet industrial de los objetos (IIoT)<\/strong>. Somos un punto de referencia para las empresas que quieren innovar y optimizar sus procesos de producci\u00f3n.<\/p><h2 class=\"\" data-start=\"492\" data-end=\"510\"><strong data-start=\"495\" data-end=\"508\">Quienes somos<\/strong><\/h2><p class=\"\" data-start=\"512\" data-end=\"822\">TOD System es un equipo de expertos dedicados a transformar la industria mediante la integraci\u00f3n de <strong data-start=\"608\" data-end=\"631\">robots colaborativos<\/strong> Y <strong data-start=\"634\" data-end=\"642\">IIoT<\/strong>. Nuestra misi\u00f3n es proporcionar <strong data-start=\"673\" data-end=\"712\">soluciones avanzadas y personalizadas<\/strong> para empresas manufactureras, mejorando la eficacia, la calidad y la seguridad de los procesos de producci\u00f3n.<\/p><p class=\"\" data-start=\"824\" data-end=\"1024\">Nos hemos forjado una reputaci\u00f3n de <strong data-start=\"861\" data-end=\"875\">excelencia<\/strong> en el dise\u00f1o, la aplicaci\u00f3n y el mantenimiento de <strong data-start=\"931\" data-end=\"955\">Sistemas inteligentes<\/strong>ayudar a las empresas a ser m\u00e1s competitivas en el mercado mundial.<\/p>\t\t\t\t\t\t\t\t<\/div>\n\t\t\t\t<\/div>\n\t\t\t\t<div class=\"elementor-element elementor-element-715647a elementor-widget elementor-widget-spacer\" data-id=\"715647a\" data-element_type=\"widget\" data-widget_type=\"spacer.default\">\n\t\t\t\t<div class=\"elementor-widget-container\">\n\t\t\t\t\t\t\t<div class=\"elementor-spacer\">\n\t\t\t<div class=\"elementor-spacer-inner\"><\/div>\n\t\t<\/div>\n\t\t\t\t\t\t<\/div>\n\t\t\t\t<\/div>\n\t\t\t\t\t<\/div>\n\t\t<\/div>\n\t\t\t\t<div class=\"elementor-column elementor-col-33 elementor-top-column elementor-element elementor-element-62999ef\" data-id=\"62999ef\" data-element_type=\"column\">\n\t\t\t<div class=\"elementor-widget-wrap elementor-element-populated\">\n\t\t\t\t\t\t<div class=\"elementor-element elementor-element-a0fcc56 elementor-widget elementor-widget-image\" data-id=\"a0fcc56\" data-element_type=\"widget\" data-widget_type=\"image.default\">\n\t\t\t\t<div class=\"elementor-widget-container\">\n\t\t\t\t\t\t\t\t\t\t\t\t\t\t\t<img fetchpriority=\"high\" decoding=\"async\" width=\"1200\" height=\"800\" src=\"https:\/\/www.todsystem.com\/wp-content\/uploads\/2025\/03\/robotic-engineer-trains-in-operations-programming-2025-01-09-12-27-56-utc.webp\" class=\"attachment-full size-full wp-image-19011\" alt=\"\" srcset=\"https:\/\/www.todsystem.com\/wp-content\/uploads\/2025\/03\/robotic-engineer-trains-in-operations-programming-2025-01-09-12-27-56-utc.webp 1200w, https:\/\/www.todsystem.com\/wp-content\/uploads\/2025\/03\/robotic-engineer-trains-in-operations-programming-2025-01-09-12-27-56-utc-300x200.webp 300w, https:\/\/www.todsystem.com\/wp-content\/uploads\/2025\/03\/robotic-engineer-trains-in-operations-programming-2025-01-09-12-27-56-utc-1024x683.webp 1024w, https:\/\/www.todsystem.com\/wp-content\/uploads\/2025\/03\/robotic-engineer-trains-in-operations-programming-2025-01-09-12-27-56-utc-768x512.webp 768w, https:\/\/www.todsystem.com\/wp-content\/uploads\/2025\/03\/robotic-engineer-trains-in-operations-programming-2025-01-09-12-27-56-utc-18x12.webp 18w\" sizes=\"(max-width: 1200px) 100vw, 1200px\" \/>\t\t\t\t\t\t\t\t\t\t\t\t\t\t\t<\/div>\n\t\t\t\t<\/div>\n\t\t\t\t\t<\/div>\n\t\t<\/div>\n\t\t\t\t\t<\/div>\n\t\t<\/section>\n\t\t\t\t<section class=\"elementor-section elementor-top-section elementor-element elementor-element-4976049 elementor-section-boxed elementor-section-height-default elementor-section-height-default\" data-id=\"4976049\" data-element_type=\"section\">\n\t\t\t\t\t\t<div class=\"elementor-container elementor-column-gap-default\">\n\t\t\t\t\t<div class=\"elementor-column elementor-col-66 elementor-top-column elementor-element elementor-element-d3cfb28\" data-id=\"d3cfb28\" data-element_type=\"column\" data-settings=\"{&quot;background_background&quot;:&quot;classic&quot;}\">\n\t\t\t<div class=\"elementor-widget-wrap elementor-element-populated\">\n\t\t\t\t\t\t<div class=\"elementor-element elementor-element-67de11f elementor-widget elementor-widget-heading\" data-id=\"67de11f\" data-element_type=\"widget\" data-widget_type=\"heading.default\">\n\t\t\t\t<div class=\"elementor-widget-container\">\n\t\t\t\t\t<p class=\"elementor-heading-title elementor-size-default\">M\u00e1s informaci\u00f3n sobre manipulaci\u00f3n con nuestros expertos <\/p>\t\t\t\t<\/div>\n\t\t\t\t<\/div>\n\t\t\t\t\t<\/div>\n\t\t<\/div>\n\t\t\t\t<div class=\"elementor-column elementor-col-33 elementor-top-column elementor-element elementor-element-9eed5a5\" data-id=\"9eed5a5\" data-element_type=\"column\" data-settings=\"{&quot;background_background&quot;:&quot;classic&quot;}\">\n\t\t\t<div class=\"elementor-widget-wrap elementor-element-populated\">\n\t\t\t\t\t\t<div class=\"elementor-element elementor-element-2e0651a elementor-align-center elementor-mobile-align-justify elementor-widget__width-initial elementor-widget elementor-widget-button\" data-id=\"2e0651a\" data-element_type=\"widget\" data-widget_type=\"button.default\">\n\t\t\t\t<div class=\"elementor-widget-container\">\n\t\t\t\t\t\t\t\t\t<div class=\"elementor-button-wrapper\">\n\t\t\t\t\t<a class=\"elementor-button elementor-button-link elementor-size-xs\" href=\"https:\/\/calendly.com\/todsystem\/call\" target=\"_blank\" rel=\"noopener\">\n\t\t\t\t\t\t<span class=\"elementor-button-content-wrapper\">\n\t\t\t\t\t\t<span class=\"elementor-button-icon\">\n\t\t\t\t<svg aria-hidden=\"true\" class=\"e-font-icon-svg e-fas-chevron-right\" viewbox=\"0 0 320 512\" xmlns=\"http:\/\/www.w3.org\/2000\/svg\"><path d=\"M285.476 272.971L91.132 467.314c-9.373 9.373-24.569 9.373-33.941 0l-22.667-22.667c-9.357-9.357-9.375-24.522-.04-33.901L188.505 256 34.484 101.255c-9.335-9.379-9.317-24.544.04-33.901l22.667-22.667c9.373-9.373 24.569-9.373 33.941 0L285.475 239.03c9.373 9.372 9.373 24.568.001 33.941z\"><\/path><\/svg>\t\t\t<\/span>\n\t\t\t\t\t\t\t\t\t<span class=\"elementor-button-text\">Reservar una consulta<\/span>\n\t\t\t\t\t<\/span>\n\t\t\t\t\t<\/a>\n\t\t\t\t<\/div>\n\t\t\t\t\t\t\t\t<\/div>\n\t\t\t\t<\/div>\n\t\t\t\t\t<\/div>\n\t\t<\/div>\n\t\t\t\t\t<\/div>\n\t\t<\/section>\n\t\t\t\t<section class=\"elementor-section elementor-top-section elementor-element elementor-element-a8bc44f elementor-section-boxed elementor-section-height-default elementor-section-height-default\" data-id=\"a8bc44f\" data-element_type=\"section\">\n\t\t\t\t\t\t<div class=\"elementor-container elementor-column-gap-default\">\n\t\t\t\t\t<div class=\"elementor-column elementor-col-33 elementor-top-column elementor-element elementor-element-b0aedfa\" data-id=\"b0aedfa\" data-element_type=\"column\">\n\t\t\t<div class=\"elementor-widget-wrap elementor-element-populated\">\n\t\t\t\t\t\t<div class=\"elementor-element elementor-element-8014ab3 elementor-widget elementor-widget-image\" data-id=\"8014ab3\" data-element_type=\"widget\" data-widget_type=\"image.default\">\n\t\t\t\t<div class=\"elementor-widget-container\">\n\t\t\t\t\t\t\t\t\t\t\t\t\t\t\t<img decoding=\"async\" width=\"2560\" height=\"1920\" src=\"https:\/\/www.todsystem.com\/wp-content\/uploads\/2025\/03\/bg-tod-hero-scaled.webp\" class=\"attachment-full size-full wp-image-18416\" alt=\"\" srcset=\"https:\/\/www.todsystem.com\/wp-content\/uploads\/2025\/03\/bg-tod-hero-scaled.webp 2560w, https:\/\/www.todsystem.com\/wp-content\/uploads\/2025\/03\/bg-tod-hero-300x225.webp 300w, https:\/\/www.todsystem.com\/wp-content\/uploads\/2025\/03\/bg-tod-hero-1024x768.webp 1024w, https:\/\/www.todsystem.com\/wp-content\/uploads\/2025\/03\/bg-tod-hero-768x576.webp 768w, https:\/\/www.todsystem.com\/wp-content\/uploads\/2025\/03\/bg-tod-hero-1536x1152.webp 1536w, https:\/\/www.todsystem.com\/wp-content\/uploads\/2025\/03\/bg-tod-hero-2048x1536.webp 2048w, https:\/\/www.todsystem.com\/wp-content\/uploads\/2025\/03\/bg-tod-hero-16x12.webp 16w\" sizes=\"(max-width: 2560px) 100vw, 2560px\" \/>\t\t\t\t\t\t\t\t\t\t\t\t\t\t\t<\/div>\n\t\t\t\t<\/div>\n\t\t\t\t\t<\/div>\n\t\t<\/div>\n\t\t\t\t<div class=\"elementor-column elementor-col-66 elementor-top-column elementor-element elementor-element-1a79845\" data-id=\"1a79845\" data-element_type=\"column\">\n\t\t\t<div class=\"elementor-widget-wrap elementor-element-populated\">\n\t\t\t\t\t\t<div class=\"elementor-element elementor-element-39c4d34 elementor-widget elementor-widget-spacer\" data-id=\"39c4d34\" data-element_type=\"widget\" data-widget_type=\"spacer.default\">\n\t\t\t\t<div class=\"elementor-widget-container\">\n\t\t\t\t\t\t\t<div class=\"elementor-spacer\">\n\t\t\t<div class=\"elementor-spacer-inner\"><\/div>\n\t\t<\/div>\n\t\t\t\t\t\t<\/div>\n\t\t\t\t<\/div>\n\t\t\t\t<div class=\"elementor-element elementor-element-49b3bb0 elementor-widget elementor-widget-text-editor\" data-id=\"49b3bb0\" data-element_type=\"widget\" data-widget_type=\"text-editor.default\">\n\t\t\t\t<div class=\"elementor-widget-container\">\n\t\t\t\t\t\t\t\t\t<h2 class=\"\" data-start=\"1026\" data-end=\"1052\"><strong data-start=\"1029\" data-end=\"1050\">Nuestra visi\u00f3n<\/strong><\/h2><p class=\"\" data-start=\"1054\" data-end=\"1285\">Creemos en una industria <strong data-start=\"1079\" data-end=\"1119\">m\u00e1s eficiente, segura y sostenible<\/strong> a trav\u00e9s de la innovaci\u00f3n tecnol\u00f3gica. Nuestro objetivo es ayudar a las empresas a explotar el potencial <strong data-start=\"1223\" data-end=\"1237\">ilimitado<\/strong> de la rob\u00f3tica colaborativa y la IIoT para:<\/p><p class=\"\" data-start=\"1287\" data-end=\"1488\">\u2705 <strong data-start=\"1289\" data-end=\"1318\">Optimizar las operaciones<\/strong> y reducir costes<br data-start=\"1336\" data-end=\"1339\" \/>\u2705 <strong data-start=\"1341\" data-end=\"1366\">Mejorar la calidad<\/strong> de productos<br data-start=\"1379\" data-end=\"1382\" \/>\u2705 <strong data-start=\"1384\" data-end=\"1410\">Aumentar la seguridad<\/strong> en entornos de trabajo<br data-start=\"1435\" data-end=\"1438\" \/>\u2705 <strong data-start=\"1440\" data-end=\"1463\">Reducir los residuos<\/strong> e impacto medioambiental<\/p>\t\t\t\t\t\t\t\t<\/div>\n\t\t\t\t<\/div>\n\t\t\t\t\t<\/div>\n\t\t<\/div>\n\t\t\t\t\t<\/div>\n\t\t<\/section>\n\t\t\t\t<section class=\"elementor-section elementor-top-section elementor-element elementor-element-d7b7d5c elementor-section-boxed elementor-section-height-default elementor-section-height-default\" data-id=\"d7b7d5c\" data-element_type=\"section\">\n\t\t\t\t\t\t<div class=\"elementor-container elementor-column-gap-default\">\n\t\t\t\t\t<div class=\"elementor-column elementor-col-66 elementor-top-column elementor-element elementor-element-bc83fcd\" data-id=\"bc83fcd\" data-element_type=\"column\">\n\t\t\t<div class=\"elementor-widget-wrap elementor-element-populated\">\n\t\t\t\t\t\t<div class=\"elementor-element elementor-element-f4516af elementor-widget elementor-widget-spacer\" data-id=\"f4516af\" data-element_type=\"widget\" data-widget_type=\"spacer.default\">\n\t\t\t\t<div class=\"elementor-widget-container\">\n\t\t\t\t\t\t\t<div class=\"elementor-spacer\">\n\t\t\t<div class=\"elementor-spacer-inner\"><\/div>\n\t\t<\/div>\n\t\t\t\t\t\t<\/div>\n\t\t\t\t<\/div>\n\t\t\t\t<div class=\"elementor-element elementor-element-2e9ea48 elementor-widget elementor-widget-spacer\" data-id=\"2e9ea48\" data-element_type=\"widget\" data-widget_type=\"spacer.default\">\n\t\t\t\t<div class=\"elementor-widget-container\">\n\t\t\t\t\t\t\t<div class=\"elementor-spacer\">\n\t\t\t<div class=\"elementor-spacer-inner\"><\/div>\n\t\t<\/div>\n\t\t\t\t\t\t<\/div>\n\t\t\t\t<\/div>\n\t\t\t\t<div class=\"elementor-element elementor-element-4311a7a elementor-widget elementor-widget-text-editor\" data-id=\"4311a7a\" data-element_type=\"widget\" data-widget_type=\"text-editor.default\">\n\t\t\t\t<div class=\"elementor-widget-container\">\n\t\t\t\t\t\t\t\t\t<h2 class=\"\" data-start=\"1490\" data-end=\"1512\"><strong data-start=\"1493\" data-end=\"1510\">Qu\u00e9 hacemos<\/strong><\/h2><p class=\"\" data-start=\"1514\" data-end=\"1616\">Ponemos nuestra experiencia al servicio de las empresas mediante soluciones innovadoras y a medida.<\/p><h3 class=\"\" data-start=\"1618\" data-end=\"1680\"><strong data-start=\"1622\" data-end=\"1678\">\ud83e\udd16 Integraci\u00f3n de soluciones rob\u00f3ticas colaborativas<\/strong><\/h3><p class=\"\" data-start=\"1681\" data-end=\"1913\">EL <strong data-start=\"1683\" data-end=\"1692\">cobots<\/strong> son la clave para una producci\u00f3n m\u00e1s flexible y eficaz. Las integramos en sus procesos para mejorar <strong data-start=\"1806\" data-end=\"1830\">precisi\u00f3n, rapidez<\/strong> Y <strong data-start=\"1833\" data-end=\"1862\">colaboraci\u00f3n humano-robot<\/strong>haciendo que las operaciones sean m\u00e1s seguras y productivas.<\/p><h3 class=\"\" data-start=\"1915\" data-end=\"1951\"><strong data-start=\"1919\" data-end=\"1949\">\ud83d\udcca IIoT y an\u00e1lisis de datos<\/strong><\/h3><p class=\"\" data-start=\"1952\" data-end=\"2219\">Aprovechamos la<strong data-start=\"1965\" data-end=\"1983\">IoT industrial<\/strong> para recopilar datos en tiempo real de sus plantas y procesos de producci\u00f3n. Mediante sistemas de an\u00e1lisis avanzados, identificamos <strong data-start=\"2116\" data-end=\"2135\">tendencias, anomal\u00edas<\/strong> Y <strong data-start=\"2138\" data-end=\"2170\">oportunidades de mejora<\/strong>convertir los datos en decisiones estrat\u00e9gicas.<\/p><h3 class=\"\" data-start=\"2221\" data-end=\"2257\"><strong data-start=\"2225\" data-end=\"2255\">\ud83d\udd27 Mantenimiento predictivo<\/strong><\/h3><p class=\"\" data-start=\"2258\" data-end=\"2437\">Con los datos recogidos por los sensores IoT, implantamos sistemas de <strong data-start=\"2320\" data-end=\"2347\">mantenimiento predictivo<\/strong> para evitar aver\u00edas, reducir el tiempo de inactividad y optimizar la gesti\u00f3n de activos.<\/p><h3 class=\"\" data-start=\"2439\" data-end=\"2473\"><strong data-start=\"2443\" data-end=\"2471\">\ud83c\udf93 Formaci\u00f3n y apoyo<\/strong><\/h3><p class=\"\" data-start=\"2474\" data-end=\"2691\">No nos limitamos a la aplicaci\u00f3n: <strong data-start=\"2512\" data-end=\"2536\">formamos a su equipo<\/strong> para garantizar el uso \u00f3ptimo de las tecnolog\u00edas instaladas y proporcionar <strong data-start=\"2611\" data-end=\"2642\">asistencia t\u00e9cnica continua<\/strong> para garantizar la m\u00e1xima eficacia operativa.<\/p>\t\t\t\t\t\t\t\t<\/div>\n\t\t\t\t<\/div>\n\t\t\t\t<div class=\"elementor-element elementor-element-4385b05 elementor-widget elementor-widget-spacer\" data-id=\"4385b05\" data-element_type=\"widget\" data-widget_type=\"spacer.default\">\n\t\t\t\t<div class=\"elementor-widget-container\">\n\t\t\t\t\t\t\t<div class=\"elementor-spacer\">\n\t\t\t<div class=\"elementor-spacer-inner\"><\/div>\n\t\t<\/div>\n\t\t\t\t\t\t<\/div>\n\t\t\t\t<\/div>\n\t\t\t\t\t<\/div>\n\t\t<\/div>\n\t\t\t\t<div class=\"elementor-column elementor-col-33 elementor-top-column elementor-element elementor-element-e57f7bc\" data-id=\"e57f7bc\" data-element_type=\"column\">\n\t\t\t<div class=\"elementor-widget-wrap elementor-element-populated\">\n\t\t\t\t\t\t<div class=\"elementor-element elementor-element-ef38aa9 elementor-widget elementor-widget-image\" data-id=\"ef38aa9\" data-element_type=\"widget\" data-widget_type=\"image.default\">\n\t\t\t\t<div class=\"elementor-widget-container\">\n\t\t\t\t\t\t\t\t\t\t\t\t\t\t\t<img decoding=\"async\" width=\"672\" height=\"1281\" src=\"https:\/\/www.todsystem.com\/wp-content\/uploads\/2023\/06\/TR1-FINALE.webp\" class=\"attachment-full size-full wp-image-13957\" alt=\"\" srcset=\"https:\/\/www.todsystem.com\/wp-content\/uploads\/2023\/06\/TR1-FINALE.webp 672w, https:\/\/www.todsystem.com\/wp-content\/uploads\/2023\/06\/TR1-FINALE-157x300.webp 157w, https:\/\/www.todsystem.com\/wp-content\/uploads\/2023\/06\/TR1-FINALE-537x1024.webp 537w, https:\/\/www.todsystem.com\/wp-content\/uploads\/2023\/06\/TR1-FINALE-6x12.webp 6w\" sizes=\"(max-width: 672px) 100vw, 672px\" \/>\t\t\t\t\t\t\t\t\t\t\t\t\t\t\t<\/div>\n\t\t\t\t<\/div>\n\t\t\t\t\t<\/div>\n\t\t<\/div>\n\t\t\t\t\t<\/div>\n\t\t<\/section>\n\t\t\t\t<\/div>","protected":false},"excerpt":{"rendered":"<p>Sobre nosotros TOD System: Innovaci\u00f3n en la integraci\u00f3n de soluciones rob\u00f3ticas colaborativas e IoT industrial Ponte en contacto Innovaci\u00f3n y tecnolog\u00eda para la Industria 4.0 En plena era digital, donde la industria evoluciona r\u00e1pidamente y la tecnolog\u00eda se fusiona con la fabricaci\u00f3n, TOD System destaca como l\u00edder en la integraci\u00f3n de soluciones rob\u00f3ticas colaborativas (cobots) y el Internet Industrial de las Cosas.... <a title=\"Quienes somos\" class=\"read-more\" href=\"https:\/\/www.todsystem.com\/es\/quienes-somos\/\" aria-label=\"M\u00e1s en Qui\u00e9nes somos\">Leer m\u00e1s<\/a><\/p>","protected":false},"author":1,"featured_media":0,"parent":0,"menu_order":0,"comment_status":"closed","ping_status":"closed","template":"elementor_header_footer","meta":{"footnotes":""},"class_list":["post-6847","page","type-page","status-publish"],"_links":{"self":[{"href":"https:\/\/www.todsystem.com\/es\/wp-json\/wp\/v2\/pages\/6847","targetHints":{"allow":["GET"]}}],"collection":[{"href":"https:\/\/www.todsystem.com\/es\/wp-json\/wp\/v2\/pages"}],"about":[{"href":"https:\/\/www.todsystem.com\/es\/wp-json\/wp\/v2\/types\/page"}],"author":[{"embeddable":true,"href":"https:\/\/www.todsystem.com\/es\/wp-json\/wp\/v2\/users\/1"}],"replies":[{"embeddable":true,"href":"https:\/\/www.todsystem.com\/es\/wp-json\/wp\/v2\/comments?post=6847"}],"version-history":[{"count":213,"href":"https:\/\/www.todsystem.com\/es\/wp-json\/wp\/v2\/pages\/6847\/revisions"}],"predecessor-version":[{"id":19103,"href":"https:\/\/www.todsystem.com\/es\/wp-json\/wp\/v2\/pages\/6847\/revisions\/19103"}],"wp:attachment":[{"href":"https:\/\/www.todsystem.com\/es\/wp-json\/wp\/v2\/media?parent=6847"}],"curies":[{"name":"wp","href":"https:\/\/api.w.org\/{rel}","templated":true}]}}