{"id":19089,"date":"2025-04-07T10:30:28","date_gmt":"2025-04-07T09:30:28","guid":{"rendered":"https:\/\/www.todsystem.com\/?page_id=19089"},"modified":"2025-04-07T11:07:13","modified_gmt":"2025-04-07T10:07:13","slug":"prototipazione","status":"publish","type":"page","link":"https:\/\/www.todsystem.com\/es\/creacion-de-prototipos-2\/","title":{"rendered":"Creaci\u00f3n de prototipos"},"content":{"rendered":"<div data-elementor-type=\"wp-page\" data-elementor-id=\"19089\" class=\"elementor elementor-19089\" data-elementor-post-type=\"page\">\n\t\t\t\t\t\t<section class=\"elementor-section elementor-top-section elementor-element elementor-element-87c4982 elementor-section-height-min-height elementor-section-boxed elementor-section-height-default elementor-section-items-middle\" data-id=\"87c4982\" data-element_type=\"section\" data-settings=\"{&quot;background_background&quot;:&quot;classic&quot;}\">\n\t\t\t\t\t\t\t<div class=\"elementor-background-overlay\"><\/div>\n\t\t\t\t\t\t\t<div class=\"elementor-container elementor-column-gap-default\">\n\t\t\t\t\t<div class=\"elementor-column elementor-col-100 elementor-top-column elementor-element elementor-element-dddf0cf\" data-id=\"dddf0cf\" data-element_type=\"column\">\n\t\t\t<div class=\"elementor-widget-wrap elementor-element-populated\">\n\t\t\t\t\t\t<div class=\"elementor-element elementor-element-801cb8c elementor-widget elementor-widget-heading\" data-id=\"801cb8c\" data-element_type=\"widget\" data-widget_type=\"heading.default\">\n\t\t\t\t<div class=\"elementor-widget-container\">\n\t\t\t\t\t<h1 class=\"elementor-heading-title elementor-size-default\">Creaci\u00f3n de prototipos<\/h1>\t\t\t\t<\/div>\n\t\t\t\t<\/div>\n\t\t\t\t<div class=\"elementor-element elementor-element-215e7aa elementor-widget elementor-widget-heading\" data-id=\"215e7aa\" data-element_type=\"widget\" data-widget_type=\"heading.default\">\n\t\t\t\t<div class=\"elementor-widget-container\">\n\t\t\t\t\t<h3 class=\"elementor-heading-title elementor-size-default\">Automatizaci\u00f3n inteligente para una log\u00edstica sin l\u00edmites: soluciones robotizadas de paletizaci\u00f3n y despaletizaci\u00f3n<\/h3>\t\t\t\t<\/div>\n\t\t\t\t<\/div>\n\t\t\t\t<div class=\"elementor-element elementor-element-fd05590 elementor-align-center elementor-mobile-align-justify elementor-widget__width-initial elementor-widget elementor-widget-button\" data-id=\"fd05590\" data-element_type=\"widget\" data-widget_type=\"button.default\">\n\t\t\t\t<div class=\"elementor-widget-container\">\n\t\t\t\t\t\t\t\t\t<div class=\"elementor-button-wrapper\">\n\t\t\t\t\t<a class=\"elementor-button elementor-button-link elementor-size-xs\" href=\"https:\/\/www.todsystem.com\/es\/contactos\/\">\n\t\t\t\t\t\t<span class=\"elementor-button-content-wrapper\">\n\t\t\t\t\t\t<span class=\"elementor-button-icon\">\n\t\t\t\t<svg aria-hidden=\"true\" class=\"e-font-icon-svg e-fas-chevron-right\" viewbox=\"0 0 320 512\" xmlns=\"http:\/\/www.w3.org\/2000\/svg\"><path d=\"M285.476 272.971L91.132 467.314c-9.373 9.373-24.569 9.373-33.941 0l-22.667-22.667c-9.357-9.357-9.375-24.522-.04-33.901L188.505 256 34.484 101.255c-9.335-9.379-9.317-24.544.04-33.901l22.667-22.667c9.373-9.373 24.569-9.373 33.941 0L285.475 239.03c9.373 9.372 9.373 24.568.001 33.941z\"><\/path><\/svg>\t\t\t<\/span>\n\t\t\t\t\t\t\t\t\t<span class=\"elementor-button-text\">Ponerse en contacto<\/span>\n\t\t\t\t\t<\/span>\n\t\t\t\t\t<\/a>\n\t\t\t\t<\/div>\n\t\t\t\t\t\t\t\t<\/div>\n\t\t\t\t<\/div>\n\t\t\t\t\t<\/div>\n\t\t<\/div>\n\t\t\t\t\t<\/div>\n\t\t<\/section>\n\t\t\t\t<section class=\"elementor-section elementor-top-section elementor-element elementor-element-149dd9d elementor-section-boxed elementor-section-height-default elementor-section-height-default\" data-id=\"149dd9d\" data-element_type=\"section\">\n\t\t\t\t\t\t<div class=\"elementor-container elementor-column-gap-default\">\n\t\t\t\t\t<div class=\"elementor-column elementor-col-66 elementor-top-column elementor-element elementor-element-5a4bd63\" data-id=\"5a4bd63\" data-element_type=\"column\">\n\t\t\t<div class=\"elementor-widget-wrap elementor-element-populated\">\n\t\t\t\t\t\t<div class=\"elementor-element elementor-element-2bc460c elementor-widget elementor-widget-spacer\" data-id=\"2bc460c\" data-element_type=\"widget\" data-widget_type=\"spacer.default\">\n\t\t\t\t<div class=\"elementor-widget-container\">\n\t\t\t\t\t\t\t<div class=\"elementor-spacer\">\n\t\t\t<div class=\"elementor-spacer-inner\"><\/div>\n\t\t<\/div>\n\t\t\t\t\t\t<\/div>\n\t\t\t\t<\/div>\n\t\t\t\t<div class=\"elementor-element elementor-element-4a79c67 elementor-widget elementor-widget-text-editor\" data-id=\"4a79c67\" data-element_type=\"widget\" data-widget_type=\"text-editor.default\">\n\t\t\t\t<div class=\"elementor-widget-container\">\n\t\t\t\t\t\t\t\t\t<h1 class=\"\" data-start=\"91\" data-end=\"133\"><strong data-start=\"93\" data-end=\"131\">Prototipos r\u00e1pidos y funcionales<\/strong><\/h1><p class=\"\" data-start=\"134\" data-end=\"204\"><strong data-start=\"134\" data-end=\"204\">De la teor\u00eda a la pr\u00e1ctica: convertir las ideas en soluciones reales<\/strong><\/p><p class=\"\" data-start=\"206\" data-end=\"628\">La creaci\u00f3n de prototipos es una fase crucial en el desarrollo de soluciones de automatizaci\u00f3n industrial. En TOD System, ofrecemos un servicio integral de creaci\u00f3n de prototipos para probar, validar y perfeccionar soluciones antes de su implementaci\u00f3n final. Gracias a la experiencia de nuestro equipo y al uso de tecnolog\u00edas avanzadas, reducimos el tiempo de desarrollo y optimizamos la transici\u00f3n del dise\u00f1o a la producci\u00f3n.<\/p><hr class=\"\" data-start=\"630\" data-end=\"633\" \/><h2 class=\"\" data-start=\"635\" data-end=\"655\"><strong data-start=\"638\" data-end=\"655\">Qu\u00e9 ofrecemos<\/strong><\/h2><p class=\"\" data-start=\"657\" data-end=\"826\"><strong data-start=\"657\" data-end=\"689\">Desarrollo de prototipos personalizados<\/strong><br data-start=\"689\" data-end=\"692\" \/>Fabricamos prototipos a medida basados en los requisitos de producci\u00f3n del cliente, para validar todos los aspectos t\u00e9cnicos y funcionales.<\/p><p class=\"\" data-start=\"828\" data-end=\"1016\"><strong data-start=\"828\" data-end=\"861\">Pruebas funcionales y validaci\u00f3n<\/strong><br data-start=\"861\" data-end=\"864\" \/>Cada prototipo se prueba en condiciones reales o simuladas para verificar su rendimiento, seguridad, fiabilidad y compatibilidad con los sistemas existentes.<\/p><p class=\"\" data-start=\"1018\" data-end=\"1214\"><strong data-start=\"1018\" data-end=\"1047\">Adaptabilidad e iteraci\u00f3n<\/strong><br data-start=\"1047\" data-end=\"1050\" \/>Modificamos y mejoramos r\u00e1pidamente los prototipos bas\u00e1ndonos en los datos recogidos durante las pruebas, para afinar la soluci\u00f3n antes de su implantaci\u00f3n definitiva.<\/p><p class=\"\" data-start=\"1216\" data-end=\"1371\"><strong data-start=\"1216\" data-end=\"1243\">Producci\u00f3n preserie<\/strong><br data-start=\"1243\" data-end=\"1246\" \/>Podemos producir peque\u00f1as series funcionales, ideales para pruebas industriales a peque\u00f1a escala antes de la implantaci\u00f3n completa.<\/p>\t\t\t\t\t\t\t\t<\/div>\n\t\t\t\t<\/div>\n\t\t\t\t<div class=\"elementor-element elementor-element-04d4b2c elementor-widget elementor-widget-spacer\" data-id=\"04d4b2c\" data-element_type=\"widget\" data-widget_type=\"spacer.default\">\n\t\t\t\t<div class=\"elementor-widget-container\">\n\t\t\t\t\t\t\t<div class=\"elementor-spacer\">\n\t\t\t<div class=\"elementor-spacer-inner\"><\/div>\n\t\t<\/div>\n\t\t\t\t\t\t<\/div>\n\t\t\t\t<\/div>\n\t\t\t\t\t<\/div>\n\t\t<\/div>\n\t\t\t\t<div class=\"elementor-column elementor-col-33 elementor-top-column elementor-element elementor-element-bbf613e\" data-id=\"bbf613e\" data-element_type=\"column\">\n\t\t\t<div class=\"elementor-widget-wrap elementor-element-populated\">\n\t\t\t\t\t\t<div class=\"elementor-element elementor-element-5f10099 elementor-widget elementor-widget-spacer\" data-id=\"5f10099\" data-element_type=\"widget\" data-widget_type=\"spacer.default\">\n\t\t\t\t<div class=\"elementor-widget-container\">\n\t\t\t\t\t\t\t<div class=\"elementor-spacer\">\n\t\t\t<div class=\"elementor-spacer-inner\"><\/div>\n\t\t<\/div>\n\t\t\t\t\t\t<\/div>\n\t\t\t\t<\/div>\n\t\t\t\t<div class=\"elementor-element elementor-element-6f173fa elementor-widget elementor-widget-image\" data-id=\"6f173fa\" data-element_type=\"widget\" data-widget_type=\"image.default\">\n\t\t\t\t<div class=\"elementor-widget-container\">\n\t\t\t\t\t\t\t\t\t\t\t\t\t\t\t<img fetchpriority=\"high\" decoding=\"async\" width=\"800\" height=\"1200\" src=\"https:\/\/www.todsystem.com\/wp-content\/uploads\/2025\/04\/development-of-mechanical-schemes-as-education-con-2025-03-24-07-04-49-utc.webp\" class=\"attachment-full size-full wp-image-19091\" alt=\"\" srcset=\"https:\/\/www.todsystem.com\/wp-content\/uploads\/2025\/04\/development-of-mechanical-schemes-as-education-con-2025-03-24-07-04-49-utc.webp 800w, https:\/\/www.todsystem.com\/wp-content\/uploads\/2025\/04\/development-of-mechanical-schemes-as-education-con-2025-03-24-07-04-49-utc-200x300.webp 200w, https:\/\/www.todsystem.com\/wp-content\/uploads\/2025\/04\/development-of-mechanical-schemes-as-education-con-2025-03-24-07-04-49-utc-683x1024.webp 683w, https:\/\/www.todsystem.com\/wp-content\/uploads\/2025\/04\/development-of-mechanical-schemes-as-education-con-2025-03-24-07-04-49-utc-768x1152.webp 768w, https:\/\/www.todsystem.com\/wp-content\/uploads\/2025\/04\/development-of-mechanical-schemes-as-education-con-2025-03-24-07-04-49-utc-8x12.webp 8w\" sizes=\"(max-width: 800px) 100vw, 800px\" \/>\t\t\t\t\t\t\t\t\t\t\t\t\t\t\t<\/div>\n\t\t\t\t<\/div>\n\t\t\t\t<div class=\"elementor-element elementor-element-6b2a977 elementor-widget elementor-widget-spacer\" data-id=\"6b2a977\" data-element_type=\"widget\" data-widget_type=\"spacer.default\">\n\t\t\t\t<div class=\"elementor-widget-container\">\n\t\t\t\t\t\t\t<div class=\"elementor-spacer\">\n\t\t\t<div class=\"elementor-spacer-inner\"><\/div>\n\t\t<\/div>\n\t\t\t\t\t\t<\/div>\n\t\t\t\t<\/div>\n\t\t\t\t\t<\/div>\n\t\t<\/div>\n\t\t\t\t\t<\/div>\n\t\t<\/section>\n\t\t\t\t<section class=\"elementor-section elementor-top-section elementor-element elementor-element-de0c124 elementor-section-boxed elementor-section-height-default elementor-section-height-default\" data-id=\"de0c124\" data-element_type=\"section\">\n\t\t\t\t\t\t<div class=\"elementor-container elementor-column-gap-default\">\n\t\t\t\t\t<div class=\"elementor-column elementor-col-66 elementor-top-column elementor-element elementor-element-3e3464e\" data-id=\"3e3464e\" data-element_type=\"column\" data-settings=\"{&quot;background_background&quot;:&quot;classic&quot;}\">\n\t\t\t<div class=\"elementor-widget-wrap elementor-element-populated\">\n\t\t\t\t\t\t<div class=\"elementor-element elementor-element-264fa58 elementor-widget elementor-widget-heading\" data-id=\"264fa58\" data-element_type=\"widget\" data-widget_type=\"heading.default\">\n\t\t\t\t<div class=\"elementor-widget-container\">\n\t\t\t\t\t<p class=\"elementor-heading-title elementor-size-default\">M\u00e1s informaci\u00f3n sobre paletizaci\u00f3n con nuestros expertos <\/p>\t\t\t\t<\/div>\n\t\t\t\t<\/div>\n\t\t\t\t\t<\/div>\n\t\t<\/div>\n\t\t\t\t<div class=\"elementor-column elementor-col-33 elementor-top-column elementor-element elementor-element-e209b5f\" data-id=\"e209b5f\" data-element_type=\"column\" data-settings=\"{&quot;background_background&quot;:&quot;classic&quot;}\">\n\t\t\t<div class=\"elementor-widget-wrap elementor-element-populated\">\n\t\t\t\t\t\t<div class=\"elementor-element elementor-element-12d487a elementor-align-center elementor-mobile-align-justify elementor-widget__width-initial elementor-widget elementor-widget-button\" data-id=\"12d487a\" data-element_type=\"widget\" data-widget_type=\"button.default\">\n\t\t\t\t<div class=\"elementor-widget-container\">\n\t\t\t\t\t\t\t\t\t<div class=\"elementor-button-wrapper\">\n\t\t\t\t\t<a class=\"elementor-button elementor-button-link elementor-size-xs\" href=\"https:\/\/calendly.com\/todsystem\/call\" target=\"_blank\" rel=\"noopener\">\n\t\t\t\t\t\t<span class=\"elementor-button-content-wrapper\">\n\t\t\t\t\t\t<span class=\"elementor-button-icon\">\n\t\t\t\t<svg aria-hidden=\"true\" class=\"e-font-icon-svg e-fas-chevron-right\" viewbox=\"0 0 320 512\" xmlns=\"http:\/\/www.w3.org\/2000\/svg\"><path d=\"M285.476 272.971L91.132 467.314c-9.373 9.373-24.569 9.373-33.941 0l-22.667-22.667c-9.357-9.357-9.375-24.522-.04-33.901L188.505 256 34.484 101.255c-9.335-9.379-9.317-24.544.04-33.901l22.667-22.667c9.373-9.373 24.569-9.373 33.941 0L285.475 239.03c9.373 9.372 9.373 24.568.001 33.941z\"><\/path><\/svg>\t\t\t<\/span>\n\t\t\t\t\t\t\t\t\t<span class=\"elementor-button-text\">Reservar una consulta<\/span>\n\t\t\t\t\t<\/span>\n\t\t\t\t\t<\/a>\n\t\t\t\t<\/div>\n\t\t\t\t\t\t\t\t<\/div>\n\t\t\t\t<\/div>\n\t\t\t\t\t<\/div>\n\t\t<\/div>\n\t\t\t\t\t<\/div>\n\t\t<\/section>\n\t\t\t\t<section class=\"elementor-section elementor-top-section elementor-element elementor-element-20d4ba1 elementor-section-boxed elementor-section-height-default elementor-section-height-default\" data-id=\"20d4ba1\" data-element_type=\"section\">\n\t\t\t\t\t\t<div class=\"elementor-container elementor-column-gap-default\">\n\t\t\t\t\t<div class=\"elementor-column elementor-col-33 elementor-top-column elementor-element elementor-element-c4622f2\" data-id=\"c4622f2\" data-element_type=\"column\">\n\t\t\t<div class=\"elementor-widget-wrap elementor-element-populated\">\n\t\t\t\t\t\t<div class=\"elementor-element elementor-element-ea4e3e1 elementor-widget elementor-widget-image\" data-id=\"ea4e3e1\" data-element_type=\"widget\" data-widget_type=\"image.default\">\n\t\t\t\t<div class=\"elementor-widget-container\">\n\t\t\t\t\t\t\t\t\t\t\t\t\t\t\t<img decoding=\"async\" width=\"828\" height=\"1200\" src=\"https:\/\/www.todsystem.com\/wp-content\/uploads\/2025\/04\/orange-robot-or-robotic-arm-in-factory-2025-03-08-05-01-27-utc.webp\" class=\"attachment-full size-full wp-image-19078\" alt=\"\" srcset=\"https:\/\/www.todsystem.com\/wp-content\/uploads\/2025\/04\/orange-robot-or-robotic-arm-in-factory-2025-03-08-05-01-27-utc.webp 828w, https:\/\/www.todsystem.com\/wp-content\/uploads\/2025\/04\/orange-robot-or-robotic-arm-in-factory-2025-03-08-05-01-27-utc-207x300.webp 207w, https:\/\/www.todsystem.com\/wp-content\/uploads\/2025\/04\/orange-robot-or-robotic-arm-in-factory-2025-03-08-05-01-27-utc-707x1024.webp 707w, https:\/\/www.todsystem.com\/wp-content\/uploads\/2025\/04\/orange-robot-or-robotic-arm-in-factory-2025-03-08-05-01-27-utc-768x1113.webp 768w, https:\/\/www.todsystem.com\/wp-content\/uploads\/2025\/04\/orange-robot-or-robotic-arm-in-factory-2025-03-08-05-01-27-utc-8x12.webp 8w\" sizes=\"(max-width: 828px) 100vw, 828px\" \/>\t\t\t\t\t\t\t\t\t\t\t\t\t\t\t<\/div>\n\t\t\t\t<\/div>\n\t\t\t\t\t<\/div>\n\t\t<\/div>\n\t\t\t\t<div class=\"elementor-column elementor-col-66 elementor-top-column elementor-element elementor-element-f458b5b\" data-id=\"f458b5b\" data-element_type=\"column\">\n\t\t\t<div class=\"elementor-widget-wrap elementor-element-populated\">\n\t\t\t\t\t\t<div class=\"elementor-element elementor-element-973f1f1 elementor-widget elementor-widget-spacer\" data-id=\"973f1f1\" data-element_type=\"widget\" data-widget_type=\"spacer.default\">\n\t\t\t\t<div class=\"elementor-widget-container\">\n\t\t\t\t\t\t\t<div class=\"elementor-spacer\">\n\t\t\t<div class=\"elementor-spacer-inner\"><\/div>\n\t\t<\/div>\n\t\t\t\t\t\t<\/div>\n\t\t\t\t<\/div>\n\t\t\t\t<div class=\"elementor-element elementor-element-0e6b1cd elementor-widget elementor-widget-text-editor\" data-id=\"0e6b1cd\" data-element_type=\"widget\" data-widget_type=\"text-editor.default\">\n\t\t\t\t<div class=\"elementor-widget-container\">\n\t\t\t\t\t\t\t\t\t<h2 class=\"\" data-start=\"1378\" data-end=\"1429\"><strong data-start=\"1381\" data-end=\"1429\">Ventajas de la creaci\u00f3n de prototipos<\/strong><\/h2><ul data-start=\"1431\" data-end=\"1956\"><li class=\"\" data-start=\"1431\" data-end=\"1561\"><p class=\"\" data-start=\"1433\" data-end=\"1561\"><strong data-start=\"1433\" data-end=\"1469\">Reducir los riesgos de dise\u00f1o<\/strong>Probar antes de invertir permite identificar problemas cr\u00edticos y evitar errores costosos.<\/p><\/li><li class=\"\" data-start=\"1562\" data-end=\"1685\"><p class=\"\" data-start=\"1564\" data-end=\"1685\"><strong data-start=\"1564\" data-end=\"1592\">Optimizaci\u00f3n del tiempo<\/strong>: La creaci\u00f3n r\u00e1pida de prototipos acelera la toma de decisiones y la introducci\u00f3n en la producci\u00f3n.<\/p><\/li><li class=\"\" data-start=\"1686\" data-end=\"1830\"><p class=\"\" data-start=\"1688\" data-end=\"1830\"><strong data-start=\"1688\" data-end=\"1716\">Participaci\u00f3n operativa<\/strong>Colaboramos con el personal t\u00e9cnico y operativo para recabar opiniones directas y optimizar la soluci\u00f3n.<\/p><\/li><li class=\"\" data-start=\"1831\" data-end=\"1956\"><p class=\"\" data-start=\"1833\" data-end=\"1956\"><strong data-start=\"1833\" data-end=\"1857\">Innovaci\u00f3n concreta<\/strong>Cada prototipo est\u00e1 dise\u00f1ado para ser un paso real hacia la transformaci\u00f3n digital de la empresa.<\/p><\/li><\/ul><h2 class=\"\" data-start=\"1963\" data-end=\"1991\"><strong data-start=\"1966\" data-end=\"1991\">Campos de aplicaci\u00f3n<\/strong><\/h2><ul data-start=\"1993\" data-end=\"2218\"><li class=\"\" data-start=\"1993\" data-end=\"2022\"><p class=\"\" data-start=\"1995\" data-end=\"2022\">Islas rob\u00f3ticas y cobots<\/p><\/li><li class=\"\" data-start=\"2023\" data-end=\"2068\"><p class=\"\" data-start=\"2025\" data-end=\"2068\">Sistemas de manipulaci\u00f3n<\/p><\/li><li class=\"\" data-start=\"2069\" data-end=\"2116\"><p class=\"\" data-start=\"2071\" data-end=\"2116\">Integraciones con sensores y dispositivos IIoT<\/p><\/li><li class=\"\" data-start=\"2117\" data-end=\"2166\"><p class=\"\" data-start=\"2119\" data-end=\"2166\">Interfaces hombre-m\u00e1quina (IHM) personalizadas<\/p><\/li><li class=\"\" data-start=\"2167\" data-end=\"2218\"><p class=\"\" data-start=\"2169\" data-end=\"2218\">Sistemas personalizados para requisitos de producci\u00f3n espec\u00edficos<\/p><\/li><\/ul><hr class=\"\" data-start=\"2220\" data-end=\"2223\" \/><h2 class=\"\" data-start=\"2225\" data-end=\"2271\"><strong data-start=\"2228\" data-end=\"2271\">Del prototipo a la soluci\u00f3n final<\/strong><\/h2><p class=\"\" data-start=\"2273\" data-end=\"2513\">En TOD System, creemos que un buen prototipo es la base de una soluci\u00f3n industrial eficaz. Trabajamos a su lado para convertir las ideas en resultados concretos, con un enfoque de ingenier\u00eda s\u00f3lido y orientado a la producci\u00f3n.<\/p><p class=\"\" data-start=\"2515\" data-end=\"2582\">P\u00f3ngase en contacto con nosotros para empezar a dar forma a su pr\u00f3xima innovaci\u00f3n.<\/p>\t\t\t\t\t\t\t\t<\/div>\n\t\t\t\t<\/div>\n\t\t\t\t\t<\/div>\n\t\t<\/div>\n\t\t\t\t\t<\/div>\n\t\t<\/section>\n\t\t\t\t<\/div>","protected":false},"excerpt":{"rendered":"<p>Prototipazione Automazione intelligente per una logistica senza limiti: soluzioni robotiche per pallettizzazione e depallettizzazione Mettiti in Contatto Prototipazione Rapida e Funzionale Dalla teoria alla pratica: trasformiamo le idee in soluzioni reali La prototipazione \u00e8 una fase cruciale nello sviluppo di soluzioni di automazione industriale. In TOD System offriamo un servizio completo di prototipazione per testare, &#8230; <a title=\"Creaci\u00f3n de prototipos\" class=\"read-more\" href=\"https:\/\/www.todsystem.com\/es\/creacion-de-prototipos-2\/\" aria-label=\"M\u00e1s en Prototipazione\">Leer m\u00e1s<\/a><\/p>","protected":false},"author":1,"featured_media":0,"parent":0,"menu_order":0,"comment_status":"closed","ping_status":"closed","template":"elementor_header_footer","meta":{"footnotes":""},"class_list":["post-19089","page","type-page","status-publish"],"_links":{"self":[{"href":"https:\/\/www.todsystem.com\/es\/wp-json\/wp\/v2\/pages\/19089","targetHints":{"allow":["GET"]}}],"collection":[{"href":"https:\/\/www.todsystem.com\/es\/wp-json\/wp\/v2\/pages"}],"about":[{"href":"https:\/\/www.todsystem.com\/es\/wp-json\/wp\/v2\/types\/page"}],"author":[{"embeddable":true,"href":"https:\/\/www.todsystem.com\/es\/wp-json\/wp\/v2\/users\/1"}],"replies":[{"embeddable":true,"href":"https:\/\/www.todsystem.com\/es\/wp-json\/wp\/v2\/comments?post=19089"}],"version-history":[{"count":3,"href":"https:\/\/www.todsystem.com\/es\/wp-json\/wp\/v2\/pages\/19089\/revisions"}],"predecessor-version":[{"id":19094,"href":"https:\/\/www.todsystem.com\/es\/wp-json\/wp\/v2\/pages\/19089\/revisions\/19094"}],"wp:attachment":[{"href":"https:\/\/www.todsystem.com\/es\/wp-json\/wp\/v2\/media?parent=19089"}],"curies":[{"name":"wp","href":"https:\/\/api.w.org\/{rel}","templated":true}]}}