{"id":18707,"date":"2025-03-21T11:06:05","date_gmt":"2025-03-21T10:06:05","guid":{"rendered":"https:\/\/www.todsystem.com\/?page_id=18707"},"modified":"2025-03-27T10:52:42","modified_gmt":"2025-03-27T09:52:42","slug":"assistenza","status":"publish","type":"page","link":"https:\/\/www.todsystem.com\/es\/asistencia\/","title":{"rendered":"Asistencia"},"content":{"rendered":"<div data-elementor-type=\"wp-page\" data-elementor-id=\"18707\" class=\"elementor elementor-18707\" data-elementor-post-type=\"page\">\n\t\t\t\t\t\t<section class=\"elementor-section elementor-top-section elementor-element elementor-element-c5da933 elementor-section-height-min-height elementor-section-boxed elementor-section-height-default elementor-section-items-middle\" data-id=\"c5da933\" data-element_type=\"section\" data-settings=\"{&quot;background_background&quot;:&quot;classic&quot;}\">\n\t\t\t\t\t\t\t<div class=\"elementor-background-overlay\"><\/div>\n\t\t\t\t\t\t\t<div class=\"elementor-container elementor-column-gap-default\">\n\t\t\t\t\t<div class=\"elementor-column elementor-col-100 elementor-top-column elementor-element elementor-element-6fc78a1\" data-id=\"6fc78a1\" data-element_type=\"column\">\n\t\t\t<div class=\"elementor-widget-wrap elementor-element-populated\">\n\t\t\t\t\t\t<div class=\"elementor-element elementor-element-2bfb26c elementor-widget elementor-widget-heading\" data-id=\"2bfb26c\" data-element_type=\"widget\" data-widget_type=\"heading.default\">\n\t\t\t\t<div class=\"elementor-widget-container\">\n\t\t\t\t\t<h1 class=\"elementor-heading-title elementor-size-default\">Asistencia<\/h1>\t\t\t\t<\/div>\n\t\t\t\t<\/div>\n\t\t\t\t<div class=\"elementor-element elementor-element-b998941 elementor-widget elementor-widget-heading\" data-id=\"b998941\" data-element_type=\"widget\" data-widget_type=\"heading.default\">\n\t\t\t\t<div class=\"elementor-widget-container\">\n\t\t\t\t\t<h3 class=\"elementor-heading-title elementor-size-default\">Asistencia t\u00e9cnica y apoyo operativo<\/h3>\t\t\t\t<\/div>\n\t\t\t\t<\/div>\n\t\t\t\t<div class=\"elementor-element elementor-element-2834a1b elementor-align-center elementor-mobile-align-justify elementor-widget__width-initial elementor-widget elementor-widget-button\" data-id=\"2834a1b\" data-element_type=\"widget\" data-widget_type=\"button.default\">\n\t\t\t\t<div class=\"elementor-widget-container\">\n\t\t\t\t\t\t\t\t\t<div class=\"elementor-button-wrapper\">\n\t\t\t\t\t<a class=\"elementor-button elementor-button-link elementor-size-xs\" href=\"https:\/\/www.todsystem.com\/es\/contactos\/\">\n\t\t\t\t\t\t<span class=\"elementor-button-content-wrapper\">\n\t\t\t\t\t\t<span class=\"elementor-button-icon\">\n\t\t\t\t<svg aria-hidden=\"true\" class=\"e-font-icon-svg e-fas-chevron-right\" viewbox=\"0 0 320 512\" xmlns=\"http:\/\/www.w3.org\/2000\/svg\"><path d=\"M285.476 272.971L91.132 467.314c-9.373 9.373-24.569 9.373-33.941 0l-22.667-22.667c-9.357-9.357-9.375-24.522-.04-33.901L188.505 256 34.484 101.255c-9.335-9.379-9.317-24.544.04-33.901l22.667-22.667c9.373-9.373 24.569-9.373 33.941 0L285.475 239.03c9.373 9.372 9.373 24.568.001 33.941z\"><\/path><\/svg>\t\t\t<\/span>\n\t\t\t\t\t\t\t\t\t<span class=\"elementor-button-text\">Ponerse en contacto<\/span>\n\t\t\t\t\t<\/span>\n\t\t\t\t\t<\/a>\n\t\t\t\t<\/div>\n\t\t\t\t\t\t\t\t<\/div>\n\t\t\t\t<\/div>\n\t\t\t\t\t<\/div>\n\t\t<\/div>\n\t\t\t\t\t<\/div>\n\t\t<\/section>\n\t\t\t\t<section class=\"elementor-section elementor-top-section elementor-element elementor-element-5a66f64 elementor-section-boxed elementor-section-height-default elementor-section-height-default\" data-id=\"5a66f64\" data-element_type=\"section\">\n\t\t\t\t\t\t<div class=\"elementor-container elementor-column-gap-default\">\n\t\t\t\t\t<div class=\"elementor-column elementor-col-66 elementor-top-column elementor-element elementor-element-bf7ef91\" data-id=\"bf7ef91\" data-element_type=\"column\">\n\t\t\t<div class=\"elementor-widget-wrap elementor-element-populated\">\n\t\t\t\t\t\t<div class=\"elementor-element elementor-element-dc28047 elementor-widget elementor-widget-spacer\" data-id=\"dc28047\" data-element_type=\"widget\" data-widget_type=\"spacer.default\">\n\t\t\t\t<div class=\"elementor-widget-container\">\n\t\t\t\t\t\t\t<div class=\"elementor-spacer\">\n\t\t\t<div class=\"elementor-spacer-inner\"><\/div>\n\t\t<\/div>\n\t\t\t\t\t\t<\/div>\n\t\t\t\t<\/div>\n\t\t\t\t<div class=\"elementor-element elementor-element-b72129a elementor-widget elementor-widget-text-editor\" data-id=\"b72129a\" data-element_type=\"widget\" data-widget_type=\"text-editor.default\">\n\t\t\t\t<div class=\"elementor-widget-container\">\n\t\t\t\t\t\t\t\t\t<h2 data-start=\"62\" data-end=\"130\">M\u00e1xima eficacia y continuidad operativa para su automatizaci\u00f3n<\/h2><h3 data-start=\"132\" data-end=\"194\">Asistencia completa para optimizar sus sistemas rob\u00f3ticos<\/h3><p class=\"\" data-start=\"195\" data-end=\"485\">Nuestra consultor\u00eda gu\u00eda a la direcci\u00f3n de la empresa en todas las fases, desde la estrategia de desarrollo hasta la implantaci\u00f3n de sistemas de gesti\u00f3n avanzados. Ofrecemos asistencia integral y personalizada, garantizando que cada sistema robotizado funcione con la m\u00e1xima eficiencia y sin interrupciones.<\/p><p class=\"\" data-start=\"487\" data-end=\"780\">La automatizaci\u00f3n industrial es un activo estrat\u00e9gico para mejorar la productividad, pero su gesti\u00f3n requiere conocimientos espec\u00edficos y asistencia puntual. Con TodSystem, tiene a su disposici\u00f3n un equipo de expertos para resolver cualquier problema cr\u00edtico y optimizar el rendimiento de sus cobots.<\/p>\t\t\t\t\t\t\t\t<\/div>\n\t\t\t\t<\/div>\n\t\t\t\t<div class=\"elementor-element elementor-element-deff3d6 elementor-widget elementor-widget-spacer\" data-id=\"deff3d6\" data-element_type=\"widget\" data-widget_type=\"spacer.default\">\n\t\t\t\t<div class=\"elementor-widget-container\">\n\t\t\t\t\t\t\t<div class=\"elementor-spacer\">\n\t\t\t<div class=\"elementor-spacer-inner\"><\/div>\n\t\t<\/div>\n\t\t\t\t\t\t<\/div>\n\t\t\t\t<\/div>\n\t\t\t\t\t<\/div>\n\t\t<\/div>\n\t\t\t\t<div class=\"elementor-column elementor-col-33 elementor-top-column elementor-element elementor-element-e06b811\" data-id=\"e06b811\" data-element_type=\"column\">\n\t\t\t<div class=\"elementor-widget-wrap elementor-element-populated\">\n\t\t\t\t\t\t<div class=\"elementor-element elementor-element-fb39958 elementor-widget elementor-widget-image\" data-id=\"fb39958\" data-element_type=\"widget\" data-widget_type=\"image.default\">\n\t\t\t\t<div class=\"elementor-widget-container\">\n\t\t\t\t\t\t\t\t\t\t\t\t\t\t\t<img fetchpriority=\"high\" decoding=\"async\" width=\"1200\" height=\"800\" src=\"https:\/\/www.todsystem.com\/wp-content\/uploads\/2025\/03\/robotic-supervisor-discuss-with-technical-speciali-2025-01-08-14-18-18-utc.webp\" class=\"attachment-full size-full wp-image-18935\" alt=\"\" srcset=\"https:\/\/www.todsystem.com\/wp-content\/uploads\/2025\/03\/robotic-supervisor-discuss-with-technical-speciali-2025-01-08-14-18-18-utc.webp 1200w, https:\/\/www.todsystem.com\/wp-content\/uploads\/2025\/03\/robotic-supervisor-discuss-with-technical-speciali-2025-01-08-14-18-18-utc-300x200.webp 300w, https:\/\/www.todsystem.com\/wp-content\/uploads\/2025\/03\/robotic-supervisor-discuss-with-technical-speciali-2025-01-08-14-18-18-utc-1024x683.webp 1024w, https:\/\/www.todsystem.com\/wp-content\/uploads\/2025\/03\/robotic-supervisor-discuss-with-technical-speciali-2025-01-08-14-18-18-utc-768x512.webp 768w, https:\/\/www.todsystem.com\/wp-content\/uploads\/2025\/03\/robotic-supervisor-discuss-with-technical-speciali-2025-01-08-14-18-18-utc-18x12.webp 18w\" sizes=\"(max-width: 1200px) 100vw, 1200px\" \/>\t\t\t\t\t\t\t\t\t\t\t\t\t\t\t<\/div>\n\t\t\t\t<\/div>\n\t\t\t\t\t<\/div>\n\t\t<\/div>\n\t\t\t\t\t<\/div>\n\t\t<\/section>\n\t\t\t\t<section class=\"elementor-section elementor-top-section elementor-element elementor-element-5005dba elementor-section-boxed elementor-section-height-default elementor-section-height-default\" data-id=\"5005dba\" data-element_type=\"section\">\n\t\t\t\t\t\t<div class=\"elementor-container elementor-column-gap-default\">\n\t\t\t\t\t<div class=\"elementor-column elementor-col-66 elementor-top-column elementor-element elementor-element-40ec844\" data-id=\"40ec844\" data-element_type=\"column\" data-settings=\"{&quot;background_background&quot;:&quot;classic&quot;}\">\n\t\t\t<div class=\"elementor-widget-wrap elementor-element-populated\">\n\t\t\t\t\t\t<div class=\"elementor-element elementor-element-9af4f7e elementor-widget elementor-widget-heading\" data-id=\"9af4f7e\" data-element_type=\"widget\" data-widget_type=\"heading.default\">\n\t\t\t\t<div class=\"elementor-widget-container\">\n\t\t\t\t\t<p class=\"elementor-heading-title elementor-size-default\">M\u00e1s informaci\u00f3n sobre rob\u00f3tica colaborativa<\/p>\t\t\t\t<\/div>\n\t\t\t\t<\/div>\n\t\t\t\t\t<\/div>\n\t\t<\/div>\n\t\t\t\t<div class=\"elementor-column elementor-col-33 elementor-top-column elementor-element elementor-element-3c1fb6f\" data-id=\"3c1fb6f\" data-element_type=\"column\" data-settings=\"{&quot;background_background&quot;:&quot;classic&quot;}\">\n\t\t\t<div class=\"elementor-widget-wrap elementor-element-populated\">\n\t\t\t\t\t\t<div class=\"elementor-element elementor-element-938c165 elementor-align-center elementor-mobile-align-justify elementor-widget__width-initial elementor-widget elementor-widget-button\" data-id=\"938c165\" data-element_type=\"widget\" data-widget_type=\"button.default\">\n\t\t\t\t<div class=\"elementor-widget-container\">\n\t\t\t\t\t\t\t\t\t<div class=\"elementor-button-wrapper\">\n\t\t\t\t\t<a class=\"elementor-button elementor-button-link elementor-size-xs\" href=\"https:\/\/calendly.com\/todsystem\/call\" target=\"_blank\" rel=\"noopener\">\n\t\t\t\t\t\t<span class=\"elementor-button-content-wrapper\">\n\t\t\t\t\t\t<span class=\"elementor-button-icon\">\n\t\t\t\t<svg aria-hidden=\"true\" class=\"e-font-icon-svg e-fas-chevron-right\" viewbox=\"0 0 320 512\" xmlns=\"http:\/\/www.w3.org\/2000\/svg\"><path d=\"M285.476 272.971L91.132 467.314c-9.373 9.373-24.569 9.373-33.941 0l-22.667-22.667c-9.357-9.357-9.375-24.522-.04-33.901L188.505 256 34.484 101.255c-9.335-9.379-9.317-24.544.04-33.901l22.667-22.667c9.373-9.373 24.569-9.373 33.941 0L285.475 239.03c9.373 9.372 9.373 24.568.001 33.941z\"><\/path><\/svg>\t\t\t<\/span>\n\t\t\t\t\t\t\t\t\t<span class=\"elementor-button-text\">Reservar una consulta<\/span>\n\t\t\t\t\t<\/span>\n\t\t\t\t\t<\/a>\n\t\t\t\t<\/div>\n\t\t\t\t\t\t\t\t<\/div>\n\t\t\t\t<\/div>\n\t\t\t\t\t<\/div>\n\t\t<\/div>\n\t\t\t\t\t<\/div>\n\t\t<\/section>\n\t\t\t\t<section class=\"elementor-section elementor-top-section elementor-element elementor-element-d3658ee elementor-section-boxed elementor-section-height-default elementor-section-height-default\" data-id=\"d3658ee\" data-element_type=\"section\">\n\t\t\t\t\t\t<div class=\"elementor-container elementor-column-gap-default\">\n\t\t\t\t\t<div class=\"elementor-column elementor-col-33 elementor-top-column elementor-element elementor-element-6f8a606\" data-id=\"6f8a606\" data-element_type=\"column\">\n\t\t\t<div class=\"elementor-widget-wrap elementor-element-populated\">\n\t\t\t\t\t\t<div class=\"elementor-element elementor-element-a622a43 elementor-widget elementor-widget-image\" data-id=\"a622a43\" data-element_type=\"widget\" data-widget_type=\"image.default\">\n\t\t\t\t<div class=\"elementor-widget-container\">\n\t\t\t\t\t\t\t\t\t\t\t\t\t\t\t<img decoding=\"async\" width=\"800\" height=\"1200\" src=\"https:\/\/www.todsystem.com\/wp-content\/uploads\/2025\/03\/man-using-tablet-pc-to-control-the-robot-2025-03-08-21-40-01-utc.webp\" class=\"attachment-full size-full wp-image-18936\" alt=\"\" srcset=\"https:\/\/www.todsystem.com\/wp-content\/uploads\/2025\/03\/man-using-tablet-pc-to-control-the-robot-2025-03-08-21-40-01-utc.webp 800w, https:\/\/www.todsystem.com\/wp-content\/uploads\/2025\/03\/man-using-tablet-pc-to-control-the-robot-2025-03-08-21-40-01-utc-200x300.webp 200w, https:\/\/www.todsystem.com\/wp-content\/uploads\/2025\/03\/man-using-tablet-pc-to-control-the-robot-2025-03-08-21-40-01-utc-683x1024.webp 683w, https:\/\/www.todsystem.com\/wp-content\/uploads\/2025\/03\/man-using-tablet-pc-to-control-the-robot-2025-03-08-21-40-01-utc-768x1152.webp 768w, https:\/\/www.todsystem.com\/wp-content\/uploads\/2025\/03\/man-using-tablet-pc-to-control-the-robot-2025-03-08-21-40-01-utc-8x12.webp 8w\" sizes=\"(max-width: 800px) 100vw, 800px\" \/>\t\t\t\t\t\t\t\t\t\t\t\t\t\t\t<\/div>\n\t\t\t\t<\/div>\n\t\t\t\t\t<\/div>\n\t\t<\/div>\n\t\t\t\t<div class=\"elementor-column elementor-col-66 elementor-top-column elementor-element elementor-element-d7c21c3\" data-id=\"d7c21c3\" data-element_type=\"column\">\n\t\t\t<div class=\"elementor-widget-wrap elementor-element-populated\">\n\t\t\t\t\t\t<div class=\"elementor-element elementor-element-6edc583 elementor-widget elementor-widget-spacer\" data-id=\"6edc583\" data-element_type=\"widget\" data-widget_type=\"spacer.default\">\n\t\t\t\t<div class=\"elementor-widget-container\">\n\t\t\t\t\t\t\t<div class=\"elementor-spacer\">\n\t\t\t<div class=\"elementor-spacer-inner\"><\/div>\n\t\t<\/div>\n\t\t\t\t\t\t<\/div>\n\t\t\t\t<\/div>\n\t\t\t\t<div class=\"elementor-element elementor-element-81cb527 elementor-widget elementor-widget-text-editor\" data-id=\"81cb527\" data-element_type=\"widget\" data-widget_type=\"text-editor.default\">\n\t\t\t\t<div class=\"elementor-widget-container\">\n\t\t\t\t\t\t\t\t\t<h2 data-start=\"782\" data-end=\"816\">Nuestros servicios de apoyo<\/h2><p class=\"\" data-start=\"818\" data-end=\"926\">Ofrecemos distintos tipos de asistencia, en funci\u00f3n de las necesidades operativas de su empresa.<\/p><h3 data-start=\"928\" data-end=\"956\">1. Asistencia remota<\/h3><ul data-start=\"957\" data-end=\"1135\"><li class=\"\" data-start=\"957\" data-end=\"1013\"><p class=\"\" data-start=\"959\" data-end=\"1013\"><strong data-start=\"959\" data-end=\"1012\">Diagn\u00f3stico y soluci\u00f3n de problemas a distancia<\/strong>.<\/p><\/li><li class=\"\" data-start=\"1014\" data-end=\"1076\"><p class=\"\" data-start=\"1016\" data-end=\"1076\"><strong data-start=\"1016\" data-end=\"1075\">Supervisi\u00f3n del rendimiento del robot en tiempo real<\/strong>.<\/p><\/li><li class=\"\" data-start=\"1077\" data-end=\"1135\"><p class=\"\" data-start=\"1079\" data-end=\"1135\"><strong data-start=\"1079\" data-end=\"1134\">Actualizaciones de software y optimizaciones del sistema<\/strong>.<\/p><\/li><\/ul><h3 data-start=\"1137\" data-end=\"1166\">2. Intervenciones in situ<\/h3><ul data-start=\"1167\" data-end=\"1338\"><li class=\"\" data-start=\"1167\" data-end=\"1219\"><p class=\"\" data-start=\"1169\" data-end=\"1219\"><strong data-start=\"1169\" data-end=\"1218\">Asistencia directa en caso de aver\u00edas o fallos<\/strong>.<\/p><\/li><li class=\"\" data-start=\"1220\" data-end=\"1268\"><p class=\"\" data-start=\"1222\" data-end=\"1268\"><strong data-start=\"1222\" data-end=\"1267\">Sustituci\u00f3n y calibraci\u00f3n de componentes<\/strong>.<\/p><\/li><li class=\"\" data-start=\"1269\" data-end=\"1338\"><p class=\"\" data-start=\"1271\" data-end=\"1338\"><strong data-start=\"1271\" data-end=\"1337\">Pruebas funcionales y verificaci\u00f3n para garantizar la continuidad de la actividad<\/strong>.<\/p><\/li><\/ul><h3 data-start=\"1340\" data-end=\"1375\">3. Mantenimiento planificado<\/h3><ul data-start=\"1376\" data-end=\"1590\"><li class=\"\" data-start=\"1376\" data-end=\"1449\"><p class=\"\" data-start=\"1378\" data-end=\"1449\"><strong data-start=\"1378\" data-end=\"1448\">Planificaci\u00f3n de revisiones peri\u00f3dicas para evitar tiempos de inactividad<\/strong>.<\/p><\/li><li class=\"\" data-start=\"1450\" data-end=\"1513\"><p class=\"\" data-start=\"1452\" data-end=\"1513\"><strong data-start=\"1452\" data-end=\"1512\">Optimizaci\u00f3n del rendimiento de los robots colaborativos<\/strong>.<\/p><\/li><li class=\"\" data-start=\"1514\" data-end=\"1590\"><p class=\"\" data-start=\"1516\" data-end=\"1590\"><strong data-start=\"1516\" data-end=\"1589\">An\u00e1lisis predictivo para minimizar el riesgo de aver\u00edas<\/strong>.<\/p><\/li><\/ul><h3 data-start=\"1592\" data-end=\"1646\">4. Asistencia H24 para l\u00edneas de producci\u00f3n cr\u00edticas<\/h3><ul data-start=\"1647\" data-end=\"1835\"><li class=\"\" data-start=\"1647\" data-end=\"1701\"><p class=\"\" data-start=\"1649\" data-end=\"1701\"><strong data-start=\"1649\" data-end=\"1700\">Servicio de urgencias con disponibilidad continua<\/strong>.<\/p><\/li><li class=\"\" data-start=\"1702\" data-end=\"1767\"><p class=\"\" data-start=\"1704\" data-end=\"1767\"><strong data-start=\"1704\" data-end=\"1766\">Apoyo espec\u00edfico a los sectores de producci\u00f3n intensiva<\/strong>.<\/p><\/li><li class=\"\" data-start=\"1768\" data-end=\"1835\"><p class=\"\" data-start=\"1770\" data-end=\"1835\"><strong data-start=\"1770\" data-end=\"1834\">Resoluci\u00f3n r\u00e1pida para minimizar el tiempo de inactividad de la planta<\/strong>.<\/p><\/li><\/ul>\t\t\t\t\t\t\t\t<\/div>\n\t\t\t\t<\/div>\n\t\t\t\t\t<\/div>\n\t\t<\/div>\n\t\t\t\t\t<\/div>\n\t\t<\/section>\n\t\t\t\t<section class=\"elementor-section elementor-top-section elementor-element elementor-element-c588c75 elementor-section-boxed elementor-section-height-default elementor-section-height-default\" data-id=\"c588c75\" data-element_type=\"section\">\n\t\t\t\t\t\t<div class=\"elementor-container elementor-column-gap-default\">\n\t\t\t\t\t<div class=\"elementor-column elementor-col-66 elementor-top-column elementor-element elementor-element-0de6069\" data-id=\"0de6069\" data-element_type=\"column\" data-settings=\"{&quot;background_background&quot;:&quot;classic&quot;}\">\n\t\t\t<div class=\"elementor-widget-wrap elementor-element-populated\">\n\t\t\t\t\t\t<div class=\"elementor-element elementor-element-b39555c elementor-widget elementor-widget-heading\" data-id=\"b39555c\" data-element_type=\"widget\" data-widget_type=\"heading.default\">\n\t\t\t\t<div class=\"elementor-widget-container\">\n\t\t\t\t\t<p class=\"elementor-heading-title elementor-size-default\">M\u00e1s informaci\u00f3n sobre rob\u00f3tica colaborativa<\/p>\t\t\t\t<\/div>\n\t\t\t\t<\/div>\n\t\t\t\t\t<\/div>\n\t\t<\/div>\n\t\t\t\t<div class=\"elementor-column elementor-col-33 elementor-top-column elementor-element elementor-element-f213f26\" data-id=\"f213f26\" data-element_type=\"column\" data-settings=\"{&quot;background_background&quot;:&quot;classic&quot;}\">\n\t\t\t<div class=\"elementor-widget-wrap elementor-element-populated\">\n\t\t\t\t\t\t<div class=\"elementor-element elementor-element-21d267a elementor-align-center elementor-mobile-align-justify elementor-widget__width-initial elementor-widget elementor-widget-button\" data-id=\"21d267a\" data-element_type=\"widget\" data-widget_type=\"button.default\">\n\t\t\t\t<div class=\"elementor-widget-container\">\n\t\t\t\t\t\t\t\t\t<div class=\"elementor-button-wrapper\">\n\t\t\t\t\t<a class=\"elementor-button elementor-button-link elementor-size-xs\" href=\"https:\/\/calendly.com\/todsystem\/call\" target=\"_blank\" rel=\"noopener\">\n\t\t\t\t\t\t<span class=\"elementor-button-content-wrapper\">\n\t\t\t\t\t\t<span class=\"elementor-button-icon\">\n\t\t\t\t<svg aria-hidden=\"true\" class=\"e-font-icon-svg e-fas-chevron-right\" viewbox=\"0 0 320 512\" xmlns=\"http:\/\/www.w3.org\/2000\/svg\"><path d=\"M285.476 272.971L91.132 467.314c-9.373 9.373-24.569 9.373-33.941 0l-22.667-22.667c-9.357-9.357-9.375-24.522-.04-33.901L188.505 256 34.484 101.255c-9.335-9.379-9.317-24.544.04-33.901l22.667-22.667c9.373-9.373 24.569-9.373 33.941 0L285.475 239.03c9.373 9.372 9.373 24.568.001 33.941z\"><\/path><\/svg>\t\t\t<\/span>\n\t\t\t\t\t\t\t\t\t<span class=\"elementor-button-text\">Reservar una consulta<\/span>\n\t\t\t\t\t<\/span>\n\t\t\t\t\t<\/a>\n\t\t\t\t<\/div>\n\t\t\t\t\t\t\t\t<\/div>\n\t\t\t\t<\/div>\n\t\t\t\t\t<\/div>\n\t\t<\/div>\n\t\t\t\t\t<\/div>\n\t\t<\/section>\n\t\t\t\t<section class=\"elementor-section elementor-top-section elementor-element elementor-element-7261535 elementor-section-boxed elementor-section-height-default elementor-section-height-default\" data-id=\"7261535\" data-element_type=\"section\">\n\t\t\t\t\t\t<div class=\"elementor-container elementor-column-gap-default\">\n\t\t\t\t\t<div class=\"elementor-column elementor-col-33 elementor-top-column elementor-element elementor-element-7ccb4ad\" data-id=\"7ccb4ad\" data-element_type=\"column\">\n\t\t\t<div class=\"elementor-widget-wrap elementor-element-populated\">\n\t\t\t\t\t\t<div class=\"elementor-element elementor-element-7dc2a8e elementor-widget elementor-widget-text-editor\" data-id=\"7dc2a8e\" data-element_type=\"widget\" data-widget_type=\"text-editor.default\">\n\t\t\t\t<div class=\"elementor-widget-container\">\n\t\t\t\t\t\t\t\t\t<h3 class=\"\" data-start=\"1837\" data-end=\"1884\">\u00bfPor qu\u00e9 elegir TodSystem Assistance?<\/h3><ul data-start=\"1886\" data-end=\"2433\"><li class=\"\" data-start=\"1886\" data-end=\"2014\"><p class=\"\" data-start=\"1888\" data-end=\"2014\"><strong data-start=\"1890\" data-end=\"1917\">Experiencia y conocimientos<\/strong>Nuestro equipo est\u00e1 formado por especialistas con a\u00f1os de experiencia en automatizaci\u00f3n colaborativa.<\/p><\/li><li class=\"\" data-start=\"2015\" data-end=\"2105\"><p class=\"\" data-start=\"2017\" data-end=\"2105\"><strong data-start=\"2019\" data-end=\"2042\">Enfoque proactivo<\/strong>: Controlamos y prevenimos los problemas antes de que se produzcan.<\/p><\/li><li class=\"\" data-start=\"2106\" data-end=\"2210\"><p class=\"\" data-start=\"2108\" data-end=\"2210\"><strong data-start=\"2110\" data-end=\"2131\">Intervenciones r\u00e1pidas<\/strong>: Estamos organizados para minimizar el tiempo de inactividad de sus robots.<\/p><\/li><li class=\"\" data-start=\"2211\" data-end=\"2320\"><p class=\"\" data-start=\"2213\" data-end=\"2320\"><strong data-start=\"2215\" data-end=\"2238\">Soluciones a medida<\/strong>: Cada empresa tiene unos requisitos diferentes; nosotros adaptamos nuestros servicios a sus necesidades.<\/p><\/li><li class=\"\" data-start=\"2321\" data-end=\"2433\"><p class=\"\" data-start=\"2323\" data-end=\"2433\"><strong data-start=\"2325\" data-end=\"2357\">Asistencia t\u00e9cnica cualificada<\/strong>Le ayudamos en todas las fases, desde la instalaci\u00f3n hasta la gesti\u00f3n diaria.<\/p><\/li><\/ul>\t\t\t\t\t\t\t\t<\/div>\n\t\t\t\t<\/div>\n\t\t\t\t\t<\/div>\n\t\t<\/div>\n\t\t\t\t<div class=\"elementor-column elementor-col-66 elementor-top-column elementor-element elementor-element-80558b0\" data-id=\"80558b0\" data-element_type=\"column\">\n\t\t\t<div class=\"elementor-widget-wrap elementor-element-populated\">\n\t\t\t\t\t\t<div class=\"elementor-element elementor-element-f008b01 elementor-widget elementor-widget-spacer\" data-id=\"f008b01\" data-element_type=\"widget\" data-widget_type=\"spacer.default\">\n\t\t\t\t<div class=\"elementor-widget-container\">\n\t\t\t\t\t\t\t<div class=\"elementor-spacer\">\n\t\t\t<div class=\"elementor-spacer-inner\"><\/div>\n\t\t<\/div>\n\t\t\t\t\t\t<\/div>\n\t\t\t\t<\/div>\n\t\t\t\t<div class=\"elementor-element elementor-element-cb27137 elementor-widget elementor-widget-image\" data-id=\"cb27137\" data-element_type=\"widget\" data-widget_type=\"image.default\">\n\t\t\t\t<div class=\"elementor-widget-container\">\n\t\t\t\t\t\t\t\t\t\t\t\t\t\t\t<img decoding=\"async\" width=\"768\" height=\"1200\" src=\"https:\/\/www.todsystem.com\/wp-content\/uploads\/2025\/03\/robot-ali-2024-10-18-06-57-59-utc.webp\" class=\"attachment-full size-full wp-image-18937\" alt=\"\" srcset=\"https:\/\/www.todsystem.com\/wp-content\/uploads\/2025\/03\/robot-ali-2024-10-18-06-57-59-utc.webp 768w, https:\/\/www.todsystem.com\/wp-content\/uploads\/2025\/03\/robot-ali-2024-10-18-06-57-59-utc-192x300.webp 192w, https:\/\/www.todsystem.com\/wp-content\/uploads\/2025\/03\/robot-ali-2024-10-18-06-57-59-utc-655x1024.webp 655w, https:\/\/www.todsystem.com\/wp-content\/uploads\/2025\/03\/robot-ali-2024-10-18-06-57-59-utc-8x12.webp 8w\" sizes=\"(max-width: 768px) 100vw, 768px\" \/>\t\t\t\t\t\t\t\t\t\t\t\t\t\t\t<\/div>\n\t\t\t\t<\/div>\n\t\t\t\t\t<\/div>\n\t\t<\/div>\n\t\t\t\t\t<\/div>\n\t\t<\/section>\n\t\t\t\t<\/div>","protected":false},"excerpt":{"rendered":"<p>Asistencia t\u00e9cnica y soporte operativo P\u00f3ngase en contacto M\u00e1xima eficiencia y continuidad operativa para su automatizaci\u00f3n Soporte completo para optimizar sus sistemas robotizados Nuestra consultor\u00eda gu\u00eda a la direcci\u00f3n de la empresa en todas las fases, desde la estrategia de desarrollo hasta la implantaci\u00f3n de sistemas de gesti\u00f3n avanzados. Ofrecemos asistencia completa y personalizada, garantizando que cada ... <a title=\"Asistencia\" class=\"read-more\" href=\"https:\/\/www.todsystem.com\/es\/asistencia\/\" aria-label=\"M\u00e1s en Asistencia\">Leer m\u00e1s<\/a><\/p>","protected":false},"author":1,"featured_media":0,"parent":0,"menu_order":0,"comment_status":"closed","ping_status":"closed","template":"elementor_header_footer","meta":{"footnotes":""},"class_list":["post-18707","page","type-page","status-publish"],"_links":{"self":[{"href":"https:\/\/www.todsystem.com\/es\/wp-json\/wp\/v2\/pages\/18707","targetHints":{"allow":["GET"]}}],"collection":[{"href":"https:\/\/www.todsystem.com\/es\/wp-json\/wp\/v2\/pages"}],"about":[{"href":"https:\/\/www.todsystem.com\/es\/wp-json\/wp\/v2\/types\/page"}],"author":[{"embeddable":true,"href":"https:\/\/www.todsystem.com\/es\/wp-json\/wp\/v2\/users\/1"}],"replies":[{"embeddable":true,"href":"https:\/\/www.todsystem.com\/es\/wp-json\/wp\/v2\/comments?post=18707"}],"version-history":[{"count":15,"href":"https:\/\/www.todsystem.com\/es\/wp-json\/wp\/v2\/pages\/18707\/revisions"}],"predecessor-version":[{"id":19000,"href":"https:\/\/www.todsystem.com\/es\/wp-json\/wp\/v2\/pages\/18707\/revisions\/19000"}],"wp:attachment":[{"href":"https:\/\/www.todsystem.com\/es\/wp-json\/wp\/v2\/media?parent=18707"}],"curies":[{"name":"wp","href":"https:\/\/api.w.org\/{rel}","templated":true}]}}