{"id":18458,"date":"2025-03-20T10:42:32","date_gmt":"2025-03-20T09:42:32","guid":{"rendered":"https:\/\/www.todsystem.com\/?page_id=18458"},"modified":"2025-04-07T09:47:38","modified_gmt":"2025-04-07T08:47:38","slug":"saldatura","status":"publish","type":"page","link":"https:\/\/www.todsystem.com\/es\/soldadura\/","title":{"rendered":"Soldadura"},"content":{"rendered":"<div data-elementor-type=\"wp-page\" data-elementor-id=\"18458\" class=\"elementor elementor-18458\" data-elementor-post-type=\"page\">\n\t\t\t\t\t\t<section class=\"elementor-section elementor-top-section elementor-element elementor-element-5c5ac52 elementor-section-height-min-height elementor-section-boxed elementor-section-height-default elementor-section-items-middle\" data-id=\"5c5ac52\" data-element_type=\"section\" data-settings=\"{&quot;background_background&quot;:&quot;classic&quot;}\">\n\t\t\t\t\t\t\t<div class=\"elementor-background-overlay\"><\/div>\n\t\t\t\t\t\t\t<div class=\"elementor-container elementor-column-gap-default\">\n\t\t\t\t\t<div class=\"elementor-column elementor-col-100 elementor-top-column elementor-element elementor-element-f6a7873\" data-id=\"f6a7873\" data-element_type=\"column\">\n\t\t\t<div class=\"elementor-widget-wrap elementor-element-populated\">\n\t\t\t\t\t\t<div class=\"elementor-element elementor-element-2d35f8d elementor-widget elementor-widget-heading\" data-id=\"2d35f8d\" data-element_type=\"widget\" data-widget_type=\"heading.default\">\n\t\t\t\t<div class=\"elementor-widget-container\">\n\t\t\t\t\t<h1 class=\"elementor-heading-title elementor-size-default\">Soldadura<\/h1>\t\t\t\t<\/div>\n\t\t\t\t<\/div>\n\t\t\t\t<div class=\"elementor-element elementor-element-4f0fad0 elementor-widget elementor-widget-heading\" data-id=\"4f0fad0\" data-element_type=\"widget\" data-widget_type=\"heading.default\">\n\t\t\t\t<div class=\"elementor-widget-container\">\n\t\t\t\t\t<h3 class=\"elementor-heading-title elementor-size-default\">Soluciones rob\u00f3ticas avanzadas para soldaduras precisas, r\u00e1pidas y de calidad sin concesiones<\/h3>\t\t\t\t<\/div>\n\t\t\t\t<\/div>\n\t\t\t\t<div class=\"elementor-element elementor-element-987ef43 elementor-align-center elementor-mobile-align-justify elementor-widget__width-initial elementor-widget elementor-widget-button\" data-id=\"987ef43\" data-element_type=\"widget\" data-widget_type=\"button.default\">\n\t\t\t\t<div class=\"elementor-widget-container\">\n\t\t\t\t\t\t\t\t\t<div class=\"elementor-button-wrapper\">\n\t\t\t\t\t<a class=\"elementor-button elementor-button-link elementor-size-xs\" href=\"https:\/\/www.todsystem.com\/es\/contactos\/\">\n\t\t\t\t\t\t<span class=\"elementor-button-content-wrapper\">\n\t\t\t\t\t\t<span class=\"elementor-button-icon\">\n\t\t\t\t<svg aria-hidden=\"true\" class=\"e-font-icon-svg e-fas-chevron-right\" viewbox=\"0 0 320 512\" xmlns=\"http:\/\/www.w3.org\/2000\/svg\"><path d=\"M285.476 272.971L91.132 467.314c-9.373 9.373-24.569 9.373-33.941 0l-22.667-22.667c-9.357-9.357-9.375-24.522-.04-33.901L188.505 256 34.484 101.255c-9.335-9.379-9.317-24.544.04-33.901l22.667-22.667c9.373-9.373 24.569-9.373 33.941 0L285.475 239.03c9.373 9.372 9.373 24.568.001 33.941z\"><\/path><\/svg>\t\t\t<\/span>\n\t\t\t\t\t\t\t\t\t<span class=\"elementor-button-text\">Ponerse en contacto<\/span>\n\t\t\t\t\t<\/span>\n\t\t\t\t\t<\/a>\n\t\t\t\t<\/div>\n\t\t\t\t\t\t\t\t<\/div>\n\t\t\t\t<\/div>\n\t\t\t\t\t<\/div>\n\t\t<\/div>\n\t\t\t\t\t<\/div>\n\t\t<\/section>\n\t\t\t\t<section class=\"elementor-section elementor-top-section elementor-element elementor-element-505bb0a elementor-section-boxed elementor-section-height-default elementor-section-height-default\" data-id=\"505bb0a\" data-element_type=\"section\">\n\t\t\t\t\t\t<div class=\"elementor-container elementor-column-gap-default\">\n\t\t\t\t\t<div class=\"elementor-column elementor-col-66 elementor-top-column elementor-element elementor-element-dccebd6\" data-id=\"dccebd6\" data-element_type=\"column\">\n\t\t\t<div class=\"elementor-widget-wrap elementor-element-populated\">\n\t\t\t\t\t\t<div class=\"elementor-element elementor-element-b696de7 elementor-widget elementor-widget-spacer\" data-id=\"b696de7\" data-element_type=\"widget\" data-widget_type=\"spacer.default\">\n\t\t\t\t<div class=\"elementor-widget-container\">\n\t\t\t\t\t\t\t<div class=\"elementor-spacer\">\n\t\t\t<div class=\"elementor-spacer-inner\"><\/div>\n\t\t<\/div>\n\t\t\t\t\t\t<\/div>\n\t\t\t\t<\/div>\n\t\t\t\t<div class=\"elementor-element elementor-element-a76ddf9 elementor-widget elementor-widget-text-editor\" data-id=\"a76ddf9\" data-element_type=\"widget\" data-widget_type=\"text-editor.default\">\n\t\t\t\t<div class=\"elementor-widget-container\">\n\t\t\t\t\t\t\t\t\t<h2 data-start=\"92\" data-end=\"141\">Soluciones rob\u00f3ticas avanzadas para soldadura<\/h2><h3 data-start=\"143\" data-end=\"197\">Precisi\u00f3n milim\u00e9trica y repetibilidad constante<\/h3><p class=\"\" data-start=\"198\" data-end=\"893\">En el mundo de la industria moderna, la soldadura es un paso crucial de la producci\u00f3n que requiere precisi\u00f3n, eficacia y fiabilidad. Nuestras avanzadas soluciones de soldadura robotizada est\u00e1n dise\u00f1adas para garantizar uniones perfectas, reducir los desechos y mejorar la productividad sin comprometer la calidad. Nuestros robots de soldadura utilizan tecnolog\u00edas de vanguardia, incluidos sensores avanzados y sistemas de visi\u00f3n artificial, para realizar cada soldadura con un nivel de precisi\u00f3n que no puede alcanzarse manualmente. Los movimientos repetibles garantizan una calidad uniforme en cada pieza, eliminando los errores humanos y reduciendo el riesgo de defectos estructurales.<\/p><h3 data-start=\"895\" data-end=\"954\">Eficacia y rapidez para optimizar la producci\u00f3n<\/h3><p class=\"\" data-start=\"955\" data-end=\"1486\">La automatizaci\u00f3n de la soldadura puede aumentar significativamente la velocidad de ejecuci\u00f3n en comparaci\u00f3n con los procesos tradicionales. Nuestros sistemas robotizados pueden funcionar sin interrupci\u00f3n, lo que garantiza una alta productividad y reduce los tiempos de inactividad. Adem\u00e1s, gracias a la programaci\u00f3n avanzada, los par\u00e1metros de soldadura pueden ajustarse en tiempo real para optimizar cada paso del proceso. Esto permite una producci\u00f3n continua sin ralentizaciones, optimizando todo el flujo de producci\u00f3n.<\/p><h3 data-start=\"1488\" data-end=\"1545\">Calidad sin concesiones y reducci\u00f3n de residuos<\/h3><p class=\"\" data-start=\"1546\" data-end=\"2067\">Nuestras soluciones integran tecnolog\u00edas avanzadas de control de calidad, como la supervisi\u00f3n en tiempo real y el an\u00e1lisis de soldaduras mediante inteligencia artificial. Esto permite identificar cualquier anomal\u00eda durante el proceso, garantizando resultados impecables y reduciendo los residuos de producci\u00f3n. Gracias a esta capacidad de supervisi\u00f3n constante, nuestras soluciones rob\u00f3ticas permiten mantener los m\u00e1s altos est\u00e1ndares de calidad, reduciendo los defectos y mejorando la fiabilidad de las soldaduras.<\/p>\t\t\t\t\t\t\t\t<\/div>\n\t\t\t\t<\/div>\n\t\t\t\t<div class=\"elementor-element elementor-element-1025600 elementor-widget elementor-widget-spacer\" data-id=\"1025600\" data-element_type=\"widget\" data-widget_type=\"spacer.default\">\n\t\t\t\t<div class=\"elementor-widget-container\">\n\t\t\t\t\t\t\t<div class=\"elementor-spacer\">\n\t\t\t<div class=\"elementor-spacer-inner\"><\/div>\n\t\t<\/div>\n\t\t\t\t\t\t<\/div>\n\t\t\t\t<\/div>\n\t\t\t\t\t<\/div>\n\t\t<\/div>\n\t\t\t\t<div class=\"elementor-column elementor-col-33 elementor-top-column elementor-element elementor-element-c3e126e\" data-id=\"c3e126e\" data-element_type=\"column\">\n\t\t\t<div class=\"elementor-widget-wrap elementor-element-populated\">\n\t\t\t\t\t\t<div class=\"elementor-element elementor-element-d5f92e0 elementor-widget elementor-widget-image\" data-id=\"d5f92e0\" data-element_type=\"widget\" data-widget_type=\"image.default\">\n\t\t\t\t<div class=\"elementor-widget-container\">\n\t\t\t\t\t\t\t\t\t\t\t\t\t\t\t<img fetchpriority=\"high\" decoding=\"async\" width=\"834\" height=\"1200\" src=\"https:\/\/www.todsystem.com\/wp-content\/uploads\/2025\/03\/both-of-engineers-are-manipulating-a-welding-robot-2025-01-08-20-36-40-utc.webp\" class=\"attachment-full size-full wp-image-18876\" alt=\"\" srcset=\"https:\/\/www.todsystem.com\/wp-content\/uploads\/2025\/03\/both-of-engineers-are-manipulating-a-welding-robot-2025-01-08-20-36-40-utc.webp 834w, https:\/\/www.todsystem.com\/wp-content\/uploads\/2025\/03\/both-of-engineers-are-manipulating-a-welding-robot-2025-01-08-20-36-40-utc-209x300.webp 209w, https:\/\/www.todsystem.com\/wp-content\/uploads\/2025\/03\/both-of-engineers-are-manipulating-a-welding-robot-2025-01-08-20-36-40-utc-712x1024.webp 712w, https:\/\/www.todsystem.com\/wp-content\/uploads\/2025\/03\/both-of-engineers-are-manipulating-a-welding-robot-2025-01-08-20-36-40-utc-768x1105.webp 768w, https:\/\/www.todsystem.com\/wp-content\/uploads\/2025\/03\/both-of-engineers-are-manipulating-a-welding-robot-2025-01-08-20-36-40-utc-8x12.webp 8w\" sizes=\"(max-width: 834px) 100vw, 834px\" \/>\t\t\t\t\t\t\t\t\t\t\t\t\t\t\t<\/div>\n\t\t\t\t<\/div>\n\t\t\t\t\t<\/div>\n\t\t<\/div>\n\t\t\t\t\t<\/div>\n\t\t<\/section>\n\t\t\t\t<section class=\"elementor-section elementor-top-section elementor-element elementor-element-278dfb2 elementor-section-boxed elementor-section-height-default elementor-section-height-default\" data-id=\"278dfb2\" data-element_type=\"section\">\n\t\t\t\t\t\t<div class=\"elementor-container elementor-column-gap-default\">\n\t\t\t\t\t<div class=\"elementor-column elementor-col-66 elementor-top-column elementor-element elementor-element-25f8f6c\" data-id=\"25f8f6c\" data-element_type=\"column\" data-settings=\"{&quot;background_background&quot;:&quot;classic&quot;}\">\n\t\t\t<div class=\"elementor-widget-wrap elementor-element-populated\">\n\t\t\t\t\t\t<div class=\"elementor-element elementor-element-8944471 elementor-widget elementor-widget-heading\" data-id=\"8944471\" data-element_type=\"widget\" data-widget_type=\"heading.default\">\n\t\t\t\t<div class=\"elementor-widget-container\">\n\t\t\t\t\t<p class=\"elementor-heading-title elementor-size-default\">M\u00e1s informaci\u00f3n sobre soldadura con nuestros expertos <\/p>\t\t\t\t<\/div>\n\t\t\t\t<\/div>\n\t\t\t\t\t<\/div>\n\t\t<\/div>\n\t\t\t\t<div class=\"elementor-column elementor-col-33 elementor-top-column elementor-element elementor-element-5c9cb3e\" data-id=\"5c9cb3e\" data-element_type=\"column\" data-settings=\"{&quot;background_background&quot;:&quot;classic&quot;}\">\n\t\t\t<div class=\"elementor-widget-wrap elementor-element-populated\">\n\t\t\t\t\t\t<div class=\"elementor-element elementor-element-81f094a elementor-align-center elementor-mobile-align-justify elementor-widget__width-initial elementor-widget elementor-widget-button\" data-id=\"81f094a\" data-element_type=\"widget\" data-widget_type=\"button.default\">\n\t\t\t\t<div class=\"elementor-widget-container\">\n\t\t\t\t\t\t\t\t\t<div class=\"elementor-button-wrapper\">\n\t\t\t\t\t<a class=\"elementor-button elementor-button-link elementor-size-xs\" href=\"https:\/\/calendly.com\/todsystem\/call\" target=\"_blank\" rel=\"noopener\">\n\t\t\t\t\t\t<span class=\"elementor-button-content-wrapper\">\n\t\t\t\t\t\t<span class=\"elementor-button-icon\">\n\t\t\t\t<svg aria-hidden=\"true\" class=\"e-font-icon-svg e-fas-chevron-right\" viewbox=\"0 0 320 512\" xmlns=\"http:\/\/www.w3.org\/2000\/svg\"><path d=\"M285.476 272.971L91.132 467.314c-9.373 9.373-24.569 9.373-33.941 0l-22.667-22.667c-9.357-9.357-9.375-24.522-.04-33.901L188.505 256 34.484 101.255c-9.335-9.379-9.317-24.544.04-33.901l22.667-22.667c9.373-9.373 24.569-9.373 33.941 0L285.475 239.03c9.373 9.372 9.373 24.568.001 33.941z\"><\/path><\/svg>\t\t\t<\/span>\n\t\t\t\t\t\t\t\t\t<span class=\"elementor-button-text\">Reservar una consulta<\/span>\n\t\t\t\t\t<\/span>\n\t\t\t\t\t<\/a>\n\t\t\t\t<\/div>\n\t\t\t\t\t\t\t\t<\/div>\n\t\t\t\t<\/div>\n\t\t\t\t\t<\/div>\n\t\t<\/div>\n\t\t\t\t\t<\/div>\n\t\t<\/section>\n\t\t\t\t<section class=\"elementor-section elementor-top-section elementor-element elementor-element-b8fad6e elementor-section-boxed elementor-section-height-default elementor-section-height-default\" data-id=\"b8fad6e\" data-element_type=\"section\">\n\t\t\t\t\t\t<div class=\"elementor-container elementor-column-gap-default\">\n\t\t\t\t\t<div class=\"elementor-column elementor-col-33 elementor-top-column elementor-element elementor-element-a30cd82\" data-id=\"a30cd82\" data-element_type=\"column\">\n\t\t\t<div class=\"elementor-widget-wrap elementor-element-populated\">\n\t\t\t\t\t\t<div class=\"elementor-element elementor-element-8a94cb2 elementor-widget elementor-widget-image\" data-id=\"8a94cb2\" data-element_type=\"widget\" data-widget_type=\"image.default\">\n\t\t\t\t<div class=\"elementor-widget-container\">\n\t\t\t\t\t\t\t\t\t\t\t\t\t\t\t<img decoding=\"async\" width=\"1200\" height=\"800\" src=\"https:\/\/www.todsystem.com\/wp-content\/uploads\/2025\/03\/technician-engineer-using-remote-control-automatio-2025-03-08-06-51-33-utc.webp\" class=\"attachment-full size-full wp-image-18877\" alt=\"\" srcset=\"https:\/\/www.todsystem.com\/wp-content\/uploads\/2025\/03\/technician-engineer-using-remote-control-automatio-2025-03-08-06-51-33-utc.webp 1200w, https:\/\/www.todsystem.com\/wp-content\/uploads\/2025\/03\/technician-engineer-using-remote-control-automatio-2025-03-08-06-51-33-utc-300x200.webp 300w, https:\/\/www.todsystem.com\/wp-content\/uploads\/2025\/03\/technician-engineer-using-remote-control-automatio-2025-03-08-06-51-33-utc-1024x683.webp 1024w, https:\/\/www.todsystem.com\/wp-content\/uploads\/2025\/03\/technician-engineer-using-remote-control-automatio-2025-03-08-06-51-33-utc-768x512.webp 768w, https:\/\/www.todsystem.com\/wp-content\/uploads\/2025\/03\/technician-engineer-using-remote-control-automatio-2025-03-08-06-51-33-utc-18x12.webp 18w\" sizes=\"(max-width: 1200px) 100vw, 1200px\" \/>\t\t\t\t\t\t\t\t\t\t\t\t\t\t\t<\/div>\n\t\t\t\t<\/div>\n\t\t\t\t\t<\/div>\n\t\t<\/div>\n\t\t\t\t<div class=\"elementor-column elementor-col-66 elementor-top-column elementor-element elementor-element-030a6c5\" data-id=\"030a6c5\" data-element_type=\"column\">\n\t\t\t<div class=\"elementor-widget-wrap elementor-element-populated\">\n\t\t\t\t\t\t<div class=\"elementor-element elementor-element-5e96e3a elementor-widget elementor-widget-spacer\" data-id=\"5e96e3a\" data-element_type=\"widget\" data-widget_type=\"spacer.default\">\n\t\t\t\t<div class=\"elementor-widget-container\">\n\t\t\t\t\t\t\t<div class=\"elementor-spacer\">\n\t\t\t<div class=\"elementor-spacer-inner\"><\/div>\n\t\t<\/div>\n\t\t\t\t\t\t<\/div>\n\t\t\t\t<\/div>\n\t\t\t\t<div class=\"elementor-element elementor-element-7ef65e4 elementor-widget elementor-widget-text-editor\" data-id=\"7ef65e4\" data-element_type=\"widget\" data-widget_type=\"text-editor.default\">\n\t\t\t\t<div class=\"elementor-widget-container\">\n\t\t\t\t\t\t\t\t\t<h3 data-start=\"2069\" data-end=\"2119\">Adaptabilidad y versatilidad para todos los sectores<\/h3><p class=\"\" data-start=\"2120\" data-end=\"2654\">Nuestras soluciones de soldadura robotizada est\u00e1n dise\u00f1adas para adaptarse a los distintos requisitos de producci\u00f3n. Desde los sectores de automoci\u00f3n y aeroespacial hasta las industrias manufacturera y metal\u00fargica, nuestros sistemas ofrecen una amplia gama de aplicaciones. Gracias a la posibilidad de integrar distintos tipos de antorchas y tecnolog\u00edas de soldadura (MIG, TIG, l\u00e1ser, arco), nuestros robots ofrecen la m\u00e1xima versatilidad y flexibilidad operativa, adapt\u00e1ndose a procesos de producci\u00f3n variables y garantizando siempre un rendimiento \u00f3ptimo.<\/p><h3 data-start=\"2656\" data-end=\"2701\">Invertir en el futuro con la automatizaci\u00f3n<\/h3><p class=\"\" data-start=\"2702\" data-end=\"3205\">Confiar en soluciones rob\u00f3ticas para la soldadura significa mejorar la seguridad de los operarios, reducir los costes laborales y aumentar la competitividad de la empresa. Con nuestros avanzados sistemas, puede transformar su producci\u00f3n y llevarla a nuevos niveles de eficacia y calidad. La automatizaci\u00f3n rob\u00f3tica en soldadura no s\u00f3lo mejora la productividad, sino que tambi\u00e9n libera a los operarios de tareas repetitivas y peligrosas, permiti\u00e9ndoles centrarse en actividades m\u00e1s estrat\u00e9gicas.<\/p>\t\t\t\t\t\t\t\t<\/div>\n\t\t\t\t<\/div>\n\t\t\t\t\t<\/div>\n\t\t<\/div>\n\t\t\t\t\t<\/div>\n\t\t<\/section>\n\t\t\t\t<\/div>","protected":false},"excerpt":{"rendered":"<p>Soldadura Soluciones rob\u00f3ticas avanzadas para una soldadura precisa y r\u00e1pida sin comprometer la calidad P\u00f3ngase en contacto Soluciones rob\u00f3ticas avanzadas para soldadura Precisi\u00f3n milim\u00e9trica y repetibilidad constante En la industria moderna, la soldadura es un paso de producci\u00f3n crucial que requiere precisi\u00f3n, eficiencia y fiabilidad. Nuestras soluciones rob\u00f3ticas avanzadas para soldadura est\u00e1n dise\u00f1adas ... <a title=\"Soldadura\" class=\"read-more\" href=\"https:\/\/www.todsystem.com\/es\/soldadura\/\" aria-label=\"M\u00e1s en Soldadura\">Leer m\u00e1s<\/a><\/p>","protected":false},"author":1,"featured_media":0,"parent":0,"menu_order":0,"comment_status":"closed","ping_status":"closed","template":"elementor_header_footer","meta":{"footnotes":""},"class_list":["post-18458","page","type-page","status-publish"],"_links":{"self":[{"href":"https:\/\/www.todsystem.com\/es\/wp-json\/wp\/v2\/pages\/18458","targetHints":{"allow":["GET"]}}],"collection":[{"href":"https:\/\/www.todsystem.com\/es\/wp-json\/wp\/v2\/pages"}],"about":[{"href":"https:\/\/www.todsystem.com\/es\/wp-json\/wp\/v2\/types\/page"}],"author":[{"embeddable":true,"href":"https:\/\/www.todsystem.com\/es\/wp-json\/wp\/v2\/users\/1"}],"replies":[{"embeddable":true,"href":"https:\/\/www.todsystem.com\/es\/wp-json\/wp\/v2\/comments?post=18458"}],"version-history":[{"count":19,"href":"https:\/\/www.todsystem.com\/es\/wp-json\/wp\/v2\/pages\/18458\/revisions"}],"predecessor-version":[{"id":19058,"href":"https:\/\/www.todsystem.com\/es\/wp-json\/wp\/v2\/pages\/18458\/revisions\/19058"}],"wp:attachment":[{"href":"https:\/\/www.todsystem.com\/es\/wp-json\/wp\/v2\/media?parent=18458"}],"curies":[{"name":"wp","href":"https:\/\/api.w.org\/{rel}","templated":true}]}}