{"id":18454,"date":"2025-03-20T10:41:28","date_gmt":"2025-03-20T09:41:28","guid":{"rendered":"https:\/\/www.todsystem.com\/?page_id=18454"},"modified":"2025-04-07T09:47:57","modified_gmt":"2025-04-07T08:47:57","slug":"assemblaggio","status":"publish","type":"page","link":"https:\/\/www.todsystem.com\/es\/asamblea\/","title":{"rendered":"Asamblea"},"content":{"rendered":"<div data-elementor-type=\"wp-page\" data-elementor-id=\"18454\" class=\"elementor elementor-18454\" data-elementor-post-type=\"page\">\n\t\t\t\t\t\t<section class=\"elementor-section elementor-top-section elementor-element elementor-element-4dfce33 elementor-section-height-min-height elementor-section-boxed elementor-section-height-default elementor-section-items-middle\" data-id=\"4dfce33\" data-element_type=\"section\" data-settings=\"{&quot;background_background&quot;:&quot;classic&quot;}\">\n\t\t\t\t\t\t\t<div class=\"elementor-background-overlay\"><\/div>\n\t\t\t\t\t\t\t<div class=\"elementor-container elementor-column-gap-default\">\n\t\t\t\t\t<div class=\"elementor-column elementor-col-100 elementor-top-column elementor-element elementor-element-08f0c0a\" data-id=\"08f0c0a\" data-element_type=\"column\">\n\t\t\t<div class=\"elementor-widget-wrap elementor-element-populated\">\n\t\t\t\t\t\t<div class=\"elementor-element elementor-element-53334a1 elementor-widget elementor-widget-heading\" data-id=\"53334a1\" data-element_type=\"widget\" data-widget_type=\"heading.default\">\n\t\t\t\t<div class=\"elementor-widget-container\">\n\t\t\t\t\t<h1 class=\"elementor-heading-title elementor-size-default\">Asamblea<\/h1>\t\t\t\t<\/div>\n\t\t\t\t<\/div>\n\t\t\t\t<div class=\"elementor-element elementor-element-fa140b1 elementor-widget elementor-widget-heading\" data-id=\"fa140b1\" data-element_type=\"widget\" data-widget_type=\"heading.default\">\n\t\t\t\t<div class=\"elementor-widget-container\">\n\t\t\t\t\t<h3 class=\"elementor-heading-title elementor-size-default\">Soluciones rob\u00f3ticas avanzadas para un montaje preciso, r\u00e1pido y sin errores.<\/h3>\t\t\t\t<\/div>\n\t\t\t\t<\/div>\n\t\t\t\t<div class=\"elementor-element elementor-element-9db0a48 elementor-align-center elementor-mobile-align-justify elementor-widget__width-initial elementor-widget elementor-widget-button\" data-id=\"9db0a48\" data-element_type=\"widget\" data-widget_type=\"button.default\">\n\t\t\t\t<div class=\"elementor-widget-container\">\n\t\t\t\t\t\t\t\t\t<div class=\"elementor-button-wrapper\">\n\t\t\t\t\t<a class=\"elementor-button elementor-button-link elementor-size-xs\" href=\"https:\/\/www.todsystem.com\/es\/contactos\/\">\n\t\t\t\t\t\t<span class=\"elementor-button-content-wrapper\">\n\t\t\t\t\t\t<span class=\"elementor-button-icon\">\n\t\t\t\t<svg aria-hidden=\"true\" class=\"e-font-icon-svg e-fas-chevron-right\" viewbox=\"0 0 320 512\" xmlns=\"http:\/\/www.w3.org\/2000\/svg\"><path d=\"M285.476 272.971L91.132 467.314c-9.373 9.373-24.569 9.373-33.941 0l-22.667-22.667c-9.357-9.357-9.375-24.522-.04-33.901L188.505 256 34.484 101.255c-9.335-9.379-9.317-24.544.04-33.901l22.667-22.667c9.373-9.373 24.569-9.373 33.941 0L285.475 239.03c9.373 9.372 9.373 24.568.001 33.941z\"><\/path><\/svg>\t\t\t<\/span>\n\t\t\t\t\t\t\t\t\t<span class=\"elementor-button-text\">Ponerse en contacto<\/span>\n\t\t\t\t\t<\/span>\n\t\t\t\t\t<\/a>\n\t\t\t\t<\/div>\n\t\t\t\t\t\t\t\t<\/div>\n\t\t\t\t<\/div>\n\t\t\t\t\t<\/div>\n\t\t<\/div>\n\t\t\t\t\t<\/div>\n\t\t<\/section>\n\t\t\t\t<section class=\"elementor-section elementor-top-section elementor-element elementor-element-c2a0fce elementor-section-boxed elementor-section-height-default elementor-section-height-default\" data-id=\"c2a0fce\" data-element_type=\"section\">\n\t\t\t\t\t\t<div class=\"elementor-container elementor-column-gap-default\">\n\t\t\t\t\t<div class=\"elementor-column elementor-col-66 elementor-top-column elementor-element elementor-element-5b8c2b4\" data-id=\"5b8c2b4\" data-element_type=\"column\">\n\t\t\t<div class=\"elementor-widget-wrap elementor-element-populated\">\n\t\t\t\t\t\t<div class=\"elementor-element elementor-element-50b5df9 elementor-widget elementor-widget-spacer\" data-id=\"50b5df9\" data-element_type=\"widget\" data-widget_type=\"spacer.default\">\n\t\t\t\t<div class=\"elementor-widget-container\">\n\t\t\t\t\t\t\t<div class=\"elementor-spacer\">\n\t\t\t<div class=\"elementor-spacer-inner\"><\/div>\n\t\t<\/div>\n\t\t\t\t\t\t<\/div>\n\t\t\t\t<\/div>\n\t\t\t\t<div class=\"elementor-element elementor-element-91805d3 elementor-widget elementor-widget-text-editor\" data-id=\"91805d3\" data-element_type=\"widget\" data-widget_type=\"text-editor.default\">\n\t\t\t\t<div class=\"elementor-widget-container\">\n\t\t\t\t\t\t\t\t\t<h2 data-start=\"95\" data-end=\"167\">Soluciones rob\u00f3ticas para un montaje eficaz y de alta calidad<\/h2><h3 data-start=\"169\" data-end=\"223\">La importancia de la automatizaci\u00f3n en el montaje<\/h3><p class=\"\" data-start=\"224\" data-end=\"959\">En la industria moderna, la eficacia y la calidad del montaje son factores decisivos para el \u00e9xito de una empresa. Las soluciones rob\u00f3ticas avanzadas para el ensamblaje est\u00e1n revolucionando el sector, garantizando precisi\u00f3n, velocidad y repetibilidad sin margen de error. Gracias a las tecnolog\u00edas m\u00e1s avanzadas, los robots colaborativos e industriales son capaces de realizar operaciones complejas con precisi\u00f3n microm\u00e9trica, minimizando los residuos y mejorando la productividad. La integraci\u00f3n de sensores avanzados, sistemas de visi\u00f3n artificial e inteligencia artificial permite a los robots adaptarse din\u00e1micamente a las variaciones de los componentes y el entorno de trabajo, garantizando siempre resultados impecables.<\/p><h3 data-start=\"961\" data-end=\"1012\">Ventajas operativas de las soluciones rob\u00f3ticas<\/h3><p class=\"\" data-start=\"1013\" data-end=\"1541\">Una de las principales ventajas de las soluciones rob\u00f3ticas en el montaje es la reducci\u00f3n de los tiempos de ciclo. Gracias a su capacidad para funcionar sin interrupciones, los robots optimizan el flujo de producci\u00f3n y aceleran la producci\u00f3n sin comprometer la calidad. Al eliminar el riesgo de error humano, los robots garantizan montajes perfectos, mejorando la conformidad del producto y reduciendo los costes de reprocesamiento. Esto permite a las empresas aumentar su capacidad de producci\u00f3n y mejorar la fiabilidad de sus productos.<\/p><h3 data-start=\"1543\" data-end=\"1587\">Seguridad y bienestar del operador<\/h3><p class=\"\" data-start=\"1588\" data-end=\"2110\">La automatizaci\u00f3n en el montaje no s\u00f3lo mejora la eficiencia, sino tambi\u00e9n la seguridad. Los robots colaborativos pueden trabajar codo con codo con los operarios, asumiendo tareas repetitivas o peligrosas, lo que reduce el riesgo de accidentes. Esto permite a las empresas reasignar su mano de obra a actividades de mayor valor a\u00f1adido, aumentando la competitividad. Adem\u00e1s, la mejora de la ergonom\u00eda y la seguridad contribuye al bienestar de los operarios, creando un entorno de trabajo m\u00e1s seguro y menos estresante.<\/p>\t\t\t\t\t\t\t\t<\/div>\n\t\t\t\t<\/div>\n\t\t\t\t<div class=\"elementor-element elementor-element-69e1875 elementor-widget elementor-widget-spacer\" data-id=\"69e1875\" data-element_type=\"widget\" data-widget_type=\"spacer.default\">\n\t\t\t\t<div class=\"elementor-widget-container\">\n\t\t\t\t\t\t\t<div class=\"elementor-spacer\">\n\t\t\t<div class=\"elementor-spacer-inner\"><\/div>\n\t\t<\/div>\n\t\t\t\t\t\t<\/div>\n\t\t\t\t<\/div>\n\t\t\t\t\t<\/div>\n\t\t<\/div>\n\t\t\t\t<div class=\"elementor-column elementor-col-33 elementor-top-column elementor-element elementor-element-f5a7cc1\" data-id=\"f5a7cc1\" data-element_type=\"column\">\n\t\t\t<div class=\"elementor-widget-wrap elementor-element-populated\">\n\t\t\t\t\t\t<div class=\"elementor-element elementor-element-f073a6d elementor-widget elementor-widget-image\" data-id=\"f073a6d\" data-element_type=\"widget\" data-widget_type=\"image.default\">\n\t\t\t\t<div class=\"elementor-widget-container\">\n\t\t\t\t\t\t\t\t\t\t\t\t\t\t\t<img fetchpriority=\"high\" decoding=\"async\" width=\"800\" height=\"1200\" src=\"https:\/\/www.todsystem.com\/wp-content\/uploads\/2025\/03\/portrait-smart-woman-robot-engineer-programmer-wor-2025-03-08-21-09-13-utc.webp\" class=\"attachment-full size-full wp-image-18870\" alt=\"\" srcset=\"https:\/\/www.todsystem.com\/wp-content\/uploads\/2025\/03\/portrait-smart-woman-robot-engineer-programmer-wor-2025-03-08-21-09-13-utc.webp 800w, https:\/\/www.todsystem.com\/wp-content\/uploads\/2025\/03\/portrait-smart-woman-robot-engineer-programmer-wor-2025-03-08-21-09-13-utc-200x300.webp 200w, https:\/\/www.todsystem.com\/wp-content\/uploads\/2025\/03\/portrait-smart-woman-robot-engineer-programmer-wor-2025-03-08-21-09-13-utc-683x1024.webp 683w, https:\/\/www.todsystem.com\/wp-content\/uploads\/2025\/03\/portrait-smart-woman-robot-engineer-programmer-wor-2025-03-08-21-09-13-utc-768x1152.webp 768w, https:\/\/www.todsystem.com\/wp-content\/uploads\/2025\/03\/portrait-smart-woman-robot-engineer-programmer-wor-2025-03-08-21-09-13-utc-8x12.webp 8w\" sizes=\"(max-width: 800px) 100vw, 800px\" \/>\t\t\t\t\t\t\t\t\t\t\t\t\t\t\t<\/div>\n\t\t\t\t<\/div>\n\t\t\t\t\t<\/div>\n\t\t<\/div>\n\t\t\t\t\t<\/div>\n\t\t<\/section>\n\t\t\t\t<section class=\"elementor-section elementor-top-section elementor-element elementor-element-f7d2306 elementor-section-boxed elementor-section-height-default elementor-section-height-default\" data-id=\"f7d2306\" data-element_type=\"section\">\n\t\t\t\t\t\t<div class=\"elementor-container elementor-column-gap-default\">\n\t\t\t\t\t<div class=\"elementor-column elementor-col-66 elementor-top-column elementor-element elementor-element-114959a\" data-id=\"114959a\" data-element_type=\"column\" data-settings=\"{&quot;background_background&quot;:&quot;classic&quot;}\">\n\t\t\t<div class=\"elementor-widget-wrap elementor-element-populated\">\n\t\t\t\t\t\t<div class=\"elementor-element elementor-element-0146afc elementor-widget elementor-widget-heading\" data-id=\"0146afc\" data-element_type=\"widget\" data-widget_type=\"heading.default\">\n\t\t\t\t<div class=\"elementor-widget-container\">\n\t\t\t\t\t<p class=\"elementor-heading-title elementor-size-default\">M\u00e1s informaci\u00f3n sobre montaje con nuestros expertos <\/p>\t\t\t\t<\/div>\n\t\t\t\t<\/div>\n\t\t\t\t\t<\/div>\n\t\t<\/div>\n\t\t\t\t<div class=\"elementor-column elementor-col-33 elementor-top-column elementor-element elementor-element-e6915de\" data-id=\"e6915de\" data-element_type=\"column\" data-settings=\"{&quot;background_background&quot;:&quot;classic&quot;}\">\n\t\t\t<div class=\"elementor-widget-wrap elementor-element-populated\">\n\t\t\t\t\t\t<div class=\"elementor-element elementor-element-bc9580b elementor-align-center elementor-mobile-align-justify elementor-widget__width-initial elementor-widget elementor-widget-button\" data-id=\"bc9580b\" data-element_type=\"widget\" data-widget_type=\"button.default\">\n\t\t\t\t<div class=\"elementor-widget-container\">\n\t\t\t\t\t\t\t\t\t<div class=\"elementor-button-wrapper\">\n\t\t\t\t\t<a class=\"elementor-button elementor-button-link elementor-size-xs\" href=\"https:\/\/calendly.com\/todsystem\/call\" target=\"_blank\" rel=\"noopener\">\n\t\t\t\t\t\t<span class=\"elementor-button-content-wrapper\">\n\t\t\t\t\t\t<span class=\"elementor-button-icon\">\n\t\t\t\t<svg aria-hidden=\"true\" class=\"e-font-icon-svg e-fas-chevron-right\" viewbox=\"0 0 320 512\" xmlns=\"http:\/\/www.w3.org\/2000\/svg\"><path d=\"M285.476 272.971L91.132 467.314c-9.373 9.373-24.569 9.373-33.941 0l-22.667-22.667c-9.357-9.357-9.375-24.522-.04-33.901L188.505 256 34.484 101.255c-9.335-9.379-9.317-24.544.04-33.901l22.667-22.667c9.373-9.373 24.569-9.373 33.941 0L285.475 239.03c9.373 9.372 9.373 24.568.001 33.941z\"><\/path><\/svg>\t\t\t<\/span>\n\t\t\t\t\t\t\t\t\t<span class=\"elementor-button-text\">Reservar una consulta<\/span>\n\t\t\t\t\t<\/span>\n\t\t\t\t\t<\/a>\n\t\t\t\t<\/div>\n\t\t\t\t\t\t\t\t<\/div>\n\t\t\t\t<\/div>\n\t\t\t\t\t<\/div>\n\t\t<\/div>\n\t\t\t\t\t<\/div>\n\t\t<\/section>\n\t\t\t\t<section class=\"elementor-section elementor-top-section elementor-element elementor-element-111accf elementor-section-boxed elementor-section-height-default elementor-section-height-default\" data-id=\"111accf\" data-element_type=\"section\">\n\t\t\t\t\t\t<div class=\"elementor-container elementor-column-gap-default\">\n\t\t\t\t\t<div class=\"elementor-column elementor-col-33 elementor-top-column elementor-element elementor-element-12f5cf7\" data-id=\"12f5cf7\" data-element_type=\"column\">\n\t\t\t<div class=\"elementor-widget-wrap elementor-element-populated\">\n\t\t\t\t\t\t<div class=\"elementor-element elementor-element-7175b6e elementor-widget elementor-widget-image\" data-id=\"7175b6e\" data-element_type=\"widget\" data-widget_type=\"image.default\">\n\t\t\t\t<div class=\"elementor-widget-container\">\n\t\t\t\t\t\t\t\t\t\t\t\t\t\t\t<img decoding=\"async\" width=\"1200\" height=\"800\" src=\"https:\/\/www.todsystem.com\/wp-content\/uploads\/2025\/03\/engineer-sitting-in-robot-fabrication-room-quality-2024-10-14-15-55-00-utc.webp\" class=\"attachment-full size-full wp-image-18869\" alt=\"\" srcset=\"https:\/\/www.todsystem.com\/wp-content\/uploads\/2025\/03\/engineer-sitting-in-robot-fabrication-room-quality-2024-10-14-15-55-00-utc.webp 1200w, https:\/\/www.todsystem.com\/wp-content\/uploads\/2025\/03\/engineer-sitting-in-robot-fabrication-room-quality-2024-10-14-15-55-00-utc-300x200.webp 300w, https:\/\/www.todsystem.com\/wp-content\/uploads\/2025\/03\/engineer-sitting-in-robot-fabrication-room-quality-2024-10-14-15-55-00-utc-1024x683.webp 1024w, https:\/\/www.todsystem.com\/wp-content\/uploads\/2025\/03\/engineer-sitting-in-robot-fabrication-room-quality-2024-10-14-15-55-00-utc-768x512.webp 768w, https:\/\/www.todsystem.com\/wp-content\/uploads\/2025\/03\/engineer-sitting-in-robot-fabrication-room-quality-2024-10-14-15-55-00-utc-18x12.webp 18w\" sizes=\"(max-width: 1200px) 100vw, 1200px\" \/>\t\t\t\t\t\t\t\t\t\t\t\t\t\t\t<\/div>\n\t\t\t\t<\/div>\n\t\t\t\t\t<\/div>\n\t\t<\/div>\n\t\t\t\t<div class=\"elementor-column elementor-col-66 elementor-top-column elementor-element elementor-element-e5c97b0\" data-id=\"e5c97b0\" data-element_type=\"column\">\n\t\t\t<div class=\"elementor-widget-wrap elementor-element-populated\">\n\t\t\t\t\t\t<div class=\"elementor-element elementor-element-d9064c9 elementor-widget elementor-widget-spacer\" data-id=\"d9064c9\" data-element_type=\"widget\" data-widget_type=\"spacer.default\">\n\t\t\t\t<div class=\"elementor-widget-container\">\n\t\t\t\t\t\t\t<div class=\"elementor-spacer\">\n\t\t\t<div class=\"elementor-spacer-inner\"><\/div>\n\t\t<\/div>\n\t\t\t\t\t\t<\/div>\n\t\t\t\t<\/div>\n\t\t\t\t<div class=\"elementor-element elementor-element-fdcde98 elementor-widget elementor-widget-text-editor\" data-id=\"fdcde98\" data-element_type=\"widget\" data-widget_type=\"text-editor.default\">\n\t\t\t\t<div class=\"elementor-widget-container\">\n\t\t\t\t\t\t\t\t\t<h3 data-start=\"2112\" data-end=\"2170\">Flexibilidad y aplicaciones en sectores industriales<\/h3><p class=\"\" data-start=\"2171\" data-end=\"2727\">Las soluciones de ensamblaje robotizado encuentran aplicaci\u00f3n en una amplia gama de sectores, como la automoci\u00f3n, la electr\u00f3nica, la industria aeroespacial y la fabricaci\u00f3n de bienes de consumo. Gracias a su flexibilidad, los robots pueden reprogramarse f\u00e1cilmente para adaptarse a nuevos requisitos de producci\u00f3n, lo que garantiza un retorno de la inversi\u00f3n r\u00e1pido y duradero. La capacidad de adaptarse a diferentes productos y l\u00edneas de producci\u00f3n hace de la automatizaci\u00f3n rob\u00f3tica una inversi\u00f3n estrat\u00e9gica para las empresas que pretenden mejorar su competitividad.<\/p><h3 data-start=\"2729\" data-end=\"2800\">Invertir en automatizaci\u00f3n rob\u00f3tica para el futuro de la industria<\/h3><p class=\"\" data-start=\"2801\" data-end=\"3240\">Invertir en automatizaci\u00f3n rob\u00f3tica significa elegir un futuro de eficiencia, calidad e innovaci\u00f3n. Con las soluciones adecuadas, el ensamblaje se convierte en un proceso fluido y fiable, preparado para afrontar los retos de la Industria 4.0. La automatizaci\u00f3n permite a las empresas hacer frente a la creciente demanda de personalizaci\u00f3n de productos y mejora continua de la calidad, al tiempo que se mantienen al d\u00eda de la evoluci\u00f3n del mercado mundial.<\/p>\t\t\t\t\t\t\t\t<\/div>\n\t\t\t\t<\/div>\n\t\t\t\t\t<\/div>\n\t\t<\/div>\n\t\t\t\t\t<\/div>\n\t\t<\/section>\n\t\t\t\t<\/div>","protected":false},"excerpt":{"rendered":"<p>Montaje Soluciones rob\u00f3ticas avanzadas para un montaje preciso, r\u00e1pido y sin errores. P\u00f3ngase en contacto Soluciones rob\u00f3ticas para un ensamblaje eficiente y de alta calidad La importancia de la automatizaci\u00f3n en el ensamblaje En la industria actual, la eficiencia y la calidad del ensamblaje son factores decisivos para el \u00e9xito de una empresa. Las soluciones rob\u00f3ticas avanzadas para el ensamblaje est\u00e1n revolucionando la industria, garantizando precisi\u00f3n, eficiencia y ... <a title=\"Asamblea\" class=\"read-more\" href=\"https:\/\/www.todsystem.com\/es\/asamblea\/\" aria-label=\"M\u00e1s en Montaje\">Leer m\u00e1s<\/a><\/p>","protected":false},"author":1,"featured_media":0,"parent":0,"menu_order":0,"comment_status":"closed","ping_status":"closed","template":"elementor_header_footer","meta":{"footnotes":""},"class_list":["post-18454","page","type-page","status-publish"],"_links":{"self":[{"href":"https:\/\/www.todsystem.com\/es\/wp-json\/wp\/v2\/pages\/18454","targetHints":{"allow":["GET"]}}],"collection":[{"href":"https:\/\/www.todsystem.com\/es\/wp-json\/wp\/v2\/pages"}],"about":[{"href":"https:\/\/www.todsystem.com\/es\/wp-json\/wp\/v2\/types\/page"}],"author":[{"embeddable":true,"href":"https:\/\/www.todsystem.com\/es\/wp-json\/wp\/v2\/users\/1"}],"replies":[{"embeddable":true,"href":"https:\/\/www.todsystem.com\/es\/wp-json\/wp\/v2\/comments?post=18454"}],"version-history":[{"count":22,"href":"https:\/\/www.todsystem.com\/es\/wp-json\/wp\/v2\/pages\/18454\/revisions"}],"predecessor-version":[{"id":19061,"href":"https:\/\/www.todsystem.com\/es\/wp-json\/wp\/v2\/pages\/18454\/revisions\/19061"}],"wp:attachment":[{"href":"https:\/\/www.todsystem.com\/es\/wp-json\/wp\/v2\/media?parent=18454"}],"curies":[{"name":"wp","href":"https:\/\/api.w.org\/{rel}","templated":true}]}}