{"id":18445,"date":"2025-03-20T10:39:24","date_gmt":"2025-03-20T09:39:24","guid":{"rendered":"https:\/\/www.todsystem.com\/?page_id=18445"},"modified":"2025-03-27T10:26:54","modified_gmt":"2025-03-27T09:26:54","slug":"manipolazione","status":"publish","type":"page","link":"https:\/\/www.todsystem.com\/es\/manipulacion\/","title":{"rendered":"Manipulaci\u00f3n"},"content":{"rendered":"<div data-elementor-type=\"wp-page\" data-elementor-id=\"18445\" class=\"elementor elementor-18445\" data-elementor-post-type=\"page\">\n\t\t\t\t\t\t<section class=\"elementor-section elementor-top-section elementor-element elementor-element-c5da933 elementor-section-height-min-height elementor-section-boxed elementor-section-height-default elementor-section-items-middle\" data-id=\"c5da933\" data-element_type=\"section\" data-settings=\"{&quot;background_background&quot;:&quot;classic&quot;}\">\n\t\t\t\t\t\t\t<div class=\"elementor-background-overlay\"><\/div>\n\t\t\t\t\t\t\t<div class=\"elementor-container elementor-column-gap-default\">\n\t\t\t\t\t<div class=\"elementor-column elementor-col-100 elementor-top-column elementor-element elementor-element-6fc78a1\" data-id=\"6fc78a1\" data-element_type=\"column\">\n\t\t\t<div class=\"elementor-widget-wrap elementor-element-populated\">\n\t\t\t\t\t\t<div class=\"elementor-element elementor-element-2bfb26c elementor-widget elementor-widget-heading\" data-id=\"2bfb26c\" data-element_type=\"widget\" data-widget_type=\"heading.default\">\n\t\t\t\t<div class=\"elementor-widget-container\">\n\t\t\t\t\t<h1 class=\"elementor-heading-title elementor-size-default\">Manipulaci\u00f3n<\/h1>\t\t\t\t<\/div>\n\t\t\t\t<\/div>\n\t\t\t\t<div class=\"elementor-element elementor-element-b998941 elementor-widget elementor-widget-heading\" data-id=\"b998941\" data-element_type=\"widget\" data-widget_type=\"heading.default\">\n\t\t\t\t<div class=\"elementor-widget-container\">\n\t\t\t\t\t<h3 class=\"elementor-heading-title elementor-size-default\">Soluciones rob\u00f3ticas inteligentes para la manipulaci\u00f3n precisa y segura de cualquier objeto gracias a la Inteligencia Artificial<\/h3>\t\t\t\t<\/div>\n\t\t\t\t<\/div>\n\t\t\t\t<div class=\"elementor-element elementor-element-2834a1b elementor-align-center elementor-mobile-align-justify elementor-widget__width-initial elementor-widget elementor-widget-button\" data-id=\"2834a1b\" data-element_type=\"widget\" data-widget_type=\"button.default\">\n\t\t\t\t<div class=\"elementor-widget-container\">\n\t\t\t\t\t\t\t\t\t<div class=\"elementor-button-wrapper\">\n\t\t\t\t\t<a class=\"elementor-button elementor-button-link elementor-size-xs\" href=\"https:\/\/www.todsystem.com\/es\/contactos\/\">\n\t\t\t\t\t\t<span class=\"elementor-button-content-wrapper\">\n\t\t\t\t\t\t<span class=\"elementor-button-icon\">\n\t\t\t\t<svg aria-hidden=\"true\" class=\"e-font-icon-svg e-fas-chevron-right\" viewbox=\"0 0 320 512\" xmlns=\"http:\/\/www.w3.org\/2000\/svg\"><path d=\"M285.476 272.971L91.132 467.314c-9.373 9.373-24.569 9.373-33.941 0l-22.667-22.667c-9.357-9.357-9.375-24.522-.04-33.901L188.505 256 34.484 101.255c-9.335-9.379-9.317-24.544.04-33.901l22.667-22.667c9.373-9.373 24.569-9.373 33.941 0L285.475 239.03c9.373 9.372 9.373 24.568.001 33.941z\"><\/path><\/svg>\t\t\t<\/span>\n\t\t\t\t\t\t\t\t\t<span class=\"elementor-button-text\">Ponerse en contacto<\/span>\n\t\t\t\t\t<\/span>\n\t\t\t\t\t<\/a>\n\t\t\t\t<\/div>\n\t\t\t\t\t\t\t\t<\/div>\n\t\t\t\t<\/div>\n\t\t\t\t\t<\/div>\n\t\t<\/div>\n\t\t\t\t\t<\/div>\n\t\t<\/section>\n\t\t\t\t<section class=\"elementor-section elementor-top-section elementor-element elementor-element-deee017 elementor-section-boxed elementor-section-height-default elementor-section-height-default\" data-id=\"deee017\" data-element_type=\"section\">\n\t\t\t\t\t\t<div class=\"elementor-container elementor-column-gap-default\">\n\t\t\t\t\t<div class=\"elementor-column elementor-col-66 elementor-top-column elementor-element elementor-element-5b88e89\" data-id=\"5b88e89\" data-element_type=\"column\">\n\t\t\t<div class=\"elementor-widget-wrap elementor-element-populated\">\n\t\t\t\t\t\t<div class=\"elementor-element elementor-element-bc408e0 elementor-widget elementor-widget-spacer\" data-id=\"bc408e0\" data-element_type=\"widget\" data-widget_type=\"spacer.default\">\n\t\t\t\t<div class=\"elementor-widget-container\">\n\t\t\t\t\t\t\t<div class=\"elementor-spacer\">\n\t\t\t<div class=\"elementor-spacer-inner\"><\/div>\n\t\t<\/div>\n\t\t\t\t\t\t<\/div>\n\t\t\t\t<\/div>\n\t\t\t\t<div class=\"elementor-element elementor-element-c2340a7 elementor-widget elementor-widget-text-editor\" data-id=\"c2340a7\" data-element_type=\"widget\" data-widget_type=\"text-editor.default\">\n\t\t\t\t<div class=\"elementor-widget-container\">\n\t\t\t\t\t\t\t\t\t<h2 data-start=\"121\" data-end=\"180\">Automatizaci\u00f3n avanzada para la manipulaci\u00f3n industrial<\/h2><h3 data-start=\"182\" data-end=\"238\">Eficacia y flexibilidad en los procesos de producci\u00f3n<\/h3><p class=\"\" data-start=\"239\" data-end=\"658\">En el contexto de la industria moderna, la manipulaci\u00f3n de objetos representa un reto crucial para la optimizaci\u00f3n de los procesos de producci\u00f3n. Las empresas tienen que manipular materiales de diferentes formas y tama\u00f1os garantizando al mismo tiempo la eficacia, la seguridad y la precisi\u00f3n. Gracias a la integraci\u00f3n de robots colaborativos, ahora es posible revolucionar estos procesos, lo que se traduce en soluciones m\u00e1s flexibles y de alto rendimiento.<\/p><h3 data-start=\"660\" data-end=\"707\">Seguridad y colaboraci\u00f3n entre personas y m\u00e1quinas<\/h3><p class=\"\" data-start=\"708\" data-end=\"1170\">Dise\u00f1ados para trabajar en estrecha colaboraci\u00f3n con operadores humanos, los cobots eliminan la necesidad de engorrosas barreras f\u00edsicas, al tiempo que mantienen un alto nivel de seguridad. Sus avanzados sensores evitan colisiones y se adaptan en tiempo real a las condiciones de trabajo, garantizando una interacci\u00f3n segura y fluida. Adem\u00e1s, su capacidad para manipular objetos de diferentes formas y materiales los convierte en una soluci\u00f3n extremadamente vers\u00e1til.<\/p><h3 data-start=\"1172\" data-end=\"1234\">Inteligencia artificial y optimizaci\u00f3n del movimiento<\/h3><p class=\"\" data-start=\"1235\" data-end=\"1700\">Un papel clave lo desempe\u00f1an la inteligencia artificial y la visi\u00f3n por ordenador, que permiten a los robots reconocer y manipular objetos con precisi\u00f3n. Gracias a algoritmos de aprendizaje autom\u00e1tico, los cobots aprenden y mejoran continuamente su rendimiento, optimizando autom\u00e1ticamente los movimientos para reducir errores y aumentar la eficiencia. Esto no s\u00f3lo mejora la productividad, sino que tambi\u00e9n reduce los residuos y los costes operativos.<\/p>\t\t\t\t\t\t\t\t<\/div>\n\t\t\t\t<\/div>\n\t\t\t\t<div class=\"elementor-element elementor-element-989e65c elementor-widget elementor-widget-spacer\" data-id=\"989e65c\" data-element_type=\"widget\" data-widget_type=\"spacer.default\">\n\t\t\t\t<div class=\"elementor-widget-container\">\n\t\t\t\t\t\t\t<div class=\"elementor-spacer\">\n\t\t\t<div class=\"elementor-spacer-inner\"><\/div>\n\t\t<\/div>\n\t\t\t\t\t\t<\/div>\n\t\t\t\t<\/div>\n\t\t\t\t\t<\/div>\n\t\t<\/div>\n\t\t\t\t<div class=\"elementor-column elementor-col-33 elementor-top-column elementor-element elementor-element-58c0196\" data-id=\"58c0196\" data-element_type=\"column\">\n\t\t\t<div class=\"elementor-widget-wrap elementor-element-populated\">\n\t\t\t\t\t\t<div class=\"elementor-element elementor-element-c02f3da elementor-widget elementor-widget-image\" data-id=\"c02f3da\" data-element_type=\"widget\" data-widget_type=\"image.default\">\n\t\t\t\t<div class=\"elementor-widget-container\">\n\t\t\t\t\t\t\t\t\t\t\t\t\t\t\t<img fetchpriority=\"high\" decoding=\"async\" width=\"800\" height=\"1200\" src=\"https:\/\/www.todsystem.com\/wp-content\/uploads\/2025\/03\/young-female-asian-service-engineer-holding-robot-2024-10-16-15-39-54-utc.webp\" class=\"attachment-full size-full wp-image-18796\" alt=\"\" srcset=\"https:\/\/www.todsystem.com\/wp-content\/uploads\/2025\/03\/young-female-asian-service-engineer-holding-robot-2024-10-16-15-39-54-utc.webp 800w, https:\/\/www.todsystem.com\/wp-content\/uploads\/2025\/03\/young-female-asian-service-engineer-holding-robot-2024-10-16-15-39-54-utc-200x300.webp 200w, https:\/\/www.todsystem.com\/wp-content\/uploads\/2025\/03\/young-female-asian-service-engineer-holding-robot-2024-10-16-15-39-54-utc-683x1024.webp 683w, https:\/\/www.todsystem.com\/wp-content\/uploads\/2025\/03\/young-female-asian-service-engineer-holding-robot-2024-10-16-15-39-54-utc-768x1152.webp 768w, https:\/\/www.todsystem.com\/wp-content\/uploads\/2025\/03\/young-female-asian-service-engineer-holding-robot-2024-10-16-15-39-54-utc-8x12.webp 8w\" sizes=\"(max-width: 800px) 100vw, 800px\" \/>\t\t\t\t\t\t\t\t\t\t\t\t\t\t\t<\/div>\n\t\t\t\t<\/div>\n\t\t\t\t\t<\/div>\n\t\t<\/div>\n\t\t\t\t\t<\/div>\n\t\t<\/section>\n\t\t\t\t<section class=\"elementor-section elementor-top-section elementor-element elementor-element-e874fa8 elementor-section-boxed elementor-section-height-default elementor-section-height-default\" data-id=\"e874fa8\" data-element_type=\"section\">\n\t\t\t\t\t\t<div class=\"elementor-container elementor-column-gap-default\">\n\t\t\t\t\t<div class=\"elementor-column elementor-col-66 elementor-top-column elementor-element elementor-element-cbc8a6f\" data-id=\"cbc8a6f\" data-element_type=\"column\" data-settings=\"{&quot;background_background&quot;:&quot;classic&quot;}\">\n\t\t\t<div class=\"elementor-widget-wrap elementor-element-populated\">\n\t\t\t\t\t\t<div class=\"elementor-element elementor-element-17d6f5f elementor-widget elementor-widget-heading\" data-id=\"17d6f5f\" data-element_type=\"widget\" data-widget_type=\"heading.default\">\n\t\t\t\t<div class=\"elementor-widget-container\">\n\t\t\t\t\t<p class=\"elementor-heading-title elementor-size-default\">M\u00e1s informaci\u00f3n sobre manipulaci\u00f3n con nuestros expertos <\/p>\t\t\t\t<\/div>\n\t\t\t\t<\/div>\n\t\t\t\t\t<\/div>\n\t\t<\/div>\n\t\t\t\t<div class=\"elementor-column elementor-col-33 elementor-top-column elementor-element elementor-element-cbb2a1d\" data-id=\"cbb2a1d\" data-element_type=\"column\" data-settings=\"{&quot;background_background&quot;:&quot;classic&quot;}\">\n\t\t\t<div class=\"elementor-widget-wrap elementor-element-populated\">\n\t\t\t\t\t\t<div class=\"elementor-element elementor-element-ffff59a elementor-align-center elementor-mobile-align-justify elementor-widget__width-initial elementor-widget elementor-widget-button\" data-id=\"ffff59a\" data-element_type=\"widget\" data-widget_type=\"button.default\">\n\t\t\t\t<div class=\"elementor-widget-container\">\n\t\t\t\t\t\t\t\t\t<div class=\"elementor-button-wrapper\">\n\t\t\t\t\t<a class=\"elementor-button elementor-button-link elementor-size-xs\" href=\"https:\/\/calendly.com\/todsystem\/call\" target=\"_blank\" rel=\"noopener\">\n\t\t\t\t\t\t<span class=\"elementor-button-content-wrapper\">\n\t\t\t\t\t\t<span class=\"elementor-button-icon\">\n\t\t\t\t<svg aria-hidden=\"true\" class=\"e-font-icon-svg e-fas-chevron-right\" viewbox=\"0 0 320 512\" xmlns=\"http:\/\/www.w3.org\/2000\/svg\"><path d=\"M285.476 272.971L91.132 467.314c-9.373 9.373-24.569 9.373-33.941 0l-22.667-22.667c-9.357-9.357-9.375-24.522-.04-33.901L188.505 256 34.484 101.255c-9.335-9.379-9.317-24.544.04-33.901l22.667-22.667c9.373-9.373 24.569-9.373 33.941 0L285.475 239.03c9.373 9.372 9.373 24.568.001 33.941z\"><\/path><\/svg>\t\t\t<\/span>\n\t\t\t\t\t\t\t\t\t<span class=\"elementor-button-text\">Reservar una consulta<\/span>\n\t\t\t\t\t<\/span>\n\t\t\t\t\t<\/a>\n\t\t\t\t<\/div>\n\t\t\t\t\t\t\t\t<\/div>\n\t\t\t\t<\/div>\n\t\t\t\t\t<\/div>\n\t\t<\/div>\n\t\t\t\t\t<\/div>\n\t\t<\/section>\n\t\t\t\t<section class=\"elementor-section elementor-top-section elementor-element elementor-element-3420ce0 elementor-section-boxed elementor-section-height-default elementor-section-height-default\" data-id=\"3420ce0\" data-element_type=\"section\">\n\t\t\t\t\t\t<div class=\"elementor-container elementor-column-gap-default\">\n\t\t\t\t\t<div class=\"elementor-column elementor-col-33 elementor-top-column elementor-element elementor-element-a3c9f49\" data-id=\"a3c9f49\" data-element_type=\"column\">\n\t\t\t<div class=\"elementor-widget-wrap elementor-element-populated\">\n\t\t\t\t\t\t<div class=\"elementor-element elementor-element-2202915 elementor-widget elementor-widget-image\" data-id=\"2202915\" data-element_type=\"widget\" data-widget_type=\"image.default\">\n\t\t\t\t<div class=\"elementor-widget-container\">\n\t\t\t\t\t\t\t\t\t\t\t\t\t\t\t<img decoding=\"async\" width=\"1200\" height=\"960\" src=\"https:\/\/www.todsystem.com\/wp-content\/uploads\/2025\/03\/group-of-college-or-university-engineering-student-2024-10-19-02-13-05-utc.webp\" class=\"attachment-full size-full wp-image-18795\" alt=\"\" srcset=\"https:\/\/www.todsystem.com\/wp-content\/uploads\/2025\/03\/group-of-college-or-university-engineering-student-2024-10-19-02-13-05-utc.webp 1200w, https:\/\/www.todsystem.com\/wp-content\/uploads\/2025\/03\/group-of-college-or-university-engineering-student-2024-10-19-02-13-05-utc-300x240.webp 300w, https:\/\/www.todsystem.com\/wp-content\/uploads\/2025\/03\/group-of-college-or-university-engineering-student-2024-10-19-02-13-05-utc-1024x819.webp 1024w, https:\/\/www.todsystem.com\/wp-content\/uploads\/2025\/03\/group-of-college-or-university-engineering-student-2024-10-19-02-13-05-utc-768x614.webp 768w, https:\/\/www.todsystem.com\/wp-content\/uploads\/2025\/03\/group-of-college-or-university-engineering-student-2024-10-19-02-13-05-utc-15x12.webp 15w\" sizes=\"(max-width: 1200px) 100vw, 1200px\" \/>\t\t\t\t\t\t\t\t\t\t\t\t\t\t\t<\/div>\n\t\t\t\t<\/div>\n\t\t\t\t\t<\/div>\n\t\t<\/div>\n\t\t\t\t<div class=\"elementor-column elementor-col-66 elementor-top-column elementor-element elementor-element-aa977b7\" data-id=\"aa977b7\" data-element_type=\"column\">\n\t\t\t<div class=\"elementor-widget-wrap elementor-element-populated\">\n\t\t\t\t\t\t<div class=\"elementor-element elementor-element-458e998 elementor-widget elementor-widget-spacer\" data-id=\"458e998\" data-element_type=\"widget\" data-widget_type=\"spacer.default\">\n\t\t\t\t<div class=\"elementor-widget-container\">\n\t\t\t\t\t\t\t<div class=\"elementor-spacer\">\n\t\t\t<div class=\"elementor-spacer-inner\"><\/div>\n\t\t<\/div>\n\t\t\t\t\t\t<\/div>\n\t\t\t\t<\/div>\n\t\t\t\t<div class=\"elementor-element elementor-element-909e5b6 elementor-widget elementor-widget-text-editor\" data-id=\"909e5b6\" data-element_type=\"widget\" data-widget_type=\"text-editor.default\">\n\t\t\t\t<div class=\"elementor-widget-container\">\n\t\t\t\t\t\t\t\t\t<h3 data-start=\"1702\" data-end=\"1753\">Aplicaciones en diferentes industrias<\/h3><p class=\"\" data-start=\"1754\" data-end=\"2280\">Las aplicaciones de estas tecnolog\u00edas son numerosas y transversales. En el sector log\u00edstico, los robots colaborativos agilizan las operaciones de picking y gesti\u00f3n de almacenes, mejorando la precisi\u00f3n de la manipulaci\u00f3n de mercanc\u00edas. En las industrias manufacturera y automovil\u00edstica, facilitan el montaje y transporte de componentes, reduciendo los tiempos de producci\u00f3n. En las industrias alimentaria y farmac\u00e9utica, garantizan la manipulaci\u00f3n cuidadosa de productos sensibles, cumpliendo estrictas normas de calidad y seguridad.<\/p><h3 data-start=\"2282\" data-end=\"2336\">Hacia una industria m\u00e1s innovadora y competitiva<\/h3><p class=\"\" data-start=\"2337\" data-end=\"2795\">Invertir en la automatizaci\u00f3n inteligente de la manipulaci\u00f3n industrial significa adoptar un modelo de producci\u00f3n innovador, eficiente y competitivo. Las empresas que adoptan estas soluciones pueden transformar radicalmente su enfoque de la producci\u00f3n, optimizando el tiempo, los recursos y la calidad del trabajo. El futuro de la industria pasa por la integraci\u00f3n de estas tecnolog\u00edas avanzadas, capaces de hacer cada proceso m\u00e1s \u00e1gil y fiable.<\/p>\t\t\t\t\t\t\t\t<\/div>\n\t\t\t\t<\/div>\n\t\t\t\t\t<\/div>\n\t\t<\/div>\n\t\t\t\t\t<\/div>\n\t\t<\/section>\n\t\t\t\t<\/div>","protected":false},"excerpt":{"rendered":"<p>Manipulaci\u00f3n Soluciones rob\u00f3ticas inteligentes para la manipulaci\u00f3n precisa y segura de cualquier objeto gracias a la Inteligencia Artificial P\u00f3ngase en contacto Automatizaci\u00f3n avanzada para la manipulaci\u00f3n industrial Eficiencia y flexibilidad en los procesos de producci\u00f3n En el contexto de la industria moderna, la manipulaci\u00f3n de objetos representa un reto crucial para optimizar los procesos de producci\u00f3n. Las empresas deben manipular materiales de diferentes formas y ... <a title=\"Manipulaci\u00f3n\" class=\"read-more\" href=\"https:\/\/www.todsystem.com\/es\/manipulacion\/\" aria-label=\"M\u00e1s en Manipulaci\u00f3n\">Leer m\u00e1s<\/a><\/p>","protected":false},"author":1,"featured_media":0,"parent":0,"menu_order":0,"comment_status":"closed","ping_status":"closed","template":"elementor_header_footer","meta":{"footnotes":""},"class_list":["post-18445","page","type-page","status-publish"],"_links":{"self":[{"href":"https:\/\/www.todsystem.com\/es\/wp-json\/wp\/v2\/pages\/18445","targetHints":{"allow":["GET"]}}],"collection":[{"href":"https:\/\/www.todsystem.com\/es\/wp-json\/wp\/v2\/pages"}],"about":[{"href":"https:\/\/www.todsystem.com\/es\/wp-json\/wp\/v2\/types\/page"}],"author":[{"embeddable":true,"href":"https:\/\/www.todsystem.com\/es\/wp-json\/wp\/v2\/users\/1"}],"replies":[{"embeddable":true,"href":"https:\/\/www.todsystem.com\/es\/wp-json\/wp\/v2\/comments?post=18445"}],"version-history":[{"count":50,"href":"https:\/\/www.todsystem.com\/es\/wp-json\/wp\/v2\/pages\/18445\/revisions"}],"predecessor-version":[{"id":18969,"href":"https:\/\/www.todsystem.com\/es\/wp-json\/wp\/v2\/pages\/18445\/revisions\/18969"}],"wp:attachment":[{"href":"https:\/\/www.todsystem.com\/es\/wp-json\/wp\/v2\/media?parent=18445"}],"curies":[{"name":"wp","href":"https:\/\/api.w.org\/{rel}","templated":true}]}}