{"id":18440,"date":"2025-03-20T10:38:04","date_gmt":"2025-03-20T09:38:04","guid":{"rendered":"https:\/\/www.todsystem.com\/?page_id=18440"},"modified":"2025-04-07T09:48:14","modified_gmt":"2025-04-07T08:48:14","slug":"pallettizzazione","status":"publish","type":"page","link":"https:\/\/www.todsystem.com\/es\/paletizacion\/","title":{"rendered":"Paletizaci\u00f3n"},"content":{"rendered":"<div data-elementor-type=\"wp-page\" data-elementor-id=\"18440\" class=\"elementor elementor-18440\" data-elementor-post-type=\"page\">\n\t\t\t\t\t\t<section class=\"elementor-section elementor-top-section elementor-element elementor-element-87c4982 elementor-section-height-min-height elementor-section-boxed elementor-section-height-default elementor-section-items-middle\" data-id=\"87c4982\" data-element_type=\"section\" data-settings=\"{&quot;background_background&quot;:&quot;classic&quot;}\">\n\t\t\t\t\t\t\t<div class=\"elementor-background-overlay\"><\/div>\n\t\t\t\t\t\t\t<div class=\"elementor-container elementor-column-gap-default\">\n\t\t\t\t\t<div class=\"elementor-column elementor-col-100 elementor-top-column elementor-element elementor-element-dddf0cf\" data-id=\"dddf0cf\" data-element_type=\"column\">\n\t\t\t<div class=\"elementor-widget-wrap elementor-element-populated\">\n\t\t\t\t\t\t<div class=\"elementor-element elementor-element-801cb8c elementor-widget elementor-widget-heading\" data-id=\"801cb8c\" data-element_type=\"widget\" data-widget_type=\"heading.default\">\n\t\t\t\t<div class=\"elementor-widget-container\">\n\t\t\t\t\t<h1 class=\"elementor-heading-title elementor-size-default\">Paletizaci\u00f3n<\/h1>\t\t\t\t<\/div>\n\t\t\t\t<\/div>\n\t\t\t\t<div class=\"elementor-element elementor-element-215e7aa elementor-widget elementor-widget-heading\" data-id=\"215e7aa\" data-element_type=\"widget\" data-widget_type=\"heading.default\">\n\t\t\t\t<div class=\"elementor-widget-container\">\n\t\t\t\t\t<h3 class=\"elementor-heading-title elementor-size-default\">Automatizaci\u00f3n inteligente para una log\u00edstica sin l\u00edmites: soluciones robotizadas de paletizaci\u00f3n y despaletizaci\u00f3n<\/h3>\t\t\t\t<\/div>\n\t\t\t\t<\/div>\n\t\t\t\t<div class=\"elementor-element elementor-element-fd05590 elementor-align-center elementor-mobile-align-justify elementor-widget__width-initial elementor-widget elementor-widget-button\" data-id=\"fd05590\" data-element_type=\"widget\" data-widget_type=\"button.default\">\n\t\t\t\t<div class=\"elementor-widget-container\">\n\t\t\t\t\t\t\t\t\t<div class=\"elementor-button-wrapper\">\n\t\t\t\t\t<a class=\"elementor-button elementor-button-link elementor-size-xs\" href=\"https:\/\/www.todsystem.com\/es\/contactos\/\">\n\t\t\t\t\t\t<span class=\"elementor-button-content-wrapper\">\n\t\t\t\t\t\t<span class=\"elementor-button-icon\">\n\t\t\t\t<svg aria-hidden=\"true\" class=\"e-font-icon-svg e-fas-chevron-right\" viewbox=\"0 0 320 512\" xmlns=\"http:\/\/www.w3.org\/2000\/svg\"><path d=\"M285.476 272.971L91.132 467.314c-9.373 9.373-24.569 9.373-33.941 0l-22.667-22.667c-9.357-9.357-9.375-24.522-.04-33.901L188.505 256 34.484 101.255c-9.335-9.379-9.317-24.544.04-33.901l22.667-22.667c9.373-9.373 24.569-9.373 33.941 0L285.475 239.03c9.373 9.372 9.373 24.568.001 33.941z\"><\/path><\/svg>\t\t\t<\/span>\n\t\t\t\t\t\t\t\t\t<span class=\"elementor-button-text\">Ponerse en contacto<\/span>\n\t\t\t\t\t<\/span>\n\t\t\t\t\t<\/a>\n\t\t\t\t<\/div>\n\t\t\t\t\t\t\t\t<\/div>\n\t\t\t\t<\/div>\n\t\t\t\t\t<\/div>\n\t\t<\/div>\n\t\t\t\t\t<\/div>\n\t\t<\/section>\n\t\t\t\t<section class=\"elementor-section elementor-top-section elementor-element elementor-element-149dd9d elementor-section-boxed elementor-section-height-default elementor-section-height-default\" data-id=\"149dd9d\" data-element_type=\"section\">\n\t\t\t\t\t\t<div class=\"elementor-container elementor-column-gap-default\">\n\t\t\t\t\t<div class=\"elementor-column elementor-col-66 elementor-top-column elementor-element elementor-element-5a4bd63\" data-id=\"5a4bd63\" data-element_type=\"column\">\n\t\t\t<div class=\"elementor-widget-wrap elementor-element-populated\">\n\t\t\t\t\t\t<div class=\"elementor-element elementor-element-2bc460c elementor-widget elementor-widget-spacer\" data-id=\"2bc460c\" data-element_type=\"widget\" data-widget_type=\"spacer.default\">\n\t\t\t\t<div class=\"elementor-widget-container\">\n\t\t\t\t\t\t\t<div class=\"elementor-spacer\">\n\t\t\t<div class=\"elementor-spacer-inner\"><\/div>\n\t\t<\/div>\n\t\t\t\t\t\t<\/div>\n\t\t\t\t<\/div>\n\t\t\t\t<div class=\"elementor-element elementor-element-4a79c67 elementor-widget elementor-widget-text-editor\" data-id=\"4a79c67\" data-element_type=\"widget\" data-widget_type=\"text-editor.default\">\n\t\t\t\t<div class=\"elementor-widget-container\">\n\t\t\t\t\t\t\t\t\t<h2 data-start=\"125\" data-end=\"201\">Soluciones robotizadas de paletizaci\u00f3n: innovaci\u00f3n en log\u00edstica<\/h2><h3 data-start=\"203\" data-end=\"251\">Automatizaci\u00f3n inteligente de la log\u00edstica<\/h3><p class=\"\" data-start=\"252\" data-end=\"860\">Las soluciones de paletizaci\u00f3n y despaletizaci\u00f3n basadas en robots colaborativos representan una importante innovaci\u00f3n para la automatizaci\u00f3n de los procesos log\u00edsticos y de producci\u00f3n. Gracias a su flexibilidad, seguridad y facilidad de uso, los robots colaborativos (cobots) son capaces de manipular cargas de hasta 30 kg, optimizando la eficacia operativa y reduciendo el esfuerzo f\u00edsico de los operarios. Estos cobots, dise\u00f1ados para trabajar en estrecha colaboraci\u00f3n con los humanos, pueden integrarse f\u00e1cilmente en los entornos de trabajo existentes sin necesidad de realizar cambios estructurales significativos.<\/p><h3 data-start=\"862\" data-end=\"905\">Ventajas de las soluciones robotizadas<\/h3><p class=\"\" data-start=\"906\" data-end=\"1559\">Las operaciones de paletizado y despaletizado suelen ser repetitivas, agotadoras y vulnerables a los errores humanos, con el consiguiente riesgo de fatiga de los empleados. La introducci\u00f3n de cobots en estas tareas ofrece una serie de ventajas operativas. La mayor precisi\u00f3n y consistencia que proporcionan los robots con el paso del tiempo mejora la calidad del trabajo, reduciendo la duraci\u00f3n de los ciclos y aumentando la productividad general. Adem\u00e1s, gracias a sensores avanzados y sistemas de visi\u00f3n artificial, los robots son capaces de identificar y recoger productos con extrema precisi\u00f3n, adapt\u00e1ndose f\u00e1cilmente a diferentes configuraciones de pal\u00e9s y disposiciones de producci\u00f3n.<\/p><h3 data-start=\"1561\" data-end=\"1599\">Principales ventajas operativas<\/h3><p class=\"\" data-start=\"1600\" data-end=\"2399\">Las soluciones de paletizaci\u00f3n robotizada ofrecen numerosas ventajas a las empresas. El aumento de la productividad es una de las principales ventajas, ya que los cobots funcionan sin interrupci\u00f3n, garantizando un flujo de materiales continuo y fiable. Adem\u00e1s, la flexibilidad operativa de los cobots les permite adaptarse r\u00e1pidamente a nuevas configuraciones de embalaje y manipulaci\u00f3n, gracias a un proceso de programaci\u00f3n intuitivo. En t\u00e9rminos de seguridad, los cobots est\u00e1n dise\u00f1ados para trabajar codo con codo con los operarios sin necesidad de barreras f\u00edsicas, lo que reduce el riesgo de accidentes laborales. Otro aspecto significativo es el retorno de la inversi\u00f3n (ROI), que se produce r\u00e1pidamente gracias a la reducci\u00f3n de los costes operativos y al aumento de la eficiencia de las operaciones.<\/p>\t\t\t\t\t\t\t\t<\/div>\n\t\t\t\t<\/div>\n\t\t\t\t<div class=\"elementor-element elementor-element-04d4b2c elementor-widget elementor-widget-spacer\" data-id=\"04d4b2c\" data-element_type=\"widget\" data-widget_type=\"spacer.default\">\n\t\t\t\t<div class=\"elementor-widget-container\">\n\t\t\t\t\t\t\t<div class=\"elementor-spacer\">\n\t\t\t<div class=\"elementor-spacer-inner\"><\/div>\n\t\t<\/div>\n\t\t\t\t\t\t<\/div>\n\t\t\t\t<\/div>\n\t\t\t\t\t<\/div>\n\t\t<\/div>\n\t\t\t\t<div class=\"elementor-column elementor-col-33 elementor-top-column elementor-element elementor-element-bbf613e\" data-id=\"bbf613e\" data-element_type=\"column\">\n\t\t\t<div class=\"elementor-widget-wrap elementor-element-populated\">\n\t\t\t\t\t\t<div class=\"elementor-element elementor-element-6f173fa elementor-widget elementor-widget-image\" data-id=\"6f173fa\" data-element_type=\"widget\" data-widget_type=\"image.default\">\n\t\t\t\t<div class=\"elementor-widget-container\">\n\t\t\t\t\t\t\t\t\t\t\t\t\t\t\t<img fetchpriority=\"high\" decoding=\"async\" width=\"900\" height=\"1200\" src=\"https:\/\/www.todsystem.com\/wp-content\/uploads\/2025\/03\/palletizer-packing-line-in-a-logistics-warehouse-2025-01-10-04-55-49-utc.webp\" class=\"attachment-full size-full wp-image-18863\" alt=\"\" srcset=\"https:\/\/www.todsystem.com\/wp-content\/uploads\/2025\/03\/palletizer-packing-line-in-a-logistics-warehouse-2025-01-10-04-55-49-utc.webp 900w, https:\/\/www.todsystem.com\/wp-content\/uploads\/2025\/03\/palletizer-packing-line-in-a-logistics-warehouse-2025-01-10-04-55-49-utc-225x300.webp 225w, https:\/\/www.todsystem.com\/wp-content\/uploads\/2025\/03\/palletizer-packing-line-in-a-logistics-warehouse-2025-01-10-04-55-49-utc-768x1024.webp 768w, https:\/\/www.todsystem.com\/wp-content\/uploads\/2025\/03\/palletizer-packing-line-in-a-logistics-warehouse-2025-01-10-04-55-49-utc-9x12.webp 9w\" sizes=\"(max-width: 900px) 100vw, 900px\" \/>\t\t\t\t\t\t\t\t\t\t\t\t\t\t\t<\/div>\n\t\t\t\t<\/div>\n\t\t\t\t\t<\/div>\n\t\t<\/div>\n\t\t\t\t\t<\/div>\n\t\t<\/section>\n\t\t\t\t<section class=\"elementor-section elementor-top-section elementor-element elementor-element-de0c124 elementor-section-boxed elementor-section-height-default elementor-section-height-default\" data-id=\"de0c124\" data-element_type=\"section\">\n\t\t\t\t\t\t<div class=\"elementor-container elementor-column-gap-default\">\n\t\t\t\t\t<div class=\"elementor-column elementor-col-66 elementor-top-column elementor-element elementor-element-3e3464e\" data-id=\"3e3464e\" data-element_type=\"column\" data-settings=\"{&quot;background_background&quot;:&quot;classic&quot;}\">\n\t\t\t<div class=\"elementor-widget-wrap elementor-element-populated\">\n\t\t\t\t\t\t<div class=\"elementor-element elementor-element-264fa58 elementor-widget elementor-widget-heading\" data-id=\"264fa58\" data-element_type=\"widget\" data-widget_type=\"heading.default\">\n\t\t\t\t<div class=\"elementor-widget-container\">\n\t\t\t\t\t<p class=\"elementor-heading-title elementor-size-default\">M\u00e1s informaci\u00f3n sobre paletizaci\u00f3n con nuestros expertos <\/p>\t\t\t\t<\/div>\n\t\t\t\t<\/div>\n\t\t\t\t\t<\/div>\n\t\t<\/div>\n\t\t\t\t<div class=\"elementor-column elementor-col-33 elementor-top-column elementor-element elementor-element-e209b5f\" data-id=\"e209b5f\" data-element_type=\"column\" data-settings=\"{&quot;background_background&quot;:&quot;classic&quot;}\">\n\t\t\t<div class=\"elementor-widget-wrap elementor-element-populated\">\n\t\t\t\t\t\t<div class=\"elementor-element elementor-element-12d487a elementor-align-center elementor-mobile-align-justify elementor-widget__width-initial elementor-widget elementor-widget-button\" data-id=\"12d487a\" data-element_type=\"widget\" data-widget_type=\"button.default\">\n\t\t\t\t<div class=\"elementor-widget-container\">\n\t\t\t\t\t\t\t\t\t<div class=\"elementor-button-wrapper\">\n\t\t\t\t\t<a class=\"elementor-button elementor-button-link elementor-size-xs\" href=\"https:\/\/calendly.com\/todsystem\/call\" target=\"_blank\" rel=\"noopener\">\n\t\t\t\t\t\t<span class=\"elementor-button-content-wrapper\">\n\t\t\t\t\t\t<span class=\"elementor-button-icon\">\n\t\t\t\t<svg aria-hidden=\"true\" class=\"e-font-icon-svg e-fas-chevron-right\" viewbox=\"0 0 320 512\" xmlns=\"http:\/\/www.w3.org\/2000\/svg\"><path d=\"M285.476 272.971L91.132 467.314c-9.373 9.373-24.569 9.373-33.941 0l-22.667-22.667c-9.357-9.357-9.375-24.522-.04-33.901L188.505 256 34.484 101.255c-9.335-9.379-9.317-24.544.04-33.901l22.667-22.667c9.373-9.373 24.569-9.373 33.941 0L285.475 239.03c9.373 9.372 9.373 24.568.001 33.941z\"><\/path><\/svg>\t\t\t<\/span>\n\t\t\t\t\t\t\t\t\t<span class=\"elementor-button-text\">Reservar una consulta<\/span>\n\t\t\t\t\t<\/span>\n\t\t\t\t\t<\/a>\n\t\t\t\t<\/div>\n\t\t\t\t\t\t\t\t<\/div>\n\t\t\t\t<\/div>\n\t\t\t\t\t<\/div>\n\t\t<\/div>\n\t\t\t\t\t<\/div>\n\t\t<\/section>\n\t\t\t\t<section class=\"elementor-section elementor-top-section elementor-element elementor-element-20d4ba1 elementor-section-boxed elementor-section-height-default elementor-section-height-default\" data-id=\"20d4ba1\" data-element_type=\"section\">\n\t\t\t\t\t\t<div class=\"elementor-container elementor-column-gap-default\">\n\t\t\t\t\t<div class=\"elementor-column elementor-col-33 elementor-top-column elementor-element elementor-element-c4622f2\" data-id=\"c4622f2\" data-element_type=\"column\">\n\t\t\t<div class=\"elementor-widget-wrap elementor-element-populated\">\n\t\t\t\t\t\t<div class=\"elementor-element elementor-element-ea4e3e1 elementor-widget elementor-widget-image\" data-id=\"ea4e3e1\" data-element_type=\"widget\" data-widget_type=\"image.default\">\n\t\t\t\t<div class=\"elementor-widget-container\">\n\t\t\t\t\t\t\t\t\t\t\t\t\t\t\t<img decoding=\"async\" width=\"1200\" height=\"675\" src=\"https:\/\/www.todsystem.com\/wp-content\/uploads\/2025\/03\/factory-automation-with-agv-and-robotic-arm-in-tra-2025-03-12-01-24-09-utc.webp\" class=\"attachment-full size-full wp-image-18864\" alt=\"\" srcset=\"https:\/\/www.todsystem.com\/wp-content\/uploads\/2025\/03\/factory-automation-with-agv-and-robotic-arm-in-tra-2025-03-12-01-24-09-utc.webp 1200w, https:\/\/www.todsystem.com\/wp-content\/uploads\/2025\/03\/factory-automation-with-agv-and-robotic-arm-in-tra-2025-03-12-01-24-09-utc-300x169.webp 300w, https:\/\/www.todsystem.com\/wp-content\/uploads\/2025\/03\/factory-automation-with-agv-and-robotic-arm-in-tra-2025-03-12-01-24-09-utc-1024x576.webp 1024w, https:\/\/www.todsystem.com\/wp-content\/uploads\/2025\/03\/factory-automation-with-agv-and-robotic-arm-in-tra-2025-03-12-01-24-09-utc-768x432.webp 768w, https:\/\/www.todsystem.com\/wp-content\/uploads\/2025\/03\/factory-automation-with-agv-and-robotic-arm-in-tra-2025-03-12-01-24-09-utc-18x10.webp 18w\" sizes=\"(max-width: 1200px) 100vw, 1200px\" \/>\t\t\t\t\t\t\t\t\t\t\t\t\t\t\t<\/div>\n\t\t\t\t<\/div>\n\t\t\t\t\t<\/div>\n\t\t<\/div>\n\t\t\t\t<div class=\"elementor-column elementor-col-66 elementor-top-column elementor-element elementor-element-f458b5b\" data-id=\"f458b5b\" data-element_type=\"column\">\n\t\t\t<div class=\"elementor-widget-wrap elementor-element-populated\">\n\t\t\t\t\t\t<div class=\"elementor-element elementor-element-973f1f1 elementor-widget elementor-widget-spacer\" data-id=\"973f1f1\" data-element_type=\"widget\" data-widget_type=\"spacer.default\">\n\t\t\t\t<div class=\"elementor-widget-container\">\n\t\t\t\t\t\t\t<div class=\"elementor-spacer\">\n\t\t\t<div class=\"elementor-spacer-inner\"><\/div>\n\t\t<\/div>\n\t\t\t\t\t\t<\/div>\n\t\t\t\t<\/div>\n\t\t\t\t<div class=\"elementor-element elementor-element-0e6b1cd elementor-widget elementor-widget-text-editor\" data-id=\"0e6b1cd\" data-element_type=\"widget\" data-widget_type=\"text-editor.default\">\n\t\t\t\t<div class=\"elementor-widget-container\">\n\t\t\t\t\t\t\t\t\t<h3 data-start=\"2401\" data-end=\"2444\">Aplicaciones en sectores industriales<\/h3><p class=\"\" data-start=\"2445\" data-end=\"3112\">Las soluciones de paletizado y despaletizado encuentran aplicaci\u00f3n en una amplia gama de industrias, como la alimentaria, la farmac\u00e9utica, el comercio electr\u00f3nico y la fabricaci\u00f3n. Los robots colaborativos pueden manipular diversos formatos de embalaje, como cajas, bolsas, bidones y otros contenedores, mejorando la log\u00edstica interna y optimizando la gesti\u00f3n de existencias. Especialmente en el sector del comercio electr\u00f3nico, donde la velocidad y la fiabilidad de las operaciones son cruciales, la automatizaci\u00f3n rob\u00f3tica permite manipular grandes vol\u00famenes de productos con precisi\u00f3n y rapidez, respondiendo a las necesidades del mercado de forma din\u00e1mica y eficaz.<\/p><h3 data-start=\"3114\" data-end=\"3180\">Invertir en robots colaborativos para mejorar la eficiencia empresarial<\/h3><p class=\"\" data-start=\"3181\" data-end=\"3668\">Invertir en soluciones rob\u00f3ticas para la manipulaci\u00f3n de cargas de hasta 30 kg no es s\u00f3lo una elecci\u00f3n tecnol\u00f3gica, sino una estrategia para garantizar la competitividad y la innovaci\u00f3n. Los robots ofrecen a las empresas la oportunidad de optimizar los procesos empresariales de forma segura, eficiente y escalable. La adopci\u00f3n de esta avanzada tecnolog\u00eda permite afrontar los retos log\u00edsticos con mayor eficacia, reduciendo costes y aumentando la adaptabilidad a las necesidades del mercado.<\/p>\t\t\t\t\t\t\t\t<\/div>\n\t\t\t\t<\/div>\n\t\t\t\t\t<\/div>\n\t\t<\/div>\n\t\t\t\t\t<\/div>\n\t\t<\/section>\n\t\t\t\t<\/div>","protected":false},"excerpt":{"rendered":"<p>Paletizaci\u00f3n Automatizaci\u00f3n inteligente para una log\u00edstica sin l\u00edmites: soluciones rob\u00f3ticas para paletizaci\u00f3n y despaletizaci\u00f3n P\u00f3ngase en contacto Soluciones rob\u00f3ticas de paletizaci\u00f3n: innovaci\u00f3n en log\u00edstica Automatizaci\u00f3n inteligente para log\u00edstica Las soluciones de paletizaci\u00f3n y despaletizaci\u00f3n basadas en robots colaborativos representan una gran innovaci\u00f3n para la automatizaci\u00f3n de los procesos log\u00edsticos y de producci\u00f3n. Gracias a su flexibilidad, seguridad y ... <a title=\"Paletizaci\u00f3n\" class=\"read-more\" href=\"https:\/\/www.todsystem.com\/es\/paletizacion\/\" aria-label=\"M\u00e1s en Paletizaci\u00f3n\">Leer m\u00e1s<\/a><\/p>","protected":false},"author":1,"featured_media":0,"parent":0,"menu_order":0,"comment_status":"closed","ping_status":"closed","template":"elementor_header_footer","meta":{"footnotes":""},"class_list":["post-18440","page","type-page","status-publish"],"_links":{"self":[{"href":"https:\/\/www.todsystem.com\/es\/wp-json\/wp\/v2\/pages\/18440","targetHints":{"allow":["GET"]}}],"collection":[{"href":"https:\/\/www.todsystem.com\/es\/wp-json\/wp\/v2\/pages"}],"about":[{"href":"https:\/\/www.todsystem.com\/es\/wp-json\/wp\/v2\/types\/page"}],"author":[{"embeddable":true,"href":"https:\/\/www.todsystem.com\/es\/wp-json\/wp\/v2\/users\/1"}],"replies":[{"embeddable":true,"href":"https:\/\/www.todsystem.com\/es\/wp-json\/wp\/v2\/comments?post=18440"}],"version-history":[{"count":32,"href":"https:\/\/www.todsystem.com\/es\/wp-json\/wp\/v2\/pages\/18440\/revisions"}],"predecessor-version":[{"id":19064,"href":"https:\/\/www.todsystem.com\/es\/wp-json\/wp\/v2\/pages\/18440\/revisions\/19064"}],"wp:attachment":[{"href":"https:\/\/www.todsystem.com\/es\/wp-json\/wp\/v2\/media?parent=18440"}],"curies":[{"name":"wp","href":"https:\/\/api.w.org\/{rel}","templated":true}]}}