{"id":12432,"date":"2022-10-14T16:14:13","date_gmt":"2022-10-14T15:14:13","guid":{"rendered":"https:\/\/www.todsystem.com\/?page_id=12432"},"modified":"2023-07-03T14:25:19","modified_gmt":"2023-07-03T13:25:19","slug":"applicazioni","status":"publish","type":"page","link":"https:\/\/www.todsystem.com\/es\/sectores\/","title":{"rendered":"Aplicaciones"},"content":{"rendered":"<div data-elementor-type=\"wp-page\" data-elementor-id=\"12432\" class=\"elementor elementor-12432\" data-elementor-post-type=\"page\">\n\t\t\t\t\t\t<section class=\"elementor-section elementor-top-section elementor-element elementor-element-1185b19 elementor-section-height-min-height elementor-section-boxed elementor-section-height-default elementor-section-items-middle\" data-id=\"1185b19\" data-element_type=\"section\" data-settings=\"{&quot;background_background&quot;:&quot;classic&quot;}\">\n\t\t\t\t\t\t\t<div class=\"elementor-background-overlay\"><\/div>\n\t\t\t\t\t\t\t<div class=\"elementor-container elementor-column-gap-default\">\n\t\t\t\t\t<div class=\"elementor-column elementor-col-100 elementor-top-column elementor-element elementor-element-7457e5b\" data-id=\"7457e5b\" data-element_type=\"column\">\n\t\t\t<div class=\"elementor-widget-wrap elementor-element-populated\">\n\t\t\t\t\t\t<div class=\"elementor-element elementor-element-af6d128 elementor-widget elementor-widget-heading\" data-id=\"af6d128\" data-element_type=\"widget\" data-widget_type=\"heading.default\">\n\t\t\t\t<div class=\"elementor-widget-container\">\n\t\t\t\t\t<h1 class=\"elementor-heading-title elementor-size-default\">Aplicaciones<\/h1>\t\t\t\t<\/div>\n\t\t\t\t<\/div>\n\t\t\t\t\t<\/div>\n\t\t<\/div>\n\t\t\t\t\t<\/div>\n\t\t<\/section>\n\t\t\t\t<section class=\"elementor-section elementor-top-section elementor-element elementor-element-eb6d4a0 elementor-section-boxed elementor-section-height-default elementor-section-height-default\" data-id=\"eb6d4a0\" data-element_type=\"section\">\n\t\t\t\t\t\t<div class=\"elementor-container elementor-column-gap-default\">\n\t\t\t\t\t<div class=\"elementor-column elementor-col-100 elementor-top-column elementor-element elementor-element-3f54feb\" data-id=\"3f54feb\" data-element_type=\"column\">\n\t\t\t<div class=\"elementor-widget-wrap elementor-element-populated\">\n\t\t\t\t\t\t<div class=\"elementor-element elementor-element-4a6dcf0 elementor-widget elementor-widget-text-editor\" data-id=\"4a6dcf0\" data-element_type=\"widget\" data-widget_type=\"text-editor.default\">\n\t\t\t\t<div class=\"elementor-widget-container\">\n\t\t\t\t\t\t\t\t\t<p>Dise\u00f1amos y creamos soluciones de rob\u00f3tica colaborativa flexibles y personalizables, para poder operar en cada contexto industrial y en cada tarea de las l\u00edneas de producci\u00f3n. Nuestra misi\u00f3n es automatizar cualquier actividad, dotando a las industrias de herramientas capaces de maximizar resultados, reducir costes y riesgos para la seguridad de los operadores humanos y dar respuesta al problema de la escasez de personal.<\/p><p>Por ello, nuestras soluciones est\u00e1n dise\u00f1adas para consolidarse como herramientas perfectamente integradas que constituyen ventajas competitivas esenciales para competir en el mercado global.<\/p>\t\t\t\t\t\t\t\t<\/div>\n\t\t\t\t<\/div>\n\t\t\t\t<div class=\"elementor-element elementor-element-a6c7ea8 elementor-widget elementor-widget-spacer\" data-id=\"a6c7ea8\" data-element_type=\"widget\" data-widget_type=\"spacer.default\">\n\t\t\t\t<div class=\"elementor-widget-container\">\n\t\t\t\t\t\t\t<div class=\"elementor-spacer\">\n\t\t\t<div class=\"elementor-spacer-inner\"><\/div>\n\t\t<\/div>\n\t\t\t\t\t\t<\/div>\n\t\t\t\t<\/div>\n\t\t\t\t\t<\/div>\n\t\t<\/div>\n\t\t\t\t\t<\/div>\n\t\t<\/section>\n\t\t\t\t<section class=\"elementor-section elementor-top-section elementor-element elementor-element-c59f3e1 elementor-section-boxed elementor-section-height-default elementor-section-height-default\" data-id=\"c59f3e1\" data-element_type=\"section\" data-settings=\"{&quot;background_background&quot;:&quot;classic&quot;}\">\n\t\t\t\t\t\t<div class=\"elementor-container elementor-column-gap-default\">\n\t\t\t\t\t<div class=\"elementor-column elementor-col-50 elementor-top-column elementor-element elementor-element-ac1e57f\" data-id=\"ac1e57f\" data-element_type=\"column\">\n\t\t\t<div class=\"elementor-widget-wrap elementor-element-populated\">\n\t\t\t\t\t\t<section class=\"elementor-section elementor-inner-section elementor-element elementor-element-d491e0b elementor-section-height-min-height elementor-section-boxed elementor-section-height-default\" data-id=\"d491e0b\" data-element_type=\"section\">\n\t\t\t\t\t\t\t<div class=\"elementor-background-overlay\"><\/div>\n\t\t\t\t\t\t\t<div class=\"elementor-container elementor-column-gap-default\">\n\t\t\t\t\t<div class=\"elementor-column elementor-col-100 elementor-inner-column elementor-element elementor-element-3556316\" data-id=\"3556316\" data-element_type=\"column\">\n\t\t\t<div class=\"elementor-widget-wrap elementor-element-populated\">\n\t\t\t\t\t\t<div class=\"elementor-element elementor-element-0ac878d elementor-widget elementor-widget-heading\" data-id=\"0ac878d\" data-element_type=\"widget\" data-widget_type=\"heading.default\">\n\t\t\t\t<div class=\"elementor-widget-container\">\n\t\t\t\t\t<h3 class=\"elementor-heading-title elementor-size-default\">Asamblea<\/h3>\t\t\t\t<\/div>\n\t\t\t\t<\/div>\n\t\t\t\t<div class=\"elementor-element elementor-element-26e254b elementor-widget elementor-widget-text-editor\" data-id=\"26e254b\" data-element_type=\"widget\" data-widget_type=\"text-editor.default\">\n\t\t\t\t<div class=\"elementor-widget-container\">\n\t\t\t\t\t\t\t\t\tAutomatizar los procesos de montaje es fundamental para conseguir precisi\u00f3n, reducir los tiempos de ejecuci\u00f3n y reducir costes en operaciones como atornillado, fijaci\u00f3n e inserci\u00f3n de piezas. Nuestras soluciones rob\u00f3ticas, gracias a un software intuitivo y personalizable, pueden responder a todas las necesidades operativas y adem\u00e1s garantizar la m\u00e1xima seguridad en el lugar de trabajo, con la consiguiente reducci\u00f3n de los accidentes laborales. \t\t\t\t\t\t\t\t<\/div>\n\t\t\t\t<\/div>\n\t\t\t\t\t<\/div>\n\t\t<\/div>\n\t\t\t\t\t<\/div>\n\t\t<\/section>\n\t\t\t\t\t<\/div>\n\t\t<\/div>\n\t\t\t\t<div class=\"elementor-column elementor-col-50 elementor-top-column elementor-element elementor-element-6d225a1\" data-id=\"6d225a1\" data-element_type=\"column\">\n\t\t\t<div class=\"elementor-widget-wrap elementor-element-populated\">\n\t\t\t\t\t\t<section class=\"elementor-section elementor-inner-section elementor-element elementor-element-e47ee76 elementor-section-height-min-height elementor-section-boxed elementor-section-height-default\" data-id=\"e47ee76\" data-element_type=\"section\">\n\t\t\t\t\t\t\t<div class=\"elementor-background-overlay\"><\/div>\n\t\t\t\t\t\t\t<div class=\"elementor-container elementor-column-gap-default\">\n\t\t\t\t\t<div class=\"elementor-column elementor-col-100 elementor-inner-column elementor-element elementor-element-455948a\" data-id=\"455948a\" data-element_type=\"column\">\n\t\t\t<div class=\"elementor-widget-wrap elementor-element-populated\">\n\t\t\t\t\t\t<div class=\"elementor-element elementor-element-1b7b54a elementor-widget elementor-widget-heading\" data-id=\"1b7b54a\" data-element_type=\"widget\" data-widget_type=\"heading.default\">\n\t\t\t\t<div class=\"elementor-widget-container\">\n\t\t\t\t\t<h3 class=\"elementor-heading-title elementor-size-default\">M\u00e1quina atendiendo<\/h3>\t\t\t\t<\/div>\n\t\t\t\t<\/div>\n\t\t\t\t<div class=\"elementor-element elementor-element-ad1f2e2 elementor-widget elementor-widget-text-editor\" data-id=\"ad1f2e2\" data-element_type=\"widget\" data-widget_type=\"text-editor.default\">\n\t\t\t\t<div class=\"elementor-widget-container\">\n\t\t\t\t\t\t\t\t\tNuestras soluciones de rob\u00f3tica colaborativa liberan a los operadores humanos encargados del cuidado de las m\u00e1quinas de todos esos trabajos repetitivos y agotadores que aumentan el riesgo de accidentes laborales. Los robots colaborativos mejoran significativamente los tiempos y la calidad de los procesos. Las empresas que eligen confiar en nuestras soluciones obtienen una herramienta extremadamente flexible, capaz de adaptar r\u00e1pidamente las l\u00edneas de producci\u00f3n a nuevos productos, con un retorno de la inversi\u00f3n ya en el corto plazo.\n\t\t\t\t\t\t\t\t<\/div>\n\t\t\t\t<\/div>\n\t\t\t\t\t<\/div>\n\t\t<\/div>\n\t\t\t\t\t<\/div>\n\t\t<\/section>\n\t\t\t\t\t<\/div>\n\t\t<\/div>\n\t\t\t\t\t<\/div>\n\t\t<\/section>\n\t\t\t\t<section class=\"elementor-section elementor-top-section elementor-element elementor-element-7f517a6 elementor-section-boxed elementor-section-height-default elementor-section-height-default\" data-id=\"7f517a6\" data-element_type=\"section\" data-settings=\"{&quot;background_background&quot;:&quot;classic&quot;}\">\n\t\t\t\t\t\t<div class=\"elementor-container elementor-column-gap-default\">\n\t\t\t\t\t<div class=\"elementor-column elementor-col-50 elementor-top-column elementor-element elementor-element-dfa92a3\" data-id=\"dfa92a3\" data-element_type=\"column\">\n\t\t\t<div class=\"elementor-widget-wrap elementor-element-populated\">\n\t\t\t\t\t\t<section class=\"elementor-section elementor-inner-section elementor-element elementor-element-2e14b8a elementor-section-height-min-height elementor-section-boxed elementor-section-height-default\" data-id=\"2e14b8a\" data-element_type=\"section\">\n\t\t\t\t\t\t\t<div class=\"elementor-background-overlay\"><\/div>\n\t\t\t\t\t\t\t<div class=\"elementor-container elementor-column-gap-default\">\n\t\t\t\t\t<div class=\"elementor-column elementor-col-100 elementor-inner-column elementor-element elementor-element-58a6db6\" data-id=\"58a6db6\" data-element_type=\"column\">\n\t\t\t<div class=\"elementor-widget-wrap elementor-element-populated\">\n\t\t\t\t\t\t<div class=\"elementor-element elementor-element-99a10c8 elementor-widget elementor-widget-heading\" data-id=\"99a10c8\" data-element_type=\"widget\" data-widget_type=\"heading.default\">\n\t\t\t\t<div class=\"elementor-widget-container\">\n\t\t\t\t\t<h3 class=\"elementor-heading-title elementor-size-default\">Entrega<\/h3>\t\t\t\t<\/div>\n\t\t\t\t<\/div>\n\t\t\t\t<div class=\"elementor-element elementor-element-f8c427f elementor-widget elementor-widget-text-editor\" data-id=\"f8c427f\" data-element_type=\"widget\" data-widget_type=\"text-editor.default\">\n\t\t\t\t<div class=\"elementor-widget-container\">\n\t\t\t\t\t\t\t\t\tLos robots colaborativos se adaptan perfectamente a pegar, sellar, pintar y cualquier otra actividad que incluya la dosificaci\u00f3n. Confiar en nuestras soluciones significa aumentar la flexibilidad y eficiencia de estas operaciones, reduciendo los tiempos de ejecuci\u00f3n y los riesgos de lesiones para los operadores humanos en tareas peligrosas. Una vez completada cada actividad, los robots se pueden mover y reasignar f\u00e1cilmente a otra \u00e1rea de producci\u00f3n.\n\t\t\t\t\t\t\t\t<\/div>\n\t\t\t\t<\/div>\n\t\t\t\t\t<\/div>\n\t\t<\/div>\n\t\t\t\t\t<\/div>\n\t\t<\/section>\n\t\t\t\t\t<\/div>\n\t\t<\/div>\n\t\t\t\t<div class=\"elementor-column elementor-col-50 elementor-top-column elementor-element elementor-element-21aabf1\" data-id=\"21aabf1\" data-element_type=\"column\">\n\t\t\t<div class=\"elementor-widget-wrap elementor-element-populated\">\n\t\t\t\t\t\t<section class=\"elementor-section elementor-inner-section elementor-element elementor-element-26a88c7 elementor-section-height-min-height elementor-section-boxed elementor-section-height-default\" data-id=\"26a88c7\" data-element_type=\"section\">\n\t\t\t\t\t\t\t<div class=\"elementor-background-overlay\"><\/div>\n\t\t\t\t\t\t\t<div class=\"elementor-container elementor-column-gap-default\">\n\t\t\t\t\t<div class=\"elementor-column elementor-col-100 elementor-inner-column elementor-element elementor-element-7556126\" data-id=\"7556126\" data-element_type=\"column\">\n\t\t\t<div class=\"elementor-widget-wrap elementor-element-populated\">\n\t\t\t\t\t\t<div class=\"elementor-element elementor-element-49fd8c2 elementor-widget elementor-widget-heading\" data-id=\"49fd8c2\" data-element_type=\"widget\" data-widget_type=\"heading.default\">\n\t\t\t\t<div class=\"elementor-widget-container\">\n\t\t\t\t\t<h3 class=\"elementor-heading-title elementor-size-default\">Acabado de la superficie<\/h3>\t\t\t\t<\/div>\n\t\t\t\t<\/div>\n\t\t\t\t<div class=\"elementor-element elementor-element-21156a7 elementor-widget elementor-widget-text-editor\" data-id=\"21156a7\" data-element_type=\"widget\" data-widget_type=\"text-editor.default\">\n\t\t\t\t<div class=\"elementor-widget-container\">\n\t\t\t\t\t\t\t\t\tLos robots colaborativos garantizan la precisi\u00f3n en todas aquellas operaciones que requieren regulaci\u00f3n de fuerza y un tacto en ocasiones delicado. Este es el caso de operaciones especiales de acabado como pulido, lijado y arenado. Nuestras soluciones son capaces de garantizar la precisi\u00f3n incluso en superficies curvas e irregulares, al tiempo que mejoran la seguridad en el lugar de trabajo y liberan a los operadores humanos de tareas repetitivas y peligrosas.\t\t\t\t\t\t\t\t<\/div>\n\t\t\t\t<\/div>\n\t\t\t\t\t<\/div>\n\t\t<\/div>\n\t\t\t\t\t<\/div>\n\t\t<\/section>\n\t\t\t\t\t<\/div>\n\t\t<\/div>\n\t\t\t\t\t<\/div>\n\t\t<\/section>\n\t\t\t\t<section class=\"elementor-section elementor-top-section elementor-element elementor-element-02b7163 elementor-section-boxed elementor-section-height-default elementor-section-height-default\" data-id=\"02b7163\" data-element_type=\"section\" data-settings=\"{&quot;background_background&quot;:&quot;classic&quot;}\">\n\t\t\t\t\t\t<div class=\"elementor-container elementor-column-gap-default\">\n\t\t\t\t\t<div class=\"elementor-column elementor-col-50 elementor-top-column elementor-element elementor-element-305e4a7\" data-id=\"305e4a7\" data-element_type=\"column\">\n\t\t\t<div class=\"elementor-widget-wrap elementor-element-populated\">\n\t\t\t\t\t\t<section class=\"elementor-section elementor-inner-section elementor-element elementor-element-54dcd65 elementor-section-height-min-height elementor-section-boxed elementor-section-height-default\" data-id=\"54dcd65\" data-element_type=\"section\">\n\t\t\t\t\t\t\t<div class=\"elementor-background-overlay\"><\/div>\n\t\t\t\t\t\t\t<div class=\"elementor-container elementor-column-gap-default\">\n\t\t\t\t\t<div class=\"elementor-column elementor-col-100 elementor-inner-column elementor-element elementor-element-608b43f\" data-id=\"608b43f\" data-element_type=\"column\">\n\t\t\t<div class=\"elementor-widget-wrap elementor-element-populated\">\n\t\t\t\t\t\t<div class=\"elementor-element elementor-element-5cd7385 elementor-widget elementor-widget-heading\" data-id=\"5cd7385\" data-element_type=\"widget\" data-widget_type=\"heading.default\">\n\t\t\t\t<div class=\"elementor-widget-container\">\n\t\t\t\t\t<h3 class=\"elementor-heading-title elementor-size-default\">Movimienot\n<\/h3>\t\t\t\t<\/div>\n\t\t\t\t<\/div>\n\t\t\t\t<div class=\"elementor-element elementor-element-0a26d3b elementor-widget elementor-widget-text-editor\" data-id=\"0a26d3b\" data-element_type=\"widget\" data-widget_type=\"text-editor.default\">\n\t\t\t\t<div class=\"elementor-widget-container\">\n\t\t\t\t\t\t\t\t\tEl contexto de la manipulaci\u00f3n de mercanc\u00edas es amplio e incluye una serie de operaciones extremadamente repetitivas y, en algunos casos, incluso pesadas y peligrosas. Es por ello que nuestras soluciones de rob\u00f3tica colaborativa est\u00e1n dise\u00f1adas para realizar estas tareas, aliviando la carga de los operadores humanos y garantizando la m\u00e1xima precisi\u00f3n, mayor velocidad y gran flexibilidad en su ejecuci\u00f3n. Desde el pick &amp; place hasta el embalaje, desde el paletizado hasta la recogida del contenedor, el etiquetado y m\u00e1s.\t\t\t\t\t\t\t\t<\/div>\n\t\t\t\t<\/div>\n\t\t\t\t\t<\/div>\n\t\t<\/div>\n\t\t\t\t\t<\/div>\n\t\t<\/section>\n\t\t\t\t\t<\/div>\n\t\t<\/div>\n\t\t\t\t<div class=\"elementor-column elementor-col-50 elementor-top-column elementor-element elementor-element-744d1f2\" data-id=\"744d1f2\" data-element_type=\"column\">\n\t\t\t<div class=\"elementor-widget-wrap elementor-element-populated\">\n\t\t\t\t\t\t<section class=\"elementor-section elementor-inner-section elementor-element elementor-element-856b69e elementor-section-height-min-height elementor-section-boxed elementor-section-height-default\" data-id=\"856b69e\" data-element_type=\"section\">\n\t\t\t\t\t\t\t<div class=\"elementor-background-overlay\"><\/div>\n\t\t\t\t\t\t\t<div class=\"elementor-container elementor-column-gap-default\">\n\t\t\t\t\t<div class=\"elementor-column elementor-col-100 elementor-inner-column elementor-element elementor-element-2d32151\" data-id=\"2d32151\" data-element_type=\"column\">\n\t\t\t<div class=\"elementor-widget-wrap elementor-element-populated\">\n\t\t\t\t\t\t<div class=\"elementor-element elementor-element-93d5418 elementor-widget elementor-widget-heading\" data-id=\"93d5418\" data-element_type=\"widget\" data-widget_type=\"heading.default\">\n\t\t\t\t<div class=\"elementor-widget-container\">\n\t\t\t\t\t<h3 class=\"elementor-heading-title elementor-size-default\">Soldadura<\/h3>\t\t\t\t<\/div>\n\t\t\t\t<\/div>\n\t\t\t\t<div class=\"elementor-element elementor-element-de4d902 elementor-widget elementor-widget-text-editor\" data-id=\"de4d902\" data-element_type=\"widget\" data-widget_type=\"text-editor.default\">\n\t\t\t\t<div class=\"elementor-widget-container\">\n\t\t\t\t\t\t\t\t\tLos robots colaborativos son capaces de realizar y gestionar operaciones de soldadura de todo tipo: arco, l\u00e1ser, ultrasonidos, soldadura fuerte, TIG, MIG, plasma y punto. Nuestras soluciones aumentan la flexibilidad, eficiencia y versatilidad de estos procesos, asegurando la capacidad de gestionar y optimizar flujos de trabajo superiores. Adem\u00e1s, al liberar a los operadores humanos de estas operaciones a menudo peligrosas, mejoran la seguridad en el lugar de trabajo.\t\t\t\t\t\t\t\t<\/div>\n\t\t\t\t<\/div>\n\t\t\t\t\t<\/div>\n\t\t<\/div>\n\t\t\t\t\t<\/div>\n\t\t<\/section>\n\t\t\t\t\t<\/div>\n\t\t<\/div>\n\t\t\t\t\t<\/div>\n\t\t<\/section>\n\t\t\t\t<section class=\"elementor-section elementor-top-section elementor-element elementor-element-af561aa elementor-section-boxed elementor-section-height-default elementor-section-height-default\" data-id=\"af561aa\" data-element_type=\"section\" data-settings=\"{&quot;background_background&quot;:&quot;classic&quot;}\">\n\t\t\t\t\t\t<div class=\"elementor-container elementor-column-gap-default\">\n\t\t\t\t\t<div class=\"elementor-column elementor-col-50 elementor-top-column elementor-element elementor-element-a7b5afd\" data-id=\"a7b5afd\" data-element_type=\"column\">\n\t\t\t<div class=\"elementor-widget-wrap elementor-element-populated\">\n\t\t\t\t\t\t<section class=\"elementor-section elementor-inner-section elementor-element elementor-element-01ccf24 elementor-section-height-min-height elementor-section-boxed elementor-section-height-default\" data-id=\"01ccf24\" data-element_type=\"section\">\n\t\t\t\t\t\t\t<div class=\"elementor-background-overlay\"><\/div>\n\t\t\t\t\t\t\t<div class=\"elementor-container elementor-column-gap-default\">\n\t\t\t\t\t<div class=\"elementor-column elementor-col-100 elementor-inner-column elementor-element elementor-element-4ad607b\" data-id=\"4ad607b\" data-element_type=\"column\">\n\t\t\t<div class=\"elementor-widget-wrap elementor-element-populated\">\n\t\t\t\t\t\t<div class=\"elementor-element elementor-element-df3635a elementor-widget elementor-widget-heading\" data-id=\"df3635a\" data-element_type=\"widget\" data-widget_type=\"heading.default\">\n\t\t\t\t<div class=\"elementor-widget-container\">\n\t\t\t\t\t<h3 class=\"elementor-heading-title elementor-size-default\">Otros<\/h3>\t\t\t\t<\/div>\n\t\t\t\t<\/div>\n\t\t\t\t<div class=\"elementor-element elementor-element-b8514c2 elementor-widget elementor-widget-text-editor\" data-id=\"b8514c2\" data-element_type=\"widget\" data-widget_type=\"text-editor.default\">\n\t\t\t\t<div class=\"elementor-widget-container\">\n\t\t\t\t\t\t\t\t\tEstudiamos soluciones definitivas para cada necesidad empresarial. Configurable para realizar las tareas m\u00e1s dispares. Gracias a la versatilidad y la posibilidad de ensamblar los componentes m\u00e1s adecuados a cada necesidad, nuestras soluciones de rob\u00f3tica colaborativa se pueden personalizar y adaptar para realizar cualquier tarea en los flujos de producci\u00f3n. La gran versatilidad est\u00e1 garantizada por un software de gesti\u00f3n capaz de integrar nuestras soluciones en cada contexto industrial y coordinar las tecnolog\u00edas m\u00e1s avanzadas para el desarrollo de las actividades.\t\t\t\t\t\t\t\t<\/div>\n\t\t\t\t<\/div>\n\t\t\t\t\t<\/div>\n\t\t<\/div>\n\t\t\t\t\t<\/div>\n\t\t<\/section>\n\t\t\t\t\t<\/div>\n\t\t<\/div>\n\t\t\t\t<div class=\"elementor-column elementor-col-50 elementor-top-column elementor-element elementor-element-91181a9\" data-id=\"91181a9\" data-element_type=\"column\">\n\t\t\t<div class=\"elementor-widget-wrap elementor-element-populated\">\n\t\t\t\t\t\t<section class=\"elementor-section elementor-inner-section elementor-element elementor-element-e408a74 elementor-section-height-min-height elementor-section-boxed elementor-section-height-default\" data-id=\"e408a74\" data-element_type=\"section\">\n\t\t\t\t\t\t\t<div class=\"elementor-background-overlay\"><\/div>\n\t\t\t\t\t\t\t<div class=\"elementor-container elementor-column-gap-default\">\n\t\t\t\t\t<div class=\"elementor-column elementor-col-100 elementor-inner-column elementor-element elementor-element-8127698\" data-id=\"8127698\" data-element_type=\"column\">\n\t\t\t<div class=\"elementor-widget-wrap\">\n\t\t\t\t\t\t\t<\/div>\n\t\t<\/div>\n\t\t\t\t\t<\/div>\n\t\t<\/section>\n\t\t\t\t\t<\/div>\n\t\t<\/div>\n\t\t\t\t\t<\/div>\n\t\t<\/section>\n\t\t\t\t<\/div>","protected":false},"excerpt":{"rendered":"<p>Aplicaciones Dise\u00f1amos e implantamos soluciones de rob\u00f3tica colaborativa flexibles y personalizables, para operar en cualquier contexto industrial y en cualquier tarea de la l\u00ednea de producci\u00f3n. Nuestra misi\u00f3n es automatizar cualquier tarea, proporcionando a las industrias herramientas capaces de maximizar los resultados, reducir los costes y los riesgos para la seguridad de los operarios... <a title=\"Aplicaciones\" class=\"read-more\" href=\"https:\/\/www.todsystem.com\/es\/sectores\/\" aria-label=\"M\u00e1s en Aplicaciones\">Leer m\u00e1s<\/a><\/p>","protected":false},"author":1,"featured_media":0,"parent":0,"menu_order":0,"comment_status":"closed","ping_status":"closed","template":"elementor_header_footer","meta":{"footnotes":""},"class_list":["post-12432","page","type-page","status-publish"],"_links":{"self":[{"href":"https:\/\/www.todsystem.com\/es\/wp-json\/wp\/v2\/pages\/12432","targetHints":{"allow":["GET"]}}],"collection":[{"href":"https:\/\/www.todsystem.com\/es\/wp-json\/wp\/v2\/pages"}],"about":[{"href":"https:\/\/www.todsystem.com\/es\/wp-json\/wp\/v2\/types\/page"}],"author":[{"embeddable":true,"href":"https:\/\/www.todsystem.com\/es\/wp-json\/wp\/v2\/users\/1"}],"replies":[{"embeddable":true,"href":"https:\/\/www.todsystem.com\/es\/wp-json\/wp\/v2\/comments?post=12432"}],"version-history":[{"count":41,"href":"https:\/\/www.todsystem.com\/es\/wp-json\/wp\/v2\/pages\/12432\/revisions"}],"predecessor-version":[{"id":14912,"href":"https:\/\/www.todsystem.com\/es\/wp-json\/wp\/v2\/pages\/12432\/revisions\/14912"}],"wp:attachment":[{"href":"https:\/\/www.todsystem.com\/es\/wp-json\/wp\/v2\/media?parent=12432"}],"curies":[{"name":"wp","href":"https:\/\/api.w.org\/{rel}","templated":true}]}}